{"id":8419,"date":"2023-05-08T10:43:48","date_gmt":"2023-05-08T08:43:48","guid":{"rendered":"https:\/\/us.edu.pl\/szkola-doktorska\/?page_id=8419"},"modified":"2023-05-09T15:19:34","modified_gmt":"2023-05-09T13:19:34","slug":"biezace-informacje","status":"publish","type":"page","link":"https:\/\/us.edu.pl\/szkola-doktorska\/doktorat-wdrozeniowy\/biezace-informacje\/","title":{"rendered":"Bie\u017c\u0105ce informacje"},"content":{"rendered":"<p>[vc_row][vc_column]\r\n                <div class=\"text-modules\">\r\n                    <div class=\"container\">\r\n                        \r\n                        <div class=\"text-modules__content\"><p>W zwi\u0105zku z og\u0142oszeniem przez MEiN VII Edycji Programu Doktorat Wdro\u017ceniowy zaplanowali\u015bmy dla Pa\u0144stwa spotkanie online, kt\u00f3re po\u015bwi\u0119cone b\u0119dzie procesowi sk\u0142adania wniosk\u00f3w.<\/p>\n<p>Spotkanie odb\u0119dzie si\u0119 na platformie MCTeams,\u00a0<strong>15 maja 2023 r. o godzinie 13.00.\u00a0<\/strong><\/p>\n<p>Link do spotkania znajduje si\u0119 poni\u017cej:<\/p>\n<p><strong><br \/>\n<\/strong><a href=\"https:\/\/teams.microsoft.com\/l\/meetup-join\/19%3ameeting_OTNkZmY4NjUtOGRjMi00NWJjLWFlZDktNDk5ZmJhOWNlMTMz%40thread.v2\/0?context=%7b%22Tid%22%3a%2250c76291-0c80-4444-a2fb-4f8ab168c311%22%2c%22Oid%22%3a%22f02c8dbc-a8c5-4c62-90f0-03c21d941da0%22%7d\"><strong>https:\/\/teams.microsoft.com\/l\/meetup-join\/19%3ameeting_OTNkZmY4NjUtOGRjMi00NWJjLWFlZDktNDk5ZmJhOWNlMTMz%40thread.v2\/0?context=%7b%22Tid%22%3a%2250c76291-0c80-4444-a2fb-4f8ab168c311%22%2c%22Oid%22%3a%22f02c8dbc-a8c5-4c62-90f0-03c21d941da0%22%7d<\/strong><\/a><\/p>\n<p>Serdecznie zapraszamy wszystkich zainteresowanych wzi\u0119ciem udzia\u0142u w programie.<\/p>\n<p>W przypadku pyta\u0144 rosimy kontaktowa\u0107 si\u0119 z dr hab. Andrzejem Swinarewem, prof. U\u015a, koordynatorem ds. doktorat\u00f3w wdro\u017ceniowych i grantowych (<a href=\"mailto:koordynator.sd_wdg@us.edu.pl_\">koordynator.sd_wdg@us.edu.pl_<\/a> lub dr Marcelin\u0105 Kondas (<a href=\"mailto:marcelina.kondas@us.edu.pl\">marcelina.kondas@us.edu.pl<\/a>)<\/p>\n<\/div>\r\n                    <\/div>\r\n                <\/div>[\/vc_column][\/vc_row]<\/p>","protected":false},"excerpt":{"rendered":"<p>[vc_row][vc_column][\/vc_column][\/vc_row] [&#8230;]<\/p>\n<p><a class=\"btn btn-secondary understrap-read-more-link\" href=\"https:\/\/us.edu.pl\/szkola-doktorska\/doktorat-wdrozeniowy\/biezace-informacje\/\">Read More&#8230;<\/a><\/p>\n","protected":false},"author":205,"featured_media":0,"parent":75,"menu_order":0,"comment_status":"closed","ping_status":"closed","template":"page-templates\/page-with-sidebar.php","meta":{"_expiration-date-status":"","_expiration-date":0,"_expiration-date-type":"","_expiration-date-categories":[],"_expiration-date-options":[]},"acf":[],"_links":{"self":[{"href":"https:\/\/us.edu.pl\/szkola-doktorska\/wp-json\/wp\/v2\/pages\/8419"}],"collection":[{"href":"https:\/\/us.edu.pl\/szkola-doktorska\/wp-json\/wp\/v2\/pages"}],"about":[{"href":"https:\/\/us.edu.pl\/szkola-doktorska\/wp-json\/wp\/v2\/types\/page"}],"author":[{"embeddable":true,"href":"https:\/\/us.edu.pl\/szkola-doktorska\/wp-json\/wp\/v2\/users\/205"}],"replies":[{"embeddable":true,"href":"https:\/\/us.edu.pl\/szkola-doktorska\/wp-json\/wp\/v2\/comments?post=8419"}],"version-history":[{"count":2,"href":"https:\/\/us.edu.pl\/szkola-doktorska\/wp-json\/wp\/v2\/pages\/8419\/revisions"}],"predecessor-version":[{"id":8527,"href":"https:\/\/us.edu.pl\/szkola-doktorska\/wp-json\/wp\/v2\/pages\/8419\/revisions\/8527"}],"up":[{"embeddable":true,"href":"https:\/\/us.edu.pl\/szkola-doktorska\/wp-json\/wp\/v2\/pages\/75"}],"wp:attachment":[{"href":"https:\/\/us.edu.pl\/szkola-doktorska\/wp-json\/wp\/v2\/media?parent=8419"}],"curies":[{"name":"wp","href":"https:\/\/api.w.org\/{rel}","templated":true}]}}