{"id":8558,"date":"2023-05-20T11:26:17","date_gmt":"2023-05-20T09:26:17","guid":{"rendered":"https:\/\/us.edu.pl\/szkola-doktorska\/?page_id=8558"},"modified":"2023-05-20T11:26:17","modified_gmt":"2023-05-20T09:26:17","slug":"projekty-finansowane-ze-srodkow-szkoly-doktorskiej-konkurs-10-2-2023","status":"publish","type":"page","link":"https:\/\/us.edu.pl\/szkola-doktorska\/srodki-na-dzialalnosc-naukowa-doktorantow-2023\/konkurs-dla-doktorantow-srodki-na-dzialalnosc-naukowa-2023\/projekty-finansowane-ze-srodkow-szkoly-doktorskiej-konkurs-10-2-2023\/","title":{"rendered":"Projekty finansowane ze \u015brodk\u00f3w Szko\u0142y Doktorskiej &#8211; konkurs 10 (2\/2023)"},"content":{"rendered":"<p>[vc_row][vc_column]\r\n                <div class=\"text-modules\">\r\n                    <div class=\"container\">\r\n                        <h3 class=\"page-title text__title\">Projekty finansowane ze \u015brodk\u00f3w Szko\u0142y Doktorskiej<\/h3>\r\n                        <div class=\"text-modules__content\"><p>\u015arodki przyznane w konkursie na dzia\u0142alno\u015b\u0107 naukow\u0105 doktorant\u00f3w Szko\u0142y Doktorskiej nr 10 (2\/2023) \u2013 rozstrzygni\u0119cie 19 maja 2023 r.<\/p>\n<\/div>\r\n                    <\/div>\r\n                <\/div>[\/vc_column][\/vc_row][vc_row][vc_column]\r\n                <div class=\"text-modules\">\r\n                    <div class=\"container\">\r\n                        \r\n                        <div class=\"text-modules__content\"><\/p>\n<table style=\"width: 101.514%; height: 1314px;\" border=\"1\" width=\"1095\">\n<tbody>\n<tr style=\"height: 72px;\">\n<td style=\"width: 5.88822%; height: 72px;\" width=\"49\"><strong>No.<\/strong><\/td>\n<td style=\"width: 24.8503%; height: 72px;\" width=\"221\"><strong>Name and last name \/ Imi\u0119 i nazwisko<\/strong><\/td>\n<td style=\"width: 23.7525%; height: 72px;\" width=\"211\"><strong>Scientific discipline \/ Dyscyplina naukowa<\/strong><\/td>\n<td style=\"width: 28.9421%; height: 72px;\" width=\"258\"><strong>Nazwa zadania badawczego \/ Name of the research task<\/strong><\/td>\n<td style=\"width: 15.3693%; height: 72px;\" width=\"135\"><strong>Allocated funds \/ Przyznane \u015brodki<\/strong><\/td>\n<\/tr>\n<tr>\n<td style=\"width: 5.88822%;\" width=\"159\">1.<\/td>\n<td style=\"width: 24.8503%;\" width=\"159\">Micha\u0142 Bednarczyk<\/td>\n<td style=\"width: 23.7525%;\" width=\"203\">culture and religion studies (nauki o kulturze i religii)<\/td>\n<td style=\"width: 28.9421%;\" width=\"227\">IV Zjazd PTBFM &#8211; wyst\u0105pienie konferencyjne &#8211; referat<\/td>\n<td style=\"width: 15.3693%;\" width=\"117\">1 125,00 z\u0142<\/td>\n<\/tr>\n<tr>\n<td style=\"width: 5.88822%;\">2.<\/td>\n<td style=\"width: 24.8503%;\">Martyna Halor<\/td>\n<td style=\"width: 23.7525%;\">culture and religion studies (nauki o kulturze i religii)<\/td>\n<td style=\"width: 28.9421%;\">IV Zjazd Filmoznawc\u00f3w i Medioznawc\u00f3w pod auspicjami Polskiego Towarzystwa Bada\u0144 nad Filmem i Mediami &#8211; Warszawa, 28.06.-30.06.2023r.<\/td>\n<td style=\"width: 15.3693%;\">1 300,00 z\u0142<\/td>\n<\/tr>\n<tr>\n<td style=\"width: 5.88822%;\">3.<\/td>\n<td style=\"width: 24.8503%;\">Agata Hofelmajer-Ro\u015b<\/td>\n<td style=\"width: 23.7525%;\">culture and religion studies (nauki o kulturze i religii)<\/td>\n<td style=\"width: 28.9421%;\">Pozyskiwanie danych badawczych do rozprawy doktorskiej<\/td>\n<td style=\"width: 15.3693%;\">1 505,00 z\u0142<\/td>\n<\/tr>\n<tr>\n<td style=\"width: 5.88822%;\">4.<\/td>\n<td style=\"width: 24.8503%;\">Agata Hofelmajer-Ro\u015b<\/td>\n<td style=\"width: 23.7525%;\">culture and religion studies (nauki o kulturze i religii)<\/td>\n<td style=\"width: 28.9421%;\">Czynny udzia\u0142 w IV Zje\u017adzie Filmoznawc\u00f3w i Medioznawc\u00f3w Narracje \u2013 teorie, strategie, konteksty w Warszawie w dniach 28\u201230 czerwca 2023 roku z wyst\u0105pieniem \u201cStreaming w edukacji filmowej \u2013 perspektywy i wyzwania\u201d.<\/td>\n<td style=\"width: 15.3693%;\">665,00 z\u0142<\/td>\n<\/tr>\n<tr>\n<td style=\"width: 5.88822%;\">5.<\/td>\n<td style=\"width: 24.8503%;\">Jessica Kufa<\/td>\n<td style=\"width: 23.7525%;\">culture and religion studies (nauki o kulturze i religii)<\/td>\n<td style=\"width: 28.9421%;\">Przeprowadzenie obserwacji uczestnicz\u0105cych i wywiad\u00f3w w schroniskach le\u017c\u0105cych na terenie Tatrza\u0144skiego Parku Narodowego<\/td>\n<td style=\"width: 15.3693%;\">1 870,00 z\u0142<\/td>\n<\/tr>\n<tr>\n<td style=\"width: 5.88822%;\">6.<\/td>\n<td style=\"width: 24.8503%;\">Dagmara Wasilewska<\/td>\n<td style=\"width: 23.7525%;\">culture and religion studies (nauki o kulturze i religii)<\/td>\n<td style=\"width: 28.9421%;\">Badanie wczesnej (XIX w.) recepcji puran i jogi puranicznej na Zachodzie \u2013 kwerenda w Bodleian Libraries w Oxfordzie<\/td>\n<td style=\"width: 15.3693%;\">4 927,00 z\u0142<\/td>\n<\/tr>\n<tr>\n<td style=\"width: 5.88822%;\">7.<\/td>\n<td style=\"width: 24.8503%;\">Grzegorz Paprzycki<\/td>\n<td style=\"width: 23.7525%;\">film and theatre (sztuki filmowe i teatralne)<\/td>\n<td style=\"width: 28.9421%;\">Zakup zestawu film\u00f3w DVD Urlicha Seidla w celu analizy zastosowanej formy wizualnej<\/td>\n<td style=\"width: 15.3693%;\">310,00 z\u0142<\/td>\n<\/tr>\n<tr>\n<td style=\"width: 5.88822%;\">8.<\/td>\n<td style=\"width: 24.8503%;\">Anna Anzorge-Potrzebowska<\/td>\n<td style=\"width: 23.7525%;\">history (historia)<\/td>\n<td style=\"width: 28.9421%;\">Udzia\u0142 w II Og\u00f3lnopolskim Zje\u017adzie Historyk\u00f3w Staro\u017cytno\u015bci<\/td>\n<td style=\"width: 15.3693%;\">1 625,00 z\u0142<\/td>\n<\/tr>\n<tr>\n<td style=\"width: 5.88822%;\">9.<\/td>\n<td style=\"width: 24.8503%;\">Marek Jurkowski<\/td>\n<td style=\"width: 23.7525%;\">history (historia)<\/td>\n<td style=\"width: 28.9421%;\">Kontynuacja bada\u0144 nad dynastyczn\u0105 toponimi\u0105 Cesarstwa Rzymskiego<\/td>\n<td style=\"width: 15.3693%;\">900,00 z\u0142<\/td>\n<\/tr>\n<tr>\n<td style=\"width: 5.88822%;\">10.<\/td>\n<td style=\"width: 24.8503%;\">Marek Jurkowski<\/td>\n<td style=\"width: 23.7525%;\">history (historia)<\/td>\n<td style=\"width: 28.9421%;\">Problemy metodologiczne zwi\u0105zane z rekonstruowaniem niekt\u00f3rych greckoj\u0119zycznych &#8222;dynastycznych&#8221; toponim\u00f3w Cesarstwa Rzymskiego<\/td>\n<td style=\"width: 15.3693%;\">1 634,00 z\u0142<\/td>\n<\/tr>\n<tr>\n<td style=\"width: 5.88822%;\">11.<\/td>\n<td style=\"width: 24.8503%;\">Kamil Ko\u0142odziej<\/td>\n<td style=\"width: 23.7525%;\">history (historia)<\/td>\n<td style=\"width: 28.9421%;\">Wsp\u00f3\u0142praca garnizon\u00f3w Wojska Polskiego z organizacjami przysposobienia wojskowego\u00a0 i wychowania fizycznego na obszarze autonomicznego wojew\u00f3dztwa \u015bl\u0105skiego.<\/td>\n<td style=\"width: 15.3693%;\">1 500,00 z\u0142<\/td>\n<\/tr>\n<tr>\n<td style=\"width: 5.88822%;\">12.<\/td>\n<td style=\"width: 24.8503%;\">Magdalena Chowaniec<\/td>\n<td style=\"width: 23.7525%;\">linguistics (j\u0119zykoznawstwo)<\/td>\n<td style=\"width: 28.9421%;\">wyst\u0105pienie na konferencji mi\u0119dzynarodowej<\/td>\n<td style=\"width: 15.3693%;\">4 280,00 z\u0142<\/td>\n<\/tr>\n<tr>\n<td style=\"width: 5.88822%;\">13.<\/td>\n<td style=\"width: 24.8503%;\">Katarzyna Dziekan<\/td>\n<td style=\"width: 23.7525%;\">linguistics (j\u0119zykoznawstwo)<\/td>\n<td style=\"width: 28.9421%;\">Op\u0142ata konferencyjna &#8211; czynny udzia\u0142 w konferencji<\/td>\n<td style=\"width: 15.3693%;\">550,00 z\u0142<\/td>\n<\/tr>\n<tr>\n<td style=\"width: 5.88822%;\">14.<\/td>\n<td style=\"width: 24.8503%;\">Sophie Eyssette<\/td>\n<td style=\"width: 23.7525%;\">linguistics (j\u0119zykoznawstwo)<\/td>\n<td style=\"width: 28.9421%;\">PhD Visiting Stay at Lancaster University for conducting research in corpus linguistics under Dr Gavin Brookes\u2019 supervision and mastering software skills in NVivo.<\/td>\n<td style=\"width: 15.3693%;\">2 594,00 z\u0142<\/td>\n<\/tr>\n<tr>\n<td style=\"width: 5.88822%;\">15.<\/td>\n<td style=\"width: 24.8503%;\">Katarzyna Hanik<\/td>\n<td style=\"width: 23.7525%;\">literary studies (literaturoznawstwo)<\/td>\n<td style=\"width: 28.9421%;\">\u201ePog\u0142\u0119biona analiza recepcji tw\u00f3rczo\u015bci i odbioru persony (image) pisarzy. Dog\u0142\u0119bne zapoznanie si\u0119 ze strategiami autoprezentacyjnymi obieranymi w wypowiedziach pozaliterackich\u201d.<\/td>\n<td style=\"width: 15.3693%;\">4 993,00 z\u0142<\/td>\n<\/tr>\n<tr>\n<td style=\"width: 5.88822%;\">16.<\/td>\n<td style=\"width: 24.8503%;\">Andrzej Juchniewicz<\/td>\n<td style=\"width: 23.7525%;\">literary studies (literaturoznawstwo)<\/td>\n<td style=\"width: 28.9421%;\">Kwerenda w Bibliotece Narodowej<\/td>\n<td style=\"width: 15.3693%;\">900,00 z\u0142<\/td>\n<\/tr>\n<tr>\n<td style=\"width: 5.88822%;\">17.<\/td>\n<td style=\"width: 24.8503%;\">Patrycja Prze\u0142ucka<\/td>\n<td style=\"width: 23.7525%;\">literary studies (literaturoznawstwo)<\/td>\n<td style=\"width: 28.9421%;\">\u201cItalianistica nel contesto degli studi culturali\u201c &#8211; Prezentacja bada\u0144 na Uniwersytecie w Innsbrucku w ramach projektu InnsBerg<\/td>\n<td style=\"width: 15.3693%;\">1 200,00 z\u0142<\/td>\n<\/tr>\n<tr>\n<td style=\"width: 5.88822%;\">18.<\/td>\n<td style=\"width: 24.8503%;\">Bo\u017cena Turzyniecka<\/td>\n<td style=\"width: 23.7525%;\">literary studies (literaturoznawstwo)<\/td>\n<td style=\"width: 28.9421%;\">Konferencja zagraniczna<\/td>\n<td style=\"width: 15.3693%;\">4 200,00 z\u0142<\/td>\n<\/tr>\n<tr>\n<td style=\"width: 5.88822%;\">19.<\/td>\n<td style=\"width: 24.8503%;\">Dawid Szombierski<\/td>\n<td style=\"width: 23.7525%;\">philosophy (filozofia)<\/td>\n<td style=\"width: 28.9421%;\">Dwaj fallibili\u015bci: Schopenhauer i Popper. Pobyt naukowy w Schopenhauer-Forschungsstelle (Moguncja, Niemcy) po\u0142\u0105czony z wyst\u0105pieniem na zagranicznej konferencji naukowej<\/td>\n<td style=\"width: 15.3693%;\">4 000,00 z\u0142<\/td>\n<\/tr>\n<tr>\n<td style=\"width: 5.88822%;\">20.<\/td>\n<td style=\"width: 24.8503%;\">Patryk Trzcionka<\/td>\n<td style=\"width: 23.7525%;\">philosophy (filozofia)<\/td>\n<td style=\"width: 28.9421%;\">Prezentacja referatu na mi\u0119dzynarodowej konferencji &#8222;PAVIA GRADUATE CONFERENCE IN POLITICAL PHILOSOPHY&#8221;<\/td>\n<td style=\"width: 15.3693%;\">4 000,00 z\u0142<\/td>\n<\/tr>\n<tr>\n<td style=\"width: 5.88822%;\">21.<\/td>\n<td style=\"width: 24.8503%;\">Sonia Karaszewska<\/td>\n<td style=\"width: 23.7525%;\">education (pedagogika)<\/td>\n<td style=\"width: 28.9421%;\">Zakup instrument\u00f3w muzycznych<\/td>\n<td style=\"width: 15.3693%;\">2 745,93 z\u0142<\/td>\n<\/tr>\n<tr>\n<td style=\"width: 5.88822%;\">22.<\/td>\n<td style=\"width: 24.8503%;\">Marlena Mitka<\/td>\n<td style=\"width: 23.7525%;\">education (pedagogika)<\/td>\n<td style=\"width: 28.9421%;\">Czynny udzia\u0142 w konferencji zagranicznej Emerging Researchers\u2019 Conference (ERC) and the European conference on Educational Research (ECER)<\/td>\n<td style=\"width: 15.3693%;\">5 000,00 z\u0142<\/td>\n<\/tr>\n<tr>\n<td style=\"width: 5.88822%;\">23.<\/td>\n<td style=\"width: 24.8503%;\">Patryk St\u0119pie\u0144<\/td>\n<td style=\"width: 23.7525%;\">education (pedagogika)<\/td>\n<td style=\"width: 28.9421%;\">Aktywny udzia\u0142 w konferencjach naukowych krajowych<\/td>\n<td style=\"width: 15.3693%;\">615,00 z\u0142<\/td>\n<\/tr>\n<tr>\n<td style=\"width: 5.88822%;\">24.<\/td>\n<td style=\"width: 24.8503%;\">Jakub Zwierzchowski<\/td>\n<td style=\"width: 23.7525%;\">law (nauki prawne)<\/td>\n<td style=\"width: 28.9421%;\">Ecologization of contracts \u2013 cases review from Higher and Intermediate People\u2019s Courts<\/td>\n<td style=\"width: 15.3693%;\">5 000,00 z\u0142<\/td>\n<\/tr>\n<tr>\n<td style=\"width: 5.88822%;\">25.<\/td>\n<td style=\"width: 24.8503%;\">Ma\u0142gorzata Szymiczek<\/td>\n<td style=\"width: 23.7525%;\">social and economic geography and spatial management (geografia spo\u0142eczno-ekonomiczna i gospodarka przestrzenna)<\/td>\n<td style=\"width: 28.9421%;\">Turystyka w Hiszpanii a procesy globalizacji. Szanse i zagro\u017cenia dla rynku turystycznego.<\/td>\n<td style=\"width: 15.3693%;\">4 819,50 z\u0142<\/td>\n<\/tr>\n<tr>\n<td style=\"width: 5.88822%;\">26.<\/td>\n<td style=\"width: 24.8503%;\">Paula Franke<\/td>\n<td style=\"width: 23.7525%;\">biological sciences (nauki biologiczne)<\/td>\n<td style=\"width: 28.9421%;\">Wyjazd na konferencj\u0119 zagraniczn\u0105 Plant Chromosome Biology Cytogenetics meeting 2023 w Brnie (Republika Czeska)<\/td>\n<td style=\"width: 15.3693%;\">2 029,00 z\u0142<\/td>\n<\/tr>\n<tr>\n<td style=\"width: 5.88822%;\">27.<\/td>\n<td style=\"width: 24.8503%;\">Kamila Malik<\/td>\n<td style=\"width: 23.7525%;\">biological sciences (nauki biologiczne)<\/td>\n<td style=\"width: 28.9421%;\">Prezentacja wynik\u00f3w bada\u0144 morfometrycznych mszyc z rodzaju Drepanaphis na mi\u0119dzynarodowej, specjalistycznej konferencji 9th European Hemiptera Congress, Kurd\u011bjov, Czechy.<\/td>\n<td style=\"width: 15.3693%;\">2 700,00 z\u0142<\/td>\n<\/tr>\n<tr>\n<td style=\"width: 5.88822%;\">28.<\/td>\n<td style=\"width: 24.8503%;\">Adrian Mas\u0142owski<\/td>\n<td style=\"width: 23.7525%;\">biological sciences (nauki biologiczne)<\/td>\n<td style=\"width: 28.9421%;\">Udzia\u0142 w\u00a0 XXVII Og\u00f3lnopolskiej Konferencji Hemipterologicznej \u201eMszyce i inne pluskwiaki\u201d<\/td>\n<td style=\"width: 15.3693%;\">938,50 z\u0142<\/td>\n<\/tr>\n<tr>\n<td style=\"width: 5.88822%;\">29.<\/td>\n<td style=\"width: 24.8503%;\">Patrycja Paw\u0142owska<\/td>\n<td style=\"width: 23.7525%;\">biological sciences (nauki biologiczne)<\/td>\n<td style=\"width: 28.9421%;\">Sta\u017c naukowy pod kierunkiem dr hab. Anety Stracheckiej, profesor Uniwersytetu Przyrodniczego w Lublinie \u2013 kurs preparacji tkanek Apis mellifera, ze szczeg\u00f3lnym uwzgl\u0119dnieniem frakcji funkcjonalnych cia\u0142a t\u0142uszczowego oraz zaznajomienie si\u0119 z technik\u0105 hodowli klateczkowej pszcz\u00f3\u0142 miodnych dla cel\u00f3w eksperymentalnych.<\/td>\n<td style=\"width: 15.3693%;\">2 600,00 z\u0142<\/td>\n<\/tr>\n<tr>\n<td style=\"width: 5.88822%;\">30.<\/td>\n<td style=\"width: 24.8503%;\">Ewa Sybilska<\/td>\n<td style=\"width: 23.7525%;\">biological sciences (nauki biologiczne)<\/td>\n<td style=\"width: 28.9421%;\">Wyjazd na mi\u0119dzynarodow\u0105 konferencj\u0119 naukow\u0105 organizowan\u0105 przez Polskie Towarzystwo Biologii Eksperymentalnej Ro\u015blin (PTBER) w Poznaniu<\/td>\n<td style=\"width: 15.3693%;\">1 700,00 z\u0142<\/td>\n<\/tr>\n<tr>\n<td style=\"width: 5.88822%;\">31.<\/td>\n<td style=\"width: 24.8503%;\">Joanna Zyga\u0142a<\/td>\n<td style=\"width: 23.7525%;\">biological sciences (nauki biologiczne)<\/td>\n<td style=\"width: 28.9421%;\">Budowa morfologiczna aparatu strydulacyjnego oraz powi\u0105zanych z nim struktur sensorycznych u wybranych przedstawicieli zajadkowatych (Hemiptera, Heteroptera: Reduviidae)\u00a0 &#8211; Planowana prezentacja wynik\u00f3w dot. budowy morfologicznej aparatu strydulacyjnego wybranych gatunk\u00f3w zajadkowatych WYST\u0104PIENIE USTNE (IPB IV.3)<\/td>\n<td style=\"width: 15.3693%;\">858,50 z\u0142<\/td>\n<\/tr>\n<tr>\n<td style=\"width: 5.88822%;\">32.<\/td>\n<td style=\"width: 24.8503%;\">Krzysztof Janik<\/td>\n<td style=\"width: 23.7525%;\">Earth and related environmental sciences (nauki o Ziemi i \u015brodowisku)<\/td>\n<td style=\"width: 28.9421%;\">Analizy laboratoryjne pr\u00f3bek w\u00f3d podziemnych i powierzchniowych<\/td>\n<td style=\"width: 15.3693%;\">2 000,00 z\u0142<\/td>\n<\/tr>\n<tr>\n<td style=\"width: 5.88822%;\">33.<\/td>\n<td style=\"width: 24.8503%;\">Jakub Kucharczyk<\/td>\n<td style=\"width: 23.7525%;\">Earth and related environmental sciences (nauki o Ziemi i \u015brodowisku)<\/td>\n<td style=\"width: 28.9421%;\">Szczeg\u00f3\u0142owe opr\u00f3bowanie\u00a0 profilu Drewer w Re\u0144skich G\u00f3rach \u0141upkowych<\/td>\n<td style=\"width: 15.3693%;\">3 820,00 z\u0142<\/td>\n<\/tr>\n<tr>\n<td style=\"width: 5.88822%;\">34.<\/td>\n<td style=\"width: 24.8503%;\">Wojciech Ryka\u0142a<\/td>\n<td style=\"width: 23.7525%;\">Earth and related environmental sciences (nauki o Ziemi i \u015brodowisku)<\/td>\n<td style=\"width: 28.9421%;\">Przeprowadzenie termicznej symulacji po\u017caru odpad\u00f3w w warunkach laboratoryjnych<\/td>\n<td style=\"width: 15.3693%;\">512,76 z\u0142<\/td>\n<\/tr>\n<tr>\n<td style=\"width: 5.88822%;\">35.<\/td>\n<td style=\"width: 24.8503%;\">Dorota Staneczek<\/td>\n<td style=\"width: 23.7525%;\">Earth and related environmental sciences (nauki o Ziemi i \u015brodowisku)<\/td>\n<td style=\"width: 28.9421%;\">Prace terenowe na obszarze Kotliny Liptowskiej oraz rejonu Lewoczy (S\u0142owacja).<\/td>\n<td style=\"width: 15.3693%;\">3 455,82 z\u0142<\/td>\n<\/tr>\n<tr>\n<td style=\"width: 5.88822%;\">36.<\/td>\n<td style=\"width: 24.8503%;\">Dorota Staneczek<\/td>\n<td style=\"width: 23.7525%;\">Earth and related environmental sciences (nauki o Ziemi i \u015brodowisku)<\/td>\n<td style=\"width: 28.9421%;\">Kompleksowe badania magnetyczne pobranych pr\u00f3b ska\u0142 paleoge\u0144skich z rejonu Kotliny Liptowskiej oraz Lewoczy.<\/td>\n<td style=\"width: 15.3693%;\">1 478,00 z\u0142<\/td>\n<\/tr>\n<tr>\n<td style=\"width: 5.88822%;\">37.<\/td>\n<td style=\"width: 24.8503%;\">Mateusz Pieszczek<\/td>\n<td style=\"width: 23.7525%;\">information and communication technology (informatyka techniczna i telekomunikacja)<\/td>\n<td style=\"width: 28.9421%;\">Udzia\u0142 w konferencji EUSFLAT-2023 PALMA<\/td>\n<td style=\"width: 15.3693%;\">5 000,00 z\u0142<\/td>\n<\/tr>\n<tr>\n<td style=\"width: 5.88822%;\">38.<\/td>\n<td style=\"width: 24.8503%;\">Mateusz Pulikowski<\/td>\n<td style=\"width: 23.7525%;\">mathematics (matematyka)<\/td>\n<td style=\"width: 28.9421%;\">The 25th Central European Number Theory Conference<\/td>\n<td style=\"width: 15.3693%;\">4 000,00 z\u0142<\/td>\n<\/tr>\n<\/tbody>\n<\/table>\n<p>\n<\/div>\r\n                    <\/div>\r\n                <\/div>[\/vc_column][\/vc_row]<\/p>","protected":false},"excerpt":{"rendered":"<p>[vc_row][vc_column][\/vc_column][\/vc_row][vc_row][vc_column][\/vc_column][\/vc_row] [&#8230;]<\/p>\n<p><a class=\"btn btn-secondary understrap-read-more-link\" href=\"https:\/\/us.edu.pl\/szkola-doktorska\/srodki-na-dzialalnosc-naukowa-doktorantow-2023\/konkurs-dla-doktorantow-srodki-na-dzialalnosc-naukowa-2023\/projekty-finansowane-ze-srodkow-szkoly-doktorskiej-konkurs-10-2-2023\/\">Read More&#8230;<\/a><\/p>\n","protected":false},"author":42,"featured_media":0,"parent":7830,"menu_order":0,"comment_status":"closed","ping_status":"closed","template":"","meta":{"_expiration-date-status":"","_expiration-date":0,"_expiration-date-type":"","_expiration-date-categories":[],"_expiration-date-options":[]},"acf":[],"_links":{"self":[{"href":"https:\/\/us.edu.pl\/szkola-doktorska\/wp-json\/wp\/v2\/pages\/8558"}],"collection":[{"href":"https:\/\/us.edu.pl\/szkola-doktorska\/wp-json\/wp\/v2\/pages"}],"about":[{"href":"https:\/\/us.edu.pl\/szkola-doktorska\/wp-json\/wp\/v2\/types\/page"}],"author":[{"embeddable":true,"href":"https:\/\/us.edu.pl\/szkola-doktorska\/wp-json\/wp\/v2\/users\/42"}],"replies":[{"embeddable":true,"href":"https:\/\/us.edu.pl\/szkola-doktorska\/wp-json\/wp\/v2\/comments?post=8558"}],"version-history":[{"count":1,"href":"https:\/\/us.edu.pl\/szkola-doktorska\/wp-json\/wp\/v2\/pages\/8558\/revisions"}],"predecessor-version":[{"id":8559,"href":"https:\/\/us.edu.pl\/szkola-doktorska\/wp-json\/wp\/v2\/pages\/8558\/revisions\/8559"}],"up":[{"embeddable":true,"href":"https:\/\/us.edu.pl\/szkola-doktorska\/wp-json\/wp\/v2\/pages\/7830"}],"wp:attachment":[{"href":"https:\/\/us.edu.pl\/szkola-doktorska\/wp-json\/wp\/v2\/media?parent=8558"}],"curies":[{"name":"wp","href":"https:\/\/api.w.org\/{rel}","templated":true}]}}