{"id":86,"date":"2019-10-04T14:32:09","date_gmt":"2019-10-04T12:32:09","guid":{"rendered":"https:\/\/us.edu.pl\/sd\/?page_id=86"},"modified":"2026-04-13T12:08:18","modified_gmt":"2026-04-13T10:08:18","slug":"86-2","status":"publish","type":"page","link":"https:\/\/us.edu.pl\/szkola-doktorska\/86-2\/","title":{"rendered":"Dziekani i koordynatorzy"},"content":{"rendered":"<p>[vc_row][vc_column]\r\n                <div class=\"text-modules\">\r\n                    <div class=\"container\">\r\n                        <h3 class=\"page-title text__title\">Informacja w sprawie dy\u017cur\u00f3w i za\u0142atwiania spraw<\/h3>\r\n                        <div class=\"text-modules__content\"><p>Dy\u017cury wszystkich dziekan\u00f3w i koordynator\u00f3w odbywaj\u0105 si\u0119 w siedzibie Szko\u0142y Doktorskiej, w Katowicach przy ul. Bankowej 14. Doktoranci, kt\u00f3rzy chcieliby spotka\u0107 si\u0119 z koordynatorami na wydzia\u0142ach, na kt\u00f3rych pracuj\u0105, mog\u0105 si\u0119 kontaktowa\u0107 z nimi drog\u0105 mailow\u0105.<\/p>\n<p>Prosz\u0119 pami\u0119ta\u0107, \u017ce przy za\u0142atwianiu spraw z dziekanami i koordynatorami przez poczt\u0119 elektroniczn\u0105 nale\u017cy zawsze do\u0142\u0105cza\u0107 do wiadomo\u015bci odpowiedniego pracownika <a href=\"\/szkola-doktorska\/biuro-szkoly-doktorskiej\/\">Biura Szko\u0142y Doktorskiej<\/a>. Pilnowanie tego le\u017cy po stronie doktoranta!<\/p>\n<\/div>\r\n                    <\/div>\r\n                <\/div>[\/vc_column][\/vc_row][vc_row el_class=&#8221;container&#8221;][vc_column el_class=&#8221;container&#8221;]\r\n                <div class=\"text-modules reverse\">\r\n                    <div class=\"container\">\r\n                         \r\n                        <div class=\"row m-0\">\r\n                            <div class=\"text-modules__content\">\r\n                                <\/p>\n<h2><strong>Dziekan Szko\u0142y Doktorskiej<\/strong><\/h2>\n<hr \/>\n<h3><strong>prof. dr hab. Alina \u015awie\u015bciak-Fast<\/strong><\/h3>\n<p><a href=\"mailto:alina.swiesciak@us.edu.pl\">alina.swiesciak@us.edu.pl<\/a><\/p>\n<p><strong>dy\u017cur w roku akademickim 2025\/2026<\/strong><\/p>\n<p>czwartki godz. 09:30-11:00<\/p>\n<p>W dniu 16 kwietnia dy\u017cur odwo\u0142any. \r\n                                <div class=\"mt-3\"><\/div>\r\n                            <\/div>\r\n                            \r\n                            <div class=\"text-modules__img\"><img src=\"https:\/\/us.edu.pl\/szkola-doktorska\/wp-content\/uploads\/sites\/50\/Nieprzypisane\/szkola_doktorska_2020_us_katowice_3061-min-300x225.jpg\" alt=\"img\"><\/div>\r\n                        <\/div>\r\n                    <\/div>\r\n                <\/div>\r\n                <div class=\"text-modules reverse\">\r\n                    <div class=\"container\">\r\n                         \r\n                        <div class=\"row m-0\">\r\n                            <div class=\"text-modules__content\">\r\n                                <\/p>\n<h2><strong>Prodziekan Szko\u0142y Doktorskiej<\/strong><\/h2>\n<hr \/>\n<h3><strong>prof. dr hab. Micha\u0142 Baczy\u0144ski<\/strong><\/h3>\n<p><a href=\"mailto:micha.baczynski@us.edu.pl\">michal.baczynski@us.edu.pl<\/a><\/p>\n<p><strong>dy\u017cur w roku akademickim 2025\/2026<\/strong><\/p>\n<p>poniedzia\u0142ki godz. 12:00-13:00<\/p>\n<p><strong>Zakres spraw:<\/strong><\/p>\n<ul>\n<li>konkurs na \u015brodki dla doktorant\u00f3w<\/li>\n<\/ul>\n<div class=\"mt-3\"><\/div>\r\n                            <\/div>\r\n                            \r\n                            <div class=\"text-modules__img\"><img src=\"https:\/\/us.edu.pl\/szkola-doktorska\/wp-content\/uploads\/sites\/50\/Bez-kategorii\/MB_us_portret_04-12-2024_1024_1024-002-300x300.jpg\" alt=\"img\"><\/div>\r\n                        <\/div>\r\n                    <\/div>\r\n                <\/div>\r\n                <div class=\"text-modules reverse\">\r\n                    <div class=\"container\">\r\n                         \r\n                        <div class=\"row m-0\">\r\n                            <div class=\"text-modules__content\">\r\n                                <\/p>\n<h2><strong>Koordynator w obszarze nauk humanistycznych, teologicznych i sztuki<\/strong><\/h2>\n<hr \/>\n<h3><strong>dr hab. Piotr Machura, prof. U\u015a<\/strong><\/h3>\n<p><a href=\"mailto:koordynator.sd_nhts@us.edu.pl\">koordynator.sd_nhts@us.edu.pl<\/a><\/p>\n<p><strong>dy\u017cur w roku akademickim 2025\/2026<\/strong><\/p>\n<p>&nbsp;<\/p>\n<p><strong>Zakres spraw<\/strong>:<\/p>\n<ul>\n<li>indywidualne plany badawcze i aneksy,<\/li>\n<li>przed\u0142u\u017canie kszta\u0142cenia z przyczyn naukowych<\/li>\n<li>realizacja programu kszta\u0142cenia (uznawanie zalicze\u0144, przenoszenie obowi\u0105zk\u00f3w, indywidualna organizacja kszta\u0142cenia)<\/li>\n<li>rekrutacja (wsparcie w znalezieniu promotora, kryteria rekrutacji)<\/li>\n<\/ul>\n<p>Uwaga: IPB i aneksy nale\u017cy najpierw przes\u0142a\u0107 do konsultacji koordynatora drog\u0105 elektroniczn\u0105, a po akceptacji, dostarczy\u0107 do biura SD oryginalnie podpisane przez doktoranta i promotora\/promotor\u00f3w. \r\n                                <div class=\"mt-3\"><\/div>\r\n                            <\/div>\r\n                            \r\n                            <div class=\"text-modules__img\"><img src=\"https:\/\/us.edu.pl\/szkola-doktorska\/wp-content\/uploads\/sites\/50\/Nieprzypisane\/szkola_doktorska_2020_us_katowice_3132-min-300x225.jpg\" alt=\"img\"><\/div>\r\n                        <\/div>\r\n                    <\/div>\r\n                <\/div>\r\n                <div class=\"text-modules reverse\">\r\n                    <div class=\"container\">\r\n                         \r\n                        <div class=\"row m-0\">\r\n                            <div class=\"text-modules__content\">\r\n                                <\/p>\n<h2><strong>Koordynator w obszarze nauk spo\u0142ecznych<\/strong><\/h2>\n<hr \/>\n<h3><strong>dr hab. Olga Sitarz, prof. U\u015a<\/strong><\/h3>\n<p><a href=\"mailto:koordynator.sd_ns@us.edu.pl\">koordynator.sd_ns@us.edu.pl<\/a><\/p>\n<p><strong>dy\u017cur w roku akademickim 2025\/2026<\/strong><\/p>\n<p>&nbsp;<\/p>\n<p><strong>Zakres spraw<\/strong>:<\/p>\n<ul>\n<li>indywidualne plany badawcze i aneksy<\/li>\n<li>przed\u0142u\u017canie kszta\u0142cenia z przyczyn naukowych<\/li>\n<li>realizacja programu kszta\u0142cenia (uznawanie zalicze\u0144, przenoszenie obowi\u0105zk\u00f3w, indywidualna organizacja kszta\u0142cenia)<\/li>\n<li>rekrutacja (wsparcie w znalezieniu promotora, kryteria rekrutacji)<\/li>\n<\/ul>\n<p>Uwaga: IPB i aneksy nale\u017cy najpierw przes\u0142a\u0107 do konsultacji koordynatora drog\u0105 elektroniczn\u0105, a po akceptacji, dostarczy\u0107 do biura SD oryginalnie podpisane przez doktoranta i promotora\/promotor\u00f3w. \r\n                                <div class=\"mt-3\"><\/div>\r\n                            <\/div>\r\n                            \r\n                            <div class=\"text-modules__img\"><img src=\"https:\/\/us.edu.pl\/szkola-doktorska\/wp-content\/uploads\/sites\/50\/Bez-kategorii\/Wywiad-dla-US\u0301-003-4-229x300.jpg\" alt=\"img\"><\/div>\r\n                        <\/div>\r\n                    <\/div>\r\n                <\/div>\r\n                <div class=\"text-modules reverse\">\r\n                    <div class=\"container\">\r\n                         \r\n                        <div class=\"row m-0\">\r\n                            <div class=\"text-modules__content\">\r\n                                <\/p>\n<h2><strong>Koordynator w obszarze nauk \u015bcis\u0142ych, przyrodniczych oraz in\u017cynieryjno-technicznych<\/strong><\/h2>\n<hr \/>\n<h3><strong>dr hab. Marek Ruman, prof. U\u015a<\/strong><\/h3>\n<p><a href=\"mailto:koordynator.sd_spit@us.edu.pl\">koordynator.sd_spit@us.edu.pl<\/a><\/p>\n<p><strong>dy\u017cur w roku akademickim 2025\/2026<\/strong><\/p>\n<p>&nbsp;<\/p>\n<p><strong>Zakres spraw<\/strong>:<\/p>\n<ul>\n<li>indywidualne plany badawcze i aneksy<\/li>\n<li>przed\u0142u\u017canie kszta\u0142cenia z przyczyn naukowych<\/li>\n<li>realizacja programu kszta\u0142cenia (uznawanie zalicze\u0144, przenoszenie obowi\u0105zk\u00f3w, indywidualna organizacja kszta\u0142cenia)<\/li>\n<li>rekrutacja (wsparcie w znalezieniu promotora, kryteria rekrutacji)<\/li>\n<\/ul>\n<p>Uwaga: IPB i aneksy nale\u017cy najpierw przes\u0142a\u0107 do konsultacji koordynatora drog\u0105 elektroniczn\u0105, a po akceptacji, dostarczy\u0107 do biura SD oryginalnie podpisane przez doktoranta i promotora\/promotor\u00f3w. \r\n                                <div class=\"mt-3\"><\/div>\r\n                            <\/div>\r\n                            \r\n                            <div class=\"text-modules__img\"><img src=\"https:\/\/us.edu.pl\/szkola-doktorska\/wp-content\/uploads\/sites\/50\/Nieprzypisane\/szkola_doktorska_2020_us_katowice_2620-1-min-300x225.jpg\" alt=\"img\"><\/div>\r\n                        <\/div>\r\n                    <\/div>\r\n                <\/div>\r\n                <div class=\"text-modules reverse\">\r\n                    <div class=\"container\">\r\n                         \r\n                        <div class=\"row m-0\">\r\n                            <div class=\"text-modules__content\">\r\n                                <\/p>\n<h2><strong>Koordynator ds. doktorat\u00f3w wdro\u017ceniowych i grantowych<\/strong><\/h2>\n<hr \/>\n<h3><strong>dr Marcelina Kondas<\/strong><\/h3>\n<p>od 19.03.2026 do 19.06.2026 przebywa na urlopie macierzy\u0144skim<\/p>\n<p><a href=\"mailto:koordynator.sd_wdg@us.edu.pl\">koordynator.sd_wdg@us.edu.pl<\/a><\/p>\n<p>Prosimy o wcze\u015bniejszy kontakt drog\u0105 mailow\u0105 w celu ustalenia terminu i tematu spotkania.<\/p>\n<p><strong>Zakres spraw<\/strong>:<\/p>\n<ul>\n<li>organizacja kszta\u0142cenia doktorant\u00f3w wdro\u017ceniowych<\/li>\n<li>rekrutacja doktorant\u00f3w wdro\u017ceniowych<\/li>\n<\/ul>\n<div class=\"mt-3\"><\/div>\r\n                            <\/div>\r\n                            \r\n                            \r\n                        <\/div>\r\n                    <\/div>\r\n                <\/div>\r\n                <div class=\"text-modules reverse\">\r\n                    <div class=\"container\">\r\n                         \r\n                        <div class=\"row m-0\">\r\n                            <div class=\"text-modules__content\">\r\n                                <\/p>\n<h2><strong>Koordynator ds. wsp\u00f3\u0142pracy mi\u0119dzynarodowej<\/strong><\/h2>\n<hr \/>\n<h3 class=\"LC20lb MBeuO DKV0Md\"><strong>dr Karolina Pra\u017cmowska-Marcinowska<\/strong><\/h3>\n<p><a href=\"mailto:koordynator.sd_intercoop@us.edu.pl\">koordynator.sd_intercoop@us.edu.pl<\/a><\/p>\n<p><strong>dy\u017cur<\/strong><\/p>\n<p>&nbsp;<\/p>\n<p><strong>Zakres spraw<\/strong>:<\/p>\n<ul>\n<li>wsp\u00f3lne dyplomy z zagranicznymi uczelniami<\/li>\n<li>wsp\u00f3lny program kszta\u0142cenia z Uniwersytetem Sapienza w Rzymie<\/li>\n<li>inicjowanie wsp\u00f3\u0142pracy mi\u0119dzynarodowej<\/li>\n<\/ul>\n<div class=\"mt-3\"><\/div>\r\n                            <\/div>\r\n                            \r\n                            \r\n                        <\/div>\r\n                    <\/div>\r\n                <\/div>[\/vc_column][\/vc_row]<\/p>","protected":false},"excerpt":{"rendered":"<p>[vc_row][vc_column][\/vc_column][\/vc_row][vc_row el_class=&#8221;container&#8221;][vc_column el_class=&#8221;container&#8221;][\/vc_column][\/vc_row] [&#8230;]<\/p>\n<p><a class=\"btn btn-secondary understrap-read-more-link\" href=\"https:\/\/us.edu.pl\/szkola-doktorska\/86-2\/\">Read More&#8230;<\/a><\/p>\n","protected":false},"author":29,"featured_media":0,"parent":0,"menu_order":0,"comment_status":"closed","ping_status":"closed","template":"","meta":{"_expiration-date-status":"","_expiration-date":0,"_expiration-date-type":"","_expiration-date-categories":[],"_expiration-date-options":[]},"acf":[],"_links":{"self":[{"href":"https:\/\/us.edu.pl\/szkola-doktorska\/wp-json\/wp\/v2\/pages\/86"}],"collection":[{"href":"https:\/\/us.edu.pl\/szkola-doktorska\/wp-json\/wp\/v2\/pages"}],"about":[{"href":"https:\/\/us.edu.pl\/szkola-doktorska\/wp-json\/wp\/v2\/types\/page"}],"author":[{"embeddable":true,"href":"https:\/\/us.edu.pl\/szkola-doktorska\/wp-json\/wp\/v2\/users\/29"}],"replies":[{"embeddable":true,"href":"https:\/\/us.edu.pl\/szkola-doktorska\/wp-json\/wp\/v2\/comments?post=86"}],"version-history":[{"count":11,"href":"https:\/\/us.edu.pl\/szkola-doktorska\/wp-json\/wp\/v2\/pages\/86\/revisions"}],"predecessor-version":[{"id":25415,"href":"https:\/\/us.edu.pl\/szkola-doktorska\/wp-json\/wp\/v2\/pages\/86\/revisions\/25415"}],"wp:attachment":[{"href":"https:\/\/us.edu.pl\/szkola-doktorska\/wp-json\/wp\/v2\/media?parent=86"}],"curies":[{"name":"wp","href":"https:\/\/api.w.org\/{rel}","templated":true}]}}