{"id":8696,"date":"2023-07-31T11:03:34","date_gmt":"2023-07-31T09:03:34","guid":{"rendered":"https:\/\/us.edu.pl\/szkola-doktorska\/?page_id=8696"},"modified":"2025-01-03T14:21:12","modified_gmt":"2025-01-03T13:21:12","slug":"harmonogram-roku-akademickiego-2023-2024","status":"publish","type":"page","link":"https:\/\/us.edu.pl\/szkola-doktorska\/harmonogram-roku-akademickiego-2023-2024\/","title":{"rendered":"Organizacja roku akademickiego 2024\/2025"},"content":{"rendered":"<p>[vc_row][vc_column]\r\n                <div class=\"text-modules \">\r\n                    <div class=\"container\">\r\n                        <h3 class=\"section-title section-title_border-bottom\">Organizacja roku akademickiego 2024\/2025<\/h3> \r\n                        <div class=\"row m-0\">\r\n                            <div class=\"text-modules__content\">\r\n                                <\/p>\n<h3>Semestr zimowy od 1 pa\u017adziernika 2024 do 23 lutego 2025 roku, w tym:<\/h3>\n<ul>\n<li>zaj\u0119cia dydaktyczne: 01.10.2024\u201302.02.2025,<\/li>\n<li>wakacje zimowe: 23.12.2024\u201306.01.2025,<\/li>\n<li>egzaminacyjna sesja zimowa: 03.02.2025\u201316.02.2025,<\/li>\n<li>przerwa mi\u0119dzysemestralna: 17.02.2025\u201323.02.2025,<\/li>\n<li>egzaminacyjna sesja poprawkowa semestru zimowego: 24.02.2025\u201315.03.2025.<\/li>\n<\/ul>\n<h3>Semestr letni od 24 lutego do 30 wrze\u015bnia 2025 roku, w tym:<\/h3>\n<ul>\n<li>zaj\u0119cia dydaktyczne: 24.02.2025\u201315.06.2025,<br \/>\nw tym tydzie\u0144 projektowy: 10.05.2025\u201317.05.2025,<\/li>\n<li>wakacje wiosenne: 17.04.2025\u201322.04.2025,<\/li>\n<li>egzaminacyjna sesja letnia: 16.06.2025\u201330.06.2025,<\/li>\n<li>egzaminacyjna sesja poprawkowa semestru letniego: 01.09.2025\u201321.09.2025,<\/li>\n<li>wakacje letnie: 1.07.2025\u201330.09.2025 (w tym: minimum 4 tygodnie nieprzerwanych wakacji letnich, praktyki zawodowe).<\/li>\n<\/ul>\n<p>Dziekan Szko\u0142y Doktorskiej w Uniwersytecie \u015al\u0105skim mo\u017ce ustanowi\u0107 dodatkowe godziny wolne od zaj\u0119\u0107 w innych dniach ni\u017c wskazane w \u00a7 1 oraz \u00a7 2, w zale\u017cno\u015bci od potrzeb Szko\u0142y Doktorskiej, z w\u0142asnej inicjatywy lub na wniosek samorz\u0105du doktorant\u00f3w. \r\n                                <div class=\"mt-3\"><\/div>\r\n                            <\/div>\r\n                            \r\n                            <div class=\"text-modules__img\"><img src=\"https:\/\/us.edu.pl\/szkola-doktorska\/wp-content\/uploads\/sites\/50\/Nieprzypisane\/calendar-3073971_1920_800-600x400-1.jpg\" alt=\"img\"><\/div>\r\n                        <\/div>\r\n                    <\/div>\r\n                <\/div>[\/vc_column][\/vc_row]<\/p>","protected":false},"excerpt":{"rendered":"<p>[vc_row][vc_column][\/vc_column][\/vc_row] [&#8230;]<\/p>\n<p><a class=\"btn btn-secondary understrap-read-more-link\" href=\"https:\/\/us.edu.pl\/szkola-doktorska\/harmonogram-roku-akademickiego-2023-2024\/\">Read More&#8230;<\/a><\/p>\n","protected":false},"author":205,"featured_media":0,"parent":0,"menu_order":0,"comment_status":"closed","ping_status":"closed","template":"","meta":{"_expiration-date-status":"","_expiration-date":0,"_expiration-date-type":"","_expiration-date-categories":[],"_expiration-date-options":[]},"acf":[],"_links":{"self":[{"href":"https:\/\/us.edu.pl\/szkola-doktorska\/wp-json\/wp\/v2\/pages\/8696"}],"collection":[{"href":"https:\/\/us.edu.pl\/szkola-doktorska\/wp-json\/wp\/v2\/pages"}],"about":[{"href":"https:\/\/us.edu.pl\/szkola-doktorska\/wp-json\/wp\/v2\/types\/page"}],"author":[{"embeddable":true,"href":"https:\/\/us.edu.pl\/szkola-doktorska\/wp-json\/wp\/v2\/users\/205"}],"replies":[{"embeddable":true,"href":"https:\/\/us.edu.pl\/szkola-doktorska\/wp-json\/wp\/v2\/comments?post=8696"}],"version-history":[{"count":7,"href":"https:\/\/us.edu.pl\/szkola-doktorska\/wp-json\/wp\/v2\/pages\/8696\/revisions"}],"predecessor-version":[{"id":12953,"href":"https:\/\/us.edu.pl\/szkola-doktorska\/wp-json\/wp\/v2\/pages\/8696\/revisions\/12953"}],"wp:attachment":[{"href":"https:\/\/us.edu.pl\/szkola-doktorska\/wp-json\/wp\/v2\/media?parent=8696"}],"curies":[{"name":"wp","href":"https:\/\/api.w.org\/{rel}","templated":true}]}}