{"id":8736,"date":"2023-08-02T15:50:48","date_gmt":"2023-08-02T13:50:48","guid":{"rendered":"https:\/\/us.edu.pl\/szkola-doktorska\/?page_id=8736"},"modified":"2024-11-27T09:58:05","modified_gmt":"2024-11-27T08:58:05","slug":"ewaluacja-po-trzecim-roku-ksztalcenia-rocznik-2020-2021","status":"publish","type":"page","link":"https:\/\/us.edu.pl\/szkola-doktorska\/ocena-srodokresowa\/ewaluacja-po-trzecim-roku-ksztalcenia-rocznik-2020-2021\/","title":{"rendered":"Ewaluacja po trzecim roku kszta\u0142cenia &#8211; rocznik 2020\/2021"},"content":{"rendered":"<p>[vc_row][vc_column]\r\n                <div class=\"text-modules\">\r\n                    <div class=\"container\">\r\n                        <h3 class=\"page-title text__title\">Zadania doktorant\u00f3w po zako\u0144czeniu trzeciego roku kszta\u0142cenia<\/h3>\r\n                        <div class=\"text-modules__content\"><\/p>\n<ol>\n<li>Doktoranci ko\u0144cz\u0105cy trzeci rok kszta\u0142cenia przygotowuj\u0105 sprawozdanie z realizacji programu kszta\u0142cenia i Indywidualnego planu badawczego (IPB) wed\u0142ug wzoru udost\u0119pnionego na stronie internetowej Szko\u0142y Doktorskiej (dalej SD). Link: <a href=\"\/szkola-doktorska\/indywidualny-plan-badawczy\/indywidualny-plan-badawczy-2020-2021\/\">https:\/\/us.edu.pl\/szkola-doktorska\/indywidualny-plan-badawczy\/indywidualny-plan-badawczy-2020-2021\/<\/a><\/li>\n<li>Za\u0142\u0105cznikami do sprawozdania s\u0105 publikacje i inne dzie\u0142a podlegaj\u0105ce ewaluacji &#8211; zar\u00f3wno opublikowane jak i z\u0142o\u017cone do druku.<\/li>\n<li>Sprawozdanie nale\u017cy z\u0142o\u017cy\u0107 do biura SD do 26 wrze\u015bnia danego roku w wersji oryginalnej (podpisanej przez w\u0142a\u015bciwe osoby odr\u0119cznie lub za pomoc\u0105 certyfikowanego podpisu elektronicznego) &#8211; <strong>bez za\u0142\u0105cznik\u00f3w<\/strong><\/li>\n<li><strong>Za\u0142\u0105czniki<\/strong> nale\u017cy przekaza\u0107 w formie elektronicznej w nast\u0119puj\u0105cy spos\u00f3b:\n<ul>\n<li>pliki zatytu\u0142owa\u0107 wed\u0142ug schematu: Nazwisko_Imi\u0119_pierwsze_s\u0142owa_tytu\u0142u (np. Kowalski_Jan_Nowy_gatunek_dinozaura) &#8211; <span style=\"text-decoration: underline;\">Uwaga &#8211; pliki, kt\u00f3rych nazwa nie b\u0119dzie si\u0119 zaczyna\u0107 od nazwiska mog\u0105 nie by\u0107 brane pod uwag\u0119<\/span>)<\/li>\n<li>wszystkie pliki nale\u017cy wgra\u0107 na dysk poprzez link: <a href=\"https:\/\/ssd.us.edu.pl\/index.php\/s\/tU7htudbbjtFiog\">https:\/\/ssd.us.edu.pl\/index.php\/s\/tU7htudbbjtFiog<\/a><\/li>\n<\/ul>\n<\/li>\n<\/ol>\n<p>\n<\/div>\r\n                    <\/div>\r\n                <\/div>\r\n                <div class=\"text-modules\">\r\n                    <div class=\"container\">\r\n                        <h3 class=\"page-title text__title\">Rola biura Szko\u0142y Doktorskiej w ewaluacji doktorant\u00f3w po trzecim roku<\/h3>\r\n                        <div class=\"text-modules__content\"><\/p>\n<ol>\n<li>Biuro SD weryfikuje zamkni\u0119cie roku akademickiego przez doktoranta po z\u0142o\u017ceniu przez niego sprawozdania oryginalnie podpisanego.<\/li>\n<li>Biuro SD kompletuje dokumenty i przekazuje je komisji ewaluacyjnej wraz z instrukcj\u0105 dotycz\u0105c\u0105 dalszego post\u0119powania. Do wiadomo\u015bci dodani zostaj\u0105 doktoranci i promotorzy.<\/li>\n<li>Uwaga &#8211; biuro nie weryfikuje dostarczonych dokument\u00f3w pod k\u0105tem merytorycznym.<\/li>\n<\/ol>\n<p>\n<\/div>\r\n                    <\/div>\r\n                <\/div>\r\n                <div class=\"text-modules\">\r\n                    <div class=\"container\">\r\n                        <h3 class=\"page-title text__title\">Tryb pracy komisji ewaluacyjnej<\/h3>\r\n                        <div class=\"text-modules__content\"><\/p>\n<ol>\n<li>Posiedzenia odbywaj\u0105 si\u0119 zdalnie.<\/li>\n<li>Za organizacj\u0119 zdalnego posiedzenia (ustalenie terminu, przygotowanie po\u0142\u0105czenia) odpowiedzialny jest przewodnicz\u0105cy komisji.<\/li>\n<li>W posiedzeniu komisji bior\u0105 udzia\u0142 wszyscy cz\u0142onkowie. W\u00a0szczeg\u00f3lnie uzasadnionych przypadkach dopuszcza si\u0119 nieobecno\u015b\u0107 jednego cz\u0142onka komisji, kt\u00f3ry powinien najp\u00f3\u017aniej do dnia posiedzenia komisji dostarczy\u0107 pisemn\u0105 opini\u0119 zawieraj\u0105c\u0105 ocen\u0119 sprawozdania. Obecno\u015b\u0107 przewodnicz\u0105cego komisji na posiedzeniu jest obligatoryjna.<\/li>\n<li>Na zaproszenie przewodnicz\u0105cego komisji w\u00a0posiedzeniu lub w\u00a0jego cz\u0119\u015bci mog\u0105 wzi\u0105\u0107 udzia\u0142 doktorant lub promotor.<\/li>\n<li>Decyzje komisji podejmowane s\u0105 bezwzgl\u0119dn\u0105 wi\u0119kszo\u015bci\u0105 g\u0142os\u00f3w.<\/li>\n<li>Po zako\u0144czeniu prac komisji przewodnicz\u0105cy przygotowuje protok\u00f3\u0142, wype\u0142niaj\u0105c formularz zamieszczony poni\u017cej. Pdf wygenerowany po wype\u0142nieniu formularza przewodnicz\u0105cy przesy\u0142a doktorantowi i promotorowi.<\/li>\n<\/ol>\n<p>\n<\/div>\r\n                    <\/div>\r\n                <\/div>\r\n                <div class=\"text-modules\">\r\n                    <div class=\"container\">\r\n                        <h3 class=\"page-title text__title\">Zadania komisji<\/h3>\r\n                        <div class=\"text-modules__content\"><\/p>\n<ol>\n<li>Komisja ewaluacyjna ocenia post\u0119py pracy badawczej doktoranta na podstawie sprawozdania z\u00a0realizacji IPB.<\/li>\n<li>Ocena mo\u017ce by\u0107 pozytywna, warunkowo pozytywna albo negatywna. Je\u015bli ocena jest warunkowo pozytywna, komisja wyznacza doktorantowi okre\u015blone zadania wraz z\u00a0terminem ich realizacji. Po tym terminie komisja spotyka si\u0119 z\u00a0doktorantem i\u00a0ponownie ocenia jego post\u0119py.<\/li>\n<li>Ocena negatywna jest podstaw\u0105 do skre\u015blenia doktoranta.<\/li>\n<\/ol>\n<p>\n<\/div>\r\n                    <\/div>\r\n                <\/div>\r\n                <div class=\"title-with-link color-blue\" style=\"background: \">\r\n                    <div class=\"container\">\r\n                        <div class=\"title-with-link-container links-align-left\">\r\n                            <div class=\"title-with-link__title\"><span>Formularz protoko\u0142u z posiedzenia komisji ewaluacyjnej<\/span><\/div>\r\n                            <a href=\" https:\/\/formularze.us.edu.pl\/form\/index\/5757\" class=\"title-with-link__link\"> https:\/\/formularze.us.edu.pl\/form\/index\/5757<\/a>\r\n                        <\/div>\r\n                    <\/div>\r\n                <\/div>\r\n            [\/vc_column][\/vc_row]<\/p>","protected":false},"excerpt":{"rendered":"<p>[vc_row][vc_column][\/vc_column][\/vc_row] [&#8230;]<\/p>\n<p><a class=\"btn btn-secondary understrap-read-more-link\" href=\"https:\/\/us.edu.pl\/szkola-doktorska\/ocena-srodokresowa\/ewaluacja-po-trzecim-roku-ksztalcenia-rocznik-2020-2021\/\">Read More&#8230;<\/a><\/p>\n","protected":false},"author":42,"featured_media":0,"parent":5680,"menu_order":0,"comment_status":"closed","ping_status":"closed","template":"","meta":{"_expiration-date-status":"","_expiration-date":0,"_expiration-date-type":"","_expiration-date-categories":[],"_expiration-date-options":[]},"acf":[],"_links":{"self":[{"href":"https:\/\/us.edu.pl\/szkola-doktorska\/wp-json\/wp\/v2\/pages\/8736"}],"collection":[{"href":"https:\/\/us.edu.pl\/szkola-doktorska\/wp-json\/wp\/v2\/pages"}],"about":[{"href":"https:\/\/us.edu.pl\/szkola-doktorska\/wp-json\/wp\/v2\/types\/page"}],"author":[{"embeddable":true,"href":"https:\/\/us.edu.pl\/szkola-doktorska\/wp-json\/wp\/v2\/users\/42"}],"replies":[{"embeddable":true,"href":"https:\/\/us.edu.pl\/szkola-doktorska\/wp-json\/wp\/v2\/comments?post=8736"}],"version-history":[{"count":4,"href":"https:\/\/us.edu.pl\/szkola-doktorska\/wp-json\/wp\/v2\/pages\/8736\/revisions"}],"predecessor-version":[{"id":12384,"href":"https:\/\/us.edu.pl\/szkola-doktorska\/wp-json\/wp\/v2\/pages\/8736\/revisions\/12384"}],"up":[{"embeddable":true,"href":"https:\/\/us.edu.pl\/szkola-doktorska\/wp-json\/wp\/v2\/pages\/5680"}],"wp:attachment":[{"href":"https:\/\/us.edu.pl\/szkola-doktorska\/wp-json\/wp\/v2\/media?parent=8736"}],"curies":[{"name":"wp","href":"https:\/\/api.w.org\/{rel}","templated":true}]}}