{"id":8764,"date":"2023-09-09T08:41:35","date_gmt":"2023-09-09T06:41:35","guid":{"rendered":"https:\/\/us.edu.pl\/szkola-doktorska\/?page_id=8764"},"modified":"2025-11-05T12:32:43","modified_gmt":"2025-11-05T11:32:43","slug":"informacja-o-otwartych-naborach-na-stypendia-naukowe","status":"publish","type":"page","link":"https:\/\/us.edu.pl\/szkola-doktorska\/informacje-o-otwartych-naborach-na-miejsca-stypendialne-w-ramach-grantow-i-programow-stypendialnych\/informacja-o-otwartych-naborach-na-stypendia-naukowe\/","title":{"rendered":"Informacja o naborach na stypendia naukowe"},"content":{"rendered":"<p>[vc_row][vc_column]\r\n                <div class=\"text-modules\">\r\n                    <div class=\"container\">\r\n                        <h3 class=\"page-title text__title\">INFORMACJA<\/h3>\r\n                        <div class=\"text-modules__content\"><p>Stypendium naukowe finansowane z grant\u00f3w i projekt\u00f3w jest przeznaczone dla os\u00f3b, kt\u00f3re maj\u0105 ju\u017c status doktoranta. Je\u017celi szukasz informacji o konkursach na stypendia doktoranckie dla os\u00f3b, kt\u00f3re chc\u0105 rozpocz\u0105\u0107 kszta\u0142cenie w Szkole Doktorskiej zobacz: <a href=\"\/szkola-doktorska\/informacje-o-otwartych-naborach-na-miejsca-stypendialne-w-ramach-grantow-i-programow-stypendialnych\/\">Informacje o otwartych naborach<\/a> i wybierz STYPENDIA DOKTORANCKIE.<\/p>\n<p>Szko\u0142a Doktorska publikuje informacje o otwartych naborach na stypendia naukowe dla doktorant\u00f3w, ale nie prowadzi tych konkurs\u00f3w. Konkursy na stypendium naukowe organizowane na Uniwersytecie \u015al\u0105skim w Katowicach obs\u0142uguje Dzia\u0142 Projekt\u00f3w i wydzia\u0142owe biura projekt\u00f3w. Szko\u0142a Doktorska obs\u0142uguje rekrutacj\u0119 w konkursach na stypendium doktoranckie &#8211; jest to jednocze\u015bnie rekrutacja do Szko\u0142y Doktorskiej (patrz link powy\u017cej).<\/p>\n<\/div>\r\n                    <\/div>\r\n                <\/div>\r\n                <div class='sidebar_moduls sidebar_one_header' style='color:#002E5A;background-color: #EBEBEB'>\r\n                    <a href='' class='link'>NABORY NA ROK AKADEMICKI 2025\/2026<\/a>\r\n                <\/div>\r\n                <div class=\"text-modules \">\r\n                    <div class=\"container\">\r\n                        <h3 class=\"section-title section-title_border-bottom\">Stanowisko: doktorant \u2013 stypendysta w dyscyplinie j\u0119zykoznawstwo<\/h3> \r\n                        <div class=\"row m-0\">\r\n                            <div class=\"text-modules__content\">\r\n                                <strong>Tytu\u0142 projektu<\/strong>:<strong>\u00a0<\/strong><em>\u201eWp\u0142yw tempa m\u00f3wienia na realizacj\u0119 kontrast\u00f3w fonemicznych w j\u0119zyku ojczystym i j\u0119zyku obcym\u201d<\/em><\/p>\n<p><strong>Jednostka realizuj\u0105ca projekt: <\/strong>Wydzia\u0142 Humanistyczny \u2013 Uniwersytet \u015al\u0105ski w Katowicach<\/p>\n<p><strong>Jednostka kszta\u0142cenia doktoranta: <\/strong>Szko\u0142a Doktorska w Uniwersytecie \u015al\u0105skim w Katowicach<\/p>\n<p>Zadania doktoranta:<\/p>\n<p>Stypendysta doktorant b\u0119dzie wsp\u00f3\u0142pracowa\u0142 z Laboratorium Przetwarzania Mowy Uniwersytetu \u015al\u0105skiego w badaniach nad wp\u0142ywem tempa m\u00f3wienia na realizacj\u0119 kontrast\u00f3w fonemicznych w j\u0119zyku ojczystym i j\u0119zyku obcym. B\u0119dzie mia\u0142 poni\u017csze zadania:<\/p>\n<ul>\n<li>praca nad rozpraw\u0105 doktorsk\u0105 z zakresu wp\u0142ywu tempa m\u00f3wienia na realizacj\u0119 kontrast\u00f3w fonemicznych<\/li>\n<li>wsp\u00f3\u0142udzia\u0142 w prowadzeniu bada\u0144 artykulacji i percepcji<\/li>\n<li>asystowanie w dokonywaniu pomiar\u00f3w akustycznych mowy<\/li>\n<li>analiza statystyczna wybranych fragment\u00f3w danych<\/li>\n<li>gromadzenie w\u0142asnych danych do wykorzystania w rozprawie doktorskiej<\/li>\n<\/ul>\n<p><strong>Czas trwania stypendium<\/strong>: 24 miesi\u0119cy<\/p>\n<p><strong>Wysoko\u015b\u0107 stypendium<\/strong>: 2500\u00a0 brutto PLN\/miesi\u0105c<\/p>\n<p>Dokumenty nale\u017cy z\u0142o\u017cy\u0107 do <strong>28 lutego 2026<\/strong>\u00a0na adres e-mail: <strong>arkadiusz.rojczyk@us.edu.pl<\/strong><\/p>\n<p>Pe\u0142na tre\u015b\u0107 og\u0142oszenia: <a href=\"https:\/\/us.edu.pl\/szkola-doktorska\/wp-content\/uploads\/sites\/50\/Bez-kategorii\/ogloszenie-grantu-na-strone-.pdf\" class=\"mtli_attachment mtli_pdf\" data-mtli=\"mtli_filesize127,46kB\">og\u0142oszenie grantu na stron\u0119<\/a> \r\n                                <div class=\"mt-3\"><\/div>\r\n                            <\/div>\r\n                            \r\n                            \r\n                        <\/div>\r\n                    <\/div>\r\n                <\/div>\r\n                <div class='sidebar_moduls sidebar_one_header' style='color:#002E5A;background-color: #EBEBEB'>\r\n                    <a href='' class='link'>NABORY NA ROK AKADEMICKI 2024\/2025<\/a>\r\n                <\/div>\r\n                <div class=\"text-modules \">\r\n                    <div class=\"container\">\r\n                        <h3 class=\"section-title section-title_border-bottom\">Nazwa stanowiska: stypendyst (k)a - 3 stanowiska - Wydzia\u0142 Nauk Spo\u0142ecznych<\/h3> <h3 class=\"subtitle text-modules__subtitle\">Potencja\u0142 technologii cyfrowej. Optymalizacja godnego zaufania kontaktu cyfrowego<\/h3>\r\n                        <div class=\"row m-0\">\r\n                            <div class=\"text-modules__content\">\r\n                                <strong>Nazwa jednostki<\/strong>: Wydzia\u0142 Nauk Spo\u0142ecznych \u2013 Uniwersytet \u015al\u0105ski w Katowicach<\/p>\n<p>Konkurs prowadzony w ramach projektu <strong>Narodowego Centrum Nauki: <\/strong><strong>\u201ePotencja\u0142 technologii cyfrowej. Optymalizacja godnego zaufania kontaktu cyfrowego\u201d <\/strong>, nazwa programu: <strong>T-AP DGT<\/strong>, nr projektu <strong>2023\/05\/Y\/HS5\/00203 <\/strong><strong>pod kierownictwem dr hab. Damiana Guzka, prof. U\u015a<\/strong><\/p>\n<p><strong>Zakres prac:<\/strong><\/p>\n<p>Doktorant odpowiedzialny za redagowanie kwestionariuszy, transkrypcja i t\u0142umaczenie materia\u0142u badawczego w j\u0119zyku francuskim i angielskim. Wspieranie wsp\u00f3\u0142pracy zespo\u0142u polsko-francusko- angielskiego w ma\u0142ych zadaniach badawczych.<\/p>\n<p><strong>Wymagania kwalifikacyjne:<\/strong><\/p>\n<p>Doktorant nauk spo\u0142ecznych lub humanistycznych ze znajomo\u015bci\u0105 j\u0119zyka francuskiego i angielskiego umo\u017cliwiaj\u0105c\u0105 prace t\u0142umaczeniowe materia\u0142u badawczego oraz do\u015bwiadczeniem w redagowaniu materia\u0142\u00f3w badawczych.<\/p>\n<p><strong>Czas trwania stypendium<\/strong>: 4 miesi\u0119cy<\/p>\n<p><strong>Wysoko\u015b\u0107 stypendium<\/strong>: 4 526 z\u0142\/brutto miesi\u0119cznie<\/p>\n<p>Zainteresowanych kandydat\u00f3w prosimy o przes\u0142anie kompletu dokument\u00f3w na adres damian.guzek@us.edu.pl z dopiskiem T-AP DGT stypendysta\/doktorant.<\/p>\n<p><strong>Termin sk\u0142adania dokument\u00f3w up\u0142ywa z dniem 31.06.2025 r<\/strong>.<\/p>\n<p><strong>Planowany termin zatrudnienia: wrzesie\u0144 2025<\/strong><\/p>\n<p>Pe\u0142na tre\u015b\u0107 og\u0142oszenia: <a href=\"https:\/\/us.edu.pl\/szkola-doktorska\/wp-content\/uploads\/sites\/50\/Bez-kategorii\/Potencjal-technologii-cyfrowej.-Optymalizacja-godnego-zaufania-kontaktu-cyfrowego.pdf\" class=\"mtli_attachment mtli_pdf\" data-mtli=\"mtli_filesize135,09kB\">Potencja\u0142 technologii cyfrowej. Optymalizacja godnego zaufania kontaktu cyfrowego<\/a> \r\n                                <div class=\"mt-3\"><\/div>\r\n                            <\/div>\r\n                            \r\n                            \r\n                        <\/div>\r\n                    <\/div>\r\n                <\/div>\r\n                <div class=\"text-modules \">\r\n                    <div class=\"container\">\r\n                        <h3 class=\"section-title section-title_border-bottom\">Nazwa stanowiska: doktorant w dyscyplinie nauki o sztuce<\/h3> <h3 class=\"subtitle text-modules__subtitle\">RE-THINKING OF ``HET SCHILDER-BOECK`` (THE BOOK OF PAINTING) AND TRACING THE MIGRATION OF FLEMISH MASTERS (XV-XVI CENTURIES)<\/h3>\r\n                        <div class=\"row m-0\">\r\n                            <div class=\"text-modules__content\">\r\n                                <strong>Nazwa jednostki<\/strong>: Instytut Nauk o Sztuce w Uniwersytecie \u015al\u0105skim w Katowicach<\/p>\n<p><strong>Rodzaj stypendium<\/strong>: stypendium naukowe dla doktoranta<\/p>\n<p><strong>Czas trwania stypendium<\/strong>: 18 miesi\u0119cy<\/p>\n<p><b>Wysoko\u015b\u0107 stypendium:<\/b> 5000 PLN\/miesi\u0119cznie<\/p>\n<p><strong>Termin sk\u0142adania ofert<\/strong>: 24 marca 2025, 13:00<\/p>\n<p><strong>Wymagania<\/strong>:<\/p>\n<ol>\n<li>MA degree in Art History or related humanities fields<\/li>\n<li>Status of Ph.D. candidate at any institution<\/li>\n<li>Experience in historical research<\/li>\n<li>Language skills: fluent in English and other languages (preferably Italian or French, or Spanish)<\/li>\n<\/ol>\n<p><strong>Opis zada\u0144<\/strong>:<\/p>\n<ul>\n<li>Review the literature and analyze the data on the XV<sup>th<\/sup> and XVI<sup>th<\/sup> century Flemish and Dutch Art<\/li>\n<li>Collaboration with the PI on the creation and management of the H-GIS database<\/li>\n<li>Publication of scientific papers<\/li>\n<li>Ability to conduct archival research<\/li>\n<\/ul>\n<p><strong>Pe\u0142na tre\u015b\u0107 og\u0142oszenia<\/strong>: <a href=\"https:\/\/us.edu.pl\/szkola-doktorska\/wp-content\/uploads\/sites\/50\/granty\/RE-THINKING-OF-HET-SCHILDER-BOECK-call-2025.pdf\" class=\"mtli_attachment mtli_pdf\">RE-THINKING OF HET SCHILDER-BOECK &#8211; call 2025<\/a> \r\n                                <div class=\"mt-3\"><\/div>\r\n                            <\/div>\r\n                            \r\n                            \r\n                        <\/div>\r\n                    <\/div>\r\n                <\/div>\r\n                <div class='sidebar_moduls sidebar_one_header' style='color:#002E5A;background-color: #EBEBEB'>\r\n                    <a href='' class='link'>NABORY NA ROK 2023\/2024<\/a>\r\n                <\/div>\r\n                <div class=\"text-modules \">\r\n                    <div class=\"container\">\r\n                        <h3 class=\"section-title section-title_border-bottom\">Stanowisko: doktorant-stypendysta w dyscyplinie Literaturoznawstwo<\/h3> <h3 class=\"subtitle text-modules__subtitle\">Kara w staro\u017cytnych Atenach: podej\u015bcie poznawcze<\/h3>\r\n                        <div class=\"row m-0\">\r\n                            <div class=\"text-modules__content\">\r\n                                <strong>Jednostka realizuj\u0105cej projekt<\/strong>: Wydzia\u0142 Humanistyczny \u2013 Uniwersytet \u015al\u0105ski w Katowicach<\/p>\n<p><strong>Jednostka kszta\u0142cenia doktoranta<\/strong>: Szko\u0142a Doktorska w Uniwersytecie \u015al\u0105skim w Katowicach<\/p>\n<p><strong>Czas trwania stypendium<\/strong>: 42 miesi\u0105ce<\/p>\n<p><strong>Wysoko\u015b\u0107 stypendium<\/strong>: 4266,55 PLN\/miesi\u0105c<\/p>\n<p>Dokumenty nale\u017cy z\u0142o\u017cy\u0107 do 17.11.2023 na adres e-mail: jan.kucharski@us.edu.pl<\/p>\n<p><strong>pe\u0142na tre\u015b\u0107 og\u0142oszenia<\/strong>: <a href=\"https:\/\/us.edu.pl\/szkola-doktorska\/wp-content\/uploads\/sites\/50\/Bez-kategorii\/PhD-call-for-applications-form-Jan-Kucharski.pdf\" class=\"mtli_attachment mtli_pdf\">PhD-call-for-applications-form- Jan Kucharski<\/a><\/p>\n<p><strong>Link do rejestracji: <\/strong><a href=\"https:\/\/irk2.us.edu.pl\/pl\/offer\/SD-GRANT-2023\/programme\/20-S3HUM_HS203806\/?from=registration:SD-GRANT-2023\">https:\/\/irk2.us.edu.pl\/pl\/offer\/SD-GRANT-2023\/programme\/20-S3HUM_HS203806\/?from=registration:SD-GRANT-2023<\/a><\/p>\n<p>&nbsp;<\/p>\n<p>Badania b\u0119d\u0105 prowadzone w ramach\u00a0 projektu OPUS, nr projektu. 2022\/45\/B\/HS2\/03806 finansowanego ze \u015brodk\u00f3w Narodowego Centrum Nauki pod kierownictwem dr hab. Jana Kucharskiego, prof. U\u015a<\/p>\n<div class=\"mt-3\"><\/div>\r\n                            <\/div>\r\n                            \r\n                            \r\n                        <\/div>\r\n                    <\/div>\r\n                <\/div>\r\n                <div class=\"text-modules\">\r\n                    <div class=\"container\">\r\n                        <h3 class=\"page-title text__title\">Position: PhD student in the discipline of physical sciences<\/h3>\r\n                        <div class=\"text-modules__content\"><p>Unit of the project realization: Faculty of Science and Technology \u2013 University of Silesia in Katowice<br \/>\nThe University of Silesia in Katowice is seeking a candidate for a PhD project investigating mechanism of intrusion of liquids into hydrophobic porous materials. The aim of the project is to develop an innovative<br \/>\nmethod of energy storage. The desired candidate would have the ability to think creatively and understand basic physico-chemical principles.<br \/>\nThe position is available in cooperation between two teams Thermodynamics in Action Team and Structure and Dynamics of Matter at the University of Silesia, Poland. This innovative project will also involve active international collaboration.<\/p>\n<p>More information below:<\/p>\n<p><a href=\"https:\/\/us.edu.pl\/szkola-doktorska\/wp-content\/uploads\/sites\/50\/Bez-kategorii\/PhDApplication_19-09-2023r.pdf\" class=\"mtli_attachment mtli_pdf\" data-mtli=\"mtli_filesize561,07kB\" class=\"mtli_attachment mtli_pdf\" data-mtli=\"mtli_filesize561,07kB\">PhDApplication_19-09-2023r<\/a><\/p>\n<style type=\"text\/css\">a[data-mtli~=\"mtli_filesize561,07kB\"]:after {content:\" (561,07 kB)\"}<\/style><\/div>\r\n                    <\/div>\r\n                <\/div>\r\n                <div class=\"text-modules \">\r\n                    <div class=\"container\">\r\n                        <h3 class=\"section-title section-title_border-bottom\">Nazwa stanowiska: doktorant w dyscyplinie nauki o sztuce<\/h3> <h3 class=\"subtitle text-modules__subtitle\">RE-THINKING OF ``HET SCHILDER-BOECK`` (THE BOOK OF PAINTING) AND TRACING THE MIGRATION OF FLEMISH MASTERS (XV-XVI CENTURIES)<\/h3>\r\n                        <div class=\"row m-0\">\r\n                            <div class=\"text-modules__content\">\r\n                                <strong>Nazwa jednostki<\/strong>: Instytut Nauk o Sztuce w Uniwersytecie \u015al\u0105skim w Katowicach<\/p>\n<p><strong>Rodzaj stypendium<\/strong>: stypendium naukowe dla doktoranta<\/p>\n<p><strong>Czas trwania stypendium<\/strong>: 36 miesi\u0119cy<\/p>\n<p><b>Wysoko\u015b\u0107 stypendium:<\/b> 5000 PLN\/miesi\u0119cznie<\/p>\n<p><strong>Termin sk\u0142adania ofert<\/strong>: 22 wrze\u015bnia 2023, 13:00<\/p>\n<p><strong>Wymagania<\/strong>:<\/p>\n<ol>\n<li>MA degree in Art History or related humanities fields<\/li>\n<li>Status of Ph.D. candidate at any institution<\/li>\n<li>Experience in historical research<\/li>\n<li>Language skills: fluent in English and other languages (preferably Italian or French, or Spanish)<\/li>\n<\/ol>\n<p><strong>Opis zada\u0144<\/strong>:<\/p>\n<ul>\n<li>Review the literature and analyze the data on the XV<sup>th<\/sup> and XVI<sup>th<\/sup> century Flemish and Dutch Art<\/li>\n<li>Collaboration with the PI on the creation and management of the H-GIS database<\/li>\n<li>Publication of scientific papers<\/li>\n<li>Ability to conduct archival research<\/li>\n<\/ul>\n<p><strong>Pe\u0142na tre\u015b\u0107 og\u0142oszenia<\/strong>: <a href=\"https:\/\/us.edu.pl\/szkola-doktorska\/wp-content\/uploads\/sites\/50\/granty\/art_studies_research_scholarship_2023-1.pdf\" class=\"mtli_attachment mtli_pdf\">art_studies_research_scholarship_2023-1<\/a> \r\n                                <div class=\"mt-3\"><\/div>\r\n                            <\/div>\r\n                            \r\n                            \r\n                        <\/div>\r\n                    <\/div>\r\n                <\/div>\r\n                <div class=\"text-modules\">\r\n                    <div class=\"container\">\r\n                        <h3 class=\"page-title text__title\">ARCHIWUM NABOR\u00d3W<\/h3>\r\n                        <div class=\"text-modules__content\"><p>Zobacz nabory w roku akademickim 2022\/2023 w <a href=\"\/szkola-doktorska\/informacje-o-otwartych-naborach-na-miejsca-stypendialne-w-ramach-grantow-i-programow-stypendialnych\/informacja-o-naborach-na-miejsca-stypendialne-w-projektach-na-rok-akademickim-2022-2023\/\">Archive 2022\/2023<\/a>.<\/p>\n<p>Zobacz nabory w roku akademickim 2021\/2022 w <a href=\"\/szkola-doktorska\/en\/zakonczone-nabory-na-miejsca-stypendialne-w-ramach-grantow-i-programow-stypendialnych-w-roku-akademickim-2021-2022\/\">Archive 2021\/2022<\/a>.<\/p>\n<\/div>\r\n                    <\/div>\r\n                <\/div>[\/vc_column][\/vc_row][vc_row][vc_column][\/vc_column][\/vc_row]<\/p>\n<style type=\"text\/css\">a[data-mtli~=\"mtli_filesize127,46kB\"]:after {content:\" (127,46 kB)\"}a[data-mtli~=\"mtli_filesize135,09kB\"]:after {content:\" (135,09 kB)\"}a[data-mtli~=\"mtli_filesize561,07kB\"]:after {content:\" (561,07 kB)\"}<\/style>","protected":false},"excerpt":{"rendered":"<p>[vc_row][vc_column][\/vc_column][\/vc_row][vc_row][vc_column][\/vc_column][\/vc_row] [&#8230;]<\/p>\n<p><a class=\"btn btn-secondary understrap-read-more-link\" href=\"https:\/\/us.edu.pl\/szkola-doktorska\/informacje-o-otwartych-naborach-na-miejsca-stypendialne-w-ramach-grantow-i-programow-stypendialnych\/informacja-o-otwartych-naborach-na-stypendia-naukowe\/\">Read More&#8230;<\/a><\/p>\n","protected":false},"author":42,"featured_media":3685,"parent":806,"menu_order":0,"comment_status":"closed","ping_status":"closed","template":"","meta":{"_expiration-date-status":"","_expiration-date":0,"_expiration-date-type":"","_expiration-date-categories":[],"_expiration-date-options":[]},"acf":[],"_links":{"self":[{"href":"https:\/\/us.edu.pl\/szkola-doktorska\/wp-json\/wp\/v2\/pages\/8764"}],"collection":[{"href":"https:\/\/us.edu.pl\/szkola-doktorska\/wp-json\/wp\/v2\/pages"}],"about":[{"href":"https:\/\/us.edu.pl\/szkola-doktorska\/wp-json\/wp\/v2\/types\/page"}],"author":[{"embeddable":true,"href":"https:\/\/us.edu.pl\/szkola-doktorska\/wp-json\/wp\/v2\/users\/42"}],"replies":[{"embeddable":true,"href":"https:\/\/us.edu.pl\/szkola-doktorska\/wp-json\/wp\/v2\/comments?post=8764"}],"version-history":[{"count":10,"href":"https:\/\/us.edu.pl\/szkola-doktorska\/wp-json\/wp\/v2\/pages\/8764\/revisions"}],"predecessor-version":[{"id":23794,"href":"https:\/\/us.edu.pl\/szkola-doktorska\/wp-json\/wp\/v2\/pages\/8764\/revisions\/23794"}],"up":[{"embeddable":true,"href":"https:\/\/us.edu.pl\/szkola-doktorska\/wp-json\/wp\/v2\/pages\/806"}],"wp:featuredmedia":[{"embeddable":true,"href":"https:\/\/us.edu.pl\/szkola-doktorska\/wp-json\/wp\/v2\/media\/3685"}],"wp:attachment":[{"href":"https:\/\/us.edu.pl\/szkola-doktorska\/wp-json\/wp\/v2\/media?parent=8764"}],"curies":[{"name":"wp","href":"https:\/\/api.w.org\/{rel}","templated":true}]}}