{"id":8923,"date":"2023-11-01T23:13:24","date_gmt":"2023-11-01T22:13:24","guid":{"rendered":"https:\/\/us.edu.pl\/szkola-doktorska\/?page_id=8923"},"modified":"2025-11-12T22:15:37","modified_gmt":"2025-11-12T21:15:37","slug":"stypendium-doktoranckie-w-szkole-doktorskiej","status":"publish","type":"page","link":"https:\/\/us.edu.pl\/szkola-doktorska\/stypendium-doktoranckie-w-szkole-doktorskiej\/","title":{"rendered":"Stypendium doktoranckie w Szkole Doktorskiej"},"content":{"rendered":"<p>[vc_row][vc_column]\r\n                <div class=\"tiles-section\" style=\"background: \">\r\n                    <div class=\"container\">\r\n                        <h3 class=\"page-title\"><\/h3>\r\n                        <div class=\"tiles tiles-2\">\r\n                            <a href=\"\/doktorant\/stypendia-i-wsparcie\/stypendium-doktoranckie\/stypendium-doktoranckie-w-szkole-doktorskiej\/\" class=\"tile tile_ justify-content-center\" style=\"background-color: #002E5A; font-weight: ; color: #ffffff;  \">\r\n                                \r\n                                   \r\n                               \r\n                                <div class=\"tile__name\">Stypendium doktoranckie - zasady og\u00f3lne <br>(przekierowanie do serwisu Doktorant)<\/div>\r\n                            <\/a>\r\n                            <a href=\"\/szkola-doktorska\/zwiekszenie-stypendium-doktoranckiego-w-ramach-inicjatywy-doskonalosci-naukowej\/\" class=\"tile tile_ justify-content-center\" style=\"background-color: #002E5A; font-weight: ; color: #ffffff;  \">\r\n                                \r\n                                   \r\n                               \r\n                                <div class=\"tile__name\">Zwi\u0119kszenie stypendium doktoranckiego dla doktorant\u00f3w szk\u00f3\u0142 doktorskich <br>w ramach Inicjatywy Doskona\u0142o\u015bci Badawczej<\/div>\r\n                            <\/a><\/div>\r\n                    <\/div>\r\n                <\/div>[\/vc_column][\/vc_row]<\/p>","protected":false},"excerpt":{"rendered":"<p>[vc_row][vc_column][\/vc_column][\/vc_row] [&#8230;]<\/p>\n<p><a class=\"btn btn-secondary understrap-read-more-link\" href=\"https:\/\/us.edu.pl\/szkola-doktorska\/stypendium-doktoranckie-w-szkole-doktorskiej\/\">Read More&#8230;<\/a><\/p>\n","protected":false},"author":42,"featured_media":0,"parent":0,"menu_order":0,"comment_status":"closed","ping_status":"closed","template":"","meta":{"_expiration-date-status":"","_expiration-date":0,"_expiration-date-type":"","_expiration-date-categories":[],"_expiration-date-options":[]},"acf":[],"_links":{"self":[{"href":"https:\/\/us.edu.pl\/szkola-doktorska\/wp-json\/wp\/v2\/pages\/8923"}],"collection":[{"href":"https:\/\/us.edu.pl\/szkola-doktorska\/wp-json\/wp\/v2\/pages"}],"about":[{"href":"https:\/\/us.edu.pl\/szkola-doktorska\/wp-json\/wp\/v2\/types\/page"}],"author":[{"embeddable":true,"href":"https:\/\/us.edu.pl\/szkola-doktorska\/wp-json\/wp\/v2\/users\/42"}],"replies":[{"embeddable":true,"href":"https:\/\/us.edu.pl\/szkola-doktorska\/wp-json\/wp\/v2\/comments?post=8923"}],"version-history":[{"count":10,"href":"https:\/\/us.edu.pl\/szkola-doktorska\/wp-json\/wp\/v2\/pages\/8923\/revisions"}],"predecessor-version":[{"id":23962,"href":"https:\/\/us.edu.pl\/szkola-doktorska\/wp-json\/wp\/v2\/pages\/8923\/revisions\/23962"}],"wp:attachment":[{"href":"https:\/\/us.edu.pl\/szkola-doktorska\/wp-json\/wp\/v2\/media?parent=8923"}],"curies":[{"name":"wp","href":"https:\/\/api.w.org\/{rel}","templated":true}]}}