{"id":8932,"date":"2023-10-30T15:51:48","date_gmt":"2023-10-30T14:51:48","guid":{"rendered":"https:\/\/us.edu.pl\/szkola-doktorska\/?page_id=8932"},"modified":"2023-10-30T15:51:48","modified_gmt":"2023-10-30T14:51:48","slug":"projekty-finansowane-ze-srodkow-szkoly-doktorskiej-konkurs-11-3-2023","status":"publish","type":"page","link":"https:\/\/us.edu.pl\/szkola-doktorska\/en\/srodki-na-dzialalnosc-naukowa-doktorantow-2023\/konkurs-dla-doktorantow-srodki-na-dzialalnosc-naukowa-2023\/projekty-finansowane-ze-srodkow-szkoly-doktorskiej-konkurs-11-3-2023\/","title":{"rendered":"Projects financed from the Doctoral School funds &#8211; contest 11 (3\/2023)"},"content":{"rendered":"<p>[vc_row][vc_column]\r\n                <div class=\"text-modules\">\r\n                    <div class=\"container\">\r\n                        <h3 class=\"page-title text__title\">Projects financed from the Doctoral School funds<\/h3>\r\n                        <div class=\"text-modules__content\"><p>Funds allocated in the contest for scientific activity of PhD students of the Doctoral School No. 11 (3\/2023) \u2013 October 27th 2023.<\/p>\n<\/div>\r\n                    <\/div>\r\n                <\/div>[\/vc_column][\/vc_row][vc_row][vc_column]\r\n                <div class=\"text-modules\">\r\n                    <div class=\"container\">\r\n                        \r\n                        <div class=\"text-modules__content\"><\/p>\n<table style=\"width: 101.514%; height: 1314px;\" border=\"1\" width=\"1095\">\n<tbody>\n<tr style=\"height: 72px;\">\n<td style=\"width: 5.88822%; height: 72px;\" width=\"49\"><strong>No.<\/strong><\/td>\n<td style=\"width: 24.8503%; height: 72px;\" width=\"221\"><strong>Name and last name \/ Imi\u0119 i nazwisko<\/strong><\/td>\n<td style=\"width: 23.7525%; height: 72px;\" width=\"211\"><strong>Scientific discipline \/ Dyscyplina naukowa<\/strong><\/td>\n<td style=\"width: 28.9421%; height: 72px;\" width=\"258\"><strong>Nazwa zadania badawczego \/ Name of the research task<\/strong><\/td>\n<td style=\"width: 15.3693%; height: 72px;\" width=\"135\"><strong>Allocated funds \/ Przyznane \u015brodki<\/strong><\/td>\n<\/tr>\n<tr>\n<td style=\"width: 5.88822%;\" width=\"239\">1<\/td>\n<td style=\"width: 24.8503%;\" width=\"195\">Agata Hofelmajer-Ro\u015b<\/td>\n<td style=\"width: 23.7525%;\" width=\"333\">culture and religion studies (nauki o kulturze i religii)<\/td>\n<td style=\"width: 28.9421%;\" width=\"433\">J\u0119zyk filmu\/analiza filmu w praktykach edukacji filmowej<\/td>\n<td style=\"width: 15.3693%;\" width=\"150\">1 500,00 z\u0142<\/td>\n<\/tr>\n<tr>\n<td style=\"width: 5.88822%;\">2<\/td>\n<td style=\"width: 24.8503%;\">Kamil Wrzeszcz<\/td>\n<td style=\"width: 23.7525%;\">culture and religion studies (nauki o kulturze i religii)<\/td>\n<td style=\"width: 28.9421%;\">Architek(s)tura komiks\u00f3w i powie\u015bci graficznych dla dzieci<\/td>\n<td style=\"width: 15.3693%;\">690,00 z\u0142<\/td>\n<\/tr>\n<tr>\n<td style=\"width: 5.88822%;\">3<\/td>\n<td style=\"width: 24.8503%;\">Karolina K\u0142apkowska<\/td>\n<td style=\"width: 23.7525%;\">film and theatre (sztuki filmowe i teatralne)<\/td>\n<td style=\"width: 28.9421%;\">Transgresja tres\u0301ci i formy dzie\u0142a filmowego. Objawienie ukrytego Ja. Implikacje w autorskim filmie.<\/td>\n<td style=\"width: 15.3693%;\">3 800,00 z\u0142<\/td>\n<\/tr>\n<tr>\n<td style=\"width: 5.88822%;\">4<\/td>\n<td style=\"width: 24.8503%;\">Marek Jurkowski<\/td>\n<td style=\"width: 23.7525%;\">history (historia)<\/td>\n<td style=\"width: 28.9421%;\">Od Cezarei do Konstantynopola. Dynastyczne nazwy i przydomki miejscowo\u015bci Cesarstwa Rzymskiego (do po\u0142. V w.)<\/td>\n<td style=\"width: 15.3693%;\">2 795,45 z\u0142<\/td>\n<\/tr>\n<tr>\n<td style=\"width: 5.88822%;\">5<\/td>\n<td style=\"width: 24.8503%;\">Katarzyna Jankowiak<\/td>\n<td style=\"width: 23.7525%;\">linguistics (j\u0119zykoznawstwo)<\/td>\n<td style=\"width: 28.9421%;\">D\u017awi\u0119kowa organizacja czeszczyzny i polszczyzny na scenie<\/td>\n<td style=\"width: 15.3693%;\">2 500,00 z\u0142<\/td>\n<\/tr>\n<tr>\n<td style=\"width: 5.88822%;\">6<\/td>\n<td style=\"width: 24.8503%;\">Judyta M\u0119\u017cyk<\/td>\n<td style=\"width: 23.7525%;\">linguistics (j\u0119zykoznawstwo)<\/td>\n<td style=\"width: 28.9421%;\">Pragmatemy w angielsko-francusko-polskim t\u0142umaczeniu audiowizualnym<\/td>\n<td style=\"width: 15.3693%;\">1 500,00 z\u0142<\/td>\n<\/tr>\n<tr>\n<td style=\"width: 5.88822%;\">7<\/td>\n<td style=\"width: 24.8503%;\">Aleksandra Ry\u015b<\/td>\n<td style=\"width: 23.7525%;\">linguistics (j\u0119zykoznawstwo)<\/td>\n<td style=\"width: 28.9421%;\">Socjopragmatyczna analiza zleksykalizowanych por\u00f3wna\u0144 w potocznych wypowiedziach konstruowanych. Na materiale Korpusu dawnych polskich tekst\u00f3w dramatycznych (1772\u20131939)<\/td>\n<td style=\"width: 15.3693%;\">110,00 z\u0142<\/td>\n<\/tr>\n<tr>\n<td style=\"width: 5.88822%;\">8<\/td>\n<td style=\"width: 24.8503%;\">Aleksandra Zi\u0119ba<\/td>\n<td style=\"width: 23.7525%;\">linguistics (j\u0119zykoznawstwo)<\/td>\n<td style=\"width: 28.9421%;\">Wyodr\u0119bnianie potocznych wielowyrazowych jednostek j\u0119zyka polskiego, czeskiego i rosyjskiego z zastosowaniem narz\u0119dzi i zasob\u00f3w korpusowych.<\/td>\n<td style=\"width: 15.3693%;\">2 500,00 z\u0142<\/td>\n<\/tr>\n<tr>\n<td style=\"width: 5.88822%;\">9<\/td>\n<td style=\"width: 24.8503%;\">Aleksandra D\u0119bi\u0144ska<\/td>\n<td style=\"width: 23.7525%;\">literary studies (literaturoznawstwo)<\/td>\n<td style=\"width: 28.9421%;\">Inwalidzi wojenni \u2013 portrety\/dyskursy rozproszone (pr\u00f3ba rekonstrukcji)<\/td>\n<td style=\"width: 15.3693%;\">1 600,00 z\u0142<\/td>\n<\/tr>\n<tr>\n<td style=\"width: 5.88822%;\">10<\/td>\n<td style=\"width: 24.8503%;\">Katarzyna Hanik<\/td>\n<td style=\"width: 23.7525%;\">literary studies (literaturoznawstwo)<\/td>\n<td style=\"width: 28.9421%;\">Zapisane pomi\u0119dzy. Tabu (w) autobiografii<\/td>\n<td style=\"width: 15.3693%;\">1 536,00 z\u0142<\/td>\n<\/tr>\n<tr>\n<td style=\"width: 5.88822%;\">11<\/td>\n<td style=\"width: 24.8503%;\">Dorota Ko\u0142odziej<\/td>\n<td style=\"width: 23.7525%;\">literary studies (literaturoznawstwo)<\/td>\n<td style=\"width: 28.9421%;\">Teksty zatomizowane. J\u0119zyk nauk \u015bcis\u0142ych w polskiej literaturze neoawangardowej.<\/td>\n<td style=\"width: 15.3693%;\">1 390,62 z\u0142<\/td>\n<\/tr>\n<tr>\n<td style=\"width: 5.88822%;\">12<\/td>\n<td style=\"width: 24.8503%;\">Przemys\u0142aw Starowicz<\/td>\n<td style=\"width: 23.7525%;\">philosophy (filozofia)<\/td>\n<td style=\"width: 28.9421%;\">Wybrane nurty metafizyki realistycznej i materialistycznej w filozofii XXI wieku<\/td>\n<td style=\"width: 15.3693%;\">700,00 z\u0142<\/td>\n<\/tr>\n<tr>\n<td style=\"width: 5.88822%;\">13<\/td>\n<td style=\"width: 24.8503%;\">Ma\u0142gorzata Witkowska<\/td>\n<td style=\"width: 23.7525%;\">theology (teologia)<\/td>\n<td style=\"width: 28.9421%;\">Soteriologia Nouvelle Theologie<\/td>\n<td style=\"width: 15.3693%;\">510,00 z\u0142<\/td>\n<\/tr>\n<tr>\n<td style=\"width: 5.88822%;\">14<\/td>\n<td style=\"width: 24.8503%;\">Katarzyna Siwczyk<\/td>\n<td style=\"width: 23.7525%;\">communication and media studies (nauki o komunikacji spo\u0142ecznej i mediach)<\/td>\n<td style=\"width: 28.9421%;\">Rola \u015bl\u0105skich lider\u00f3w opinii w kszta\u0142towaniu to\u017csamo\u015bci \u015al\u0105zak\u00f3w na podstawie analizy wybranych medi\u00f3w<\/td>\n<td style=\"width: 15.3693%;\">575,00 z\u0142<\/td>\n<\/tr>\n<tr>\n<td style=\"width: 5.88822%;\">15<\/td>\n<td style=\"width: 24.8503%;\">Anna S\u0142ania<\/td>\n<td style=\"width: 23.7525%;\">communication and media studies (nauki o komunikacji spo\u0142ecznej i mediach)<\/td>\n<td style=\"width: 28.9421%;\">Dziennikarstwo wojenne czy pokojowe? Relacjonowanie konfliktu izraelsko-palesty\u0144skiego w najpopularniejszych mediach ameryka\u0144skich, arabskich oraz izraelskich w 2021 roku<\/td>\n<td style=\"width: 15.3693%;\">1 115,00 z\u0142<\/td>\n<\/tr>\n<tr>\n<td style=\"width: 5.88822%;\">16<\/td>\n<td style=\"width: 24.8503%;\">Krzysztof Kasperek<\/td>\n<td style=\"width: 23.7525%;\">education (pedagogika)<\/td>\n<td style=\"width: 28.9421%;\">Propedeutyka samorz\u0105dno\u015bci dzieci w edukacji wczesnoszkolnej w szkole spo\u0142ecznej<\/td>\n<td style=\"width: 15.3693%;\">300,00 z\u0142<\/td>\n<\/tr>\n<tr>\n<td style=\"width: 5.88822%;\">17<\/td>\n<td style=\"width: 24.8503%;\">Alena Basalai<\/td>\n<td style=\"width: 23.7525%;\">law (nauki prawne)<\/td>\n<td style=\"width: 28.9421%;\">Pochodzenie dziecka z prokreacji medycznie wspomaganej z perspektywy prawa kraj\u00f3w poradzieckich na tle prawa polskiego<\/td>\n<td style=\"width: 15.3693%;\">4 450,00 z\u0142<\/td>\n<\/tr>\n<tr>\n<td style=\"width: 5.88822%;\">18<\/td>\n<td style=\"width: 24.8503%;\">Dominik Gabor<\/td>\n<td style=\"width: 23.7525%;\">law (nauki prawne)<\/td>\n<td style=\"width: 28.9421%;\">Rozpowszechnianie utwor\u00f3w na drodze streamingu na tle prawnopor\u00f3wnawczym<\/td>\n<td style=\"width: 15.3693%;\">1 365,30 z\u0142<\/td>\n<\/tr>\n<tr>\n<td style=\"width: 5.88822%;\">19<\/td>\n<td style=\"width: 24.8503%;\">Jakub Hanc<\/td>\n<td style=\"width: 23.7525%;\">law (nauki prawne)<\/td>\n<td style=\"width: 28.9421%;\">Przeobra\u017cenia zasad odpowiedzialno\u015bci karnej za przest\u0119pstwa skutkowe pope\u0142nione przez zaniechanie w prawie polskim i niemieckoj\u0119zycznym<\/td>\n<td style=\"width: 15.3693%;\">1 500,00 z\u0142<\/td>\n<\/tr>\n<tr>\n<td style=\"width: 5.88822%;\">20<\/td>\n<td style=\"width: 24.8503%;\">aleksandra zaj\u0105c<\/td>\n<td style=\"width: 23.7525%;\">sociology (nauki socjologiczne)<\/td>\n<td style=\"width: 28.9421%;\">Metoda mindfulness jako forma pomocy i wsparcia w profilaktyce wypalenia zawodowego w\u015br\u00f3d zawodowych kurator\u00f3w s\u0105dowych.<\/td>\n<td style=\"width: 15.3693%;\">1 500,00 z\u0142<\/td>\n<\/tr>\n<tr>\n<td style=\"width: 5.88822%;\">21<\/td>\n<td style=\"width: 24.8503%;\">Iryna Bodnaruk<\/td>\n<td style=\"width: 23.7525%;\">biological sciences (nauki biologiczne)<\/td>\n<td style=\"width: 28.9421%;\">Wp\u0142yw p\u0119cherzyk\u00f3w b\u0142ony zewn\u0119trznej metaloopornych bakterii endofitycznych na wzrost i kondycj\u0119 ro\u015blin nara\u017conych na wysokie st\u0119\u017cenia metali ci\u0119\u017ckich<\/td>\n<td style=\"width: 15.3693%;\">3 000,00 z\u0142<\/td>\n<\/tr>\n<tr>\n<td style=\"width: 5.88822%;\">22<\/td>\n<td style=\"width: 24.8503%;\">Marta Bukowczan<\/td>\n<td style=\"width: 23.7525%;\">biological sciences (nauki biologiczne)<\/td>\n<td style=\"width: 28.9421%;\">Rola wybranych szczep\u00f3w bakterii nale\u017c\u0105cych do endobiomu rdzeniowego Zea mays w zwi\u0119kszaniu tolerancji kukurydzy na stres suszy<\/td>\n<td style=\"width: 15.3693%;\">2 829,00 z\u0142<\/td>\n<\/tr>\n<tr>\n<td style=\"width: 5.88822%;\">23<\/td>\n<td style=\"width: 24.8503%;\">Agata Danielczyk<\/td>\n<td style=\"width: 23.7525%;\">biological sciences (nauki biologiczne)<\/td>\n<td style=\"width: 28.9421%;\">Budowa morfologiczna struktur chwytnych wyst\u0119puj\u0105cych na odn\u00f3\u017cach zajadkowatych (Heteroptera: Reduviidae) z podrodziny Ectrichodiinae.<\/td>\n<td style=\"width: 15.3693%;\">2 998,07 z\u0142<\/td>\n<\/tr>\n<tr>\n<td style=\"width: 5.88822%;\">24<\/td>\n<td style=\"width: 24.8503%;\">Hanna Gorol<\/td>\n<td style=\"width: 23.7525%;\">biological sciences (nauki biologiczne)<\/td>\n<td style=\"width: 28.9421%;\">Analiza zmian w strukturze i ultrastrukturze kom\u00f3rek nab\u0142onka jelita \u015brodkowego s\u0142odkowodnej krewetki Neocaridina davidi (Crustacea, Malacostraca) wywo\u0142anych obecno\u015bci\u0105 w \u015brodowisku bisfenolu A.<\/td>\n<td style=\"width: 15.3693%;\">3 000,00 z\u0142<\/td>\n<\/tr>\n<tr>\n<td style=\"width: 5.88822%;\">25<\/td>\n<td style=\"width: 24.8503%;\">Aleksandra Koza<\/td>\n<td style=\"width: 23.7525%;\">biological sciences (nauki biologiczne)<\/td>\n<td style=\"width: 28.9421%;\">Nietoperze (Chiroptera) w mie\u015bcie \u2013 wykorzystanie przestrzeni na r\u00f3\u017cnych wysoko\u015bciach<\/td>\n<td style=\"width: 15.3693%;\">2 574,00 z\u0142<\/td>\n<\/tr>\n<tr>\n<td style=\"width: 5.88822%;\">26<\/td>\n<td style=\"width: 24.8503%;\">Adam Krain<\/td>\n<td style=\"width: 23.7525%;\">biological sciences (nauki biologiczne)<\/td>\n<td style=\"width: 28.9421%;\">Aktywno\u015b\u0107 biologiczna i charakterystyka metabolit\u00f3w wydzielin gutacyjnych grzyb\u00f3w ze \u015brodowisk zwi\u0105zanych z w\u0119glem kamiennym<\/td>\n<td style=\"width: 15.3693%;\">2 750,00 z\u0142<\/td>\n<\/tr>\n<tr>\n<td style=\"width: 5.88822%;\">27<\/td>\n<td style=\"width: 24.8503%;\">Kamila Malik<\/td>\n<td style=\"width: 23.7525%;\">biological sciences (nauki biologiczne)<\/td>\n<td style=\"width: 28.9421%;\">Rewizja taksonomiczna i pokrewie\u0144stwa w\u015br\u00f3d mszyc z rodzaju Drepanaphis del Guercio (Hemiptera, Aphidoidea: Drepanosiphinae) w oparciu o analizy morfologiczne i molekularne.<\/td>\n<td style=\"width: 15.3693%;\">2 559,37 z\u0142<\/td>\n<\/tr>\n<tr>\n<td style=\"width: 5.88822%;\">28<\/td>\n<td style=\"width: 24.8503%;\">Adrian Mas\u0142owski<\/td>\n<td style=\"width: 23.7525%;\">biological sciences (nauki biologiczne)<\/td>\n<td style=\"width: 28.9421%;\">Ultramorfologia i dywersyfikacja odn\u00f3\u017cy pluskwiak\u00f3w r\u00f3\u017cnoskrzyd\u0142ych z wybranych grup infrarz\u0119du Cimicomorpha (Insecta: Hemiptera: Heteroptera) z uwzgl\u0119dnieniem specjalizacji siedliskowej i troficznej.<\/td>\n<td style=\"width: 15.3693%;\">3 655,00 z\u0142<\/td>\n<\/tr>\n<tr>\n<td style=\"width: 5.88822%;\">29<\/td>\n<td style=\"width: 24.8503%;\">Hubert Matkowski<\/td>\n<td style=\"width: 23.7525%;\">biological sciences (nauki biologiczne)<\/td>\n<td style=\"width: 28.9421%;\">Rola kompleksu CBC w odpowiedzi j\u0119czmienia jarego na stres suszy i traktowanie ABA w stadium strzelania w \u017ad\u017ab\u0142o<\/td>\n<td style=\"width: 15.3693%;\">2 100,00 z\u0142<\/td>\n<\/tr>\n<tr>\n<td style=\"width: 5.88822%;\">30<\/td>\n<td style=\"width: 24.8503%;\">Aleksandra Miernik<\/td>\n<td style=\"width: 23.7525%;\">biological sciences (nauki biologiczne)<\/td>\n<td style=\"width: 28.9421%;\">Wp\u0142yw ibuprofenu na biologi\u0119 niesporczaka Paramacrobiotus experimentalis Kaczmarek, Mioduchowska, Poprawa, Roszkowska 2020 (Tardigrada, Eutardigrada)<\/td>\n<td style=\"width: 15.3693%;\">1 500,00 z\u0142<\/td>\n<\/tr>\n<tr>\n<td style=\"width: 5.88822%;\">31<\/td>\n<td style=\"width: 24.8503%;\">Bartosz Og\u0142aza<\/td>\n<td style=\"width: 23.7525%;\">biological sciences (nauki biologiczne)<\/td>\n<td style=\"width: 28.9421%;\">P\u00f3\u017anokredowo\/paleoge\u0144ski etap w ewolucji mszyc (Hemiptera, Sternorrhyncha, Aphidomorpha)<\/td>\n<td style=\"width: 15.3693%;\">4 904,00 z\u0142<\/td>\n<\/tr>\n<tr>\n<td style=\"width: 5.88822%;\">32<\/td>\n<td style=\"width: 24.8503%;\">Klaudia Peczyk<\/td>\n<td style=\"width: 23.7525%;\">biological sciences (nauki biologiczne)<\/td>\n<td style=\"width: 28.9421%;\">\u201eWp\u0142yw bakterii wspomagaj\u0105cych rozw\u00f3j mykoryz na wzrost i rozw\u00f3j grzyb\u00f3w mykoryzy arbuskularnej oraz ro\u015blin w \u015brodowisku zanieczyszczonym toksycznymi zwi\u0105zkami organicznymi\u201d<\/td>\n<td style=\"width: 15.3693%;\">3 000,00 z\u0142<\/td>\n<\/tr>\n<tr>\n<td style=\"width: 5.88822%;\">33<\/td>\n<td style=\"width: 24.8503%;\">Weronika Porc<\/td>\n<td style=\"width: 23.7525%;\">biological sciences (nauki biologiczne)<\/td>\n<td style=\"width: 28.9421%;\">Ocena skutk\u00f3w promieniowania elektromagnetycznego na wybrane parametry rozwojowe paj\u0105k\u00f3w Parasteatoda tepidariorum z wykorzystaniem marker\u00f3w fizjologicznych i molekularnych<\/td>\n<td style=\"width: 15.3693%;\">2 000,00 z\u0142<\/td>\n<\/tr>\n<tr>\n<td style=\"width: 5.88822%;\">34<\/td>\n<td style=\"width: 24.8503%;\">Dominika Ra\u015b<\/td>\n<td style=\"width: 23.7525%;\">biological sciences (nauki biologiczne)<\/td>\n<td style=\"width: 28.9421%;\">Struktura i funkcjonowanie jajnik\u00f3w wybranych grup d\u017cd\u017cownic (Annelida, Clitellata, Crassiclitellata)<\/td>\n<td style=\"width: 15.3693%;\">4 518,00 z\u0142<\/td>\n<\/tr>\n<tr>\n<td style=\"width: 5.88822%;\">35<\/td>\n<td style=\"width: 24.8503%;\">Ewa Sybilska<\/td>\n<td style=\"width: 23.7525%;\">biological sciences (nauki biologiczne)<\/td>\n<td style=\"width: 28.9421%;\">Rola gen\u00f3w koduj\u0105cych kompleks wi\u0105\u017c\u0105cy kap (CBC) w odpowiedzi na ABA podczas kie\u0142kowania nasion u j\u0119czmienia jarego (Hordeum vulgare).<\/td>\n<td style=\"width: 15.3693%;\">614,39 z\u0142<\/td>\n<\/tr>\n<tr>\n<td style=\"width: 5.88822%;\">36<\/td>\n<td style=\"width: 24.8503%;\">Ewa Szwajczak<\/td>\n<td style=\"width: 23.7525%;\">biological sciences (nauki biologiczne)<\/td>\n<td style=\"width: 28.9421%;\">Efekt oddzia\u0142ywania organicznych penetrant\u00f3w wraz z wybranymi substancjami wspomagaj\u0105cymi na r\u00f3\u017cnorodno\u015b\u0107 funkcjonaln\u0105 ro\u015blin uprawnych i dziko rosn\u0105cych<\/td>\n<td style=\"width: 15.3693%;\">2 300,00 z\u0142<\/td>\n<\/tr>\n<tr>\n<td style=\"width: 5.88822%;\">37<\/td>\n<td style=\"width: 24.8503%;\">Joanna Zyga\u0142a<\/td>\n<td style=\"width: 23.7525%;\">biological sciences (nauki biologiczne)<\/td>\n<td style=\"width: 28.9421%;\">Budowa morfologiczna aparatu strydulacyjnego oraz powi\u0105zanych z nim struktur sensorycznych u wybranych przedstawicieli zajadkowatych (Hemiptera, Heteroptera: Reduviidae).<\/td>\n<td style=\"width: 15.3693%;\">2 616,36 z\u0142<\/td>\n<\/tr>\n<tr>\n<td style=\"width: 5.88822%;\">38<\/td>\n<td style=\"width: 24.8503%;\">Natalia Brzezi\u0144ska<\/td>\n<td style=\"width: 23.7525%;\">biomedical engineering (in\u017cynieria biomedyczna)<\/td>\n<td style=\"width: 28.9421%;\">Ocena skuteczno\u015bci maski, pe\u0142ni\u0105cej rol\u0119 ochronn\u0105 g\u00f3rnych dr\u00f3g oddechowych przed infekcjami wirusowymi i bakteryjnymi z dodatkiem betuliny, jako zwi\u0105zku organicznego, wykazuj\u0105cego aktywno\u015b\u0107 mikrobiologiczn\u0105.<\/td>\n<td style=\"width: 15.3693%;\">1 055,74 z\u0142<\/td>\n<\/tr>\n<tr>\n<td style=\"width: 5.88822%;\">39<\/td>\n<td style=\"width: 24.8503%;\">Artur Sowi\u0144ski<\/td>\n<td style=\"width: 23.7525%;\">biomedical engineering (in\u017cynieria biomedyczna)<\/td>\n<td style=\"width: 28.9421%;\">Poprawa w\u0142a\u015bciwo\u015bci u\u017cytkowych tkanin powlekanych do zastosowa\u0144 w ochronie zdrowia poprzez modyfikacj\u0119 naturalnymi ekstraktami.<\/td>\n<td style=\"width: 15.3693%;\">4 954,00 z\u0142<\/td>\n<\/tr>\n<tr>\n<td style=\"width: 5.88822%;\">40<\/td>\n<td style=\"width: 24.8503%;\">Pawe\u0142 Dziki<\/td>\n<td style=\"width: 23.7525%;\">chemical sciences (nauki chemiczne)<\/td>\n<td style=\"width: 28.9421%;\">Kontrola jako\u015bci produkt\u00f3w poligraficznych\u00a0 przy u\u017cyciu kamer hiperspektralnych\u00a0 ze szczeg\u00f3lnym uwzgl\u0119dnieniem barwy<\/td>\n<td style=\"width: 15.3693%;\">1 000,00 z\u0142<\/td>\n<\/tr>\n<tr>\n<td style=\"width: 5.88822%;\">41<\/td>\n<td style=\"width: 24.8503%;\">Natalia Janczewska<\/td>\n<td style=\"width: 23.7525%;\">Earth and related environmental sciences (nauki o Ziemi i \u015brodowisku)<\/td>\n<td style=\"width: 28.9421%;\">Opracowanie metodyki ewidencjonowania w\u00f3d powierzchniowych z wykorzystaniem narz\u0119dzi GIS oraz teledetekcji niskiego pu\u0142apu<\/td>\n<td style=\"width: 15.3693%;\">1 000,00 z\u0142<\/td>\n<\/tr>\n<tr>\n<td style=\"width: 5.88822%;\">42<\/td>\n<td style=\"width: 24.8503%;\">Krzysztof Janik<\/td>\n<td style=\"width: 23.7525%;\">Earth and related environmental sciences (nauki o Ziemi i \u015brodowisku)<\/td>\n<td style=\"width: 28.9421%;\">Ocena wp\u0142ywu nowo pojawiaj\u0105cych si\u0119 presji na bezpiecze\u0144stwo pracy uj\u0119cia infiltracyjnego K\u0119pa Bogumi\u0142owicka (woj. ma\u0142opolskie) w oparciu o badania znacznikowe, modelowe i ci\u0105g\u0142y monitoring \u015brodowiska wodnego.<\/td>\n<td style=\"width: 15.3693%;\">960,00 z\u0142<\/td>\n<\/tr>\n<tr>\n<td style=\"width: 5.88822%;\">43<\/td>\n<td style=\"width: 24.8503%;\">Krzysztof Janik<\/td>\n<td style=\"width: 23.7525%;\">Earth and related environmental sciences (nauki o Ziemi i \u015brodowisku)<\/td>\n<td style=\"width: 28.9421%;\">Ocena wp\u0142ywu nowo pojawiaj\u0105cych si\u0119 presji na bezpiecze\u0144stwo pracy uj\u0119cia infiltracyjnego K\u0119pa Bogumi\u0142owicka (woj. ma\u0142opolskie) w oparciu o badania znacznikowe, modelowe i ci\u0105g\u0142y monitoring \u015brodowiska wodnego<\/td>\n<td style=\"width: 15.3693%;\">2 000,00 z\u0142<\/td>\n<\/tr>\n<tr>\n<td style=\"width: 5.88822%;\">44<\/td>\n<td style=\"width: 24.8503%;\">Jakub Kucharczyk<\/td>\n<td style=\"width: 23.7525%;\">Earth and related environmental sciences (nauki o Ziemi i \u015brodowisku)<\/td>\n<td style=\"width: 28.9421%;\">Zapis zmian stabilnych izotop\u00f3w w\u0119gla w trakcie \u015brodkowoturnejskiego zdarzenia beztlenowego<\/td>\n<td style=\"width: 15.3693%;\">2 988,90 z\u0142<\/td>\n<\/tr>\n<tr>\n<td style=\"width: 5.88822%;\">45<\/td>\n<td style=\"width: 24.8503%;\">\u0141ukasz Pieron<\/td>\n<td style=\"width: 23.7525%;\">Earth and related environmental sciences (nauki o Ziemi i \u015brodowisku)<\/td>\n<td style=\"width: 28.9421%;\">Ocena mo\u017cliwo\u015bci zwi\u0119kszenia retencji na wybranym obszarze w kontek\u015bcie przeciwdzia\u0142ania skutkom suszy<\/td>\n<td style=\"width: 15.3693%;\">1 500,00 z\u0142<\/td>\n<\/tr>\n<tr>\n<td style=\"width: 5.88822%;\">46<\/td>\n<td style=\"width: 24.8503%;\">Aleksandra Renc<\/td>\n<td style=\"width: 23.7525%;\">Earth and related environmental sciences (nauki o Ziemi i \u015brodowisku)<\/td>\n<td style=\"width: 28.9421%;\">Przestrzenne i sezonowe zr\u00f3\u017cnicowanie miejskiej wyspy ciep\u0142a w G\u00f3rno\u015bl\u0105sko \u2013 Zag\u0142\u0119biowskiej Metropolii na podstawie danych satelitarnych<\/td>\n<td style=\"width: 15.3693%;\">2 450,00 z\u0142<\/td>\n<\/tr>\n<tr>\n<td style=\"width: 5.88822%;\">47<\/td>\n<td style=\"width: 24.8503%;\">Aleksandra Renc<\/td>\n<td style=\"width: 23.7525%;\">Earth and related environmental sciences (nauki o Ziemi i \u015brodowisku)<\/td>\n<td style=\"width: 28.9421%;\">Przestrzenne i sezonowe zr\u00f3\u017cnicowanie miejskiej wyspy ciep\u0142a w G\u00f3rno\u015bl\u0105sko \u2013 Zag\u0142\u0119biowskiej Metropolii na podstawie danych satelitarnych<\/td>\n<td style=\"width: 15.3693%;\">400,00 z\u0142<\/td>\n<\/tr>\n<tr>\n<td style=\"width: 5.88822%;\">48<\/td>\n<td style=\"width: 24.8503%;\">Wojciech Ryka\u0142a<\/td>\n<td style=\"width: 23.7525%;\">Earth and related environmental sciences (nauki o Ziemi i \u015brodowisku)<\/td>\n<td style=\"width: 28.9421%;\">Por\u00f3wnanie toksyczno\u015bci sta\u0142ych odpad\u00f3w niezmienionych i przekszta\u0142conych w efekcie po\u017caru oraz ich oddzia\u0142ywanie na \u015brodowisko i wody podziemne<\/td>\n<td style=\"width: 15.3693%;\">3 000,00 z\u0142<\/td>\n<\/tr>\n<tr>\n<td style=\"width: 5.88822%;\">49<\/td>\n<td style=\"width: 24.8503%;\">Dorota Staneczek<\/td>\n<td style=\"width: 23.7525%;\">Earth and related environmental sciences (nauki o Ziemi i \u015brodowisku)<\/td>\n<td style=\"width: 28.9421%;\">Paleogeografia i paleo\u015brodowisko Centralnokarpackiego Basenu Paleoge\u0144skiego w oparciu o metody geochemiczne i paleomagnetyczne<\/td>\n<td style=\"width: 15.3693%;\">2 906,00 z\u0142<\/td>\n<\/tr>\n<tr>\n<td style=\"width: 5.88822%;\">50<\/td>\n<td style=\"width: 24.8503%;\">Khrystyna Khrushchyk<\/td>\n<td style=\"width: 23.7525%;\">materials engineering (in\u017cynieria materia\u0142owa)<\/td>\n<td style=\"width: 28.9421%;\">Nanostructuring as a factor influencing the physical and chemical properties of amorphous metal alloys based on aluminium<\/td>\n<td style=\"width: 15.3693%;\">1 500,00 z\u0142<\/td>\n<\/tr>\n<tr>\n<td style=\"width: 5.88822%;\">51<\/td>\n<td style=\"width: 24.8503%;\">Andrzej Czudek<\/td>\n<td style=\"width: 23.7525%;\">physical sciences (nauki fizyczne)<\/td>\n<td style=\"width: 28.9421%;\">Wyznaczanie warto\u015bci r\u00f3wnowa\u017cnej sta\u0142ej ekspozycyjnej w oparciu o technologi\u0119 Monte Carlo<\/td>\n<td style=\"width: 15.3693%;\">5 000,00 z\u0142<\/td>\n<\/tr>\n<tr>\n<td style=\"width: 5.88822%;\">52<\/td>\n<td style=\"width: 24.8503%;\">Patryk Rurka<\/td>\n<td style=\"width: 23.7525%;\">physical sciences (nauki fizyczne)<\/td>\n<td style=\"width: 28.9421%;\">Nowe spojrzenie na wieloaspektow\u0105 terapi\u0119 celowan\u0105 w leczeniu glejaka wielopostaciowego<\/td>\n<td style=\"width: 15.3693%;\">1 100,00 z\u0142<\/td>\n<\/tr>\n<tr>\n<td style=\"width: 5.88822%;\">53<\/td>\n<td style=\"width: 24.8503%;\">Szymon Maciej Zi\u0119ba<\/td>\n<td style=\"width: 23.7525%;\">physical sciences (nauki fizyczne)<\/td>\n<td style=\"width: 28.9421%;\">Rozwijanie metod obliczeniowych oraz poszukiwanie niestandardowych proces\u00f3w w fizyce wysokich energii<\/td>\n<td style=\"width: 15.3693%;\">800,00 z\u0142<\/td>\n<\/tr>\n<tr>\n<td style=\"width: 5.88822%;\">54<\/td>\n<td style=\"width: 24.8503%;\">Patryk Zio\u0142a<\/td>\n<td style=\"width: 23.7525%;\">physical sciences (nauki fizyczne)<\/td>\n<td style=\"width: 28.9421%;\">Chelatory \u017celaza jako inhibitory kinaz tyrozynowych \u2013 nowa strategia leczenia glejaka wielopostaciowego<\/td>\n<td style=\"width: 15.3693%;\">2 800,00 z\u0142<\/td>\n<\/tr>\n<\/tbody>\n<\/table>\n<p>\n<\/div>\r\n                    <\/div>\r\n                <\/div>[\/vc_column][\/vc_row]<\/p>","protected":false},"excerpt":{"rendered":"<p>[vc_row][vc_column][\/vc_column][\/vc_row][vc_row][vc_column][\/vc_column][\/vc_row] [&#8230;]<\/p>\n<p><a class=\"btn btn-secondary understrap-read-more-link\" href=\"https:\/\/us.edu.pl\/szkola-doktorska\/en\/srodki-na-dzialalnosc-naukowa-doktorantow-2023\/konkurs-dla-doktorantow-srodki-na-dzialalnosc-naukowa-2023\/projekty-finansowane-ze-srodkow-szkoly-doktorskiej-konkurs-11-3-2023\/\">Read More&#8230;<\/a><\/p>\n","protected":false},"author":42,"featured_media":0,"parent":7830,"menu_order":0,"comment_status":"closed","ping_status":"closed","template":"","meta":{"_expiration-date-status":"","_expiration-date":0,"_expiration-date-type":"","_expiration-date-categories":[],"_expiration-date-options":[]},"acf":[],"_links":{"self":[{"href":"https:\/\/us.edu.pl\/szkola-doktorska\/en\/wp-json\/wp\/v2\/pages\/8932"}],"collection":[{"href":"https:\/\/us.edu.pl\/szkola-doktorska\/en\/wp-json\/wp\/v2\/pages"}],"about":[{"href":"https:\/\/us.edu.pl\/szkola-doktorska\/en\/wp-json\/wp\/v2\/types\/page"}],"author":[{"embeddable":true,"href":"https:\/\/us.edu.pl\/szkola-doktorska\/en\/wp-json\/wp\/v2\/users\/42"}],"replies":[{"embeddable":true,"href":"https:\/\/us.edu.pl\/szkola-doktorska\/en\/wp-json\/wp\/v2\/comments?post=8932"}],"version-history":[{"count":1,"href":"https:\/\/us.edu.pl\/szkola-doktorska\/en\/wp-json\/wp\/v2\/pages\/8932\/revisions"}],"predecessor-version":[{"id":8933,"href":"https:\/\/us.edu.pl\/szkola-doktorska\/en\/wp-json\/wp\/v2\/pages\/8932\/revisions\/8933"}],"up":[{"embeddable":true,"href":"https:\/\/us.edu.pl\/szkola-doktorska\/en\/wp-json\/wp\/v2\/pages\/7830"}],"wp:attachment":[{"href":"https:\/\/us.edu.pl\/szkola-doktorska\/en\/wp-json\/wp\/v2\/media?parent=8932"}],"curies":[{"name":"wp","href":"https:\/\/api.w.org\/{rel}","templated":true}]}}