{"id":8939,"date":"2023-11-01T22:47:34","date_gmt":"2023-11-01T21:47:34","guid":{"rendered":"https:\/\/us.edu.pl\/szkola-doktorska\/?page_id=8939"},"modified":"2025-12-18T11:50:51","modified_gmt":"2025-12-18T10:50:51","slug":"zwiekszenie-stypendium-doktoranckiego-w-ramach-inicjatywy-doskonalosci-naukowej","status":"publish","type":"page","link":"https:\/\/us.edu.pl\/szkola-doktorska\/stypendium-doktoranckie-w-szkole-doktorskiej\/zwiekszenie-stypendium-doktoranckiego-w-ramach-inicjatywy-doskonalosci-naukowej\/","title":{"rendered":"Zwi\u0119kszenie stypendium doktoranckiego w ramach Inicjatywy Doskona\u0142o\u015bci Naukowej"},"content":{"rendered":"<p>[vc_row][vc_column]\r\n                <div class=\"text-modules\">\r\n                    <div class=\"container\">\r\n                        <h3 class=\"page-title text__title\">Zwi\u0119kszenie stypendium doktoranckiego dla doktorant\u00f3w szk\u00f3\u0142 doktorskich w ramach Inicjatywy Doskona\u0142o\u015bci Badawczej<\/h3>\r\n                        <div class=\"text-modules__content\"><p>Uniwersytet \u015al\u0105ski w Katowicach jako jedna z dwudziestu polskich uczelni zosta\u0142 zakwalifikowany do programu &#8222;Inicjatywa Doskona\u0142o\u015bci &#8211; Uczelnia Badawcza&#8221;, dzi\u0119ki czemu w latach 2020-2025 otrzymuje zwi\u0119kszon\u0105 o 2% subwencj\u0119, kt\u00f3r\u0105 przeznacza na r\u00f3\u017cne dzia\u0142ania wspieraj\u0105ce badania naukowe w ramach projektu &#8222;<a href=\"https:\/\/us.edu.pl\/idb\/\">Inicjatywa Doskona\u0142o\u015bci Naukowej<\/a>&#8222;. Jednym z tych dzia\u0142a\u0144 jest coroczny konkurs na zwi\u0119kszenie stypendium doktoranckiego 10 procentom najlepszych doktorant\u00f3w szk\u00f3\u0142 doktorskich.<\/p>\n<p>Zwi\u0119kszenie stypendium doktoranckiego przyznawane jest w okresie finansowania projektu &#8222;Inicjatywa Doskona\u0142o\u015bci Badawczej&#8221; w zwi\u0105zku z tym w roku akademickim 2025\/2026 stypendium b\u0119dzie przyznane tylko na 3 miesi\u0105ce, od pa\u017adziernika do grudnia 2025 roku.<\/p>\n<p>Regulamin konkursu ka\u017cdorazowo okre\u015bla Rektor w drodze zarz\u0105dzenia. Podstaw\u0105 przyznania stypendium s\u0105 osi\u0105gni\u0119cia naukowe i artystyczne podnosz\u0105ce jako\u015b\u0107 naukow\u0105 uczelni oraz wzmacniaj\u0105ce dyscypliny naukowe i artystyczne w ich ewaluacji, czyli przede wszystkim publikacje w czasopismach naukowych oraz granty uzyskiwane przez doktorant\u00f3w.<\/p>\n<p>Lista stypendyst\u00f3w z poprzednich lat i wi\u0119cej informacji o dzia\u0142aniach wspieraj\u0105cych dzia\u0142alno\u015b\u0107 naukow\u0105 doktorant\u00f3w w ramach programu: <a href=\"https:\/\/us.edu.pl\/idb\/mlode-talenty-2\/\">https:\/\/us.edu.pl\/idb\/mlode-talenty-2\/<\/a><\/p>\n<\/div>\r\n                    <\/div>\r\n                <\/div>[\/vc_column][\/vc_row]<\/p>","protected":false},"excerpt":{"rendered":"<p>[vc_row][vc_column][\/vc_column][\/vc_row] [&#8230;]<\/p>\n<p><a class=\"btn btn-secondary understrap-read-more-link\" href=\"https:\/\/us.edu.pl\/szkola-doktorska\/stypendium-doktoranckie-w-szkole-doktorskiej\/zwiekszenie-stypendium-doktoranckiego-w-ramach-inicjatywy-doskonalosci-naukowej\/\">Read More&#8230;<\/a><\/p>\n","protected":false},"author":42,"featured_media":0,"parent":8923,"menu_order":0,"comment_status":"closed","ping_status":"closed","template":"page-templates\/page-with-sidebar.php","meta":{"_expiration-date-status":"","_expiration-date":0,"_expiration-date-type":"","_expiration-date-categories":[],"_expiration-date-options":[]},"acf":[],"_links":{"self":[{"href":"https:\/\/us.edu.pl\/szkola-doktorska\/wp-json\/wp\/v2\/pages\/8939"}],"collection":[{"href":"https:\/\/us.edu.pl\/szkola-doktorska\/wp-json\/wp\/v2\/pages"}],"about":[{"href":"https:\/\/us.edu.pl\/szkola-doktorska\/wp-json\/wp\/v2\/types\/page"}],"author":[{"embeddable":true,"href":"https:\/\/us.edu.pl\/szkola-doktorska\/wp-json\/wp\/v2\/users\/42"}],"replies":[{"embeddable":true,"href":"https:\/\/us.edu.pl\/szkola-doktorska\/wp-json\/wp\/v2\/comments?post=8939"}],"version-history":[{"count":6,"href":"https:\/\/us.edu.pl\/szkola-doktorska\/wp-json\/wp\/v2\/pages\/8939\/revisions"}],"predecessor-version":[{"id":23825,"href":"https:\/\/us.edu.pl\/szkola-doktorska\/wp-json\/wp\/v2\/pages\/8939\/revisions\/23825"}],"up":[{"embeddable":true,"href":"https:\/\/us.edu.pl\/szkola-doktorska\/wp-json\/wp\/v2\/pages\/8923"}],"wp:attachment":[{"href":"https:\/\/us.edu.pl\/szkola-doktorska\/wp-json\/wp\/v2\/media?parent=8939"}],"curies":[{"name":"wp","href":"https:\/\/api.w.org\/{rel}","templated":true}]}}