{"id":9108,"date":"2023-11-08T19:41:34","date_gmt":"2023-11-08T18:41:34","guid":{"rendered":"https:\/\/us.edu.pl\/szkola-doktorska\/?page_id=9108"},"modified":"2024-03-04T10:29:16","modified_gmt":"2024-03-04T09:29:16","slug":"seminaria-obszarowe-2023-2024","status":"publish","type":"page","link":"https:\/\/us.edu.pl\/szkola-doktorska\/seminaria-obszarowe-2023-2024\/","title":{"rendered":"Seminaria obszarowe w roku akademickim 2023\/2024"},"content":{"rendered":"<p>[vc_row][vc_column]\r\n                <div class=\"text-modules \">\r\n                    <div class=\"container\">\r\n                        <h3 class=\"section-title section-title_border-bottom\">Seminaria obszarowe doktorant\u00f3w w roku akademickim 2023\/2024<\/h3> \r\n                        <div class=\"row m-0\">\r\n                            <div class=\"text-modules__content\">\r\n                                Szko\u0142a Doktorska inicjuje cykl seminari\u00f3w, na kt\u00f3rych doktoranci ostatniego roku prezentuj\u0105 swoje projekty doktorskie. Seminaria maj\u0105 charakter otwarty \u2013 do udzia\u0142u w nich zapraszamy ca\u0142\u0105 spo\u0142eczno\u015b\u0107 akademick\u0105. Szczeg\u00f3lnie zach\u0119camy do uczestnictwa pracownik\u00f3w naukowych wydzia\u0142\u00f3w, na kt\u00f3rych doktoranci realizuj\u0105 swoje projekty doktorskie, oraz student\u00f3w zainteresowanych kszta\u0142ceniem w Szkole Doktorskiej. \r\n                                <div class=\"mt-3\"><\/div>\r\n                            <\/div>\r\n                            \r\n                            \r\n                        <\/div>\r\n                    <\/div>\r\n                <\/div>\r\n                <div class=\"tiles-section\" style=\"background: \">\r\n                    <div class=\"container\">\r\n                        <h3 class=\"page-title\">Wydzia\u0142 Humanistyczny<\/h3>\r\n                        <div class=\"tiles tiles-2\">\r\n                            <a href=\"https:\/\/us.edu.pl\/szkola-doktorska\/seminaria-obszarowe\/fenomeny-powrotow\/\" class=\"tile tile_ justify-content-center\" style=\"background-color: #ffffff; font-weight: ; color: #002E5A;  \">\r\n                                \r\n                                   \r\n                               \r\n                                <div class=\"tile__name\">Fenomeny powrot\u00f3w. Przypadki Erny Rosenstein i Jaros\u0142awa Iwaszkiewicza<\/div>\r\n                            <\/a>\r\n                            <a href=\"https:\/\/us.edu.pl\/szkola-doktorska\/seminaria-obszarowe\/wykladniki-polskiego-dyskursu-srodziemnomorskiego-w-perspektywie-historycznej\/\" class=\"tile tile_ justify-content-center\" style=\"background-color: #ffffff; font-weight: ; color: #002E5A;  \">\r\n                                \r\n                                   \r\n                               \r\n                                <div class=\"tile__name\">Wyk\u0142adniki polskiego dyskursu \u015br\u00f3dziemnomorskiego w perspektywie historycznej<\/div>\r\n                            <\/a>\r\n                            <a href=\"https:\/\/us.edu.pl\/szkola-doktorska\/seminaria-obszarowe\/wplyw-kierunkowosci-przekladu-na-wysilek-kognitywny\/\" class=\"tile tile_ justify-content-center\" style=\"background-color: #ffffff; font-weight: ; color: #002E5A;  \">\r\n                                \r\n                                   \r\n                               \r\n                                <div class=\"tile__name\">Wp\u0142yw kierunkowo\u015bci przek\u0142adu na wysi\u0142ek kognitywny<\/div>\r\n                            <\/a>\r\n                            <a href=\"https:\/\/us.edu.pl\/szkola-doktorska\/seminaria-obszarowe\/fonetyka-i-fonologia\/\" class=\"tile tile_ justify-content-center\" style=\"background-color: #ffffff; font-weight: ; color: #002E5A;  \">\r\n                                \r\n                                   \r\n                               \r\n                                <div class=\"tile__name\">Fonetyka i fonologia<\/div>\r\n                            <\/a>\r\n                            <a href=\"https:\/\/us.edu.pl\/szkola-doktorska\/seminaria-obszarowe\/jezyk-spoleczenstwo-kultura\/\" class=\"tile tile_ justify-content-center\" style=\"background-color: #ffffff; font-weight: ; color: #002E5A;  \">\r\n                                \r\n                                   \r\n                               \r\n                                <div class=\"tile__name\">J\u0119zyk \u2013 spo\u0142ecze\u0144stwo \u2013 kultura. Wybrane zagadnienia z zakresu antropo- i etnolingwistyki <\/div>\r\n                            <\/a>\r\n                            <a href=\"https:\/\/us.edu.pl\/szkola-doktorska\/seminaria-obszarowe\/energia-i-anarchia\/\" class=\"tile tile_ justify-content-center\" style=\"background-color: #ffffff; font-weight: ; color: #002E5A;  \">\r\n                                \r\n                                   \r\n                               \r\n                                <div class=\"tile__name\">Energia i anarchia<\/div>\r\n                            <\/a>\r\n                            <a href=\"https:\/\/us.edu.pl\/szkola-doktorska\/?page_id=9574&preview=true&aiEnableCheckShortcode=true\" class=\"tile tile_ justify-content-center\" style=\"background-color: #ffffff; font-weight: ; color: #002E5A;  \">\r\n                                \r\n                                   \r\n                               \r\n                                <div class=\"tile__name\">Fenomeny powrot\u00f3w. Przypadki Erny Rosenstein i Jaros\u0142awa Iwaszkiewicza<\/div>\r\n                            <\/a>\r\n                            <a href=\"https:\/\/us.edu.pl\/szkola-doktorska\/seminaria-obszarowe\/wizerunek-wspolnoty-we-wspolczesnym-kinie-grozy\/\" class=\"tile tile_ justify-content-center\" style=\"background-color: #ffffff; font-weight: ; color: #002E5A;  \">\r\n                                \r\n                                   \r\n                               \r\n                                <div class=\"tile__name\">Wizerunek wsp\u00f3lnoty we wsp\u00f3\u0142czesnym kinie grozy<\/div>\r\n                            <\/a><\/div>\r\n                    <\/div>\r\n                <\/div>\r\n                <div class=\"tiles-section\" style=\"background: \">\r\n                    <div class=\"container\">\r\n                        <h3 class=\"page-title\">Wydzia\u0142 Nauk Przyrodniczych<\/h3>\r\n                        <div class=\"tiles tiles-2\">\r\n                            <a href=\"https:\/\/us.edu.pl\/szkola-doktorska\/seminaria-obszarowe\/the-role-of-genes-encoding-the-cap-binding-complex\/\" class=\"tile tile_ justify-content-center\" style=\"background-color: #ffffff; font-weight: ; color: #002E5A;  \">\r\n                                \r\n                                   \r\n                               \r\n                                <div class=\"tile__name\">The role of genes encoding the cap binding complex (CBC) in response to ABA during seed germination in barley (Hordeum vulgare)<\/div>\r\n                            <\/a>\r\n                            <a href=\"https:\/\/us.edu.pl\/szkola-doktorska\/seminaria-obszarowe\/przestrzenne-i-sezonowe-zroznicowanie-miejskiej-wyspy-ciepla\/\" class=\"tile tile_ justify-content-center\" style=\"background-color: #ffffff; font-weight: ; color: #002E5A;  \">\r\n                                \r\n                                   \r\n                               \r\n                                <div class=\"tile__name\">Przestrzenne i sezonowe zr\u00f3\u017cnicowanie miejskiej wyspy ciep\u0142a w G\u00f3rno\u015bl\u0105sko-Zag\u0142\u0119biowskiej Metropolii na podstawie danych satelitarnych<\/div>\r\n                            <\/a>\r\n                            <a href=\"https:\/\/us.edu.pl\/szkola-doktorska\/seminaria-obszarowe\/srodkowo-i-gornojurajskie-wieloszczety-osiadle-polski\/\" class=\"tile tile_ justify-content-center\" style=\"background-color: #ffffff; font-weight: ; color: #002E5A;  \">\r\n                                \r\n                                   \r\n                               \r\n                                <div class=\"tile__name\">\u015arodkowo- i g\u00f3rnojurajskie wieloszczety osiad\u0142e Polski<\/div>\r\n                            <\/a>\r\n                            <a href=\"https:\/\/us.edu.pl\/szkola-doktorska\/seminaria-obszarowe\/doktoraty-wdrozeniowe\/\" class=\"tile tile_ justify-content-center\" style=\"background-color: #ffffff; font-weight: ; color: #002E5A;  \">\r\n                                \r\n                                   \r\n                               \r\n                                <div class=\"tile__name\">Doktoraty wdro\u017ceniowe z zakresu nauk o Ziemi i \u015brodowisku<\/div>\r\n                            <\/a>\r\n                            <a href=\"https:\/\/us.edu.pl\/szkola-doktorska\/seminaria-obszarowe\/polskie-towarzystwo-mineralogiczne\/\" class=\"tile tile_ justify-content-center\" style=\"background-color: #ffffff; font-weight: ; color: #002E5A;  \">\r\n                                \r\n                                   \r\n                               \r\n                                <div class=\"tile__name\">Spotkanie G\u00f3rno\u015bl\u0105skiego Oddzia\u0142u Polskiego Towarzystwa Mineralogicznego<\/div>\r\n                            <\/a>\r\n                            <a href=\"https:\/\/us.edu.pl\/szkola-doktorska\/seminaria-obszarowe\/zwiazki-widma-h-v\/\" class=\"tile tile_ justify-content-center\" style=\"background-color: #ffffff; font-weight: ; color: #002E5A;  \">\r\n                                \r\n                                   \r\n                               \r\n                                <div class=\"tile__name\">Zwi\u0105zki widma H\/V drga\u0144 skr\u0119tnych i translacyjnych z przypowierzchniowymi warunkami geologicznym<\/div>\r\n                            <\/a><\/div>\r\n                    <\/div>\r\n                <\/div>\r\n                <div class=\"tiles-section\" style=\"background: \">\r\n                    <div class=\"container\">\r\n                        <h3 class=\"page-title\">Wydzia\u0142 Nauk Spo\u0142ecznych<\/h3>\r\n                        <div class=\"tiles tiles-2\">\r\n                            <a href=\"https:\/\/us.edu.pl\/szkola-doktorska\/seminaria-obszarowe\/nauki-spoleczne\/\" class=\"tile tile_ justify-content-center\" style=\"background-color: #ffffff; font-weight: ; color: #002E5A;  \">\r\n                                \r\n                                   \r\n                               \r\n                                <div class=\"tile__name\">Seminarium obszarowe<\/div>\r\n                            <\/a>\r\n                            <a href=\"https:\/\/us.edu.pl\/szkola-doktorska\/seminaria-obszarowe\/zrodloznawstwo-we-wspolczesnych-badaniach-historycznych\/\" class=\"tile tile_ justify-content-center\" style=\"background-color: #ffffff; font-weight: ; color: #002E5A;  \">\r\n                                \r\n                                   \r\n                               \r\n                                <div class=\"tile__name\">\u0179r\u00f3d\u0142oznawstwo we wsp\u00f3\u0142czesnych badaniach historycznych<\/div>\r\n                            <\/a>\r\n                            <a href=\"https:\/\/us.edu.pl\/szkola-doktorska\/seminaria-obszarowe\/budzet-obywatelski-w-polsce\/\" class=\"tile tile_ justify-content-center\" style=\"background-color: #ffffff; font-weight: ; color: #002E5A;  \">\r\n                                \r\n                                   \r\n                               \r\n                                <div class=\"tile__name\">Bud\u017cet obywatelski w Polsce<\/div>\r\n                            <\/a>\r\n                            <a href=\"https:\/\/us.edu.pl\/szkola-doktorska\/seminaria-obszarowe\/przywodztwo-polityczne-w-chinskiej-republice-ludowej\/\" class=\"tile tile_ justify-content-center\" style=\"background-color: #ffffff; font-weight: ; color: #002E5A;  \">\r\n                                \r\n                                   \r\n                               \r\n                                <div class=\"tile__name\">Przyw\u00f3dztwo polityczne w Chi\u0144skiej Republice Ludowej<\/div>\r\n                            <\/a>\r\n                            <a href=\"https:\/\/us.edu.pl\/szkola-doktorska\/seminaria-obszarowe\/monarchia-w-panstwie-wspolczesnym\/\" class=\"tile tile_ justify-content-center\" style=\"background-color: #ffffff; font-weight: ; color: #002E5A;  \">\r\n                                \r\n                                   \r\n                               \r\n                                <div class=\"tile__name\">Monarchia w pa\u0144stwie wsp\u00f3\u0142czesnym<\/div>\r\n                            <\/a>\r\n                            <a href=\"https:\/\/us.edu.pl\/szkola-doktorska\/seminaria-obszarowe\/mediatyzacja-zdrowia\/\" class=\"tile tile_ justify-content-center\" style=\"background-color: #ffffff; font-weight: ; color: #002E5A;  \">\r\n                                \r\n                                   \r\n                               \r\n                                <div class=\"tile__name\">Mediatyzacja zdrowia, polityki i terroryzmu, czyli wyzwania komunikacyjne XXI wieku<\/div>\r\n                            <\/a><\/div>\r\n                    <\/div>\r\n                <\/div>\r\n                <div class=\"tiles-section\" style=\"background: \">\r\n                    <div class=\"container\">\r\n                        <h3 class=\"page-title\">Wydzia\u0142 Nauk \u015acis\u0142ych i Technicznych<\/h3>\r\n                        <div class=\"tiles tiles-2\">\r\n                            <a href=\"https:\/\/us.edu.pl\/szkola-doktorska\/seminaria-obszarowe\/badania-substancji-asocjujacych\/\" class=\"tile tile_ justify-content-center\" style=\"background-color: #ffffff; font-weight: ; color: #002E5A;  \">\r\n                                \r\n                                   \r\n                               \r\n                                <div class=\"tile__name\">Badania substancji asocjuj\u0105cych<\/div>\r\n                            <\/a>\r\n                            <a href=\"https:\/\/us.edu.pl\/szkola-doktorska\/seminaria-obszarowe\/system-wspomagania-projektowania-katalizatorow\/\" class=\"tile tile_ justify-content-center\" style=\"background-color: #ffffff; font-weight: ; color: #002E5A;  \">\r\n                                \r\n                                   \r\n                               \r\n                                <div class=\"tile__name\">Seminarium obszarowe<\/div>\r\n                            <\/a>\r\n                            <a href=\"https:\/\/us.edu.pl\/szkola-doktorska\/seminaria-obszarowe\/fizyka-polimerow\/\" class=\"tile tile_ justify-content-center\" style=\"background-color: #ffffff; font-weight: ; color: #002E5A;  \">\r\n                                \r\n                                   \r\n                               \r\n                                <div class=\"tile__name\">Fizyka polimer\u00f3w<\/div>\r\n                            <\/a>\r\n                            <a href=\"https:\/\/us.edu.pl\/szkola-doktorska\/seminaria-obszarowe\/probing-type\/\" class=\"tile tile_ justify-content-center\" style=\"background-color: #ffffff; font-weight: ; color: #002E5A;  \">\r\n                                \r\n                                   \r\n                               \r\n                                <div class=\"tile__name\">Seminarium obszarowe<\/div>\r\n                            <\/a>\r\n                            <a href=\"https:\/\/us.edu.pl\/szkola-doktorska\/seminaria-obszarowe\/wplyw-stezenia-ti02\/\" class=\"tile tile_ justify-content-center\" style=\"background-color: #ffffff; font-weight: ; color: #002E5A;  \">\r\n                                \r\n                                   \r\n                               \r\n                                <div class=\"tile__name\">Seminarium obszarowe<\/div>\r\n                            <\/a>\r\n                            <a href=\"https:\/\/us.edu.pl\/szkola-doktorska\/seminaria-obszarowe\/oddzialywanie-diety-wysokocukrowej\/\" class=\"tile tile_ justify-content-center\" style=\"background-color: #ffffff; font-weight: ; color: #002E5A;  \">\r\n                                \r\n                                   \r\n                               \r\n                                <div class=\"tile__name\">Seminarium obszarowe<\/div>\r\n                            <\/a>\r\n                            <a href=\"https:\/\/us.edu.pl\/szkola-doktorska\/seminaria-obszarowe\/chemia-w-naukach-o-ziemi\/\" class=\"tile tile_ justify-content-center\" style=\"background-color: #ffffff; font-weight: ; color: #002E5A;  \">\r\n                                \r\n                                   \r\n                               \r\n                                <div class=\"tile__name\">Chemia w naukach o Ziemi<\/div>\r\n                            <\/a><\/div>\r\n                    <\/div>\r\n                <\/div>\r\n                <div class=\"tiles-section\" style=\"background: \">\r\n                    <div class=\"container\">\r\n                        <h3 class=\"page-title\">Wydzia\u0142 Prawa i Administracji<\/h3>\r\n                        <div class=\"tiles tiles-2\">\r\n                            <a href=\"https:\/\/us.edu.pl\/szkola-doktorska\/seminaria-obszarowe\/wspolczesne-wyzwania-spolek-kapitalowych\/\" class=\"tile tile_ justify-content-center\" style=\"background-color: #ffffff; font-weight: ; color: #002E5A;  \">\r\n                                \r\n                                   \r\n                               \r\n                                <div class=\"tile__name\">Wsp\u00f3\u0142czesne wyzwania sp\u00f3\u0142ek kapita\u0142owych<\/div>\r\n                            <\/a>\r\n                            <a href=\"https:\/\/us.edu.pl\/szkola-doktorska\/seminaria-obszarowe\/nauki-prawne-dw\/\" class=\"tile tile_ justify-content-center\" style=\"background-color: #ffffff; font-weight: ; color: #002E5A;  \">\r\n                                \r\n                                   \r\n                               \r\n                                <div class=\"tile__name\">Doktoraty wdro\u017ceniowe w naukach prawnych \u2013 po\u0142\u0105czenie \u015bwiata nauki i biznesu<\/div>\r\n                            <\/a>\r\n                            <a href=\"https:\/\/us.edu.pl\/szkola-doktorska\/seminaria-obszarowe\/prawo-miedzynarodowe\/\" class=\"tile tile_ justify-content-center\" style=\"background-color: #ffffff; font-weight: ; color: #002E5A;  \">\r\n                                \r\n                                   \r\n                               \r\n                                <div class=\"tile__name\">Prawo mi\u0119dzynarodowe publiczne i prawo Unii Europejskiej w uj\u0119ciu komparatystycznym prawa wewn\u0119trznego<\/div>\r\n                            <\/a>\r\n                            <a href=\"https:\/\/us.edu.pl\/szkola-doktorska\/seminaria-obszarowe\/prawo-prywatne\/\" class=\"tile tile_ justify-content-center\" style=\"background-color: #ffffff; font-weight: ; color: #002E5A;  \">\r\n                                \r\n                                   \r\n                               \r\n                                <div class=\"tile__name\">Wsp\u00f3\u0142czesne wyzwania prawa prywatnego<\/div>\r\n                            <\/a><\/div>\r\n                    <\/div>\r\n                <\/div>\r\n                <div class=\"tiles-section\" style=\"background: \">\r\n                    <div class=\"container\">\r\n                        <h3 class=\"page-title\">Wydzia\u0142 Sztuki i Nauk o Edukacji<\/h3>\r\n                        <div class=\"tiles tiles-2\">\r\n                            <a href=\"\/szkola-doktorska\/seminaria-obszarowe\/spoleczne-i-edukacyjne-problemy-wspolczesnosci\/\" class=\"tile tile_ justify-content-center\" style=\"background-color: #ffffff; font-weight: ; color: #002E5A;  \">\r\n                                \r\n                                   \r\n                               \r\n                                <div class=\"tile__name\">Spo\u0142eczne i edukacyjne problemy wsp\u00f3\u0142czesno\u015bci<\/div>\r\n                            <\/a><\/div>\r\n                    <\/div>\r\n                <\/div>\r\n                <div class=\"text-modules\">\r\n                    <div class=\"container\">\r\n                        \r\n                        <div class=\"text-modules__content\"><p>Zapraszamy do zapoznania si\u0119 z zasadami organizacji seminarium obszarowego dla doktorant\u00f3w IV roku.<\/p>\n<p><a href=\"https:\/\/us.edu.pl\/szkola-doktorska\/wp-content\/uploads\/sites\/50\/plan\/zarzadzenie-9-2022-seminaria-obszarowe.pdf\" class=\"mtli_attachment mtli_pdf\" data-mtli=\"mtli_filesize204,55kB\" class=\"mtli_attachment mtli_pdf\" data-mtli=\"mtli_filesize204,55kB\">zarz\u0105dzenie 9-2022 &#8211; seminaria obszarowe<\/a><\/p>\n<p>Formularz zg\u0142aszania seminari\u00f3w &#8211; do 31 stycznia: <a href=\"https:\/\/formularze.us.edu.pl\/form\/index\/3615\">https:\/\/formularze.us.edu.pl\/form\/index\/3615<\/a><\/p>\n<style type=\"text\/css\">a[data-mtli~=\"mtli_filesize204,55kB\"]:after {content:\" (204,55 kB)\"}<\/style><\/div>\r\n                    <\/div>\r\n                <\/div>[\/vc_column][\/vc_row]<\/p>\n<style type=\"text\/css\">a[data-mtli~=\"mtli_filesize204,55kB\"]:after {content:\" (204,55 kB)\"}a[data-mtli~=\"mtli_filesize204,48kB\"]:after {content:\" (204,48 kB)\"}<\/style>","protected":false},"excerpt":{"rendered":"<p>[vc_row][vc_column][\/vc_column][\/vc_row] [&#8230;]<\/p>\n<p><a class=\"btn btn-secondary understrap-read-more-link\" href=\"https:\/\/us.edu.pl\/szkola-doktorska\/seminaria-obszarowe-2023-2024\/\">Read More&#8230;<\/a><\/p>\n","protected":false},"author":42,"featured_media":8340,"parent":0,"menu_order":0,"comment_status":"closed","ping_status":"closed","template":"","meta":{"_expiration-date-status":"","_expiration-date":0,"_expiration-date-type":"","_expiration-date-categories":[],"_expiration-date-options":[]},"acf":[],"_links":{"self":[{"href":"https:\/\/us.edu.pl\/szkola-doktorska\/wp-json\/wp\/v2\/pages\/9108"}],"collection":[{"href":"https:\/\/us.edu.pl\/szkola-doktorska\/wp-json\/wp\/v2\/pages"}],"about":[{"href":"https:\/\/us.edu.pl\/szkola-doktorska\/wp-json\/wp\/v2\/types\/page"}],"author":[{"embeddable":true,"href":"https:\/\/us.edu.pl\/szkola-doktorska\/wp-json\/wp\/v2\/users\/42"}],"replies":[{"embeddable":true,"href":"https:\/\/us.edu.pl\/szkola-doktorska\/wp-json\/wp\/v2\/comments?post=9108"}],"version-history":[{"count":10,"href":"https:\/\/us.edu.pl\/szkola-doktorska\/wp-json\/wp\/v2\/pages\/9108\/revisions"}],"predecessor-version":[{"id":9619,"href":"https:\/\/us.edu.pl\/szkola-doktorska\/wp-json\/wp\/v2\/pages\/9108\/revisions\/9619"}],"wp:featuredmedia":[{"embeddable":true,"href":"https:\/\/us.edu.pl\/szkola-doktorska\/wp-json\/wp\/v2\/media\/8340"}],"wp:attachment":[{"href":"https:\/\/us.edu.pl\/szkola-doktorska\/wp-json\/wp\/v2\/media?parent=9108"}],"curies":[{"name":"wp","href":"https:\/\/api.w.org\/{rel}","templated":true}]}}