{"id":9201,"date":"2023-12-15T14:07:44","date_gmt":"2023-12-15T13:07:44","guid":{"rendered":"https:\/\/us.edu.pl\/szkola-doktorska\/?page_id=9201"},"modified":"2025-12-15T13:32:37","modified_gmt":"2025-12-15T12:32:37","slug":"wyniki-konkursu-na-zwiekszenie-stypendium-w-ramach-idb-2023-2024","status":"publish","type":"page","link":"https:\/\/us.edu.pl\/szkola-doktorska\/stypendium-doktoranckie-w-szkole-doktorskiej\/wyniki-konkursu-na-zwiekszenie-stypendium-w-ramach-idb-2023-2024\/","title":{"rendered":"Wyniki konkursu na zwi\u0119kszenie stypendium w ramach IDB"},"content":{"rendered":"<p>[vc_row][vc_column]\r\n                <div class=\"text-modules\">\r\n                    <div class=\"container\">\r\n                        <h3 class=\"page-title text__title\">Wyniki konkursu na zwi\u0119kszenie stypendium doktoranckiego w roku akademickim 2023\/2024<\/h3>\r\n                        <div class=\"text-modules__content\"><p>Komisja konkursowa powo\u0142ana przez Pani\u0105 Dziekan Szko\u0142y Doktorskiej w dniu 12 grudnia 2023 roku rozpatrzy\u0142a wnioski doktorant\u00f3w szk\u00f3\u0142 doktorskich w Uniwersytecie \u015al\u0105skim w Katowicach w konkursie na zwi\u0119kszenie stypendium doktoranckiego na rok akademicki 2023\/2024. Po rozpatrzeniu wszystkich wniosk\u00f3w komisja zdecydowa\u0142a o przyznaniu zwi\u0119kszenia stypendium doktoranckiego 35 doktorantom:<\/p>\n<h2><strong>Mi\u0119dzynarodowa \u015arodowiskowa Szko\u0142a Doktorska<\/strong><\/h2>\n<p><strong>Rok II<\/strong><\/p>\n<ul>\n<li>Dawid Saferna<\/li>\n<\/ul>\n<p><strong>Rok III<\/strong><\/p>\n<ul>\n<li>Janusz Godziek<\/li>\n<\/ul>\n<p><strong>Rok IV<\/strong><\/p>\n<ul>\n<li>Katarzyna Stachniak<\/li>\n<\/ul>\n<h2><strong>Szko\u0142a Doktorska<\/strong><\/h2>\n<p><strong>Obszar nauk humanistycznych, nauk teologicznych i sztuki, rok II<\/strong><\/p>\n<ul>\n<li>Aleksandra Liszka<\/li>\n<li>Maciej Mazur<\/li>\n<li>Grzegorz Paprzycki<\/li>\n<\/ul>\n<p><strong>Obszar nauk humanistycznych, nauk teologicznych i sztuki, rok III<\/strong><\/p>\n<ul>\n<li>Katarzyna Hanik<\/li>\n<li>Agata Hofelmajer-Ro\u015b<\/li>\n<li>\u0141ukasz Koniuszy<\/li>\n<li>Krzysztof Ma\u0142ek<\/li>\n<\/ul>\n<p><strong>Obszar nauk humanistycznych, nauk teologicznych i sztuki, rok IV<\/strong><\/p>\n<ul>\n<li>Andrzej Juchniewicz<\/li>\n<li>Magdalena Krzy\u017canowska<\/li>\n<li>Monika Lubi\u0144ska<\/li>\n<li>Kamil Wrzeszcz<\/li>\n<\/ul>\n<p><strong>Obszar nauk spo\u0142ecznych, rok II<\/strong><\/p>\n<ul>\n<li>Zuzanna Farny<\/li>\n<li>Miko\u0142aj Pietrzyk<\/li>\n<\/ul>\n<p><strong>Obszar nauk spo\u0142ecznych, rok III<\/strong><\/p>\n<ul>\n<li>Dominik Mizerski<\/li>\n<li>Aleksandra Soba\u0144ska<\/li>\n<li>Jakub Zwierzchowski<\/li>\n<\/ul>\n<p><strong>Obszar nauk spo\u0142ecznych, rok IV<\/strong><\/p>\n<ul>\n<li>Jakub Hanc<\/li>\n<li>Illia Klinytskyi<\/li>\n<li>Paulina Wardawy-Dudziak<\/li>\n<li>Ikechukwu Ugwu<\/li>\n<\/ul>\n<p><strong>Obszar nauk \u015bcis\u0142ych i przyrodniczych oraz in\u017cynieryjno-technicznych, rok II<\/strong><\/p>\n<ul>\n<li>Karol Bia\u0142as<\/li>\n<li>Luiza Orszulak<\/li>\n<li>Karolina Paszcza<\/li>\n<\/ul>\n<p><strong>Obszar nauk \u015bcis\u0142ych i przyrodniczych oraz in\u017cynieryjno-technicznych, rok III<\/strong><\/p>\n<ul>\n<li>Dominik Dreszer<\/li>\n<li>Patrycja Filipek<\/li>\n<li>Adrian Mas\u0142owski<\/li>\n<li>Magdalena Zaranek<\/li>\n<\/ul>\n<p><strong>Obszar nauk \u015bcis\u0142ych i przyrodniczych oraz in\u017cynieryjno-technicznych, rok IV<\/strong><\/p>\n<ul>\n<li>Filip Ka\u015bkosz<\/li>\n<li>Krzysztof Kupczak<\/li>\n<li>\u0141ukasz Pieron<\/li>\n<li>Katarzyna Skrzy\u0144ska<\/li>\n<li>Ewa Sybilska<\/li>\n<\/ul>\n<p>\n<\/div>\r\n                    <\/div>\r\n                <\/div>\r\n                <div class=\"text-modules\">\r\n                    <div class=\"container\">\r\n                        <h3 class=\"page-title text__title\">Szczeg\u00f3\u0142owe informacje<\/h3>\r\n                        <div class=\"text-modules__content\"><p>Zwi\u0119kszenie stypendium doktoranckiego b\u0119dzie wyp\u0142acane w ostatnim roboczym dniu ka\u017cdego miesi\u0105ca. Pierwsza wyp\u0142ata nast\u0105pi w grudniu, z wyr\u00f3wnaniem za pa\u017adziernik i listopad 2023.<\/p>\n<p>Wysoko\u015b\u0107 zwi\u0119kszenia zosta\u0142a ustalona na kwot\u0119 715 z\u0142 (brutto).<\/p>\n<p>Osoby, kt\u00f3re z\u0142o\u017cy\u0142y wniosek w konkursie i nie otrzyma\u0142y stypendium zostan\u0105 poinformowane o przyczynie nieotrzymania stypendium (liczbie otrzymanych punkt\u00f3w w poszczeg\u00f3lnych kategoriach i progu punktowym) drog\u0105 elektroniczn\u0105 do 5 stycznia 2024 roku.<\/p>\n<\/div>\r\n                    <\/div>\r\n                <\/div>[\/vc_column][\/vc_row]<\/p>","protected":false},"excerpt":{"rendered":"<p>[vc_row][vc_column][\/vc_column][\/vc_row] [&#8230;]<\/p>\n<p><a class=\"btn btn-secondary understrap-read-more-link\" href=\"https:\/\/us.edu.pl\/szkola-doktorska\/stypendium-doktoranckie-w-szkole-doktorskiej\/wyniki-konkursu-na-zwiekszenie-stypendium-w-ramach-idb-2023-2024\/\">Read More&#8230;<\/a><\/p>\n","protected":false},"author":42,"featured_media":0,"parent":8923,"menu_order":0,"comment_status":"closed","ping_status":"closed","template":"page-templates\/page-with-sidebar.php","meta":{"_expiration-date-status":"","_expiration-date":0,"_expiration-date-type":"","_expiration-date-categories":[],"_expiration-date-options":[]},"acf":[],"_links":{"self":[{"href":"https:\/\/us.edu.pl\/szkola-doktorska\/wp-json\/wp\/v2\/pages\/9201"}],"collection":[{"href":"https:\/\/us.edu.pl\/szkola-doktorska\/wp-json\/wp\/v2\/pages"}],"about":[{"href":"https:\/\/us.edu.pl\/szkola-doktorska\/wp-json\/wp\/v2\/types\/page"}],"author":[{"embeddable":true,"href":"https:\/\/us.edu.pl\/szkola-doktorska\/wp-json\/wp\/v2\/users\/42"}],"replies":[{"embeddable":true,"href":"https:\/\/us.edu.pl\/szkola-doktorska\/wp-json\/wp\/v2\/comments?post=9201"}],"version-history":[{"count":5,"href":"https:\/\/us.edu.pl\/szkola-doktorska\/wp-json\/wp\/v2\/pages\/9201\/revisions"}],"predecessor-version":[{"id":9239,"href":"https:\/\/us.edu.pl\/szkola-doktorska\/wp-json\/wp\/v2\/pages\/9201\/revisions\/9239"}],"up":[{"embeddable":true,"href":"https:\/\/us.edu.pl\/szkola-doktorska\/wp-json\/wp\/v2\/pages\/8923"}],"wp:attachment":[{"href":"https:\/\/us.edu.pl\/szkola-doktorska\/wp-json\/wp\/v2\/media?parent=9201"}],"curies":[{"name":"wp","href":"https:\/\/api.w.org\/{rel}","templated":true}]}}