{"id":9315,"date":"2024-01-12T11:15:07","date_gmt":"2024-01-12T10:15:07","guid":{"rendered":"https:\/\/us.edu.pl\/szkola-doktorska\/?page_id=9315"},"modified":"2024-01-12T11:33:06","modified_gmt":"2024-01-12T10:33:06","slug":"srodki-na-dzialalnosc-naukowa-doktorantow-2024","status":"publish","type":"page","link":"https:\/\/us.edu.pl\/szkola-doktorska\/srodki-na-dzialalnosc-naukowa-doktorantow-2024\/","title":{"rendered":"\u015arodki na dzia\u0142alno\u015b\u0107 naukow\u0105 doktorant\u00f3w 2024"},"content":{"rendered":"<p>[vc_row][vc_column]\r\n                <div class=\"text-modules \">\r\n                    <div class=\"container\">\r\n                        <h3 class=\"section-title section-title_border-bottom\">Podzia\u0142 \u015brodk\u00f3w dla doktorant\u00f3w w roku 2024<\/h3> \r\n                        <div class=\"row m-0\">\r\n                            <div class=\"text-modules__content\">\r\n                                Pani Dziekan Szko\u0142y Doktorskiej podj\u0119\u0142a wst\u0119pn\u0105 decyzj\u0119 o podziale \u015brodk\u00f3w na dzia\u0142alno\u015b\u0107 naukow\u0105 i artystyczn\u0105 doktorant\u00f3w w roku bud\u017cetowym 2024. Decyzja mo\u017ce ulec zmianie, poniewa\u017c nie zosta\u0142 jeszcze ustalony bud\u017cet jednostki.<\/p>\n<p>Wysoko\u015b\u0107 \u015brodk\u00f3w przyznanych Szkole Doktorskiej: 422 000 z\u0142, w tym:<\/p>\n<ul>\n<li>118 800 z\u0142 (300 z\u0142\/os.) w indywidualnej dyspozycji ka\u017cdego doktoranta, kt\u00f3ry rozpocz\u0105\u0142 kszta\u0142cenie nie p\u00f3\u017aniej ni\u017c do 31 marca 2024 roku &#8211; do wydania i rozliczenia do 30 wrze\u015bnia<\/li>\n<li>25 000 z\u0142 &#8211; rezerwa dzieka\u0144ska<\/li>\n<li>278 200 z\u0142 pula do podzia\u0142u w konkursach og\u0142aszanych przez Szko\u0142\u0119 Doktorsk\u0105.<\/li>\n<\/ul>\n<p>Wst\u0119pny harmonogram konkurs\u00f3w (ostateczny termin sk\u0142adania wniosk\u00f3w):<\/p>\n<ol>\n<li>2 lutego 2024<\/li>\n<li>17 maja 2024<\/li>\n<li>11 pa\u017adziernika 2024 (konkurs zostanie og\u0142oszonych je\u017celi pozostan\u0105 niewydane \u015brodki)<\/li>\n<\/ol>\n<p><strong><span style=\"text-decoration: underline;\">Informacja o szczeg\u00f3\u0142ach og\u0142oszonego konkursu<\/span> i o rozstrzygni\u0119ciu poprzednich konkurs\u00f3w w roku 2024 na \u015brodki na dzia\u0142alno\u015b\u0107 naukow\u0105 doktorant\u00f3w znajduje si\u0119 w zak\u0142adce Konkurs dla doktorant\u00f3w &#8211; poni\u017cej.<\/strong> \r\n                                <div class=\"mt-3\"><\/div>\r\n                            <\/div>\r\n                            \r\n                            <div class=\"text-modules__img\"><img src=\"https:\/\/us.edu.pl\/szkola-doktorska\/wp-content\/uploads\/sites\/50\/Nieprzypisane\/money-1604921_640.jpg\" alt=\"img\"><\/div>\r\n                        <\/div>\r\n                    <\/div>\r\n                <\/div>\r\n                <div class=\"text-modules\">\r\n                    <div class=\"container\">\r\n                        <h3 class=\"page-title text__title\">Regulamin podzia\u0142u \u015brodk\u00f3w i organizacji konkurs\u00f3w<\/h3>\r\n                        <div class=\"text-modules__content\"><p>Wersja polska: <a href=\"https:\/\/us.edu.pl\/szkola-doktorska\/wp-content\/uploads\/sites\/50\/prawo\/zarzadzenia-dziekana\/2024\/zarzadzenie-nr-1-2023-Regulamin-podzialu-srodkow-2024\/Regulamin-podzialu-srodkow-2024.pdf\" class=\"mtli_attachment mtli_pdf\" data-mtli=\"mtli_filesize293,36kB\" class=\"mtli_attachment mtli_pdf\" data-mtli=\"mtli_filesize293,36kB\">Regulamin podzia\u0142u \u015brodk\u00f3w 2024<\/a><\/p>\n<p>Wersja angielska: <a href=\"https:\/\/us.edu.pl\/szkola-doktorska\/wp-content\/uploads\/sites\/50\/prawo\/zarzadzenia-dziekana\/2024\/zarzadzenie-nr-1-2023-Regulamin-podzialu-srodkow-2024\/Regulations-on-spending-funds-2024.pdf\" class=\"mtli_attachment mtli_pdf\" data-mtli=\"mtli_filesize284,43kB\" class=\"mtli_attachment mtli_pdf\" data-mtli=\"mtli_filesize284,43kB\">Regulations on spending funds 2024<\/a><\/p>\n<style type=\"text\/css\">a[data-mtli~=\"mtli_filesize293,36kB\"]:after {content:\" (293,36 kB)\"}a[data-mtli~=\"mtli_filesize284,43kB\"]:after {content:\" (284,43 kB)\"}<\/style><\/div>\r\n                    <\/div>\r\n                <\/div>\r\n                <div class=\"tiles-section\" style=\"background: \">\r\n                    <div class=\"container\">\r\n                        <h3 class=\"page-title\"><\/h3>\r\n                        <div class=\"tiles tiles-2\">\r\n                            <a href=\"https:\/\/us.edu.pl\/szkola-doktorska\/srodki-na-dzialalnosc-naukowa-doktorantow\/srodki-w-dyspozycji-doktorantow\/\" class=\"tile tile_ justify-content-center\" style=\"background-color: #002E5A; font-weight: ; color: #ffffff;  \">\r\n                                \r\n                                   \r\n                               \r\n                                <div class=\"tile__name\">\u015arodki w dyspozycji doktorant\u00f3w<\/div>\r\n                            <\/a>\r\n                            <a href=\"\/szkola-doktorska\/srodki-na-dzialalnosc-naukowa-doktorantow-2024\/konkurs-dla-doktorantow-srodki-na-dzialalnosc-naukowa-2024\/\" class=\"tile tile_ justify-content-center\" style=\"background-color: #002E5A; font-weight: ; color: #ffffff;  \">\r\n                                \r\n                                   \r\n                               \r\n                                <div class=\"tile__name\">Konkurs dla doktorant\u00f3w<\/div>\r\n                            <\/a><\/div>\r\n                    <\/div>\r\n                <\/div>\r\n                <div class=\"title-with-link color-blue\" style=\"background: \">\r\n                    <div class=\"container\">\r\n                        <div class=\"title-with-link-container links-align-left\">\r\n                            <div class=\"title-with-link__title\"><span>Archiwum informacji o finansowaniu dzia\u0142alno\u015bci doktorant\u00f3w<\/span><\/div>\r\n                            <a href=\"\/szkola-doktorska\/srodki-na-dzialalnosc-naukowa-doktorantow-2023\/\" class=\"title-with-link__link\">rok 2023<\/a>\r\n                        <\/div>\r\n                    <\/div>\r\n                <\/div>\r\n            \r\n                <div class=\"title-with-link color-blue\" style=\"background: \">\r\n                    <div class=\"container\">\r\n                        <div class=\"title-with-link-container links-align-left\">\r\n                            <div class=\"title-with-link__title\"><span>Archiwum informacji o finansowaniu dzia\u0142alno\u015bci doktorant\u00f3w<\/span><\/div>\r\n                            <a href=\"\/szkola-doktorska\/srodki-na-dzialalnosc-naukowa-doktorantow-2022\/\" class=\"title-with-link__link\">rok 2022<\/a>\r\n                        <\/div>\r\n                    <\/div>\r\n                <\/div>\r\n            \r\n                <div class=\"title-with-link color-blue\" style=\"background: \">\r\n                    <div class=\"container\">\r\n                        <div class=\"title-with-link-container links-align-left\">\r\n                            <div class=\"title-with-link__title\"><span>Archiwum informacji o finansowaniu dzia\u0142alno\u015bci doktorant\u00f3w<\/span><\/div>\r\n                            <a href=\"\/szkola-doktorska\/srodki-na-dzialalnosc-naukowa-doktorantow-2021\/\" class=\"title-with-link__link\">lata 2019-2021<\/a>\r\n                        <\/div>\r\n                    <\/div>\r\n                <\/div>\r\n            [\/vc_column][\/vc_row]<\/p>\n<style type=\"text\/css\">a[data-mtli~=\"mtli_filesize293,36kB\"]:after {content:\" (293,36 kB)\"}a[data-mtli~=\"mtli_filesize284,43kB\"]:after {content:\" (284,43 kB)\"}<\/style>","protected":false},"excerpt":{"rendered":"<p>[vc_row][vc_column][\/vc_column][\/vc_row] [&#8230;]<\/p>\n<p><a class=\"btn btn-secondary understrap-read-more-link\" href=\"https:\/\/us.edu.pl\/szkola-doktorska\/srodki-na-dzialalnosc-naukowa-doktorantow-2024\/\">Read More&#8230;<\/a><\/p>\n","protected":false},"author":42,"featured_media":984,"parent":0,"menu_order":0,"comment_status":"closed","ping_status":"closed","template":"","meta":{"_expiration-date-status":"","_expiration-date":0,"_expiration-date-type":"","_expiration-date-categories":[],"_expiration-date-options":[]},"acf":[],"_links":{"self":[{"href":"https:\/\/us.edu.pl\/szkola-doktorska\/wp-json\/wp\/v2\/pages\/9315"}],"collection":[{"href":"https:\/\/us.edu.pl\/szkola-doktorska\/wp-json\/wp\/v2\/pages"}],"about":[{"href":"https:\/\/us.edu.pl\/szkola-doktorska\/wp-json\/wp\/v2\/types\/page"}],"author":[{"embeddable":true,"href":"https:\/\/us.edu.pl\/szkola-doktorska\/wp-json\/wp\/v2\/users\/42"}],"replies":[{"embeddable":true,"href":"https:\/\/us.edu.pl\/szkola-doktorska\/wp-json\/wp\/v2\/comments?post=9315"}],"version-history":[{"count":3,"href":"https:\/\/us.edu.pl\/szkola-doktorska\/wp-json\/wp\/v2\/pages\/9315\/revisions"}],"predecessor-version":[{"id":9325,"href":"https:\/\/us.edu.pl\/szkola-doktorska\/wp-json\/wp\/v2\/pages\/9315\/revisions\/9325"}],"wp:featuredmedia":[{"embeddable":true,"href":"https:\/\/us.edu.pl\/szkola-doktorska\/wp-json\/wp\/v2\/media\/984"}],"wp:attachment":[{"href":"https:\/\/us.edu.pl\/szkola-doktorska\/wp-json\/wp\/v2\/media?parent=9315"}],"curies":[{"name":"wp","href":"https:\/\/api.w.org\/{rel}","templated":true}]}}