{"id":9340,"date":"2024-01-16T13:37:02","date_gmt":"2024-01-16T12:37:02","guid":{"rendered":"https:\/\/us.edu.pl\/szkola-doktorska\/?page_id=9340"},"modified":"2025-02-18T10:38:02","modified_gmt":"2025-02-18T09:38:02","slug":"rekrutacja-na-rok-akademicki-2024-2025","status":"publish","type":"page","link":"https:\/\/us.edu.pl\/szkola-doktorska\/rekrutacja-na-rok-akademicki-2024-2025\/","title":{"rendered":"Rekrutacja na rok akademicki 2024\/2025"},"content":{"rendered":"<p>[vc_row][vc_column]\r\n                <div class=\"text-modules\">\r\n                    <div class=\"container\">\r\n                        \r\n                        <div class=\"text-modules__content\"><p><strong>\u015acie\u017cki rekrutacji do Szko\u0142y Doktorskiej<\/strong><\/p>\n<p>1. G\u0142\u00f3wna \u015bcie\u017cka w postaci otwartego, mi\u0119dzynarodowego konkursu &#8211; pe\u0142ne informacje poni\u017cej.<\/p>\n<p>2. Rekrutacja na miejsca finansowane z grant\u00f3w &#8211; <span style=\"color: #000000;\">informacje o otwartych naborach<\/span> <a href=\"https:\/\/us.edu.pl\/szkola-doktorska\/rekrutacja-przez-grant\/\">https:\/\/us.edu.pl\/szkola-doktorska\/rekrutacja-przez-grant\/<\/a><\/p>\n<p>3. Rekrutacja do programu <span style=\"color: #000000;\">Doktorat wdro\u017ceniowy<\/span> <a href=\"https:\/\/us.edu.pl\/szkola-doktorska\/doktorat-wdrozeniowy\/\">https:\/\/us.edu.pl\/szkola-doktorska\/doktorat-wdrozeniowy\/<\/a><\/p>\n<p>4. Rekrutacja do \u015bcie\u017cek Transfrom4Europe (informacja wkr\u00f3tce).<\/p>\n<\/div>\r\n                    <\/div>\r\n                <\/div>\r\n                <div class=\"text-modules \">\r\n                    <div class=\"container\">\r\n                         \r\n                        <div class=\"row m-0\">\r\n                            <div class=\"text-modules__content\">\r\n                                <strong>Mi\u0119dzynarodowy konkurs &#8211; g\u0142\u00f3wny nab\u00f3r do Szko\u0142y Doktorskiej<\/strong><\/p>\n<p>Nab\u00f3r do Szko\u0142y Doktorskiej na rok akademicki 2024\/2025 odbywa si\u0119 w formie otwartego, mi\u0119dzynarodowego konkursu. Konkurs przeprowadzany jest z podzia\u0142em na trzy obszary, kt\u00f3re odpowiadaj\u0105 obszarom kszta\u0142cenia w Szkole Doktorskiej:<\/p>\n<ul>\n<li>Obszar nauk humanistycznych, teologicznych i sztuki,<\/li>\n<li>Obszar nauk \u015bcis\u0142ych i przyrodniczych oraz in\u017cynieryjno-technicznych,<\/li>\n<li>Obszar nauk spo\u0142ecznych.<\/li>\n<\/ul>\n<p>Konkurs przeprowadza komisja rekrutacyjna powo\u0142ana przez rektora.<br \/>\nPodstaw\u0105 prawn\u0105 przeprowadzanego post\u0119powania jest Uchwa\u0142a nr 478 Senatu Uniwersytetu \u015al\u0105skiego w Katowicach z dnia 28 listopada 2023 roku w sprawie zasad i trybu rekrutacji do Szko\u0142y Doktorskiej w Uniwersytecie \u015al\u0105skim w Katowicach na rok akademicki 2024\/2025. Poni\u017csze informacje s\u0105 wyborem najwa\u017cniejszych warunk\u00f3w rekrutacji i informacjami dotycz\u0105cymi decyzji wykonawczych ww. uchwa\u0142y.<\/p>\n<p>Link do uchwa\u0142y:<\/p>\n<p><a href=\"https:\/\/aktyprawne.us.edu.pl\/423-lista\/d\/6903\/5\/\">https:\/\/aktyprawne.us.edu.pl\/423-lista\/d\/6903\/5\/<\/a> \r\n                                <div class=\"mt-3\"><\/div>\r\n                            <\/div>\r\n                            \r\n                            <div class=\"text-modules__img\"><img src=\"https:\/\/us.edu.pl\/szkola-doktorska\/wp-content\/uploads\/sites\/50\/Nieprzypisane\/DSC1491-kopia-small-300x200.jpg\" alt=\"img\"><\/div>\r\n                        <\/div>\r\n                    <\/div>\r\n                <\/div>[\/vc_column][\/vc_row][vc_row][vc_column][\/vc_column][\/vc_row]<\/p>","protected":false},"excerpt":{"rendered":"<p>[vc_row][vc_column][\/vc_column][\/vc_row][vc_row][vc_column][\/vc_column][\/vc_row] [&#8230;]<\/p>\n<p><a class=\"btn btn-secondary understrap-read-more-link\" href=\"https:\/\/us.edu.pl\/szkola-doktorska\/rekrutacja-na-rok-akademicki-2024-2025\/\">Read More&#8230;<\/a><\/p>\n","protected":false},"author":205,"featured_media":7944,"parent":0,"menu_order":0,"comment_status":"closed","ping_status":"closed","template":"page-templates\/page-with-bookmarks.php","meta":{"_expiration-date-status":"","_expiration-date":0,"_expiration-date-type":"","_expiration-date-categories":[],"_expiration-date-options":[]},"acf":[],"_links":{"self":[{"href":"https:\/\/us.edu.pl\/szkola-doktorska\/wp-json\/wp\/v2\/pages\/9340"}],"collection":[{"href":"https:\/\/us.edu.pl\/szkola-doktorska\/wp-json\/wp\/v2\/pages"}],"about":[{"href":"https:\/\/us.edu.pl\/szkola-doktorska\/wp-json\/wp\/v2\/types\/page"}],"author":[{"embeddable":true,"href":"https:\/\/us.edu.pl\/szkola-doktorska\/wp-json\/wp\/v2\/users\/205"}],"replies":[{"embeddable":true,"href":"https:\/\/us.edu.pl\/szkola-doktorska\/wp-json\/wp\/v2\/comments?post=9340"}],"version-history":[{"count":10,"href":"https:\/\/us.edu.pl\/szkola-doktorska\/wp-json\/wp\/v2\/pages\/9340\/revisions"}],"predecessor-version":[{"id":13884,"href":"https:\/\/us.edu.pl\/szkola-doktorska\/wp-json\/wp\/v2\/pages\/9340\/revisions\/13884"}],"wp:featuredmedia":[{"embeddable":true,"href":"https:\/\/us.edu.pl\/szkola-doktorska\/wp-json\/wp\/v2\/media\/7944"}],"wp:attachment":[{"href":"https:\/\/us.edu.pl\/szkola-doktorska\/wp-json\/wp\/v2\/media?parent=9340"}],"curies":[{"name":"wp","href":"https:\/\/api.w.org\/{rel}","templated":true}]}}