{"id":9485,"date":"2024-02-07T19:40:34","date_gmt":"2024-02-07T18:40:34","guid":{"rendered":"https:\/\/us.edu.pl\/szkola-doktorska\/?page_id=9485"},"modified":"2024-02-07T19:40:34","modified_gmt":"2024-02-07T18:40:34","slug":"autoprezentacja-i-upowszechnianie-badan-2023-2024","status":"publish","type":"page","link":"https:\/\/us.edu.pl\/szkola-doktorska\/autoprezentacja-i-upowszechnianie-badan-2023-2024\/","title":{"rendered":"Autoprezentacja i upowszechnianie bada\u0144 2023\/2024"},"content":{"rendered":"<p>[vc_row][vc_column]\r\n                <div class=\"text-modules\">\r\n                    <div class=\"container\">\r\n                        <h3 class=\"page-title text__title\">Rejestracja na zaj\u0119cia i harmonogram<\/h3>\r\n                        <div class=\"text-modules__content\"><p>USOSweb &#8211; od wtorku 5 lutego godz. 10:00 do soboty 10 lutego godz. 23:59<\/p>\n<p>Harmonogram zaj\u0119\u0107: <a href=\"https:\/\/uniwersytetslaski-my.sharepoint.com\/:x:\/g\/personal\/ryszard_knapek_o365_us_edu_pl\/EapqRk7O8EFGj_1NKx_VmfABz81cJAdMecxBxiBVGkS5RA?e=hygL9v\">2023-2024L Autoprezentacja.xlsx<\/a><\/p>\n<\/div>\r\n                    <\/div>\r\n                <\/div><div class=\"container\"><div class=\"separator\" style=\"background-color: #002E5A\"><\/div><\/div>\r\n                <div class=\"text-modules \">\r\n                    <div class=\"container\">\r\n                        <h3 class=\"section-title section-title_border-bottom\">dr Andrzej Boczarowski<\/h3> <h3 class=\"subtitle text-modules__subtitle\">Wydzia\u0142 Nauk Przyrodniczych, Jurapark Krasiej\u00f3w, paleontolog, grafik, muzealnik<\/h3>\r\n                        <div class=\"row m-0\">\r\n                            <div class=\"text-modules__content\">\r\n                                Popularyzacja wiedzy staje si\u0119 w obecnych czasach nakazem dla ka\u017cdego naukowca, aby zwr\u00f3ci\u0107 spo\u0142ecze\u0144stwu informacj\u0119 o tym, czego dotycz\u0105 badania naukowe konkretnych os\u00f3b, kt\u00f3re przecie\u017c zazwyczaj s\u0105 finansowane ze \u015brodk\u00f3w publicznych. Ale jest te\u017c mniej formalna kwestia z tym zwi\u0105zana. Rozbudzanie zainteresowania w\u015br\u00f3d m\u0142odzie\u017cy, prowokowanie ich do p\u00f3j\u015bcia na kierunkowe studia, a tak\u017ce zaspokajanie ciekawo\u015bci zwyk\u0142ych obywateli, dla kt\u00f3rych wiedza jest po prostu ciekawa.<\/p>\n<p>Autor zaj\u0119\u0107 podzieli si\u0119 z uczestnikami swoimi ca\u0142o\u017cyciowymi do\u015bwiadczeniami w tym zakresie, obejmuj\u0105cymi tworzenie ilustracji naukowej, filmu dokumentalnego (w tym obrazu 3D stereo), audycji telewizyjnych i radiowych, wystaw muzealnych i park\u00f3w plenerowych, wywiad\u00f3w do prasy codziennej i \u2013 to co najwa\u017cniejsze \u2013 zaimplementowania wiedzy w podr\u0119cznikach szkolnych. \r\n                                <div class=\"mt-3\"><\/div>\r\n                            <\/div>\r\n                            \r\n                            <div class=\"text-modules__img\"><img src=\"https:\/\/us.edu.pl\/szkola-doktorska\/wp-content\/uploads\/sites\/50\/Nieprzypisane\/Za\u0142\u0105cznik-bez-tytu\u0142u-00285-300x225.jpg\" alt=\"img\"><\/div>\r\n                        <\/div>\r\n                    <\/div>\r\n                <\/div>[vc_video link=&#8221;https:\/\/www.youtube.com\/watch?v=V2Pnr8IFMvE&#8221; el_width=&#8221;70&#8243; align=&#8221;center&#8221; title=&#8221;dr Andrzej Boczarowski&#8221; css=&#8221;.vc_custom_1678890989315{border-radius: 25px !important;}&#8221;]\r\n                <div class=\"text-modules \">\r\n                    <div class=\"container\">\r\n                        <h3 class=\"section-title section-title_border-bottom\">dr Marcin Fabja\u0144ski<\/h3> <h3 class=\"subtitle text-modules__subtitle\">Wydzia\u0142 Humanistyczny \/ classes in English, online with MS Teams<\/h3>\r\n                        <div class=\"row m-0\">\r\n                            <div class=\"text-modules__content\">\r\n                                How can we present ourselves and our work to the audience? We will ponder this question in depth during the classes, but two important points that will be central to our considerations are:<\/p>\n<p>(1) Speaking the language of the audience<\/p>\n<p>(2) Creating attractive dramaturgy<\/p>\n<p>They are crucial to all kinds of presenting: written, audio, and visual. Each participant in the classes will create a presentation of either themselves or the essential part of their work. \r\n                                <div class=\"mt-3\"><\/div>\r\n                            <\/div>\r\n                            \r\n                            <div class=\"text-modules__img\"><img src=\"https:\/\/us.edu.pl\/szkola-doktorska\/wp-content\/uploads\/sites\/50\/Nieprzypisane\/library-g7d681f1ca_1280-300x199.jpg\" alt=\"img\"><\/div>\r\n                        <\/div>\r\n                    <\/div>\r\n                <\/div>\r\n                <div class=\"text-modules \">\r\n                    <div class=\"container\">\r\n                        <h3 class=\"section-title section-title_border-bottom\">dr Jerzy Jarosz, prof. U\u015a<\/h3> <h3 class=\"subtitle text-modules__subtitle\">Wydzia\u0142 Nauk \u015acis\u0142ych i Technicznych, Uniwersytet \u015al\u0105ski Dziecki, fizyk, popularyzator nauki<\/h3>\r\n                        <div class=\"row m-0\">\r\n                            <div class=\"text-modules__content\">\r\n                                Oba poj\u0119cia tytu\u0142owe \u2013 autoprezentacja i upowszechnianie bada\u0144 \u2013 zwi\u0105zane s\u0105 ze \u015bwiadom\u0105 i efektywn\u0105 komunikacj\u0105.<\/p>\n<p>Zaj\u0119cia b\u0119d\u0105 w g\u0142\u00f3wnej mierze koncentrowa\u0142y si\u0119 na tej problematyce. Poruszymy zagadnienia zwi\u0105zane z mo\u017cliwo\u015bciami i sposobami komunikowania si\u0119, poznamy budow\u0119 komunikatu i najprostsze modele komunikacji.<\/p>\n<p>Om\u00f3wimy przeszkody i zak\u0142\u00f3cenia towarzysz\u0105ce komunikatom oraz sposoby s\u0142u\u017c\u0105ce ich eliminowaniu.<\/p>\n<p>Sprawdzimy czy \u017cyjemy w Matrixie &#8211; po\u015bwi\u0119cimy uwag\u0119 funkcjonowaniu zmys\u0142\u00f3w na poziomie receptor\u00f3w i zagadnieniom zwi\u0105zanym ze specyfik\u0105 dalszego przetwarzania informacji.<\/p>\n<p>Zastanowimy si\u0119 nad mechanizmami percepcji i zapami\u0119tywania, poznamy rol\u0119 i znaczenie symboli, mem\u00f3w i kompetencji. Odpowiemy na pytanie jak pozyskiwa\u0107 i jak kierowa\u0107 uwag\u0105 s\u0142uchaczy.<\/p>\n<p>Przeanalizujemy rol\u0119 eksperymentu w procesie edukacji oraz zaplanujemy, wykonamy i zinterpretujemy w\u0142asne eksperymenty s\u0142u\u017c\u0105ce potrzebom zaj\u0119\u0107.<\/p>\n<p>Poszukamy odniesie\u0144 poruszanych zagadnie\u0144 do pracy dydaktycznej, naukowej i do w\u0142asnej codzienno\u015bci badawczej. \r\n                                <div class=\"mt-3\"><\/div>\r\n                            <\/div>\r\n                            \r\n                            <div class=\"text-modules__img\"><img src=\"https:\/\/us.edu.pl\/szkola-doktorska\/wp-content\/uploads\/sites\/50\/Nieprzypisane\/SFN-Dzie\u0144-pierwszy_0243-300x269.jpg\" alt=\"img\"><\/div>\r\n                        <\/div>\r\n                    <\/div>\r\n                <\/div>\r\n                <div class=\"text-modules reverse\">\r\n                    <div class=\"container\">\r\n                        <h3 class=\"section-title section-title_border-bottom\">dr Marek Kaczmarzyk<\/h3> <h3 class=\"subtitle text-modules__subtitle\">Wydzia\u0142 Nauk Przyrodniczych, biolog i neurodydaktyk<\/h3>\r\n                        <div class=\"row m-0\">\r\n                            <div class=\"text-modules__content\">\r\n                                W swoich zaj\u0119ciach nacisk k\u0142ad\u0119 na znaczenie wiedzy oraz odpowiedzialno\u015b\u0107 jaka spoczywa na \u015bwiecie nauki, w warunkach \u0142atwego dost\u0119pu do informacji.<\/p>\n<p>Zmian\u0119 jaka zachodzi na naszych oczach w obszarze jako\u015bci dost\u0119pnej informacji, chcia\u0142bym pokaza\u0107 w aspekcie element\u00f3w biologicznego pod\u0142o\u017ca dystrybucji informacji, takich jak pami\u0119\u0107 oraz procesy percepcyjne, relacje pomi\u0119dzy racjonalnym a emocjonalnym postrzeganiem rzeczywisto\u015bci oraz pomi\u0119dzy czynnikami inherentnymi (genetycznymi) a \u015brodowiskowymi. Szczeg\u00f3lnie wa\u017cna jest z tej perspektywy posta\u0107 prowadz\u0105cego zaj\u0119cia wyk\u0142adowcy\/popularyzatora. Jedn\u0105 z osi naszych analiz b\u0119dzie tak\u017ce interpretacja memetyczna oraz podstawowe prawa selekcji i ewolucji informacji kulturowej.<\/p>\n<p>Termin zaj\u0119\u0107: 5 spotka\u0144 po 3 godziny akademickie, poniedzia\u0142ki 17 kwietnia, 8, 15, 22, 29 maja, 16:30-18:45 online \r\n                                <div class=\"mt-3\"><\/div>\r\n                            <\/div>\r\n                            \r\n                            <div class=\"text-modules__img\"><img src=\"https:\/\/us.edu.pl\/szkola-doktorska\/wp-content\/uploads\/sites\/50\/Nieprzypisane\/IMG_8426-e1613729540919-200x300.jpg\" alt=\"img\"><\/div>\r\n                        <\/div>\r\n                    <\/div>\r\n                <\/div>\r\n                <div class=\"text-modules \">\r\n                    <div class=\"container\">\r\n                        <h3 class=\"section-title section-title_border-bottom\">dr Ryszard Knapek<\/h3> <h3 class=\"subtitle text-modules__subtitle\">Szko\u0142a Doktorska, Przystanek Nauka<\/h3>\r\n                        <div class=\"row m-0\">\r\n                            <div class=\"text-modules__content\">\r\n                                Informacja o wynikach bada\u0144 naukowych powinna by\u0107 przedstawiana szerokiej publiczno\u015bci w takiej formie, aby by\u0142o to zrozumia\u0142e i interesuj\u0105ce. W tym celu powstaj\u0105 kr\u00f3tkie teksty, kt\u00f3re udost\u0119pniane s\u0105 na stronach internetowych jednostek naukowych, a nast\u0119pnie szeroko rozpowszechniane. Forma tych tekst\u00f3w a tak\u017ce ich narracja powinna by\u0107 odpowiednio dobrana do zagadnienia, kt\u00f3rego ma dotyczy\u0107 tekst.<\/p>\n<p>Przedmiotem zaj\u0119\u0107 b\u0119dzie przygotowanie w\u0142a\u015bnie takich tekst\u00f3w, kt\u00f3re opublikowane powinny by\u0107 jednocze\u015bnie z ukazaniem si\u0119 artyku\u0142u naukowego lub po zako\u0144czeniu bada\u0144. Dzi\u0119ki temu wzmocniony zostaje odbi\u00f3r wynik\u00f3w bada\u0144:<\/p>\n<p>1) w\u015br\u00f3d spo\u0142eczno\u015bci akademickiej<\/p>\n<p>2) w spo\u0142eczno\u015bci dzi\u0119ki udost\u0119pnieniu teks\u00f3w w popularnych mediach<\/p>\n<p>3) w naukowym \u015brodowisku mi\u0119dzynarodowym, dzi\u0119ki publikacji na portalach upowszechniaj\u0105cych tego typu tre\u015bci.<\/p>\n<p>Zaj\u0119cia podzielone na dwie cz\u0119\u015bci:<\/p>\n<ol>\n<li>Stacjonarne spotkania omawiaj\u0105ce strategie przygotowywania tekst\u00f3w popularnonaukowych.<\/li>\n<li>Indywidualna praca korespondencyjna, redakcja i publikacja.<\/li>\n<\/ol>\n<p>Zaliczeniem zaj\u0119\u0107 jest przygotowanie tekstu do publikacji, a sama publikacja mo\u017ce mie\u0107 miejsce znacznie p\u00f3\u017aniej. \r\n                                <div class=\"mt-3\"><\/div>\r\n                            <\/div>\r\n                            \r\n                            <div class=\"text-modules__img\"><img src=\"https:\/\/us.edu.pl\/szkola-doktorska\/wp-content\/uploads\/sites\/50\/SD\/Ryszard-Knapek1-200x300.png\" alt=\"img\"><\/div>\r\n                        <\/div>\r\n                    <\/div>\r\n                <\/div>\r\n                <div class=\"text-modules \">\r\n                    <div class=\"container\">\r\n                        <h3 class=\"section-title section-title_border-bottom\">Rados\u0142aw Aksamit<\/h3> <h3 class=\"subtitle text-modules__subtitle\">Wydzia\u0142 Nauk Spo\u0142ecznych, Centrum Medialne U\u015a, rzecznik prasowy i organizator \u015al\u0105skiego Festiwalu Nauki<\/h3>\r\n                        <div class=\"row m-0\">\r\n                            <div class=\"text-modules__content\">\r\n                                <strong>Zaj\u0119cia w zakresie popularyzacji nauki: organizacja wydarze\u0144 + wykorzystanie studia telewizyjnego.\u00a0<\/strong><\/p>\n<p><strong>1. Czego mo\u017cesz si\u0119 nauczy\u0107?<\/strong><\/p>\n<ul>\n<li>podstawowych zasady organizacji wydarze\u0144 naukowych i popularnonaukowych<\/li>\n<li>zagadnie\u0144 zwi\u0105zanych z zasadami kontaktu z dzia\u0142ami administracji U\u015a w zakresie realizacji wydarze\u0144 online i onsite<\/li>\n<li>zasad organizacji wydarze\u0144 online (tak\u017ce od strony realizacji technicznej)<\/li>\n<li>wsp\u00f3\u0142pracy z podwykonawcami<\/li>\n<li>budowania programu wydarzenia w zale\u017cno\u015bci od grup docelowych i wymog\u00f3w lokalizacji<\/li>\n<li>zasad promocji wydarze\u0144 z wykorzystaniem medi\u00f3w klasycznych i nowych medi\u00f3w<\/li>\n<li>realizacji materia\u0142\u00f3w informacyjnych i promocyjnych dla wydarzenia<\/li>\n<li>obs\u0142ugi patron\u00f3w medialnych<\/li>\n<li>zasad zwi\u0105zanych z zapewnieniem dost\u0119pno\u015bci dla os\u00f3b z niepe\u0142nosprawno\u015bci\u0105 (m.in. wymogi WCAG oraz zasady zwi\u0105zane z ustaw\u0105 o dost\u0119pno\u015bci cyfrowej)<\/li>\n<li>nawi\u0105zywania komunikacji z zagranicznymi o\u015brodkami naukowymi<\/li>\n<li>wsp\u00f3\u0142pracy z ambasadorami i go\u015b\u0107mi specjalnymi wydarzenia<\/li>\n<li>podstaw wykorzystania studia telewizyjnego do realizacji prostych nagra\u0144 video<\/li>\n<\/ul>\n<p><strong>2. Zasady organizacji zaj\u0119\u0107:<\/strong><\/p>\n<ul>\n<li>zaj\u0119cia o charakterze wyk\u0142adowym\n<ul>\n<li>przedstawienie zasad zwi\u0105zanych z organizacj\u0105 wydarze\u0144 naukowych i popularnonaukowych<\/li>\n<\/ul>\n<\/li>\n<li>zaj\u0119cia o charakterze warsztatowym\n<ul>\n<li>praca w studiu telewizyjnym<\/li>\n<li>realizacja indywidualnych nagra\u0144 popularyzuj\u0105cych prowadzone badania<\/li>\n<\/ul>\n<\/li>\n<\/ul>\n<p>Decyzj\u0119 o ostatecznej formie zaj\u0119\u0107 podejmuj\u0105 uczestnicy wsp\u00f3lnie z prowadz\u0105cym.<\/p>\n<p><strong>3. Program zaj\u0119\u0107<\/strong><\/p>\n<p>Zaj\u0119cia 1 &#8211; spotkanie konsultacyjno-wyk\u0142adowe (3 godziny) \u2013 zaj\u0119cia online lub kontaktowe<\/p>\n<ul>\n<li>ustalenie potrzeb uczestnik\u00f3w w zakresie wiedzy i umiej\u0119tno\u015bci zw. z popularyzacj\u0105 nauki<\/li>\n<li>ustalenie formy zaj\u0119\u0107<\/li>\n<li>podstawowe zasady organizacji wydarze\u0144 naukowych i popularnonaukowych<\/li>\n<li>zagadnie\u0144 zwi\u0105zanyc z zasadami kontaktu z dzia\u0142ami administracji U\u015a w zakresie realizacji wydarze\u0144 online<\/li>\n<li>zasad organizacji wydarze\u0144 online (tak\u017ce od strony realizacji technicznej)<\/li>\n<li>wsp\u00f3\u0142pracy z podwykonawcami<\/li>\n<li>budowania programu wydarzenia w zale\u017cno\u015bci od grup docelowych i wymog\u00f3w lokalizacji<\/li>\n<li>pytania uczestnik\u00f3w<\/li>\n<\/ul>\n<p>Zaj\u0119cia 2 &#8211; spotkanie wyk\u0142adowe (3 godziny) \u2013 zaj\u0119cia online lub kontaktowe<\/p>\n<ul>\n<li>zasady promocji wydarze\u0144 z wykorzystaniem medi\u00f3w klasycznych i nowych medi\u00f3w<\/li>\n<li>realizacja materia\u0142\u00f3w marketingowych i promocyjnych dla wydarzenia<\/li>\n<li>obs\u0142uga patronat\u00f3w medialnych<\/li>\n<li>zasad zwi\u0105zanych z zapewnieniem dost\u0119pno\u015bci dla os\u00f3b z niepe\u0142nosprawno\u015bci\u0105 (m.in. wymogi WCAG oraz zasady zwi\u0105zane z ustaw\u0105 o dost\u0119pno\u015bci cyfrowej)<\/li>\n<li>nawi\u0105zywanie komunikacji z zagranicznymi o\u015brodkami naukowymi<\/li>\n<li>wsp\u00f3\u0142praca z ambasadorami i go\u015b\u0107mi specjalnymi wydarzenia<\/li>\n<li>pytania uczestnik\u00f3w<\/li>\n<\/ul>\n<p>Zaj\u0119cia 3 &#8211; spotkanie warsztatowe (w zale\u017cno\u015bci od wyboru opcji realizacji zaj\u0119\u0107; 3 godziny) \u2013 zaj\u0119cia kontaktowe<\/p>\n<ul>\n<li>podstaw wykorzystania studia telewizyjnego do realizacji prostych nagra\u0144 video<\/li>\n<\/ul>\n<p>Zaj\u0119cia 4+5 \u2013 spotkanie warsztatowe (po 3 godziny) \u2013 zaj\u0119cia kontaktowe<\/p>\n<ul>\n<li>realizacja indywidualnych nagra\u0144 uczestnik\u00f3w na temat prowadzonych przez nich bada\u0144<\/li>\n<\/ul>\n<p>&nbsp;<\/p>\n<p>Termin zaj\u0119\u0107: 5 spotka\u0144 po 3 godziny; pierwsze spotkanie 4 kwietnia (wtorek) o godz. 14:30, kolejne spotkania w czwartki w terminach ustalonych na pierwszym spotkaniu \r\n                                <div class=\"mt-3\"><\/div>\r\n                            <\/div>\r\n                            \r\n                            <div class=\"text-modules__img\"><img src=\"https:\/\/us.edu.pl\/szkola-doktorska\/wp-content\/uploads\/sites\/50\/Nieprzypisane\/IMG_8381-300x200.jpg\" alt=\"img\"><\/div>\r\n                        <\/div>\r\n                    <\/div>\r\n                <\/div>\r\n                <div class=\"text-modules \">\r\n                    <div class=\"container\">\r\n                        <h3 class=\"section-title section-title_border-bottom\">prof. dr hab. Iwona Loewe<\/h3> <h3 class=\"subtitle text-modules__subtitle\">Wydzia\u0142 Humanistyczny<\/h3>\r\n                        <div class=\"row m-0\">\r\n                            <div class=\"text-modules__content\">\r\n                                Kurs ma przygotowa\u0107 s\u0142uchaczy do uczestnictwa w nauce w r\u00f3\u017cnych formach jej popularyzacji, upowszechnienia, zaciekawienia partner\u00f3w w dyscyplinie, jak r\u00f3wnie\u017c spoza dyscypliny oraz ludzi zaciekawionych zaledwie nauk\u0105.<\/p>\n<p>Proponuj\u0119 doktorantkom i doktorantom:<\/p>\n<ul>\n<li>\u0107wiczenie z nadawania tytu\u0142\u00f3w swoim przedsi\u0119wzi\u0119ciom badawczym w zale\u017cno\u015bci od projektowanego odbiorcy;<\/li>\n<li>\u0107wiczenie umiej\u0119tno\u015bci odmiennej stylizacji tekstu naukowego w dwu r\u00f3\u017cnych znakach: mowy i pisma;<\/li>\n<li>\u0107wiczenie kompetencji adaptacji tekstu naukowego dla r\u00f3\u017cnego typu odbiorcy (prezentacja w awansach zawodowych, wyst\u0105pienie dla partnera w dyscyplinie, pogadanka, prezentacja popularnonaukowa);<\/li>\n<li>\u0107wiczenie kompetencji komponowania prezentacji naukowej w formacie slajd\u00f3w czy te\u017c nagra\u0144 podcast\u00f3w<\/li>\n<\/ul>\n<p>Osobnym celem zaj\u0119\u0107 jest akcentowanie wagi autopromocji badacza we wsp\u00f3\u0142czesnym \u015bwiecie nauki.<\/p>\n<p>Zaj\u0119cia mog\u0105 przygotowa\u0107 uczestniczki i uczestnik\u00f3w b\u0105d\u017a doskonali\u0107 ju\u017c zdobyte przez nich kompetencje do udzia\u0142u w konferencjach naukowych, festiwalach nauki, konkursach typu Three Minute Thesis czy spo\u0142eczno\u015bciowych projektach popularyzatorskich.<\/p>\n<p><strong>Prowadz\u0105ca o sobie<\/strong>:<\/p>\n<p>Jestem profesork\u0105 nauk humanistycznych; pracuj\u0119 w Instytucie J\u0119zykoznawstwa. <em>Encyklopedia mediolingwistyki <\/em>(2023), <em>J\u0119zyk w kinie. Antologia <\/em>(2022), <em>Dyskurs telewizyjny w \u015bwietle lingwistyki medi\u00f3w <\/em>(2018) czy <em>Gatunki paratekstowe w komunikacji medialnej <\/em>(2007) to wybrane wydawnictwa mojego autorstwa. Sprawuj\u0119 ponadto z rado\u015bci\u0105 opiek\u0119 nad Ko\u0142em Naukowym Doktorant\u00f3w J\u0119zykoznawstwa na U\u015a (<a href=\"https:\/\/www.facebook.com\/kndjus\">https:\/\/www.facebook.com\/kndjus<\/a>) \u00a0Jego uczestnicy jak dot\u0105d ch\u0119tnie uczestniczyli w \u015al\u0105skim Festiwalu Nauki a coraz ch\u0119tniej podejmuj\u0105 si\u0119 konkurowa\u0107 w \u015bl\u0105skiej edycji mi\u0119dzynarodowego konkursu Three Minute Thesis <a href=\"https:\/\/www.cpn.polsl.pl\/3mt\/\">https:\/\/www.cpn.polsl.pl\/3mt\/<\/a> \r\n                                <div class=\"mt-3\"><\/div>\r\n                            <\/div>\r\n                            \r\n                            <div class=\"text-modules__img\"><img src=\"https:\/\/us.edu.pl\/szkola-doktorska\/wp-content\/uploads\/sites\/50\/Nieprzypisane\/SDr-300x199.jpg\" alt=\"img\"><\/div>\r\n                        <\/div>\r\n                    <\/div>\r\n                <\/div>\r\n                <div class=\"text-modules \">\r\n                    <div class=\"container\">\r\n                        <h3 class=\"section-title section-title_border-bottom\">Zaliczenie zaj\u0119\u0107 na podstawie innych aktywno\u015bci<\/h3> \r\n                        <div class=\"row m-0\">\r\n                            <div class=\"text-modules__content\">\r\n                                Doktoranci, kt\u00f3rzy uzyskali zgod\u0119 koordynatora obszarowego na zaliczenie z tych zaj\u0119\u0107 na podstawie innych aktywno\u015bci powinni zapisa\u0107 si\u0119 do tej grupy, a nast\u0119pnie dostarczy\u0107 do biura SD potwierdzenie zaliczenie tych zaj\u0119\u0107 (je\u017celi biuro nie po\u015bredniczy\u0142o w zaliczeniu przez koordynatora). \r\n                                <div class=\"mt-3\"><\/div>\r\n                            <\/div>\r\n                            \r\n                            <div class=\"text-modules__img\"><img src=\"https:\/\/us.edu.pl\/szkola-doktorska\/wp-content\/uploads\/sites\/50\/Nieprzypisane\/silhouette-of-person-holding-glass-mason-jar-1274260a-300x200.jpg\" alt=\"img\"><\/div>\r\n                        <\/div>\r\n                    <\/div>\r\n                <\/div>[\/vc_column][\/vc_row]<\/p>","protected":false},"excerpt":{"rendered":"<p>[vc_row][vc_column][vc_video link=&#8221;https:\/\/www.youtube.com\/watch?v=V2Pnr8IFMvE&#8221; el_width=&#8221;70&#8243; align=&#8221;center&#8221; title=&#8221;dr Andrzej Boczarowski&#8221; css=&#8221;.vc_custom_1678890989315{border-radius: 25px !important;}&#8221;][\/vc_column][\/vc_row] [&#8230;]<\/p>\n<p><a class=\"btn btn-secondary understrap-read-more-link\" href=\"https:\/\/us.edu.pl\/szkola-doktorska\/autoprezentacja-i-upowszechnianie-badan-2023-2024\/\">Read More&#8230;<\/a><\/p>\n","protected":false},"author":42,"featured_media":1333,"parent":0,"menu_order":0,"comment_status":"closed","ping_status":"closed","template":"","meta":{"_expiration-date-status":"","_expiration-date":0,"_expiration-date-type":"","_expiration-date-categories":[],"_expiration-date-options":[]},"acf":[],"_links":{"self":[{"href":"https:\/\/us.edu.pl\/szkola-doktorska\/wp-json\/wp\/v2\/pages\/9485"}],"collection":[{"href":"https:\/\/us.edu.pl\/szkola-doktorska\/wp-json\/wp\/v2\/pages"}],"about":[{"href":"https:\/\/us.edu.pl\/szkola-doktorska\/wp-json\/wp\/v2\/types\/page"}],"author":[{"embeddable":true,"href":"https:\/\/us.edu.pl\/szkola-doktorska\/wp-json\/wp\/v2\/users\/42"}],"replies":[{"embeddable":true,"href":"https:\/\/us.edu.pl\/szkola-doktorska\/wp-json\/wp\/v2\/comments?post=9485"}],"version-history":[{"count":1,"href":"https:\/\/us.edu.pl\/szkola-doktorska\/wp-json\/wp\/v2\/pages\/9485\/revisions"}],"predecessor-version":[{"id":9486,"href":"https:\/\/us.edu.pl\/szkola-doktorska\/wp-json\/wp\/v2\/pages\/9485\/revisions\/9486"}],"wp:featuredmedia":[{"embeddable":true,"href":"https:\/\/us.edu.pl\/szkola-doktorska\/wp-json\/wp\/v2\/media\/1333"}],"wp:attachment":[{"href":"https:\/\/us.edu.pl\/szkola-doktorska\/wp-json\/wp\/v2\/media?parent=9485"}],"curies":[{"name":"wp","href":"https:\/\/api.w.org\/{rel}","templated":true}]}}