{"id":9514,"date":"2024-02-28T14:26:53","date_gmt":"2024-02-28T13:26:53","guid":{"rendered":"https:\/\/us.edu.pl\/szkola-doktorska\/?page_id=9514"},"modified":"2024-03-14T10:52:28","modified_gmt":"2024-03-14T09:52:28","slug":"nauki-spoleczne","status":"publish","type":"page","link":"https:\/\/us.edu.pl\/szkola-doktorska\/seminaria-obszarowe-w-roku-akademickim-2024-2025\/nauki-spoleczne\/","title":{"rendered":"Seminarium obszarowe"},"content":{"rendered":"<p>[vc_row][vc_column]\r\n                <div class=\"text-modules \">\r\n                    <div class=\"container\">\r\n                         \r\n                        <div class=\"row m-0\">\r\n                            <div class=\"text-modules__content\">\r\n                                Wydzia\u0142 Nauk Spo\u0142ecznych, ul. Bankowa 11, Katowice<br \/>\n1 maja 2024 r.<\/p>\n<p>07.05.2024,\u00a013:00 &#8211; 14:30,\u00a0<a href=\"https:\/\/usosweb.us.edu.pl\/kontroler.php?_action=katalog2\/jednostki\/pokazBudynek&amp;bud_kod=KT-09\"> ul. Bankowa 11<\/a>, s. 328.<\/p>\n<p>mgr Adam Krzy\u017cowski: \u201eW labiryncie j\u0119zyka. O wsp\u00f3lnym \u017ar\u00f3dle filozofii i literatury u George&#8217;a Steinera\u201d<\/p>\n<p>&nbsp;<\/p>\n<p>mgr Pylyp Bilyi: \u201eSp\u00f3r o poznanie intuicyjne. Wybrane koncepcje filozofii rosyjskiej i niemieckiej pocz\u0105tku XX wieku\u201d<\/p>\n<p>mgr Krzysztof D\u0105br\u00f3wka: &#8222;Aleksander Bonini z Aleksandrii &#8211; Filozof i jego dzie\u0142o&#8221;<\/p>\n<p>Opiekun seminarium: dr hab. Dariusz B\u0119ben, prof. U\u015a \r\n                                <div class=\"mt-3\"><\/div>\r\n                            <\/div>\r\n                            \r\n                            <div class=\"text-modules__img\"><img src=\"https:\/\/us.edu.pl\/szkola-doktorska\/wp-content\/uploads\/sites\/50\/Bez-kategorii\/12.png\" alt=\"img\"><\/div>\r\n                        <\/div>\r\n                    <\/div>\r\n                <\/div>[\/vc_column][\/vc_row][vc_row][vc_column]\r\n                <div class=\"text-modules\">\r\n                    <div class=\"container\">\r\n                        \r\n                        <div class=\"text-modules__content\"><p>Seminarium odbywa si\u0119 w ramach cyklu seminari\u00f3w obszarowych doktorant\u00f3w Szko\u0142y Doktorskiej w roku akademickim 2023\/2024. Do uczestnictwa w seminariach zapraszamy ca\u0142\u0105 spo\u0142eczno\u015b\u0107 akademick\u0105.<br \/>\nWi\u0119cej: <a href=\"https:\/\/us.edu.pl\/szkola-doktorska\/seminaria-obszarowe\/\">https:\/\/us.edu.pl\/szkola-doktorska\/seminaria-obszarowe\/<\/a><\/p>\n<\/div>\r\n                    <\/div>\r\n                <\/div>[\/vc_column][\/vc_row]<\/p>","protected":false},"excerpt":{"rendered":"<p>[vc_row][vc_column][\/vc_column][\/vc_row][vc_row][vc_column][\/vc_column][\/vc_row] [&#8230;]<\/p>\n<p><a class=\"btn btn-secondary understrap-read-more-link\" href=\"https:\/\/us.edu.pl\/szkola-doktorska\/seminaria-obszarowe-w-roku-akademickim-2024-2025\/nauki-spoleczne\/\">Read More&#8230;<\/a><\/p>\n","protected":false},"author":205,"featured_media":0,"parent":7779,"menu_order":0,"comment_status":"closed","ping_status":"closed","template":"","meta":{"_expiration-date-status":"","_expiration-date":0,"_expiration-date-type":"","_expiration-date-categories":[],"_expiration-date-options":[]},"acf":[],"_links":{"self":[{"href":"https:\/\/us.edu.pl\/szkola-doktorska\/wp-json\/wp\/v2\/pages\/9514"}],"collection":[{"href":"https:\/\/us.edu.pl\/szkola-doktorska\/wp-json\/wp\/v2\/pages"}],"about":[{"href":"https:\/\/us.edu.pl\/szkola-doktorska\/wp-json\/wp\/v2\/types\/page"}],"author":[{"embeddable":true,"href":"https:\/\/us.edu.pl\/szkola-doktorska\/wp-json\/wp\/v2\/users\/205"}],"replies":[{"embeddable":true,"href":"https:\/\/us.edu.pl\/szkola-doktorska\/wp-json\/wp\/v2\/comments?post=9514"}],"version-history":[{"count":4,"href":"https:\/\/us.edu.pl\/szkola-doktorska\/wp-json\/wp\/v2\/pages\/9514\/revisions"}],"predecessor-version":[{"id":9736,"href":"https:\/\/us.edu.pl\/szkola-doktorska\/wp-json\/wp\/v2\/pages\/9514\/revisions\/9736"}],"up":[{"embeddable":true,"href":"https:\/\/us.edu.pl\/szkola-doktorska\/wp-json\/wp\/v2\/pages\/7779"}],"wp:attachment":[{"href":"https:\/\/us.edu.pl\/szkola-doktorska\/wp-json\/wp\/v2\/media?parent=9514"}],"curies":[{"name":"wp","href":"https:\/\/api.w.org\/{rel}","templated":true}]}}