{"id":9515,"date":"2024-02-28T14:26:36","date_gmt":"2024-02-28T13:26:36","guid":{"rendered":"https:\/\/us.edu.pl\/szkola-doktorska\/?page_id=9515"},"modified":"2024-03-07T14:04:49","modified_gmt":"2024-03-07T13:04:49","slug":"zrodloznawstwo-we-wspolczesnych-badaniach-historycznych","status":"publish","type":"page","link":"https:\/\/us.edu.pl\/szkola-doktorska\/seminaria-obszarowe-w-roku-akademickim-2024-2025\/zrodloznawstwo-we-wspolczesnych-badaniach-historycznych\/","title":{"rendered":"\u0179r\u00f3d\u0142oznawstwo we wsp\u00f3\u0142czesnych badaniach historycznych"},"content":{"rendered":"<p>[vc_row][vc_column]\r\n                <div class=\"text-modules \">\r\n                    <div class=\"container\">\r\n                        <h3 class=\"section-title section-title_border-bottom\">\u0179r\u00f3d\u0142oznawstwo we wsp\u00f3\u0142czesnych badaniach historycznych<\/h3> \r\n                        <div class=\"row m-0\">\r\n                            <div class=\"text-modules__content\">\r\n                                Wydzia\u0142 Nauk Spo\u0142ecznych, ul. Bankowa 11, Katowice, sala nr 136<br \/>\n16 maja 2024 r., godz. 17.30<\/p>\n<p>mgr Marek Jurkowski: \u201eSpecyfika materia\u0142u \u017ar\u00f3d\u0142owego a identyfikacja dynastycznych nazw miejscowo\u015bci cesarstwa rzymskiego\u201d<\/p>\n<p>mgr Marta Szyma\u0144ska: \u201eWykorzystanie \u017ar\u00f3de\u0142 archiwalnych w prozopografii na przyk\u0142adzie bada\u0144 nad korpusem dyplomat\u00f3w W\u0142adys\u0142awa IV Wazy\u201d<br \/>\n23 maja 2024 r., godz. 17.30<\/p>\n<p>mgr Beniamin Czapla: \u201ePocz\u0105tki kolei w Poznaniu w \u015bwietle nowych \u017ar\u00f3de\u0142. Nieznany epizod z dzia\u0142alno\u015bci Henryka Nakwaskiego\u201d<\/p>\n<p>mgr Kamil Ko\u0142odziej: \u201eProblemy badawcze i \u017ar\u00f3d\u0142owa dotycz\u0105ce materii Wojska Polskiego w autonomicznym wojew\u00f3dztwie \u015bl\u0105skim od III powstania \u015bl\u0105skiego do wybuchu II wojny \u015bwiatowej\u201d<\/p>\n<p>Opiekun seminarium: dr Dominika Rychel-Mantur \r\n                                <div class=\"mt-3\"><\/div>\r\n                            <\/div>\r\n                            \r\n                            <div class=\"text-modules__img\"><img src=\"https:\/\/us.edu.pl\/szkola-doktorska\/wp-content\/uploads\/sites\/50\/Bez-kategorii\/02-.png\" alt=\"img\"><\/div>\r\n                        <\/div>\r\n                    <\/div>\r\n                <\/div>[\/vc_column][\/vc_row][vc_row][vc_column]\r\n                <div class=\"text-modules\">\r\n                    <div class=\"container\">\r\n                        \r\n                        <div class=\"text-modules__content\"><p>Seminarium odbywa si\u0119 w ramach cyklu seminari\u00f3w obszarowych doktorant\u00f3w Szko\u0142y Doktorskiej w roku akademickim 2023\/2024. Do uczestnictwa w seminariach zapraszamy ca\u0142\u0105 spo\u0142eczno\u015b\u0107 akademick\u0105.<br \/>\nWi\u0119cej: <a href=\"https:\/\/us.edu.pl\/szkola-doktorska\/seminaria-obszarowe\/\">https:\/\/us.edu.pl\/szkola-doktorska\/seminaria-obszarowe\/<\/a><\/p>\n<\/div>\r\n                    <\/div>\r\n                <\/div>[\/vc_column][\/vc_row]<\/p>","protected":false},"excerpt":{"rendered":"<p>[vc_row][vc_column][\/vc_column][\/vc_row][vc_row][vc_column][\/vc_column][\/vc_row] [&#8230;]<\/p>\n<p><a class=\"btn btn-secondary understrap-read-more-link\" href=\"https:\/\/us.edu.pl\/szkola-doktorska\/seminaria-obszarowe-w-roku-akademickim-2024-2025\/zrodloznawstwo-we-wspolczesnych-badaniach-historycznych\/\">Read More&#8230;<\/a><\/p>\n","protected":false},"author":205,"featured_media":0,"parent":7779,"menu_order":0,"comment_status":"closed","ping_status":"closed","template":"","meta":{"_expiration-date-status":"","_expiration-date":0,"_expiration-date-type":"","_expiration-date-categories":[],"_expiration-date-options":[]},"acf":[],"_links":{"self":[{"href":"https:\/\/us.edu.pl\/szkola-doktorska\/wp-json\/wp\/v2\/pages\/9515"}],"collection":[{"href":"https:\/\/us.edu.pl\/szkola-doktorska\/wp-json\/wp\/v2\/pages"}],"about":[{"href":"https:\/\/us.edu.pl\/szkola-doktorska\/wp-json\/wp\/v2\/types\/page"}],"author":[{"embeddable":true,"href":"https:\/\/us.edu.pl\/szkola-doktorska\/wp-json\/wp\/v2\/users\/205"}],"replies":[{"embeddable":true,"href":"https:\/\/us.edu.pl\/szkola-doktorska\/wp-json\/wp\/v2\/comments?post=9515"}],"version-history":[{"count":2,"href":"https:\/\/us.edu.pl\/szkola-doktorska\/wp-json\/wp\/v2\/pages\/9515\/revisions"}],"predecessor-version":[{"id":9657,"href":"https:\/\/us.edu.pl\/szkola-doktorska\/wp-json\/wp\/v2\/pages\/9515\/revisions\/9657"}],"up":[{"embeddable":true,"href":"https:\/\/us.edu.pl\/szkola-doktorska\/wp-json\/wp\/v2\/pages\/7779"}],"wp:attachment":[{"href":"https:\/\/us.edu.pl\/szkola-doktorska\/wp-json\/wp\/v2\/media?parent=9515"}],"curies":[{"name":"wp","href":"https:\/\/api.w.org\/{rel}","templated":true}]}}