{"id":9520,"date":"2024-02-28T14:25:02","date_gmt":"2024-02-28T13:25:02","guid":{"rendered":"https:\/\/us.edu.pl\/szkola-doktorska\/?page_id=9520"},"modified":"2024-03-04T10:48:39","modified_gmt":"2024-03-04T09:48:39","slug":"jezyk-spoleczenstwo-kultura","status":"publish","type":"page","link":"https:\/\/us.edu.pl\/szkola-doktorska\/seminaria-obszarowe-w-roku-akademickim-2024-2025\/jezyk-spoleczenstwo-kultura\/","title":{"rendered":"J\u0119zyk \u2013 spo\u0142ecze\u0144stwo \u2013 kultura. Wybrane zagadnienia z zakresu antropo- i etnolingwistyki"},"content":{"rendered":"<p>[vc_row][vc_column]\r\n                <div class=\"text-modules \">\r\n                    <div class=\"container\">\r\n                        <h3 class=\"section-title section-title_border-bottom\">J\u0119zyk \u2013 spo\u0142ecze\u0144stwo \u2013 kultura. Wybrane zagadnienia z zakresu antropo- i etnolingwistyki<\/h3> \r\n                        <div class=\"row m-0\">\r\n                            <div class=\"text-modules__content\">\r\n                                Language \u2013 society \u2013 culture. Selected aspects of anthropolinguistics and ethnolinguistics<br \/>\nWydzia\u0142 Humanistyczny, Instytut J\u0119zykoznawstwa U\u015a, ul. Uniwersytecka 4, pok. A\/3.27<\/p>\n<p>19 marca 2024 r., godz.16.00<br \/>\nmgr Kamil Iwaniak: \u201cHumor w niemieckich i brytyjskich programach typu panel show (Humor in den deutschen und britischen Programmen Panel Show\/ Humour in German and British panel show)\u201d<\/p>\n<p>16 kwietnia 2024., godz. 16.00<br \/>\nmgr Mateusz Kminikowski: \u201eNiemieckie stereotypy antroponimiczne (Deutsche onymische Stereotype)\u201d<\/p>\n<p>21 maja 2024., godz. 16.00<br \/>\nmgr Joanna Ryszka: \u201eO japo\u0144skich zapo\u017cyczeniach w brytyjskim angielskim w uj\u0119ciu socjolingwistycznym (On Japanese borrowings in British English from the sociolinguistic perspective)\u201d<\/p>\n<p>Opiekun seminarium: dr hab. Jaros\u0142aw Pacu\u0142a, prof. U\u015a \r\n                                <div class=\"mt-3\"><\/div>\r\n                            <\/div>\r\n                            \r\n                            <div class=\"text-modules__img\"><img src=\"https:\/\/us.edu.pl\/szkola-doktorska\/wp-content\/uploads\/sites\/50\/plan\/seminaria-obszarowe\/1200x1200_ogolny_SD_Seminaria_Obszarowe_Doktorant-w.png\" alt=\"img\"><\/div>\r\n                        <\/div>\r\n                    <\/div>\r\n                <\/div>[\/vc_column][\/vc_row][vc_row][vc_column]\r\n                <div class=\"text-modules\">\r\n                    <div class=\"container\">\r\n                        \r\n                        <div class=\"text-modules__content\"><p>Seminarium odbywa si\u0119 w ramach cyklu seminari\u00f3w obszarowych doktorant\u00f3w Szko\u0142y Doktorskiej w roku akademickim 2023\/2024. Do uczestnictwa w seminariach zapraszamy ca\u0142\u0105 spo\u0142eczno\u015b\u0107 akademick\u0105.<br \/>\nWi\u0119cej: <a href=\"https:\/\/us.edu.pl\/szkola-doktorska\/seminaria-obszarowe\/\">https:\/\/us.edu.pl\/szkola-doktorska\/seminaria-obszarowe\/<\/a><\/p>\n<\/div>\r\n                    <\/div>\r\n                <\/div>[\/vc_column][\/vc_row]<\/p>","protected":false},"excerpt":{"rendered":"<p>[vc_row][vc_column][\/vc_column][\/vc_row][vc_row][vc_column][\/vc_column][\/vc_row] [&#8230;]<\/p>\n<p><a class=\"btn btn-secondary understrap-read-more-link\" href=\"https:\/\/us.edu.pl\/szkola-doktorska\/seminaria-obszarowe-w-roku-akademickim-2024-2025\/jezyk-spoleczenstwo-kultura\/\">Read More&#8230;<\/a><\/p>\n","protected":false},"author":205,"featured_media":0,"parent":7779,"menu_order":0,"comment_status":"closed","ping_status":"closed","template":"","meta":{"_expiration-date-status":"","_expiration-date":0,"_expiration-date-type":"","_expiration-date-categories":[],"_expiration-date-options":[]},"acf":[],"_links":{"self":[{"href":"https:\/\/us.edu.pl\/szkola-doktorska\/wp-json\/wp\/v2\/pages\/9520"}],"collection":[{"href":"https:\/\/us.edu.pl\/szkola-doktorska\/wp-json\/wp\/v2\/pages"}],"about":[{"href":"https:\/\/us.edu.pl\/szkola-doktorska\/wp-json\/wp\/v2\/types\/page"}],"author":[{"embeddable":true,"href":"https:\/\/us.edu.pl\/szkola-doktorska\/wp-json\/wp\/v2\/users\/205"}],"replies":[{"embeddable":true,"href":"https:\/\/us.edu.pl\/szkola-doktorska\/wp-json\/wp\/v2\/comments?post=9520"}],"version-history":[{"count":2,"href":"https:\/\/us.edu.pl\/szkola-doktorska\/wp-json\/wp\/v2\/pages\/9520\/revisions"}],"predecessor-version":[{"id":9620,"href":"https:\/\/us.edu.pl\/szkola-doktorska\/wp-json\/wp\/v2\/pages\/9520\/revisions\/9620"}],"up":[{"embeddable":true,"href":"https:\/\/us.edu.pl\/szkola-doktorska\/wp-json\/wp\/v2\/pages\/7779"}],"wp:attachment":[{"href":"https:\/\/us.edu.pl\/szkola-doktorska\/wp-json\/wp\/v2\/media?parent=9520"}],"curies":[{"name":"wp","href":"https:\/\/api.w.org\/{rel}","templated":true}]}}