{"id":9521,"date":"2024-02-28T14:27:19","date_gmt":"2024-02-28T13:27:19","guid":{"rendered":"https:\/\/us.edu.pl\/szkola-doktorska\/?page_id=9521"},"modified":"2024-04-11T10:43:00","modified_gmt":"2024-04-11T08:43:00","slug":"badania-substancji-asocjujacych","status":"publish","type":"page","link":"https:\/\/us.edu.pl\/szkola-doktorska\/seminaria-obszarowe-w-roku-akademickim-2024-2025\/badania-substancji-asocjujacych\/","title":{"rendered":"Badania substancji asocjuj\u0105cych"},"content":{"rendered":"<p>[vc_row][vc_column]\r\n                <div class=\"text-modules \">\r\n                    <div class=\"container\">\r\n                        <h3 class=\"section-title section-title_border-bottom\">Badania substancji asocjuj\u0105cych<\/h3> \r\n                        <div class=\"row m-0\">\r\n                            <div class=\"text-modules__content\">\r\n                                Wydzia\u0142 Nauk \u015acis\u0142ych i Technicznych, SM CEBI, 75 Pu\u0142ku Piechoty, Chorz\u00f3w, sala P\/1\/13<\/p>\n<p>29 lutego 2024 r., godz. 12.00<br \/>\nmgr Joanna Grelska:\u00a0 \u201eWp\u0142yw budowy molekularnej oraz warunk\u00f3w termodynamicznych na struktur\u0119 supramolekularn\u0105 alkoholi monohydroksylowych\u201d<\/p>\n<p>21 marca 2024 r., godz. 12.00<br \/>\nmgr Natalia Soszka: \u201eWp\u0142yw oddzia\u0142ywa\u0144 intermolekularnych na zachowanie alkoholi monohydroksylowych w uk\u0142adach litych i materia\u0142ach nanoporowatych\u201d<\/p>\n<p>16 maja 2024 r., godz. 10.00<br \/>\nmgr Kinga \u0141ucak: \u201eOkre\u015blenie wp\u0142ywu r\u00f3\u017cnic w sile i rodzaju oddzia\u0142ywa\u0144 mi\u0119dzycz\u0105steczkowych na w\u0142asno\u015bci dielektryczne wybranych alkoholi i ich pochodnych w r\u00f3\u017cnych warunkach termodynamicznych\u201d<\/p>\n<p>Opiekun seminarium: dr in\u017c. Anna Szeremeta \r\n                                <div class=\"mt-3\"><\/div>\r\n                            <\/div>\r\n                            \r\n                            <div class=\"text-modules__img\"><img src=\"https:\/\/us.edu.pl\/szkola-doktorska\/wp-content\/uploads\/sites\/50\/Bez-kategorii\/10.png\" alt=\"img\"><\/div>\r\n                        <\/div>\r\n                    <\/div>\r\n                <\/div>[\/vc_column][\/vc_row][vc_row][vc_column]\r\n                <div class=\"text-modules\">\r\n                    <div class=\"container\">\r\n                        \r\n                        <div class=\"text-modules__content\"><p>Seminarium odbywa si\u0119 w ramach cyklu seminari\u00f3w obszarowych doktorant\u00f3w Szko\u0142y Doktorskiej w roku akademickim 2023\/2024. Do uczestnictwa w seminariach zapraszamy ca\u0142\u0105 spo\u0142eczno\u015b\u0107 akademick\u0105.<br \/>\nWi\u0119cej: <a href=\"https:\/\/us.edu.pl\/szkola-doktorska\/seminaria-obszarowe\/\">https:\/\/us.edu.pl\/szkola-doktorska\/seminaria-obszarowe\/<\/a><\/p>\n<\/div>\r\n                    <\/div>\r\n                <\/div>[\/vc_column][\/vc_row]<\/p>","protected":false},"excerpt":{"rendered":"<p>[vc_row][vc_column][\/vc_column][\/vc_row][vc_row][vc_column][\/vc_column][\/vc_row] [&#8230;]<\/p>\n<p><a class=\"btn btn-secondary understrap-read-more-link\" href=\"https:\/\/us.edu.pl\/szkola-doktorska\/seminaria-obszarowe-w-roku-akademickim-2024-2025\/badania-substancji-asocjujacych\/\">Read More&#8230;<\/a><\/p>\n","protected":false},"author":205,"featured_media":0,"parent":7779,"menu_order":0,"comment_status":"closed","ping_status":"closed","template":"","meta":{"_expiration-date-status":"","_expiration-date":0,"_expiration-date-type":"","_expiration-date-categories":[],"_expiration-date-options":[]},"acf":[],"_links":{"self":[{"href":"https:\/\/us.edu.pl\/szkola-doktorska\/wp-json\/wp\/v2\/pages\/9521"}],"collection":[{"href":"https:\/\/us.edu.pl\/szkola-doktorska\/wp-json\/wp\/v2\/pages"}],"about":[{"href":"https:\/\/us.edu.pl\/szkola-doktorska\/wp-json\/wp\/v2\/types\/page"}],"author":[{"embeddable":true,"href":"https:\/\/us.edu.pl\/szkola-doktorska\/wp-json\/wp\/v2\/users\/205"}],"replies":[{"embeddable":true,"href":"https:\/\/us.edu.pl\/szkola-doktorska\/wp-json\/wp\/v2\/comments?post=9521"}],"version-history":[{"count":3,"href":"https:\/\/us.edu.pl\/szkola-doktorska\/wp-json\/wp\/v2\/pages\/9521\/revisions"}],"predecessor-version":[{"id":9860,"href":"https:\/\/us.edu.pl\/szkola-doktorska\/wp-json\/wp\/v2\/pages\/9521\/revisions\/9860"}],"up":[{"embeddable":true,"href":"https:\/\/us.edu.pl\/szkola-doktorska\/wp-json\/wp\/v2\/pages\/7779"}],"wp:attachment":[{"href":"https:\/\/us.edu.pl\/szkola-doktorska\/wp-json\/wp\/v2\/media?parent=9521"}],"curies":[{"name":"wp","href":"https:\/\/api.w.org\/{rel}","templated":true}]}}