{"id":9526,"date":"2024-02-28T14:32:03","date_gmt":"2024-02-28T13:32:03","guid":{"rendered":"https:\/\/us.edu.pl\/szkola-doktorska\/?page_id=9526"},"modified":"2024-04-08T09:49:33","modified_gmt":"2024-04-08T07:49:33","slug":"probing-type","status":"publish","type":"page","link":"https:\/\/us.edu.pl\/szkola-doktorska\/seminaria-obszarowe-w-roku-akademickim-2024-2025\/probing-type\/","title":{"rendered":"Seminarium obszarowe"},"content":{"rendered":"<p>[vc_row][vc_column]\r\n                <div class=\"text-modules \">\r\n                    <div class=\"container\">\r\n                         \r\n                        <div class=\"row m-0\">\r\n                            <div class=\"text-modules__content\">\r\n                                9 kwiecie\u0144 2024 r. godz. 10.15<br \/>\nmgr Paulina Jureczko: \u201eProbing type-II Ising pairing using the spin-mixing parameter\u201d<\/p>\n<p>Opiekun seminarium: dr Marcin Kurpas \r\n                                <div class=\"mt-3\"><\/div>\r\n                            <\/div>\r\n                            \r\n                            <div class=\"text-modules__img\"><img src=\"https:\/\/us.edu.pl\/szkola-doktorska\/wp-content\/uploads\/sites\/50\/Bez-kategorii\/6.png\" alt=\"img\"><\/div>\r\n                        <\/div>\r\n                    <\/div>\r\n                <\/div>[\/vc_column][\/vc_row][vc_row][vc_column]\r\n                <div class=\"text-modules\">\r\n                    <div class=\"container\">\r\n                        \r\n                        <div class=\"text-modules__content\"><p>Seminarium odbywa si\u0119 w ramach cyklu seminari\u00f3w obszarowych doktorant\u00f3w Szko\u0142y Doktorskiej w roku akademickim 2023\/2024. Do uczestnictwa w seminariach zapraszamy ca\u0142\u0105 spo\u0142eczno\u015b\u0107 akademick\u0105.<br \/>\nWi\u0119cej: <a href=\"https:\/\/us.edu.pl\/szkola-doktorska\/seminaria-obszarowe\/\">https:\/\/us.edu.pl\/szkola-doktorska\/seminaria-obszarowe\/<\/a><\/p>\n<\/div>\r\n                    <\/div>\r\n                <\/div>[\/vc_column][\/vc_row]<\/p>","protected":false},"excerpt":{"rendered":"<p>[vc_row][vc_column][\/vc_column][\/vc_row][vc_row][vc_column][\/vc_column][\/vc_row] [&#8230;]<\/p>\n<p><a class=\"btn btn-secondary understrap-read-more-link\" href=\"https:\/\/us.edu.pl\/szkola-doktorska\/seminaria-obszarowe-w-roku-akademickim-2024-2025\/probing-type\/\">Read More&#8230;<\/a><\/p>\n","protected":false},"author":205,"featured_media":0,"parent":7779,"menu_order":0,"comment_status":"closed","ping_status":"closed","template":"","meta":{"_expiration-date-status":"","_expiration-date":0,"_expiration-date-type":"","_expiration-date-categories":[],"_expiration-date-options":[]},"acf":[],"_links":{"self":[{"href":"https:\/\/us.edu.pl\/szkola-doktorska\/wp-json\/wp\/v2\/pages\/9526"}],"collection":[{"href":"https:\/\/us.edu.pl\/szkola-doktorska\/wp-json\/wp\/v2\/pages"}],"about":[{"href":"https:\/\/us.edu.pl\/szkola-doktorska\/wp-json\/wp\/v2\/types\/page"}],"author":[{"embeddable":true,"href":"https:\/\/us.edu.pl\/szkola-doktorska\/wp-json\/wp\/v2\/users\/205"}],"replies":[{"embeddable":true,"href":"https:\/\/us.edu.pl\/szkola-doktorska\/wp-json\/wp\/v2\/comments?post=9526"}],"version-history":[{"count":5,"href":"https:\/\/us.edu.pl\/szkola-doktorska\/wp-json\/wp\/v2\/pages\/9526\/revisions"}],"predecessor-version":[{"id":9854,"href":"https:\/\/us.edu.pl\/szkola-doktorska\/wp-json\/wp\/v2\/pages\/9526\/revisions\/9854"}],"up":[{"embeddable":true,"href":"https:\/\/us.edu.pl\/szkola-doktorska\/wp-json\/wp\/v2\/pages\/7779"}],"wp:attachment":[{"href":"https:\/\/us.edu.pl\/szkola-doktorska\/wp-json\/wp\/v2\/media?parent=9526"}],"curies":[{"name":"wp","href":"https:\/\/api.w.org\/{rel}","templated":true}]}}