{"id":9567,"date":"2024-02-28T14:34:18","date_gmt":"2024-02-28T13:34:18","guid":{"rendered":"https:\/\/us.edu.pl\/szkola-doktorska\/?page_id=9567"},"modified":"2024-03-08T10:24:49","modified_gmt":"2024-03-08T09:24:49","slug":"zwiazki-widma-h-v","status":"publish","type":"page","link":"https:\/\/us.edu.pl\/szkola-doktorska\/seminaria-obszarowe-w-roku-akademickim-2024-2025\/zwiazki-widma-h-v\/","title":{"rendered":"Zwi\u0105zki widma H\/V drga\u0144 skr\u0119tnych i translacyjnych z przypowierzchniowymi warunkami geologicznym"},"content":{"rendered":"<p>[vc_row][vc_column]\r\n                <div class=\"text-modules \">\r\n                    <div class=\"container\">\r\n                        <h3 class=\"section-title section-title_border-bottom\">Zwi\u0105zki widma H\/V drga\u0144 skr\u0119tnych i translacyjnych z przypowierzchniowymi warunkami geologicznym<\/h3> \r\n                        <div class=\"row m-0\">\r\n                            <div class=\"text-modules__content\">\r\n                                Wydzia\u0142 Nauk Przyrodniczych Uniwersytetu \u015al\u0105skiego, B\u0119dzi\u0144ska 60, 41-200 Sosnowiec<br \/>\n1 marca 2024r.<\/p>\n<p>mgr Dariusz Nawrocki: \u201eZwi\u0105zki widma H\/V drga\u0144 skr\u0119tnych i translacyjnych z przypowierzchniowymi warunkami geologicznymi\u201d<\/p>\n<p>Opiekun seminarium: dr Maciej Mendecki \r\n                                <div class=\"mt-3\"><\/div>\r\n                            <\/div>\r\n                            \r\n                            <div class=\"text-modules__img\"><img src=\"https:\/\/us.edu.pl\/szkola-doktorska\/wp-content\/uploads\/sites\/50\/Bez-kategorii\/26.png\" alt=\"img\"><\/div>\r\n                        <\/div>\r\n                    <\/div>\r\n                <\/div>[\/vc_column][\/vc_row][vc_row][vc_column]\r\n                <div class=\"text-modules\">\r\n                    <div class=\"container\">\r\n                        \r\n                        <div class=\"text-modules__content\"><p>Seminarium odbywa si\u0119 w ramach cyklu seminari\u00f3w obszarowych doktorant\u00f3w Szko\u0142y Doktorskiej w roku akademickim 2023\/2024. Do uczestnictwa w seminariach zapraszamy ca\u0142\u0105 spo\u0142eczno\u015b\u0107 akademick\u0105.<br \/>\nWi\u0119cej: <a href=\"https:\/\/us.edu.pl\/szkola-doktorska\/seminaria-obszarowe\/\">https:\/\/us.edu.pl\/szkola-doktorska\/seminaria-obszarowe\/<\/a><\/p>\n<\/div>\r\n                    <\/div>\r\n                <\/div>[\/vc_column][\/vc_row]<\/p>","protected":false},"excerpt":{"rendered":"<p>[vc_row][vc_column][\/vc_column][\/vc_row][vc_row][vc_column][\/vc_column][\/vc_row] [&#8230;]<\/p>\n<p><a class=\"btn btn-secondary understrap-read-more-link\" href=\"https:\/\/us.edu.pl\/szkola-doktorska\/seminaria-obszarowe-w-roku-akademickim-2024-2025\/zwiazki-widma-h-v\/\">Read More&#8230;<\/a><\/p>\n","protected":false},"author":205,"featured_media":0,"parent":7779,"menu_order":0,"comment_status":"closed","ping_status":"closed","template":"","meta":{"_expiration-date-status":"","_expiration-date":0,"_expiration-date-type":"","_expiration-date-categories":[],"_expiration-date-options":[]},"acf":[],"_links":{"self":[{"href":"https:\/\/us.edu.pl\/szkola-doktorska\/wp-json\/wp\/v2\/pages\/9567"}],"collection":[{"href":"https:\/\/us.edu.pl\/szkola-doktorska\/wp-json\/wp\/v2\/pages"}],"about":[{"href":"https:\/\/us.edu.pl\/szkola-doktorska\/wp-json\/wp\/v2\/types\/page"}],"author":[{"embeddable":true,"href":"https:\/\/us.edu.pl\/szkola-doktorska\/wp-json\/wp\/v2\/users\/205"}],"replies":[{"embeddable":true,"href":"https:\/\/us.edu.pl\/szkola-doktorska\/wp-json\/wp\/v2\/comments?post=9567"}],"version-history":[{"count":2,"href":"https:\/\/us.edu.pl\/szkola-doktorska\/wp-json\/wp\/v2\/pages\/9567\/revisions"}],"predecessor-version":[{"id":9704,"href":"https:\/\/us.edu.pl\/szkola-doktorska\/wp-json\/wp\/v2\/pages\/9567\/revisions\/9704"}],"up":[{"embeddable":true,"href":"https:\/\/us.edu.pl\/szkola-doktorska\/wp-json\/wp\/v2\/pages\/7779"}],"wp:attachment":[{"href":"https:\/\/us.edu.pl\/szkola-doktorska\/wp-json\/wp\/v2\/media?parent=9567"}],"curies":[{"name":"wp","href":"https:\/\/api.w.org\/{rel}","templated":true}]}}