{"id":9571,"date":"2024-02-28T14:39:45","date_gmt":"2024-02-28T13:39:45","guid":{"rendered":"https:\/\/us.edu.pl\/szkola-doktorska\/?page_id=9571"},"modified":"2024-03-08T10:01:33","modified_gmt":"2024-03-08T09:01:33","slug":"doktoraty-wdrozeniowe","status":"publish","type":"page","link":"https:\/\/us.edu.pl\/szkola-doktorska\/seminaria-obszarowe-w-roku-akademickim-2024-2025\/doktoraty-wdrozeniowe\/","title":{"rendered":"Doktoraty wdro\u017ceniowe z zakresu nauk o Ziemi i \u015brodowisku"},"content":{"rendered":"<p>[vc_row][vc_column]\r\n                <div class=\"text-modules \">\r\n                    <div class=\"container\">\r\n                        <h3 class=\"section-title section-title_border-bottom\">Doktoraty wdro\u017ceniowe z zakresu nauk o Ziemi i \u015brodowisku<\/h3> \r\n                        <div class=\"row m-0\">\r\n                            <div class=\"text-modules__content\">\r\n                                Wydzia\u0142 Nauk Przyrodniczych, Instytut Nauk o Ziemi, Sosnowiec, ul. B\u0119dzi\u0144ska 62, sala 123<\/p>\n<p>27 lutego 2024 r., godz. 15:00<br \/>\nmgr in\u017c. \u0141ukasz Pieron: \u201eOcena mo\u017cliwo\u015bci zwi\u0119kszenia retencji na wybranym obszarze w kontek\u015bcie przeciwdzia\u0142ania skutkom suszy\u201d<\/p>\n<p>27 lutego 2024 r., godz. 15:30<br \/>\nmgr in\u017c. Karol Miko\u0142ajewski: \u201e Hietogramy wzorcowe do modelowania miejskich system\u00f3w odwodnienia w Polsce\u201d<\/p>\n<p>27 lutego 2024 r., godz. 16:00<br \/>\nmgr Ewa Mackiewicz: \u201eZastosowanie rozwi\u0105za\u0144 pro\u015brodowiskowych i nowych technologii ekologicznych w adaptacji obiekt\u00f3w obj\u0119tych ochron\u0105 konserwatorsk\u0105 na przyk\u0142adzie zabytkowego zespo\u0142u parkowo-pa\u0142acowego w Rzuchowie\u201d<\/p>\n<p>Opiekun seminarium: dr hab. Marek Ruman,\u00a0 prof. U\u015a \r\n                                <div class=\"mt-3\"><\/div>\r\n                            <\/div>\r\n                            \r\n                            <div class=\"text-modules__img\"><img src=\"https:\/\/us.edu.pl\/szkola-doktorska\/wp-content\/uploads\/sites\/50\/Bez-kategorii\/15.png\" alt=\"img\"><\/div>\r\n                        <\/div>\r\n                    <\/div>\r\n                <\/div>[\/vc_column][\/vc_row][vc_row][vc_column]\r\n                <div class=\"text-modules\">\r\n                    <div class=\"container\">\r\n                        \r\n                        <div class=\"text-modules__content\"><p>Seminarium odbywa si\u0119 w ramach cyklu seminari\u00f3w obszarowych doktorant\u00f3w Szko\u0142y Doktorskiej w roku akademickim 2023\/2024. Do uczestnictwa w seminariach zapraszamy ca\u0142\u0105 spo\u0142eczno\u015b\u0107 akademick\u0105.<br \/>\nWi\u0119cej: <a href=\"https:\/\/us.edu.pl\/szkola-doktorska\/seminaria-obszarowe\/\">https:\/\/us.edu.pl\/szkola-doktorska\/seminaria-obszarowe\/<\/a><\/p>\n<\/div>\r\n                    <\/div>\r\n                <\/div>[\/vc_column][\/vc_row]<\/p>","protected":false},"excerpt":{"rendered":"<p>[vc_row][vc_column][\/vc_column][\/vc_row][vc_row][vc_column][\/vc_column][\/vc_row] [&#8230;]<\/p>\n<p><a class=\"btn btn-secondary understrap-read-more-link\" href=\"https:\/\/us.edu.pl\/szkola-doktorska\/seminaria-obszarowe-w-roku-akademickim-2024-2025\/doktoraty-wdrozeniowe\/\">Read More&#8230;<\/a><\/p>\n","protected":false},"author":205,"featured_media":0,"parent":7779,"menu_order":0,"comment_status":"closed","ping_status":"closed","template":"","meta":{"_expiration-date-status":"","_expiration-date":0,"_expiration-date-type":"","_expiration-date-categories":[],"_expiration-date-options":[]},"acf":[],"_links":{"self":[{"href":"https:\/\/us.edu.pl\/szkola-doktorska\/wp-json\/wp\/v2\/pages\/9571"}],"collection":[{"href":"https:\/\/us.edu.pl\/szkola-doktorska\/wp-json\/wp\/v2\/pages"}],"about":[{"href":"https:\/\/us.edu.pl\/szkola-doktorska\/wp-json\/wp\/v2\/types\/page"}],"author":[{"embeddable":true,"href":"https:\/\/us.edu.pl\/szkola-doktorska\/wp-json\/wp\/v2\/users\/205"}],"replies":[{"embeddable":true,"href":"https:\/\/us.edu.pl\/szkola-doktorska\/wp-json\/wp\/v2\/comments?post=9571"}],"version-history":[{"count":2,"href":"https:\/\/us.edu.pl\/szkola-doktorska\/wp-json\/wp\/v2\/pages\/9571\/revisions"}],"predecessor-version":[{"id":9684,"href":"https:\/\/us.edu.pl\/szkola-doktorska\/wp-json\/wp\/v2\/pages\/9571\/revisions\/9684"}],"up":[{"embeddable":true,"href":"https:\/\/us.edu.pl\/szkola-doktorska\/wp-json\/wp\/v2\/pages\/7779"}],"wp:attachment":[{"href":"https:\/\/us.edu.pl\/szkola-doktorska\/wp-json\/wp\/v2\/media?parent=9571"}],"curies":[{"name":"wp","href":"https:\/\/api.w.org\/{rel}","templated":true}]}}