{"id":9584,"date":"2024-02-29T09:42:35","date_gmt":"2024-02-29T08:42:35","guid":{"rendered":"https:\/\/us.edu.pl\/szkola-doktorska\/?page_id=9584"},"modified":"2024-03-08T10:05:44","modified_gmt":"2024-03-08T09:05:44","slug":"wspolczesne-wyzwania-spolek-kapitalowych","status":"publish","type":"page","link":"https:\/\/us.edu.pl\/szkola-doktorska\/seminaria-obszarowe-w-roku-akademickim-2024-2025\/wspolczesne-wyzwania-spolek-kapitalowych\/","title":{"rendered":"Wsp\u00f3\u0142czesne wyzwania sp\u00f3\u0142ek kapita\u0142owych"},"content":{"rendered":"<p>[vc_row][vc_column]\r\n                <div class=\"text-modules \">\r\n                    <div class=\"container\">\r\n                        <h3 class=\"section-title section-title_border-bottom\">Wsp\u00f3\u0142czesne wyzwania sp\u00f3\u0142ek kapita\u0142owych<\/h3> \r\n                        <div class=\"row m-0\">\r\n                            <div class=\"text-modules__content\">\r\n                                Wydzia\u0142 Prawa i Administracji Uniwersytetu \u015al\u0105skiego, Sala Rady Wydzia\u0142u<\/p>\n<p>13 czerwca 2024 r.,godz. 16.00<br \/>\nmgr Jeremiasz Kalus: \u201eSchematy podatkowe w dzia\u0142alno\u015bci sp\u00f3\u0142ek kapita\u0142owych\u201d<\/p>\n<p>13 czerwca 2024 r.,godz. 17.00<br \/>\nmgr Jakub Zamojski: \u201eOchrona wierzycieli w prostej sp\u00f3\u0142ce akcyjnej\u201d<\/p>\n<p>13 czerwca 2024 r., godz. 18.00<br \/>\nmgr Dominik Mizerski: \u201eRola akcjonariuszy w systemie nadzoru korporacyjnego: w poszukiwaniu modelu zaanga\u017cowanego akcjonariusza\u201d<\/p>\n<p>Opiekun seminarium: dr Mateusz \u017baba \r\n                                <div class=\"mt-3\"><\/div>\r\n                            <\/div>\r\n                            \r\n                            <div class=\"text-modules__img\"><img src=\"https:\/\/us.edu.pl\/szkola-doktorska\/wp-content\/uploads\/sites\/50\/Bez-kategorii\/17.png\" alt=\"img\"><\/div>\r\n                        <\/div>\r\n                    <\/div>\r\n                <\/div>[\/vc_column][\/vc_row][vc_row][vc_column]\r\n                <div class=\"text-modules\">\r\n                    <div class=\"container\">\r\n                        \r\n                        <div class=\"text-modules__content\"><p>Seminarium odbywa si\u0119 w ramach cyklu seminari\u00f3w obszarowych doktorant\u00f3w Szko\u0142y Doktorskiej w roku akademickim 2023\/2024. Do uczestnictwa w seminariach zapraszamy ca\u0142\u0105 spo\u0142eczno\u015b\u0107 akademick\u0105.<br \/>\nWi\u0119cej: <a href=\"https:\/\/us.edu.pl\/szkola-doktorska\/seminaria-obszarowe\/\">https:\/\/us.edu.pl\/szkola-doktorska\/seminaria-obszarowe\/<\/a><\/p>\n<\/div>\r\n                    <\/div>\r\n                <\/div>[\/vc_column][\/vc_row]<\/p>","protected":false},"excerpt":{"rendered":"<p>[vc_row][vc_column][\/vc_column][\/vc_row][vc_row][vc_column][\/vc_column][\/vc_row] [&#8230;]<\/p>\n<p><a class=\"btn btn-secondary understrap-read-more-link\" href=\"https:\/\/us.edu.pl\/szkola-doktorska\/seminaria-obszarowe-w-roku-akademickim-2024-2025\/wspolczesne-wyzwania-spolek-kapitalowych\/\">Read More&#8230;<\/a><\/p>\n","protected":false},"author":205,"featured_media":0,"parent":7779,"menu_order":0,"comment_status":"closed","ping_status":"closed","template":"","meta":{"_expiration-date-status":"","_expiration-date":0,"_expiration-date-type":"","_expiration-date-categories":[],"_expiration-date-options":[]},"acf":[],"_links":{"self":[{"href":"https:\/\/us.edu.pl\/szkola-doktorska\/wp-json\/wp\/v2\/pages\/9584"}],"collection":[{"href":"https:\/\/us.edu.pl\/szkola-doktorska\/wp-json\/wp\/v2\/pages"}],"about":[{"href":"https:\/\/us.edu.pl\/szkola-doktorska\/wp-json\/wp\/v2\/types\/page"}],"author":[{"embeddable":true,"href":"https:\/\/us.edu.pl\/szkola-doktorska\/wp-json\/wp\/v2\/users\/205"}],"replies":[{"embeddable":true,"href":"https:\/\/us.edu.pl\/szkola-doktorska\/wp-json\/wp\/v2\/comments?post=9584"}],"version-history":[{"count":2,"href":"https:\/\/us.edu.pl\/szkola-doktorska\/wp-json\/wp\/v2\/pages\/9584\/revisions"}],"predecessor-version":[{"id":9688,"href":"https:\/\/us.edu.pl\/szkola-doktorska\/wp-json\/wp\/v2\/pages\/9584\/revisions\/9688"}],"up":[{"embeddable":true,"href":"https:\/\/us.edu.pl\/szkola-doktorska\/wp-json\/wp\/v2\/pages\/7779"}],"wp:attachment":[{"href":"https:\/\/us.edu.pl\/szkola-doktorska\/wp-json\/wp\/v2\/media?parent=9584"}],"curies":[{"name":"wp","href":"https:\/\/api.w.org\/{rel}","templated":true}]}}