{"id":9590,"date":"2024-02-29T09:45:57","date_gmt":"2024-02-29T08:45:57","guid":{"rendered":"https:\/\/us.edu.pl\/szkola-doktorska\/?page_id=9590"},"modified":"2024-03-11T13:02:47","modified_gmt":"2024-03-11T12:02:47","slug":"nauki-prawne-dw","status":"publish","type":"page","link":"https:\/\/us.edu.pl\/szkola-doktorska\/seminaria-obszarowe-w-roku-akademickim-2024-2025\/nauki-prawne-dw\/","title":{"rendered":"Doktoraty wdro\u017ceniowe w naukach prawnych \u2013 po\u0142\u0105czenie \u015bwiata nauki i biznesu"},"content":{"rendered":"<p>[vc_row][vc_column]\r\n                <div class=\"text-modules \">\r\n                    <div class=\"container\">\r\n                        <h3 class=\"section-title section-title_border-bottom\">Doktoraty wdro\u017ceniowe w naukach prawnych \u2013 po\u0142\u0105czenie \u015bwiata nauki i biznesu<\/h3> \r\n                        <div class=\"row m-0\">\r\n                            <div class=\"text-modules__content\">\r\n                                WPiA, aula nr 3<\/p>\n<p>14 czerwca 2024 r., godz 15.00<br \/>\nmgr Maria Maszczyk Andura: \u201eZarzut zasiedzenia w post\u0119powaniach o ustanowienie s\u0142u\u017cebno\u015bci przesy\u0142u za wynagrodzenie\u201d<\/p>\n<p>14 czerwca 2024 r., godz 16.00<br \/>\nmgr Anna Tomiczek: \u201eProcedura zg\u0142aszania narusze\u0144 prawa przez sygnalist\u0119 w miejscu pracy\u201d<\/p>\n<p>14 czerwca 2024 r., godz. 17.00<br \/>\nmgr Zbigniew Jaremko: \u201ePrawne instrumenty wsparcia inwestycji przesy\u0142owych zapewniaj\u0105ce realizacj\u0119 Polityki energetycznej Polski\u201d<\/p>\n<p>Opiekun seminarium: dr Grzegorz Nancka \r\n                                <div class=\"mt-3\"><\/div>\r\n                            <\/div>\r\n                            \r\n                            <div class=\"text-modules__img\"><img src=\"https:\/\/us.edu.pl\/szkola-doktorska\/wp-content\/uploads\/sites\/50\/plan\/seminaria-obszarowe\/1200x1200_ogolny_SD_Seminaria_Obszarowe_Doktorant-w.png\" alt=\"img\"><\/div>\r\n                        <\/div>\r\n                    <\/div>\r\n                <\/div>[\/vc_column][\/vc_row][vc_row][vc_column]\r\n                <div class=\"text-modules\">\r\n                    <div class=\"container\">\r\n                        \r\n                        <div class=\"text-modules__content\"><p>Seminarium odbywa si\u0119 w ramach cyklu seminari\u00f3w obszarowych doktorant\u00f3w Szko\u0142y Doktorskiej w roku akademickim 2023\/2024. Do uczestnictwa w seminariach zapraszamy ca\u0142\u0105 spo\u0142eczno\u015b\u0107 akademick\u0105.<br \/>\nWi\u0119cej: <a href=\"https:\/\/us.edu.pl\/szkola-doktorska\/seminaria-obszarowe\/\">https:\/\/us.edu.pl\/szkola-doktorska\/seminaria-obszarowe\/<\/a><\/p>\n<\/div>\r\n                    <\/div>\r\n                <\/div>[\/vc_column][\/vc_row]<\/p>","protected":false},"excerpt":{"rendered":"<p>[vc_row][vc_column][\/vc_column][\/vc_row][vc_row][vc_column][\/vc_column][\/vc_row] [&#8230;]<\/p>\n<p><a class=\"btn btn-secondary understrap-read-more-link\" href=\"https:\/\/us.edu.pl\/szkola-doktorska\/seminaria-obszarowe-w-roku-akademickim-2024-2025\/nauki-prawne-dw\/\">Read More&#8230;<\/a><\/p>\n","protected":false},"author":205,"featured_media":0,"parent":7779,"menu_order":0,"comment_status":"closed","ping_status":"closed","template":"","meta":{"_expiration-date-status":"","_expiration-date":0,"_expiration-date-type":"","_expiration-date-categories":[],"_expiration-date-options":[]},"acf":[],"_links":{"self":[{"href":"https:\/\/us.edu.pl\/szkola-doktorska\/wp-json\/wp\/v2\/pages\/9590"}],"collection":[{"href":"https:\/\/us.edu.pl\/szkola-doktorska\/wp-json\/wp\/v2\/pages"}],"about":[{"href":"https:\/\/us.edu.pl\/szkola-doktorska\/wp-json\/wp\/v2\/types\/page"}],"author":[{"embeddable":true,"href":"https:\/\/us.edu.pl\/szkola-doktorska\/wp-json\/wp\/v2\/users\/205"}],"replies":[{"embeddable":true,"href":"https:\/\/us.edu.pl\/szkola-doktorska\/wp-json\/wp\/v2\/comments?post=9590"}],"version-history":[{"count":2,"href":"https:\/\/us.edu.pl\/szkola-doktorska\/wp-json\/wp\/v2\/pages\/9590\/revisions"}],"predecessor-version":[{"id":9723,"href":"https:\/\/us.edu.pl\/szkola-doktorska\/wp-json\/wp\/v2\/pages\/9590\/revisions\/9723"}],"up":[{"embeddable":true,"href":"https:\/\/us.edu.pl\/szkola-doktorska\/wp-json\/wp\/v2\/pages\/7779"}],"wp:attachment":[{"href":"https:\/\/us.edu.pl\/szkola-doktorska\/wp-json\/wp\/v2\/media?parent=9590"}],"curies":[{"name":"wp","href":"https:\/\/api.w.org\/{rel}","templated":true}]}}