{"id":9608,"date":"2024-02-29T09:58:45","date_gmt":"2024-02-29T08:58:45","guid":{"rendered":"https:\/\/us.edu.pl\/szkola-doktorska\/?page_id=9608"},"modified":"2024-03-04T11:19:57","modified_gmt":"2024-03-04T10:19:57","slug":"seminaria-psychologiczne","status":"publish","type":"page","link":"https:\/\/us.edu.pl\/szkola-doktorska\/seminaria-obszarowe-w-roku-akademickim-2024-2025\/seminaria-psychologiczne\/","title":{"rendered":"Seminaria psychologiczne"},"content":{"rendered":"<p>[vc_row][vc_column]\r\n                <div class=\"text-modules \">\r\n                    <div class=\"container\">\r\n                        <h3 class=\"section-title section-title_border-bottom\">Seminaria psychologiczne<\/h3> \r\n                        <div class=\"row m-0\">\r\n                            <div class=\"text-modules__content\">\r\n                                Wydzia\u0142 Nauk Spo\u0142ecznych, ul. Gra\u017cy\u0144skiego 53, Katowice, sala 333<br \/>\n4 maja 2024<\/p>\n<p>mgr Aleksandra \u017benda: \u201eKlimat organizacyjny a poziom zaanga\u017cowania w prac\u0119. Rola upokorzenia w pracy i milczenia organizacyjnego\u201d<\/p>\n<p>mgr Justyna Lipka: \u201ePostawy wobec skrajnie prawicowego brutalnego ekstremizmu w\u015br\u00f3d os\u00f3b w okresie wschodz\u0105cej doros\u0142o\u015bci\u201d<\/p>\n<p>mgr Wiktoria Smo\u0142kowska-J\u0119do: \u201ePhubbing w kontek\u015bcie motyw\u00f3w korzystania z telefonu, odporno\u015bci psychicznej, uwa\u017cno\u015bci oraz samokontroli\u201d<\/p>\n<p>mgr Paulina Wardawy-Dudziak: \u201eUwarunkowania teorii spiskowych i nieufno\u015bci wobec nauki. Rola pogl\u0105d\u00f3w politycznych i narcyzmu kolektywnego\u201d<\/p>\n<p>Opiekun seminarium: dr Artur Domurat \r\n                                <div class=\"mt-3\"><\/div>\r\n                            <\/div>\r\n                            \r\n                            <div class=\"text-modules__img\"><img src=\"https:\/\/us.edu.pl\/szkola-doktorska\/wp-content\/uploads\/sites\/50\/plan\/seminaria-obszarowe\/1200x1200_ogolny_SD_Seminaria_Obszarowe_Doktorant-w.png\" alt=\"img\"><\/div>\r\n                        <\/div>\r\n                    <\/div>\r\n                <\/div>[\/vc_column][\/vc_row][vc_row][vc_column]\r\n                <div class=\"text-modules\">\r\n                    <div class=\"container\">\r\n                        \r\n                        <div class=\"text-modules__content\"><p>Seminarium odbywa si\u0119 w ramach cyklu seminari\u00f3w obszarowych doktorant\u00f3w Szko\u0142y Doktorskiej w roku akademickim 2023\/2024. Do uczestnictwa w seminariach zapraszamy ca\u0142\u0105 spo\u0142eczno\u015b\u0107 akademick\u0105.<br \/>\nWi\u0119cej: <a href=\"https:\/\/us.edu.pl\/szkola-doktorska\/seminaria-obszarowe\/\">https:\/\/us.edu.pl\/szkola-doktorska\/seminaria-obszarowe\/<\/a><\/p>\n<\/div>\r\n                    <\/div>\r\n                <\/div>[\/vc_column][\/vc_row]<\/p>","protected":false},"excerpt":{"rendered":"<p>[vc_row][vc_column][\/vc_column][\/vc_row][vc_row][vc_column][\/vc_column][\/vc_row] [&#8230;]<\/p>\n<p><a class=\"btn btn-secondary understrap-read-more-link\" href=\"https:\/\/us.edu.pl\/szkola-doktorska\/seminaria-obszarowe-w-roku-akademickim-2024-2025\/seminaria-psychologiczne\/\">Read More&#8230;<\/a><\/p>\n","protected":false},"author":205,"featured_media":0,"parent":7779,"menu_order":0,"comment_status":"closed","ping_status":"closed","template":"","meta":{"_expiration-date-status":"","_expiration-date":0,"_expiration-date-type":"","_expiration-date-categories":[],"_expiration-date-options":[]},"acf":[],"_links":{"self":[{"href":"https:\/\/us.edu.pl\/szkola-doktorska\/wp-json\/wp\/v2\/pages\/9608"}],"collection":[{"href":"https:\/\/us.edu.pl\/szkola-doktorska\/wp-json\/wp\/v2\/pages"}],"about":[{"href":"https:\/\/us.edu.pl\/szkola-doktorska\/wp-json\/wp\/v2\/types\/page"}],"author":[{"embeddable":true,"href":"https:\/\/us.edu.pl\/szkola-doktorska\/wp-json\/wp\/v2\/users\/205"}],"replies":[{"embeddable":true,"href":"https:\/\/us.edu.pl\/szkola-doktorska\/wp-json\/wp\/v2\/comments?post=9608"}],"version-history":[{"count":1,"href":"https:\/\/us.edu.pl\/szkola-doktorska\/wp-json\/wp\/v2\/pages\/9608\/revisions"}],"predecessor-version":[{"id":9609,"href":"https:\/\/us.edu.pl\/szkola-doktorska\/wp-json\/wp\/v2\/pages\/9608\/revisions\/9609"}],"up":[{"embeddable":true,"href":"https:\/\/us.edu.pl\/szkola-doktorska\/wp-json\/wp\/v2\/pages\/7779"}],"wp:attachment":[{"href":"https:\/\/us.edu.pl\/szkola-doktorska\/wp-json\/wp\/v2\/media?parent=9608"}],"curies":[{"name":"wp","href":"https:\/\/api.w.org\/{rel}","templated":true}]}}