{"id":121,"date":"2021-01-20T14:47:48","date_gmt":"2021-01-20T13:47:48","guid":{"rendered":"https:\/\/us.edu.pl\/t4e\/?page_id=121"},"modified":"2024-09-17T09:17:16","modified_gmt":"2024-09-17T07:17:16","slug":"wizja","status":"publish","type":"page","link":"https:\/\/us.edu.pl\/t4e\/en\/wizja\/","title":{"rendered":"vision"},"content":{"rendered":"<p><\/p>\n<p>[vc_row el_class=&#8221;container&#8221;][vc_column]\r\n                <div class=\"text-modules\">\r\n                    <div class=\"container\">\r\n                        <h3 class=\"page-title text__title\">Transform4Europe | vision<\/h3>\r\n                        <div class=\"text-modules__content\"><\/div>\r\n                    <\/div>\r\n                <\/div>[\/vc_column][\/vc_row][vc_row el_class=&#8221;container&#8221;][vc_column width=&#8221;2\/3&#8243;]\r\n                <div class=\"text-modules\">\r\n                    <div class=\"container\">\r\n                        \r\n                        <div class=\"text-modules__content\"><\/p>\n<div class=\"elementor-column elementor-col-66 elementor-top-column elementor-element elementor-element-28f57730\" data-id=\"28f57730\" data-element_type=\"column\">\n<div class=\"elementor-widget-wrap elementor-element-populated\">\n<div class=\"elementor-element elementor-element-6fc747bd elementor-widget elementor-widget-text-editor\" data-id=\"6fc747bd\" data-element_type=\"widget\" data-widget_type=\"text-editor.default\">\n<div class=\"elementor-widget-container\">\n<p>Becoming one integrated European University based on shared European values, a diverse and inclusive alliance deeply rooted in the respective regional ecosystems, educating and training knowledge-entrepreneurs as drivers of transformation for the benefit of sustainable and resilient European societies.<\/p>\n<\/div>\n<\/div>\n<\/div>\n<\/div>\n<p>\n<\/div>\r\n                    <\/div>\r\n                <\/div>[\/vc_column][vc_column width=&#8221;1\/3&#8243;]\r\n                <div class=\"text-modules\">\r\n                    <div class=\"container\">\r\n                        \r\n                        <div class=\"text-modules__content\"><p><img class=\"alignnone wp-image-118 size-full\" src=\"https:\/\/us.edu.pl\/t4e\/wp-content\/uploads\/sites\/59\/grafiki\/logo\/Logo_Transform4Europe_official.png\" alt=\"Logo T4E\" width=\"100%\" height=\"auto\" \/><\/p>\n<\/div>\r\n                    <\/div>\r\n                <\/div>[\/vc_column][\/vc_row][vc_row el_class=&#8221;container&#8221;][vc_column][vc_empty_space height=&#8221;20px&#8221;][\/vc_column][\/vc_row][vc_row el_class=&#8221;container&#8221;][vc_column width=&#8221;1\/4&#8243;][\/vc_column][vc_column width=&#8221;1\/2&#8243;]\r\n                <div class=\"text-modules\">\r\n                    <div class=\"container\">\r\n                        \r\n                        <div class=\"text-modules__content\"><p><span style=\"font-size: 10pt;\"><em><img class=\"alignnone size-full wp-image-2206\" src=\"https:\/\/us.edu.pl\/t4e\/wp-content\/uploads\/sites\/59\/Bez-kategorii\/Projekt-bez-tytulu-37.png\" alt=\"zdj\u0119cie przedstawia u\u015bmiechni\u0119tych student\u00f3w w trakcie wydarzenia\" width=\"100%\" height=\"auto\" srcset=\"https:\/\/us.edu.pl\/t4e\/wp-content\/uploads\/sites\/59\/Bez-kategorii\/Projekt-bez-tytulu-37.png 800w, https:\/\/us.edu.pl\/t4e\/wp-content\/uploads\/sites\/59\/Bez-kategorii\/Projekt-bez-tytulu-37-768x576.png 768w, https:\/\/us.edu.pl\/t4e\/wp-content\/uploads\/sites\/59\/Bez-kategorii\/Projekt-bez-tytulu-37-575x431.png 575w\" sizes=\"(max-width: 800px) 100vw, 800px\" \/><\/em><\/span><\/p>\n<p><span style=\"font-size: 10pt;\"><em>Photo by Jonas Petronis<\/em><\/span><\/p>\n<\/div>\r\n                    <\/div>\r\n                <\/div>[\/vc_column][vc_column width=&#8221;1\/4&#8243;][\/vc_column][\/vc_row]<\/p>\n<p><\/p>","protected":false},"excerpt":{"rendered":"<p>[vc_row el_class=&#8221;container&#8221;][vc_column][\/vc_column][\/vc_row][vc_row el_class=&#8221;container&#8221;][vc_column width=&#8221;2\/3&#8243;][\/vc_column][vc_column width=&#8221;1\/3&#8243;][\/vc_column][\/vc_row][vc_row el_class=&#8221;container&#8221;][vc_column][vc_empty_space height=&#8221;20px&#8221;][\/vc_column][\/vc_row][vc_row el_class=&#8221;container&#8221;][vc_column width=&#8221;1\/4&#8243;][\/vc_column][vc_column width=&#8221;1\/2&#8243;][\/vc_column][vc_column width=&#8221;1\/4&#8243;][\/vc_column][\/vc_row] [&#8230;]<\/p>\n<p><a class=\"btn btn-secondary understrap-read-more-link\" href=\"https:\/\/us.edu.pl\/t4e\/en\/wizja\/\">Read More&#8230;<\/a><\/p>\n","protected":false},"author":139,"featured_media":0,"parent":0,"menu_order":0,"comment_status":"closed","ping_status":"closed","template":"","meta":{"_expiration-date-status":"","_expiration-date":0,"_expiration-date-type":"","_expiration-date-categories":[],"_expiration-date-options":[]},"acf":[],"_links":{"self":[{"href":"https:\/\/us.edu.pl\/t4e\/en\/wp-json\/wp\/v2\/pages\/121"}],"collection":[{"href":"https:\/\/us.edu.pl\/t4e\/en\/wp-json\/wp\/v2\/pages"}],"about":[{"href":"https:\/\/us.edu.pl\/t4e\/en\/wp-json\/wp\/v2\/types\/page"}],"author":[{"embeddable":true,"href":"https:\/\/us.edu.pl\/t4e\/en\/wp-json\/wp\/v2\/users\/139"}],"replies":[{"embeddable":true,"href":"https:\/\/us.edu.pl\/t4e\/en\/wp-json\/wp\/v2\/comments?post=121"}],"version-history":[{"count":10,"href":"https:\/\/us.edu.pl\/t4e\/en\/wp-json\/wp\/v2\/pages\/121\/revisions"}],"predecessor-version":[{"id":3170,"href":"https:\/\/us.edu.pl\/t4e\/en\/wp-json\/wp\/v2\/pages\/121\/revisions\/3170"}],"wp:attachment":[{"href":"https:\/\/us.edu.pl\/t4e\/en\/wp-json\/wp\/v2\/media?parent=121"}],"curies":[{"name":"wp","href":"https:\/\/api.w.org\/{rel}","templated":true}]}}