{"id":195,"date":"2021-01-21T10:05:14","date_gmt":"2021-01-21T09:05:14","guid":{"rendered":"https:\/\/us.edu.pl\/t4e\/?page_id=195"},"modified":"2026-02-12T10:03:13","modified_gmt":"2026-02-12T09:03:13","slug":"zespol","status":"publish","type":"page","link":"https:\/\/us.edu.pl\/t4e\/en\/zespol\/","title":{"rendered":"team"},"content":{"rendered":"<p><\/p>\n<p>[vc_row el_class=&#8221;container&#8221;][vc_column]\r\n                <div class=\"text-modules\">\r\n                    <div class=\"container\">\r\n                        <h3 class=\"page-title text__title\">Transform4Europe | team<\/h3>\r\n                        <div class=\"text-modules__content\"><\/div>\r\n                    <\/div>\r\n                <\/div>[vc_empty_space][\/vc_column][\/vc_row][vc_row el_class=&#8221;container foto&#8221;][vc_column width=&#8221;1\/4&#8243;]\r\n                <div class=\"text-modules\">\r\n                    <div class=\"container\">\r\n                        \r\n                        <div class=\"text-modules__content\"><\/p>\n<p><img class=\"alignnone wp-image-132190 size-full\" src=\"https:\/\/us.edu.pl\/wp-content\/uploads\/image\/t4e\/AJS3719-\u2014-2_TP_www.jpg\" alt=\"Zdj\u0119cie portretowe prof. Tomasza Pietrzykowskiego. Fot. Julia Agnieszka Szymala\" width=\"100%\" height=\"auto\" \/><\/p>\n<p>\n<\/div>\r\n                    <\/div>\r\n                <\/div>[\/vc_column][vc_column width=&#8221;1\/4&#8243;]\r\n                <div class=\"text-modules\">\r\n                    <div class=\"container\">\r\n                        \r\n                        <div class=\"text-modules__content\"><p><span style=\"font-size: 12pt;\"><span style=\"font-size: 16pt;\"><span style=\"font-size: 12pt;\">Prof.<\/span> TOMASZ PIETRZYKOWSKI<\/span><\/span><\/p>\n<p><small><span style=\"letter-spacing: 0.3mm; color: #333333; font-size: 10.5pt;\">Vice-Rector for International and Domestic Cooperation<\/span><\/small><\/p>\n<hr \/>\n<p><span style=\"font-size: small;\"><a href=\"mailto:tomasz.pietrzykowski@us.edu.pl\">tomasz.pietrzykowski@us.edu.pl<\/a><\/span><\/p>\n<\/div>\r\n                    <\/div>\r\n                <\/div>[\/vc_column][vc_column width=&#8221;1\/4&#8243;]\r\n                <div class=\"text-modules\">\r\n                    <div class=\"container\">\r\n                        \r\n                        <div class=\"text-modules__content\"><p><img class=\"alignnone size-medium wp-image-2833\" src=\"https:\/\/us.edu.pl\/t4e\/wp-content\/uploads\/sites\/59\/fotografie\/M.Mysliwiec-T4E-2-zdjecie_kopia_.jpg\" alt=\"dr hab. Ma\u0142gorzata My\u015bliwiec, prof. U\u015a\" width=\"100%\" height=\"auto\" srcset=\"https:\/\/us.edu.pl\/t4e\/wp-content\/uploads\/sites\/59\/fotografie\/M.Mysliwiec-T4E-2-zdjecie_kopia_.jpg 800w, https:\/\/us.edu.pl\/t4e\/wp-content\/uploads\/sites\/59\/fotografie\/M.Mysliwiec-T4E-2-zdjecie_kopia_-150x150.jpg 150w, https:\/\/us.edu.pl\/t4e\/wp-content\/uploads\/sites\/59\/fotografie\/M.Mysliwiec-T4E-2-zdjecie_kopia_-768x768.jpg 768w, https:\/\/us.edu.pl\/t4e\/wp-content\/uploads\/sites\/59\/fotografie\/M.Mysliwiec-T4E-2-zdjecie_kopia_-575x575.jpg 575w\" sizes=\"(max-width: 800px) 100vw, 800px\" \/><\/p>\n<\/div>\r\n                    <\/div>\r\n                <\/div>[\/vc_column][vc_column width=&#8221;1\/4&#8243;]\r\n                <div class=\"text-modules\">\r\n                    <div class=\"container\">\r\n                        \r\n                        <div class=\"text-modules__content\"><p><span style=\"font-size: 12pt;\"><span style=\"font-size: 16pt;\">MA\u0141GORZATA MY\u015aLIWIEC, <span style=\"font-size: 12pt;\">PhD, DSc, Assoc. Prof.<\/span><\/span><\/span><\/p>\n<p><small><span style=\"letter-spacing: 0.4mm; color: #333333; font-size: 10.5pt;\">Transform4Europe Project Coordinator | University of Silesia in Katowice<\/span><\/small><\/p>\n<hr \/>\n<p><span style=\"font-size: small;\"><a href=\"mailto:malgorzata.mysliwiec@us.edu.pl\">malgorzata.mysliwiec@us.edu.pl<\/a><\/span><\/p>\n<\/div>\r\n                    <\/div>\r\n                <\/div>[\/vc_column][\/vc_row][vc_row][vc_column][vc_empty_space][\/vc_column][\/vc_row][vc_row el_class=&#8221;container&#8221;][vc_column]\r\n                <div class=\"text-modules\">\r\n                    <div class=\"container\">\r\n                        \r\n                        <div class=\"text-modules__content\"><\/p>\n<h4 style=\"color: #002e5a; text-align: center;\"><strong>Transform4Europe Office<\/strong><\/h4>\n<p>\n<\/div>\r\n                    <\/div>\r\n                <\/div>[vc_row_inner gap=&#8221;10&#8243; el_class=&#8221;container foto&#8221;][vc_column_inner width=&#8221;1\/4&#8243; css=&#8221;.vc_custom_1763731964429{padding-top: 10px !important;padding-right: 10px !important;padding-bottom: 10px !important;padding-left: 10px !important;background-position: center !important;background-repeat: no-repeat !important;background-size: contain !important;}&#8221;][vc_empty_space height=&#8221;20px&#8221;]\r\n                <div class=\"text-modules\">\r\n                    <div class=\"container\">\r\n                        \r\n                        <div class=\"text-modules__content\"><p><img class=\"alignnone size-medium wp-image-5868\" src=\"https:\/\/us.edu.pl\/t4e\/wp-content\/uploads\/sites\/59\/fotografie\/Anna-Olender-Staskiewicz-800x800.jpg\" alt=\"Anna Olender-Sta\u015bkiewicz\" width=\"100%\" height=\"auto\" srcset=\"https:\/\/us.edu.pl\/t4e\/wp-content\/uploads\/sites\/59\/fotografie\/Anna-Olender-Staskiewicz-800x800.jpg 800w, https:\/\/us.edu.pl\/t4e\/wp-content\/uploads\/sites\/59\/fotografie\/Anna-Olender-Staskiewicz-150x150.jpg 150w, https:\/\/us.edu.pl\/t4e\/wp-content\/uploads\/sites\/59\/fotografie\/Anna-Olender-Staskiewicz-768x768.jpg 768w, https:\/\/us.edu.pl\/t4e\/wp-content\/uploads\/sites\/59\/fotografie\/Anna-Olender-Staskiewicz-575x575.jpg 575w, https:\/\/us.edu.pl\/t4e\/wp-content\/uploads\/sites\/59\/fotografie\/Anna-Olender-Staskiewicz.jpg 900w\" sizes=\"(max-width: 800px) 100vw, 800px\" \/><\/p>\n<\/div>\r\n                    <\/div>\r\n                <\/div>\r\n                <div class=\"text-modules\">\r\n                    <div class=\"container\">\r\n                        \r\n                        <div class=\"text-modules__content\"><p><span style=\"font-size: 12pt;\"><span style=\"font-size: 16pt;\">ANNA OLENDER-STA\u015aKIEWICZ<\/span><\/span><\/p>\n<p><small><span style=\"letter-spacing: 0.3mm; color: #333333; font-size: 10.5pt;\">Head of Transform4Europe Office<\/span><\/small><\/p>\n<hr \/>\n<p><span style=\"font-size: small;\"><a href=\"mailto:anna.olender-staskiewicz@us.edu.pl\">anna.olender-staskiewicz@us.edu.pl<\/a><br \/>\n+48 32 359 23 94<br \/>\n<\/span><\/p>\n<\/div>\r\n                    <\/div>\r\n                <\/div>[\/vc_column_inner][vc_column_inner width=&#8221;1\/4&#8243; css=&#8221;.vc_custom_1763731970880{padding-top: 10px !important;padding-right: 10px !important;padding-bottom: 10px !important;padding-left: 10px !important;background-position: center !important;background-repeat: no-repeat !important;background-size: contain !important;}&#8221;][vc_empty_space height=&#8221;20px&#8221;]\r\n                <div class=\"text-modules\">\r\n                    <div class=\"container\">\r\n                        \r\n                        <div class=\"text-modules__content\"><p><img class=\"alignnone size-medium wp-image-5872\" src=\"https:\/\/us.edu.pl\/t4e\/wp-content\/uploads\/sites\/59\/fotografie\/Agnieszka-Kwasniak-800x800.jpg\" alt=\"Agnieszka Kwa\u015bniak\" width=\"100%\" height=\"auto\" srcset=\"https:\/\/us.edu.pl\/t4e\/wp-content\/uploads\/sites\/59\/fotografie\/Agnieszka-Kwasniak-800x800.jpg 800w, https:\/\/us.edu.pl\/t4e\/wp-content\/uploads\/sites\/59\/fotografie\/Agnieszka-Kwasniak-150x150.jpg 150w, https:\/\/us.edu.pl\/t4e\/wp-content\/uploads\/sites\/59\/fotografie\/Agnieszka-Kwasniak-768x768.jpg 768w, https:\/\/us.edu.pl\/t4e\/wp-content\/uploads\/sites\/59\/fotografie\/Agnieszka-Kwasniak-575x575.jpg 575w, https:\/\/us.edu.pl\/t4e\/wp-content\/uploads\/sites\/59\/fotografie\/Agnieszka-Kwasniak.jpg 900w\" sizes=\"(max-width: 800px) 100vw, 800px\" \/><\/p>\n<\/div>\r\n                    <\/div>\r\n                <\/div>\r\n                <div class=\"text-modules\">\r\n                    <div class=\"container\">\r\n                        \r\n                        <div class=\"text-modules__content\"><p><span style=\"font-size: 12pt;\"><span style=\"font-size: 16pt;\">AGNIESZKA KWA\u015aNIAK<\/span><\/span><\/p>\n<p><small><span style=\"letter-spacing: 0.3mm; color: #333333; font-size: 10.5pt;\">Administrative suppport<\/span><\/small><\/p>\n<hr \/>\n<p><span style=\"font-size: small;\"><a href=\"mailto:agnieszka.kwasniak@us.edu.pl\">agnieszka.kwasniak@us.edu.pl<\/a><br \/>\n+48 32 359 23 92<br \/>\n<\/span><\/p>\n<\/div>\r\n                    <\/div>\r\n                <\/div>[\/vc_column_inner][vc_column_inner width=&#8221;1\/4&#8243;][vc_empty_space height=&#8221;20px&#8221;]\r\n                <div class=\"text-modules\">\r\n                    <div class=\"container\">\r\n                        \r\n                        <div class=\"text-modules__content\"><p><img class=\"alignnone size-medium wp-image-5869\" src=\"https:\/\/us.edu.pl\/t4e\/wp-content\/uploads\/sites\/59\/fotografie\/Kacper-Skalmierski-800x800.jpg\" alt=\"Kacper Skalmierski\" width=\"100%\" height=\"auto\" srcset=\"https:\/\/us.edu.pl\/t4e\/wp-content\/uploads\/sites\/59\/fotografie\/Kacper-Skalmierski-800x800.jpg 800w, https:\/\/us.edu.pl\/t4e\/wp-content\/uploads\/sites\/59\/fotografie\/Kacper-Skalmierski-150x150.jpg 150w, https:\/\/us.edu.pl\/t4e\/wp-content\/uploads\/sites\/59\/fotografie\/Kacper-Skalmierski-768x768.jpg 768w, https:\/\/us.edu.pl\/t4e\/wp-content\/uploads\/sites\/59\/fotografie\/Kacper-Skalmierski-575x575.jpg 575w, https:\/\/us.edu.pl\/t4e\/wp-content\/uploads\/sites\/59\/fotografie\/Kacper-Skalmierski.jpg 900w\" sizes=\"(max-width: 800px) 100vw, 800px\" \/><\/p>\n<\/div>\r\n                    <\/div>\r\n                <\/div>\r\n                <div class=\"text-modules\">\r\n                    <div class=\"container\">\r\n                        \r\n                        <div class=\"text-modules__content\"><p><span style=\"font-size: 12pt;\"><span style=\"font-size: 16pt;\">KACPER SKALMIERSKI<\/span><\/span><\/p>\n<p><small><span style=\"letter-spacing: 0.3mm; color: #333333; font-size: 10.5pt;\">Administrative suppport<\/span><\/small><\/p>\n<hr \/>\n<p><span style=\"font-size: small;\"><a href=\"mailto:kacper.skalmierski@us.edu.pl\">kacper.skalmierski@us.edu.pl<\/a><br \/>\n+48 32 359 23 92<br \/>\n<\/span><\/p>\n<\/div>\r\n                    <\/div>\r\n                <\/div>[\/vc_column_inner][vc_column_inner width=&#8221;1\/4&#8243;][vc_empty_space height=&#8221;20px&#8221;]\r\n                <div class=\"text-modules\">\r\n                    <div class=\"container\">\r\n                        \r\n                        <div class=\"text-modules__content\"><p><img class=\"alignnone size-medium wp-image-5870\" src=\"https:\/\/us.edu.pl\/t4e\/wp-content\/uploads\/sites\/59\/fotografie\/Barbara-Kowalczyk-800x800.jpg\" alt=\"Barbara Kowalczyk\" width=\"100%\" height=\"auto\" srcset=\"https:\/\/us.edu.pl\/t4e\/wp-content\/uploads\/sites\/59\/fotografie\/Barbara-Kowalczyk-800x800.jpg 800w, https:\/\/us.edu.pl\/t4e\/wp-content\/uploads\/sites\/59\/fotografie\/Barbara-Kowalczyk-150x150.jpg 150w, https:\/\/us.edu.pl\/t4e\/wp-content\/uploads\/sites\/59\/fotografie\/Barbara-Kowalczyk-768x768.jpg 768w, https:\/\/us.edu.pl\/t4e\/wp-content\/uploads\/sites\/59\/fotografie\/Barbara-Kowalczyk-575x575.jpg 575w, https:\/\/us.edu.pl\/t4e\/wp-content\/uploads\/sites\/59\/fotografie\/Barbara-Kowalczyk.jpg 900w\" sizes=\"(max-width: 800px) 100vw, 800px\" \/><\/p>\n<\/div>\r\n                    <\/div>\r\n                <\/div>\r\n                <div class=\"text-modules\">\r\n                    <div class=\"container\">\r\n                        \r\n                        <div class=\"text-modules__content\"><p><span style=\"font-size: 12pt;\"><span style=\"font-size: 16pt;\">BARBARA KOWALCZYK<\/span><\/span><\/p>\n<p><small><span style=\"letter-spacing: 0.3mm; color: #333333; font-size: 10.5pt;\">Administrative suppport<\/span><\/small><\/p>\n<hr \/>\n<p><span style=\"font-size: small;\"><a href=\"mailto:barbara.b.kowalczyk@us.edu.pl\">barbara.b.kowalczyk@us.edu.pl<\/a><br \/>\n+48 32 359 23 92<br \/>\n<\/span><\/p>\n<\/div>\r\n                    <\/div>\r\n                <\/div>[\/vc_column_inner][\/vc_row_inner][vc_row_inner][vc_column_inner][vc_empty_space height=&#8221;20px&#8221;][vc_single_image image=&#8221;5871&#8243; img_size=&#8221;full&#8221; alignment=&#8221;center&#8221;][vc_empty_space][\/vc_column_inner][\/vc_row_inner][\/vc_column][\/vc_row]<\/p>\n<p><\/p>","protected":false},"excerpt":{"rendered":"<p>[vc_row el_class=&#8221;container&#8221;][vc_column][vc_empty_space][\/vc_column][\/vc_row][vc_row el_class=&#8221;container foto&#8221;][vc_column width=&#8221;1\/4&#8243;][\/vc_column][vc_column width=&#8221;1\/4&#8243;][\/vc_column][vc_column width=&#8221;1\/4&#8243;][\/vc_column][vc_column width=&#8221;1\/4&#8243;][\/vc_column][\/vc_row][vc_row][vc_column][vc_empty_space][\/vc_column][\/vc_row][vc_row el_class=&#8221;container&#8221;][vc_column][vc_row_inner gap=&#8221;10&#8243; el_class=&#8221;container foto&#8221;][vc_column_inner width=&#8221;1\/4&#8243; css=&#8221;.vc_custom_1763731964429{padding-top: 10px !important;padding-right: 10px !important;padding-bottom: 10px !important;padding-left: 10px !important;background-position: center !important;background-repeat: no-repeat !important;background-size: contain !important;}&#8221;][vc_empty_space height=&#8221;20px&#8221;][\/vc_column_inner][vc_column_inner width=&#8221;1\/4&#8243; css=&#8221;.vc_custom_1763731970880{padding-top: 10px !important;padding-right: 10px !important;padding-bottom: 10px !important;padding-left: 10px !important;background-position: center !important;background-repeat: no-repeat !important;background-size: contain !important;}&#8221;][vc_empty_space height=&#8221;20px&#8221;][\/vc_column_inner][vc_column_inner width=&#8221;1\/4&#8243;][vc_empty_space height=&#8221;20px&#8221;][\/vc_column_inner][vc_column_inner width=&#8221;1\/4&#8243;][vc_empty_space height=&#8221;20px&#8221;][\/vc_column_inner][\/vc_row_inner][vc_row_inner][vc_column_inner][vc_empty_space height=&#8221;20px&#8221;][vc_single_image image=&#8221;5871&#8243; img_size=&#8221;full&#8221; alignment=&#8221;center&#8221;][vc_empty_space][\/vc_column_inner][\/vc_row_inner][\/vc_column][\/vc_row] [&#8230;]<\/p>\n<p><a class=\"btn btn-secondary understrap-read-more-link\" href=\"https:\/\/us.edu.pl\/t4e\/en\/zespol\/\">Read More&#8230;<\/a><\/p>\n","protected":false},"author":139,"featured_media":0,"parent":0,"menu_order":0,"comment_status":"closed","ping_status":"closed","template":"","meta":{"_expiration-date-status":"","_expiration-date":0,"_expiration-date-type":"","_expiration-date-categories":[],"_expiration-date-options":[]},"acf":[],"_links":{"self":[{"href":"https:\/\/us.edu.pl\/t4e\/en\/wp-json\/wp\/v2\/pages\/195"}],"collection":[{"href":"https:\/\/us.edu.pl\/t4e\/en\/wp-json\/wp\/v2\/pages"}],"about":[{"href":"https:\/\/us.edu.pl\/t4e\/en\/wp-json\/wp\/v2\/types\/page"}],"author":[{"embeddable":true,"href":"https:\/\/us.edu.pl\/t4e\/en\/wp-json\/wp\/v2\/users\/139"}],"replies":[{"embeddable":true,"href":"https:\/\/us.edu.pl\/t4e\/en\/wp-json\/wp\/v2\/comments?post=195"}],"version-history":[{"count":14,"href":"https:\/\/us.edu.pl\/t4e\/en\/wp-json\/wp\/v2\/pages\/195\/revisions"}],"predecessor-version":[{"id":6012,"href":"https:\/\/us.edu.pl\/t4e\/en\/wp-json\/wp\/v2\/pages\/195\/revisions\/6012"}],"wp:attachment":[{"href":"https:\/\/us.edu.pl\/t4e\/en\/wp-json\/wp\/v2\/media?parent=195"}],"curies":[{"name":"wp","href":"https:\/\/api.w.org\/{rel}","templated":true}]}}