{"id":5613,"date":"2025-08-04T09:50:01","date_gmt":"2025-08-04T07:50:01","guid":{"rendered":"https:\/\/us.edu.pl\/t4e\/?page_id=5613"},"modified":"2026-02-18T11:57:51","modified_gmt":"2026-02-18T10:57:51","slug":"t4eu-zainspiruj-sie","status":"publish","type":"page","link":"https:\/\/us.edu.pl\/t4e\/en\/t4eu-zainspiruj-sie\/","title":{"rendered":"Get Inspired by T4EU!"},"content":{"rendered":"<p>[vc_row el_class=&#8221;container&#8221;][vc_column][vc_empty_space][vc_raw_html]JTNDaDIlMjBjbGFzcyUzRCUyMnBhZ2UtdGl0bGUlMjIlM0VHZXQlMjBJbnNwaXJlZCUyMGJ5JTIwVDRFVSUyMSUzQyUyRmgyJTNF[\/vc_raw_html][vc_empty_space height=&#8221;10px&#8221;][\/vc_column][\/vc_row][vc_row el_class=&#8221;container&#8221;][vc_column width=&#8221;2\/3&#8243;]\r\n                <div class=\"text-modules\">\r\n                    <div class=\"container\">\r\n                        \r\n                        <div class=\"text-modules__content\"><p>Get inspired by experiences shared by students, PhD students and university employees who have participated in Transform4Europe initiatives \u2013 discover their stories about trips, research and international collaborations.<\/p>\n<p>Within the Transform4Europe Alliance, European universities are joining their forces to shape the future of education, science and academic mobility, therefore creating new opportunities for people at different stages of their careers \u2013 from students to experienced researchers. The website features participants\u2019 stories \u2013 their challenges and achievements, inspiring encounters, research projects, and everyday life at partner universities across Europe.<\/p>\n<p>Videos, articles and interviews, everything highlights how taking part in Transform4Europe initiatives impacts their professional, academic and personal growth. Learn some practical tips, discover thoughts and reflections on what international cooperation gives them and see how it changes the way they perceive the world.<\/p>\n<p data-start=\"129\" data-end=\"816\">Read first-hand stories and embark on your very own Transform4Europe adventure.<\/p>\n<p>\n<\/div>\r\n                    <\/div>\r\n                <\/div>[\/vc_column][vc_column width=&#8221;1\/3&#8243; css=&#8221;.vc_custom_1755593736525{background-color: #fbfaf8 !important;}&#8221;][vc_empty_space height=&#8221;20px&#8221;]\r\n                <div class=\"text-modules\">\r\n                    <div class=\"container\">\r\n                        \r\n                        <div class=\"text-modules__content\"><p><span style=\"font-size: 10pt;\"><img class=\"alignnone wp-image-976\" src=\"https:\/\/us.edu.pl\/t4e\/wp-content\/uploads\/sites\/59\/grafiki\/logo\/Transform4Europe_CVI-3-800x214.png\" alt=\"logo Transform4Europe\" width=\"300\" height=\"80\" srcset=\"https:\/\/us.edu.pl\/t4e\/wp-content\/uploads\/sites\/59\/grafiki\/logo\/Transform4Europe_CVI-3-800x214.png 800w, https:\/\/us.edu.pl\/t4e\/wp-content\/uploads\/sites\/59\/grafiki\/logo\/Transform4Europe_CVI-3-768x206.png 768w, https:\/\/us.edu.pl\/t4e\/wp-content\/uploads\/sites\/59\/grafiki\/logo\/Transform4Europe_CVI-3-1024x274.png 1024w, https:\/\/us.edu.pl\/t4e\/wp-content\/uploads\/sites\/59\/grafiki\/logo\/Transform4Europe_CVI-3-575x154.png 575w\" sizes=\"(max-width: 300px) 100vw, 300px\" \/><\/span><\/p>\n<\/div>\r\n                    <\/div>\r\n                <\/div>\r\n                <div class=\"text-modules\">\r\n                    <div class=\"container\">\r\n                        \r\n                        <div class=\"text-modules__content\"><p><img class=\"alignnone size-medium wp-image-3759\" src=\"https:\/\/us.edu.pl\/t4e\/wp-content\/uploads\/sites\/59\/fotografie\/T4EU-Events-in-Katowice-and-Cieszyn-2024\/fot.-Przemyslaw-Kowal-43-1-800x533.jpg\" alt=\"na zdj\u0119ciu u\u015bmiechni\u0119ci stuednci pozuj\u0105 do zdj\u0119cia w tle flaga t4eu\" width=\"100%\" height=\"auto\" srcset=\"https:\/\/us.edu.pl\/t4e\/wp-content\/uploads\/sites\/59\/fotografie\/T4EU-Events-in-Katowice-and-Cieszyn-2024\/fot.-Przemyslaw-Kowal-43-1-800x533.jpg 800w, https:\/\/us.edu.pl\/t4e\/wp-content\/uploads\/sites\/59\/fotografie\/T4EU-Events-in-Katowice-and-Cieszyn-2024\/fot.-Przemyslaw-Kowal-43-1-1024x683.jpg 1024w, https:\/\/us.edu.pl\/t4e\/wp-content\/uploads\/sites\/59\/fotografie\/T4EU-Events-in-Katowice-and-Cieszyn-2024\/fot.-Przemyslaw-Kowal-43-1-768x512.jpg 768w, https:\/\/us.edu.pl\/t4e\/wp-content\/uploads\/sites\/59\/fotografie\/T4EU-Events-in-Katowice-and-Cieszyn-2024\/fot.-Przemyslaw-Kowal-43-1-575x383.jpg 575w, https:\/\/us.edu.pl\/t4e\/wp-content\/uploads\/sites\/59\/fotografie\/T4EU-Events-in-Katowice-and-Cieszyn-2024\/fot.-Przemyslaw-Kowal-43-1.jpg 1200w\" sizes=\"(max-width: 800px) 100vw, 800px\" \/><\/p>\n<p><span style=\"font-size: 10pt;\">T4EU Week in Katowice | Photo by Przemys\u0142aw Kowal<\/span><\/p>\n<\/div>\r\n                    <\/div>\r\n                <\/div>[\/vc_column][\/vc_row][vc_row][vc_column]<div class=\"container\"><div class=\"separator\" style=\"background-color: #EBEBEB\"><\/div><\/div>\r\n                <div class=\"text-modules\">\r\n                    <div class=\"container\">\r\n                        \r\n                        <div class=\"text-modules__content\"><\/p>\n<h3><strong>Meet T4EU students, PhD students and staff<\/strong><\/h3>\n<p>\n<\/div>\r\n                    <\/div>\r\n                <\/div>[\/vc_column][\/vc_row][vc_row content_placement=&#8221;bottom&#8221; el_class=&#8221;container&#8221;][vc_column width=&#8221;1\/4&#8243; el_class=&#8221;shadow margines&#8221;][vc_column_text css=&#8221;.vc_custom_1754294629851{margin-top: 0px !important;margin-right: 0px !important;margin-bottom: 0px !important;margin-left: 0px !important;border-top-width: 0px !important;border-right-width: 0px !important;border-bottom-width: 0px !important;border-left-width: 0px !important;padding-top: 0px !important;padding-right: 0px !important;padding-bottom: 0px !important;padding-left: 0px !important;}&#8221;]<img class=\"alignnone size-medium wp-image-5625\" src=\"https:\/\/us.edu.pl\/t4e\/wp-content\/uploads\/sites\/59\/fotografie\/Dr-Agnieszka-Babczynska-prof.-US-pod-ogrodem-botanicznym-Uniwersytetu-Witolda-Wielkiego-w-Kownie-fot.-archiwum-prywatne-800x800.jpg\" alt=\"Dr hab. Agnieszka Babczy\u0144ska, prof. U\u015a, przed ogrodem botanicznym Uniwersytetu Witolda Wielkiego w Kownie\" width=\"100%\" height=\"auto\" srcset=\"https:\/\/us.edu.pl\/t4e\/wp-content\/uploads\/sites\/59\/fotografie\/Dr-Agnieszka-Babczynska-prof.-US-pod-ogrodem-botanicznym-Uniwersytetu-Witolda-Wielkiego-w-Kownie-fot.-archiwum-prywatne.jpg 800w, https:\/\/us.edu.pl\/t4e\/wp-content\/uploads\/sites\/59\/fotografie\/Dr-Agnieszka-Babczynska-prof.-US-pod-ogrodem-botanicznym-Uniwersytetu-Witolda-Wielkiego-w-Kownie-fot.-archiwum-prywatne-150x150.jpg 150w, https:\/\/us.edu.pl\/t4e\/wp-content\/uploads\/sites\/59\/fotografie\/Dr-Agnieszka-Babczynska-prof.-US-pod-ogrodem-botanicznym-Uniwersytetu-Witolda-Wielkiego-w-Kownie-fot.-archiwum-prywatne-768x768.jpg 768w, https:\/\/us.edu.pl\/t4e\/wp-content\/uploads\/sites\/59\/fotografie\/Dr-Agnieszka-Babczynska-prof.-US-pod-ogrodem-botanicznym-Uniwersytetu-Witolda-Wielkiego-w-Kownie-fot.-archiwum-prywatne-575x575.jpg 575w\" sizes=\"(max-width: 800px) 100vw, 800px\" \/>[\/vc_column_text][vc_column_text css=&#8221;.vc_custom_1757574804669{margin-top: 0px !important;margin-right: 0px !important;margin-bottom: 0px !important;margin-left: 0px !important;border-top-width: 0px !important;border-right-width: 0px !important;border-bottom-width: 0px !important;border-left-width: 0px !important;padding-top: 15px !important;padding-right: 15px !important;padding-bottom: 10px !important;padding-left: 15px !important;}&#8221;]<a class=\"duzy-link\" href=\"https:\/\/us.edu.pl\/t4e\/t4eu-daje-wiele-mozliwosci\/\"><small><span style=\"letter-spacing: 0.6mm; color: #333333; font-size: 130%; font-family: PT Sans Narrow;\"><strong>AGNIESZKA BABCZY\u0143SKA, PhD, DSc, Assoc. Prof.<\/strong><\/span><\/small><\/a><\/p>\n<p><span style=\"font-family: PT Sans Narrow; color: #011535;\">Faculty of Natural Sciences<\/span>[\/vc_column_text][\/vc_column][vc_column width=&#8221;1\/4&#8243;][vc_column_text css=&#8221;.vc_custom_1758704817319{margin-top: 0px !important;margin-right: 0px !important;margin-bottom: 0px !important;margin-left: 0px !important;border-top-width: 0px !important;border-right-width: 0px !important;border-bottom-width: 0px !important;border-left-width: 0px !important;padding-top: 0px !important;padding-right: 0px !important;padding-bottom: 0px !important;padding-left: 0px !important;}&#8221;]<img class=\"alignnone size-medium wp-image-5721\" src=\"https:\/\/us.edu.pl\/t4e\/wp-content\/uploads\/sites\/59\/fotografie\/Tomasz-Grzaslewicz-800x800.jpg\" alt=\"Tomasz Grz\u0105\u015blewicz\" width=\"100%\" height=\"auto\" srcset=\"https:\/\/us.edu.pl\/t4e\/wp-content\/uploads\/sites\/59\/fotografie\/Tomasz-Grzaslewicz.jpg 800w, https:\/\/us.edu.pl\/t4e\/wp-content\/uploads\/sites\/59\/fotografie\/Tomasz-Grzaslewicz-150x150.jpg 150w, https:\/\/us.edu.pl\/t4e\/wp-content\/uploads\/sites\/59\/fotografie\/Tomasz-Grzaslewicz-768x768.jpg 768w, https:\/\/us.edu.pl\/t4e\/wp-content\/uploads\/sites\/59\/fotografie\/Tomasz-Grzaslewicz-575x575.jpg 575w\" sizes=\"(max-width: 800px) 100vw, 800px\" \/>[\/vc_column_text][vc_column_text css=&#8221;.vc_custom_1758704848787{margin-top: 0px !important;margin-right: 0px !important;margin-bottom: 0px !important;margin-left: 0px !important;border-top-width: 0px !important;border-right-width: 0px !important;border-bottom-width: 0px !important;border-left-width: 0px !important;padding-top: 15px !important;padding-right: 15px !important;padding-bottom: 10px !important;padding-left: 15px !important;}&#8221;]<a class=\"duzy-link\" href=\"https:\/\/us.edu.pl\/t4e\/wspomnienia-z-t4eu-common-european-heritage-week-w-triescie\/\"><small><span style=\"letter-spacing: 0.6mm; color: #333333; font-size: 130%; font-family: PT Sans Narrow;\"><strong>TOMASZ GRZ\u0104\u015aLEWICZ<\/strong><\/span><\/small><\/a><\/p>\n<p><span style=\"font-family: PT Sans Narrow; color: #011535;\">Doctoral School<\/span>[\/vc_column_text][\/vc_column][vc_column width=&#8221;1\/4&#8243; el_class=&#8221;shadow margines&#8221;][vc_column_text css=&#8221;.vc_custom_1771412190153{margin-top: 0px !important;margin-right: 0px !important;margin-bottom: 0px !important;margin-left: 0px !important;border-top-width: 0px !important;border-right-width: 0px !important;border-bottom-width: 0px !important;border-left-width: 0px !important;padding-top: 0px !important;padding-right: 0px !important;padding-bottom: 0px !important;padding-left: 0px !important;}&#8221;]<img class=\"alignnone size-medium wp-image-5868\" src=\"https:\/\/us.edu.pl\/t4e\/wp-content\/uploads\/sites\/59\/fotografie\/Anna-Olender-Staskiewicz-800x800.jpg\" alt=\"Anna Olender-Sta\u015bkiewicz\" width=\"100%\" height=\"auto\" srcset=\"https:\/\/us.edu.pl\/t4e\/wp-content\/uploads\/sites\/59\/fotografie\/Anna-Olender-Staskiewicz-800x800.jpg 800w, https:\/\/us.edu.pl\/t4e\/wp-content\/uploads\/sites\/59\/fotografie\/Anna-Olender-Staskiewicz-150x150.jpg 150w, https:\/\/us.edu.pl\/t4e\/wp-content\/uploads\/sites\/59\/fotografie\/Anna-Olender-Staskiewicz-768x768.jpg 768w, https:\/\/us.edu.pl\/t4e\/wp-content\/uploads\/sites\/59\/fotografie\/Anna-Olender-Staskiewicz-575x575.jpg 575w, https:\/\/us.edu.pl\/t4e\/wp-content\/uploads\/sites\/59\/fotografie\/Anna-Olender-Staskiewicz.jpg 900w\" sizes=\"(max-width: 800px) 100vw, 800px\" \/>[\/vc_column_text][vc_column_text css=&#8221;.vc_custom_1771412249824{margin-top: 0px !important;margin-right: 0px !important;margin-bottom: 0px !important;margin-left: 0px !important;border-top-width: 0px !important;border-right-width: 0px !important;border-bottom-width: 0px !important;border-left-width: 0px !important;padding-top: 15px !important;padding-right: 15px !important;padding-bottom: 10px !important;padding-left: 15px !important;}&#8221;]<a class=\"duzy-link\" href=\"https:\/\/us.edu.pl\/t4e\/en\/wspomnienia-z-pobytu-w-triescie-w-ramach-t4eu-anna-olender-staskiewicz\/\"><small><span style=\"letter-spacing: 0.6mm; color: #333333; font-size: 130%; font-family: PT Sans Narrow;\"><strong>ANNA OLENDER-STA\u015aKIEWICZ<\/strong><\/span><\/small><\/a><\/p>\n<p><span style=\"font-family: PT Sans Narrow; color: #011535;\">Transform4Europe Office<\/span>[\/vc_column_text][\/vc_column][vc_column width=&#8221;1\/4&#8243;][\/vc_column][\/vc_row][vc_row][vc_column][vc_empty_space][\/vc_column][\/vc_row]<\/p>","protected":false},"excerpt":{"rendered":"<p>[vc_row el_class=&#8221;container&#8221;][vc_column][vc_empty_space][vc_raw_html]JTNDaDIlMjBjbGFzcyUzRCUyMnBhZ2UtdGl0bGUlMjIlM0VHZXQlMjBJbnNwaXJlZCUyMGJ5JTIwVDRFVSUyMSUzQyUyRmgyJTNF[\/vc_raw_html][vc_empty_space height=&#8221;10px&#8221;][\/vc_column][\/vc_row][vc_row el_class=&#8221;container&#8221;][vc_column width=&#8221;2\/3&#8243;][\/vc_column][vc_column width=&#8221;1\/3&#8243; css=&#8221;.vc_custom_1755593736525{background-color: #fbfaf8 !important;}&#8221;][vc_empty_space height=&#8221;20px&#8221;][\/vc_column][\/vc_row][vc_row][vc_column][\/vc_column][\/vc_row][vc_row content_placement=&#8221;bottom&#8221; el_class=&#8221;container&#8221;][vc_column width=&#8221;1\/4&#8243; el_class=&#8221;shadow margines&#8221;][vc_column_text css=&#8221;.vc_custom_1754294629851{margin-top: 0px !important;margin-right: 0px !important;margin-bottom: 0px !important;margin-left: 0px !important;border-top-width: 0px !important;border-right-width: 0px !important;border-bottom-width: 0px !important;border-left-width: 0px !important;padding-top: 0px !important;padding-right: 0px !important;padding-bottom: 0px !important;padding-left: 0px !important;}&#8221;][\/vc_column_text][vc_column_text css=&#8221;.vc_custom_1757574804669{margin-top: 0px !important;margin-right: 0px !important;margin-bottom: 0px !important;margin-left: 0px !important;border-top-width: 0px !important;border-right-width: 0px !important;border-bottom-width: 0px !important;border-left-width: [&#8230;]<\/p>\n<p><a class=\"btn btn-secondary understrap-read-more-link\" href=\"https:\/\/us.edu.pl\/t4e\/en\/t4eu-zainspiruj-sie\/\">Read More&#8230;<\/a><\/p>\n","protected":false},"author":33,"featured_media":0,"parent":0,"menu_order":0,"comment_status":"closed","ping_status":"closed","template":"","meta":{"_expiration-date-status":"","_expiration-date":0,"_expiration-date-type":"","_expiration-date-categories":[],"_expiration-date-options":[]},"acf":[],"_links":{"self":[{"href":"https:\/\/us.edu.pl\/t4e\/en\/wp-json\/wp\/v2\/pages\/5613"}],"collection":[{"href":"https:\/\/us.edu.pl\/t4e\/en\/wp-json\/wp\/v2\/pages"}],"about":[{"href":"https:\/\/us.edu.pl\/t4e\/en\/wp-json\/wp\/v2\/types\/page"}],"author":[{"embeddable":true,"href":"https:\/\/us.edu.pl\/t4e\/en\/wp-json\/wp\/v2\/users\/33"}],"replies":[{"embeddable":true,"href":"https:\/\/us.edu.pl\/t4e\/en\/wp-json\/wp\/v2\/comments?post=5613"}],"version-history":[{"count":7,"href":"https:\/\/us.edu.pl\/t4e\/en\/wp-json\/wp\/v2\/pages\/5613\/revisions"}],"predecessor-version":[{"id":6037,"href":"https:\/\/us.edu.pl\/t4e\/en\/wp-json\/wp\/v2\/pages\/5613\/revisions\/6037"}],"wp:attachment":[{"href":"https:\/\/us.edu.pl\/t4e\/en\/wp-json\/wp\/v2\/media?parent=5613"}],"curies":[{"name":"wp","href":"https:\/\/api.w.org\/{rel}","templated":true}]}}