{"id":5956,"date":"2026-02-11T11:26:30","date_gmt":"2026-02-11T10:26:30","guid":{"rendered":"https:\/\/us.edu.pl\/t4e\/?page_id=5956"},"modified":"2026-04-03T08:06:50","modified_gmt":"2026-04-03T06:06:50","slug":"projekt-rozwoj-umiedzynarodowienia-uniwersytetu-slaskiego-poprzez-sojusz-transform4europe","status":"publish","type":"page","link":"https:\/\/us.edu.pl\/t4e\/en\/projekt-rozwoj-umiedzynarodowienia-uniwersytetu-slaskiego-poprzez-sojusz-transform4europe\/","title":{"rendered":"Rozw\u00f3j umi\u0119dzynarodowienia Uniwersytetu \u015al\u0105skiego w Katowicach poprzez sojusz Transform4Europe"},"content":{"rendered":"<p class=\"qtranxs-available-languages-message qtranxs-available-languages-message-en\">Sorry, this entry is only available in <a href=\"https:\/\/us.edu.pl\/t4e\/pl\/wp-json\/wp\/v2\/pages\/5956\" class=\"qtranxs-available-language-link qtranxs-available-language-link-pl\" title=\"Polish\">Polish<\/a>.<\/p>","protected":false},"excerpt":{"rendered":"<p>Sorry, this entry is only available in Polish. [&#8230;]<\/p>\n<p><a class=\"btn btn-secondary understrap-read-more-link\" href=\"https:\/\/us.edu.pl\/t4e\/en\/nabor-do-realizacji-spotkan-zespolow-roboczych-oraz-wizyt-studyjnych-w-ramach-sojuszu-t4eu\/\">Read More&#8230;<\/a><\/p>\n","protected":false},"author":33,"featured_media":0,"parent":0,"menu_order":0,"comment_status":"closed","ping_status":"closed","template":"","meta":{"_expiration-date-status":"","_expiration-date":0,"_expiration-date-type":"","_expiration-date-categories":[],"_expiration-date-options":[]},"acf":[],"_links":{"self":[{"href":"https:\/\/us.edu.pl\/t4e\/en\/wp-json\/wp\/v2\/pages\/5956"}],"collection":[{"href":"https:\/\/us.edu.pl\/t4e\/en\/wp-json\/wp\/v2\/pages"}],"about":[{"href":"https:\/\/us.edu.pl\/t4e\/en\/wp-json\/wp\/v2\/types\/page"}],"author":[{"embeddable":true,"href":"https:\/\/us.edu.pl\/t4e\/en\/wp-json\/wp\/v2\/users\/33"}],"replies":[{"embeddable":true,"href":"https:\/\/us.edu.pl\/t4e\/en\/wp-json\/wp\/v2\/comments?post=5956"}],"version-history":[{"count":11,"href":"https:\/\/us.edu.pl\/t4e\/en\/wp-json\/wp\/v2\/pages\/5956\/revisions"}],"predecessor-version":[{"id":6242,"href":"https:\/\/us.edu.pl\/t4e\/en\/wp-json\/wp\/v2\/pages\/5956\/revisions\/6242"}],"wp:attachment":[{"href":"https:\/\/us.edu.pl\/t4e\/en\/wp-json\/wp\/v2\/media?parent=5956"}],"curies":[{"name":"wp","href":"https:\/\/api.w.org\/{rel}","templated":true}]}}