{"id":121,"date":"2021-01-20T14:47:48","date_gmt":"2021-01-20T13:47:48","guid":{"rendered":"https:\/\/us.edu.pl\/t4e\/?page_id=121"},"modified":"2024-09-17T09:17:16","modified_gmt":"2024-09-17T07:17:16","slug":"wizja","status":"publish","type":"page","link":"https:\/\/us.edu.pl\/t4e\/wizja\/","title":{"rendered":"wizja"},"content":{"rendered":"<p>[vc_row el_class=&#8221;container&#8221;][vc_column]\r\n                <div class=\"text-modules\">\r\n                    <div class=\"container\">\r\n                        <h3 class=\"page-title text__title\">Transform4Europe | wizja<\/h3>\r\n                        <div class=\"text-modules__content\"><\/div>\r\n                    <\/div>\r\n                <\/div>[\/vc_column][\/vc_row][vc_row el_class=&#8221;container&#8221;][vc_column width=&#8221;2\/3&#8243;]\r\n                <div class=\"text-modules\">\r\n                    <div class=\"container\">\r\n                        \r\n                        <div class=\"text-modules__content\"><p><span style=\"font-weight: 400;\">Chcemy tworzy\u0107 wsp\u00f3lny zintegrowany uniwersytet europejski oparty na wsp\u00f3lnych europejskich warto\u015bciach. Sojusz pragnie by\u0107 r\u00f3\u017cnorodny i inkluzywny, a tak\u017ce g\u0142\u0119boko zakorzeniony w poszczeg\u00f3lnych ekosystemach regionalnych, kszta\u0142c\u0105c i szkol\u0105c przedsi\u0119biorc\u00f3w wiedzy, kt\u00f3rzy b\u0119d\u0105 stanowi\u0107 si\u0142\u0119 nap\u0119dow\u0105 transformacji na rzecz zr\u00f3wnowa\u017conych i odpornych spo\u0142ecze\u0144stw europejskich.<\/span><\/p>\n<\/div>\r\n                    <\/div>\r\n                <\/div>[\/vc_column][vc_column width=&#8221;1\/3&#8243;]\r\n                <div class=\"text-modules\">\r\n                    <div class=\"container\">\r\n                        \r\n                        <div class=\"text-modules__content\"><p><img class=\"alignnone wp-image-118 size-full\" src=\"https:\/\/us.edu.pl\/t4e\/wp-content\/uploads\/sites\/59\/grafiki\/logo\/Logo_Transform4Europe_official.png\" alt=\"Logo T4E\" width=\"100%\" height=\"auto\" \/><\/p>\n<\/div>\r\n                    <\/div>\r\n                <\/div>[\/vc_column][\/vc_row][vc_row el_class=&#8221;container&#8221;][vc_column][vc_empty_space height=&#8221;20px&#8221;][\/vc_column][\/vc_row][vc_row el_class=&#8221;container&#8221;][vc_column width=&#8221;1\/4&#8243;][\/vc_column][vc_column width=&#8221;1\/2&#8243;]\r\n                <div class=\"text-modules\">\r\n                    <div class=\"container\">\r\n                        \r\n                        <div class=\"text-modules__content\"><p><span style=\"font-size: 10pt;\"><em><img class=\"alignnone size-full wp-image-2206\" src=\"https:\/\/us.edu.pl\/t4e\/wp-content\/uploads\/sites\/59\/Bez-kategorii\/Projekt-bez-tytulu-37.png\" alt=\"zdj\u0119cie przedstawia u\u015bmiechni\u0119tych student\u00f3w w trakcie wydarzenia\" width=\"100%\" height=\"auto\" srcset=\"https:\/\/us.edu.pl\/t4e\/wp-content\/uploads\/sites\/59\/Bez-kategorii\/Projekt-bez-tytulu-37.png 800w, https:\/\/us.edu.pl\/t4e\/wp-content\/uploads\/sites\/59\/Bez-kategorii\/Projekt-bez-tytulu-37-768x576.png 768w, https:\/\/us.edu.pl\/t4e\/wp-content\/uploads\/sites\/59\/Bez-kategorii\/Projekt-bez-tytulu-37-575x431.png 575w\" sizes=\"(max-width: 800px) 100vw, 800px\" \/><\/em><\/span><\/p>\n<p><span style=\"font-size: 10pt;\"><em>fot. Jonas Petronis<\/em><\/span><\/p>\n<\/div>\r\n                    <\/div>\r\n                <\/div>[\/vc_column][vc_column width=&#8221;1\/4&#8243;][\/vc_column][\/vc_row]<\/p>","protected":false},"excerpt":{"rendered":"<p>[vc_row el_class=&#8221;container&#8221;][vc_column][\/vc_column][\/vc_row][vc_row el_class=&#8221;container&#8221;][vc_column width=&#8221;2\/3&#8243;][\/vc_column][vc_column width=&#8221;1\/3&#8243;][\/vc_column][\/vc_row][vc_row el_class=&#8221;container&#8221;][vc_column][vc_empty_space height=&#8221;20px&#8221;][\/vc_column][\/vc_row][vc_row el_class=&#8221;container&#8221;][vc_column width=&#8221;1\/4&#8243;][\/vc_column][vc_column width=&#8221;1\/2&#8243;][\/vc_column][vc_column width=&#8221;1\/4&#8243;][\/vc_column][\/vc_row] [&#8230;]<\/p>\n<p><a class=\"btn btn-secondary understrap-read-more-link\" href=\"https:\/\/us.edu.pl\/t4e\/wizja\/\">Read More&#8230;<\/a><\/p>\n","protected":false},"author":139,"featured_media":0,"parent":0,"menu_order":0,"comment_status":"closed","ping_status":"closed","template":"","meta":{"_expiration-date-status":"","_expiration-date":0,"_expiration-date-type":"","_expiration-date-categories":[],"_expiration-date-options":[]},"acf":[],"_links":{"self":[{"href":"https:\/\/us.edu.pl\/t4e\/wp-json\/wp\/v2\/pages\/121"}],"collection":[{"href":"https:\/\/us.edu.pl\/t4e\/wp-json\/wp\/v2\/pages"}],"about":[{"href":"https:\/\/us.edu.pl\/t4e\/wp-json\/wp\/v2\/types\/page"}],"author":[{"embeddable":true,"href":"https:\/\/us.edu.pl\/t4e\/wp-json\/wp\/v2\/users\/139"}],"replies":[{"embeddable":true,"href":"https:\/\/us.edu.pl\/t4e\/wp-json\/wp\/v2\/comments?post=121"}],"version-history":[{"count":10,"href":"https:\/\/us.edu.pl\/t4e\/wp-json\/wp\/v2\/pages\/121\/revisions"}],"predecessor-version":[{"id":3170,"href":"https:\/\/us.edu.pl\/t4e\/wp-json\/wp\/v2\/pages\/121\/revisions\/3170"}],"wp:attachment":[{"href":"https:\/\/us.edu.pl\/t4e\/wp-json\/wp\/v2\/media?parent=121"}],"curies":[{"name":"wp","href":"https:\/\/api.w.org\/{rel}","templated":true}]}}