{"id":1297,"date":"2021-11-26T11:11:29","date_gmt":"2021-11-26T10:11:29","guid":{"rendered":"https:\/\/us.edu.pl\/t4e\/?page_id=1297"},"modified":"2024-09-06T14:27:03","modified_gmt":"2024-09-06T12:27:03","slug":"klauzula-informacyjna-rodo","status":"publish","type":"page","link":"https:\/\/us.edu.pl\/t4e\/klauzula-informacyjna-rodo\/","title":{"rendered":"Klauzula informacyjna RODO"},"content":{"rendered":"<p>[vc_row css=&#8221;.vc_custom_1725625342611{margin-bottom: 0px !important;border-bottom-width: 0px !important;padding-bottom: 0px !important;}&#8221; el_class=&#8221;container&#8221;][vc_column width=&#8221;1\/4&#8243; css=&#8221;.vc_custom_1628676746787{margin-bottom: 0px !important;border-bottom-width: 0px !important;padding-bottom: 0px !important;}&#8221;][\/vc_column][vc_column width=&#8221;3\/4&#8243; css=&#8221;.vc_custom_1628749912462{margin-right: 5px !important;padding-left: 10px !important;}&#8221;]\r\n                <div class=\"text-modules\">\r\n                    <div class=\"container\">\r\n                        \r\n                        <div class=\"text-modules__content\"><\/p>\n<p style=\"line-height: 0.9; color: #000000; font-family: 'PT Sans Narrow'; font-size: 2.5em;\"><strong>Klauzula Informacyjna RODO dla uczestnik\u00f3w form aktywno\u015bci w ramach projektu Transform4Europe<\/strong><\/p>\n<p>\n<\/div>\r\n                    <\/div>\r\n                <\/div>[vc_empty_space height=&#8221;16px&#8221;][vc_row_inner][vc_column_inner width=&#8221;2\/3&#8243;][vc_empty_space height=&#8221;1px&#8221; css=&#8221;.vc_custom_1628690988868{background-color: #71af3a !important;}&#8221;][\/vc_column_inner][vc_column_inner width=&#8221;1\/3&#8243;][\/vc_column_inner][\/vc_row_inner][\/vc_column][\/vc_row][vc_row el_class=&#8221;container&#8221;][vc_column][vc_empty_space height=&#8221;48px&#8221;]\r\n                <div class=\"text-modules\">\r\n                    <div class=\"container\">\r\n                        \r\n                        <div class=\"text-modules__content\"><\/p>\n<p style=\"line-height: 0.9; color: #000000; font-family: 'PT Sans Narrow'; font-size: 1.8em;\"><strong>1. Administrator danych osobowych<br \/>\n<\/strong><\/p>\n<p>\n<\/div>\r\n                    <\/div>\r\n                <\/div>[\/vc_column][\/vc_row][vc_row el_class=&#8221;container&#8221;][vc_column width=&#8221;1\/4&#8243;][\/vc_column][vc_column width=&#8221;3\/4&#8243;]\r\n                <div class=\"text-modules\">\r\n                    <div class=\"container\">\r\n                        \r\n                        <div class=\"text-modules__content\"><p>Administratorem Twoich danych osobowych jest Uniwersytet \u015al\u0105ski w Katowicach reprezentowany przez Rektora. Z Administratorem mo\u017cna si\u0119 skontaktowa\u0107 w nast\u0119puj\u0105cy spos\u00f3b:<\/p>\n<ol>\n<li>listownie na adres: Bankowa 12, 40-007 Katowice;<\/li>\n<li>przez e-mail: <a href=\"mailto:administrator.danych@us.edu.pl\">administrator.danych@us.edu.pl<\/a><\/li>\n<\/ol>\n<p>\n<\/div>\r\n                    <\/div>\r\n                <\/div>[\/vc_column][\/vc_row][vc_row el_class=&#8221;container&#8221;][vc_column][vc_separator color=&#8221;custom&#8221; accent_color=&#8221;#71af3a&#8221;][\/vc_column][\/vc_row][vc_row el_class=&#8221;container&#8221;][vc_column]\r\n                <div class=\"text-modules\">\r\n                    <div class=\"container\">\r\n                        \r\n                        <div class=\"text-modules__content\"><\/p>\n<p style=\"line-height: 0.9; color: #000000; font-family: 'PT Sans Narrow'; font-size: 1.8em;\"><strong>2. Inspektor ochrony danych<\/strong><\/p>\n<p>\n<\/div>\r\n                    <\/div>\r\n                <\/div>[\/vc_column][\/vc_row][vc_row el_class=&#8221;container&#8221;][vc_column width=&#8221;1\/4&#8243;][\/vc_column][vc_column width=&#8221;3\/4&#8243;]\r\n                <div class=\"text-modules\">\r\n                    <div class=\"container\">\r\n                        \r\n                        <div class=\"text-modules__content\"><p>Mo\u017cesz kontaktowa\u0107 si\u0119 z inspektorem ochrony danych we wszystkich sprawach dotycz\u0105cych przetwarzania danych osobowych oraz korzystania z praw zwi\u0105zanych<br \/>\nz przetwarzaniem danych, w\u00a0nast\u0119puj\u0105cy spos\u00f3b:<\/p>\n<ol>\n<li>listownie na adres: ul. Bankowa 12, 40-007 Katowice;<\/li>\n<li>przez e-mail: <a href=\"mailto:iod@us.edu.pl\">iod@us.edu.pl<\/a><\/li>\n<\/ol>\n<p>\n<\/div>\r\n                    <\/div>\r\n                <\/div>[\/vc_column][\/vc_row][vc_row el_class=&#8221;container&#8221;][vc_column][vc_separator color=&#8221;custom&#8221; accent_color=&#8221;#71af3a&#8221;][\/vc_column][\/vc_row][vc_row el_class=&#8221;container&#8221;][vc_column]\r\n                <div class=\"text-modules\">\r\n                    <div class=\"container\">\r\n                        \r\n                        <div class=\"text-modules__content\"><\/p>\n<p style=\"line-height: 0.9; color: #000000; font-family: 'PT Sans Narrow'; font-size: 1.8em;\"><strong>3. Cele przetwarzania oraz podstawa prawna przetwarzania<\/strong><\/p>\n<p>\n<\/div>\r\n                    <\/div>\r\n                <\/div>[\/vc_column][\/vc_row][vc_row el_class=&#8221;container&#8221;][vc_column width=&#8221;1\/4&#8243;][\/vc_column][vc_column width=&#8221;3\/4&#8243;]\r\n                <div class=\"text-modules\">\r\n                    <div class=\"container\">\r\n                        \r\n                        <div class=\"text-modules__content\"><p>B\u0119dziemy przetwarza\u0107 Twoje dane osobowe, kt\u00f3re zosta\u0142y podane w formularzu zg\u0142oszeniowym na dan\u0105 form\u0119 aktywno\u015bci w projekcie Transform4Europe. Dane osobowe przetwarzamy dla potrzeb zapewniania prawid\u0142owej organizacji aktynowo\u015bci, rejestracji, przeprowadzenia dzia\u0142ania oraz w celach rozliczeniowych i sprawozdawczych w projekcie.<\/p>\n<p>Podstaw\u0105 prawn\u0105 przetwarzania danych osobowych jest w oparciu o art. 6 ust. 1 lit.<br \/>\na, c, e oraz f rozporz\u0105dzenia Parlamentu Europejskiego i Rady (UE) 2016\/679 z dnia 27 kwietnia 2016 roku w sprawie ochrony os\u00f3b fizycznych w zwi\u0105zku z przetwarzaniem danych osobowych i w sprawie swobodnego przep\u0142ywu takich danych oraz uchylenia dyrektywy 95\/46\/WE (og\u00f3lne rozporz\u0105dzenie o ochronie danych):<\/p>\n<ol>\n<li>Twoja dobrowolna zgoda na przetwarzanie danych osobowych, w tym rozpowszechnienie wizerunku na zdj\u0119ciach oraz materia\u0142ach audiowizualnych, w tym film\u00f3w publikowanych przez Uniwersytet \u015al\u0105ski w Katowicach, w celu publikacji materia\u0142\u00f3w promuj\u0105cych realizacj\u0119 projektu Transform4Europe, kt\u00f3ra obejmuje: wykorzystanie, publiczne udost\u0119pnianie, utrwalanie, obr\u00f3bk\u0119, powielanie, archiwizacj\u0119, tworzenie, przechowywanie i u\u017cytkowanie kopii zapasowych, publikacj\u0119, w tym r\u00f3wnie\u017c w zestawieniu z wizerunkami innych os\u00f3b (zdj\u0119cia grupowe) za po\u015brednictwem dowolnego medium (lokalnego, og\u00f3lnopolskiego lub zagranicznego),<br \/>\nw tym w Internecie oraz w formie drukowanej (art 81 ust. 1 ustawy o prawie autorskim<br \/>\ni prawach pokrewnych);<\/li>\n<\/ol>\n<p><em>O wyra\u017cenie zgody zapytamy Ci\u0119 w przypadku, je\u015bli b\u0119dziemy chcieli wykorzysta\u0107 Tw\u00f3j wizerunek wraz z danymi osobowymi i je upubliczni\u0107 w powy\u017cszym celu. <\/em><\/p>\n<ol start=\"2\">\n<li>wype\u0142nienie obowi\u0105zku prawnego ci\u0105\u017c\u0105cego na administratorze, celem rozlicze\u0144 finansowych, w tym podatkowych, ksi\u0119gowo\u015bci oraz w celach archiwizacyjnych wynikaj\u0105cych z obowi\u0105zuj\u0105cych przepis\u00f3w prawa oraz wydanych na ich podstawie akt\u00f3w wykonawczych;<\/li>\n<li>wykonanie zadania realizowanego w interesie publicznych, w szczeg\u00f3lno\u015bci prowadzenia kszta\u0142cenia, prowadzenia innych form kszta\u0142cenia, dzia\u0142alno\u015bci naukowej, transferu wiedzy do gospodarki, upowszechniania i pomna\u017cania osi\u0105gnie\u0107 nauki i kultury oraz dzia\u0142a\u0144 na rzecz spo\u0142eczno\u015bci lokalnych i regionalnych, wynikaj\u0105cych z art. 11 ust. 1 ustawy- Prawo o szkolnictwie wy\u017cszym i nauce;<\/li>\n<li>prawnie uzasadniony interes realizowany przez uczelni\u0119 lub stron\u0119 trzeci\u0105, poprzez wykorzystanie, w tym rozpowszechnienie wizerunku stanowi\u0105cego jedynie szczeg\u00f3\u0142 ca\u0142o\u015bci, a nie g\u0142\u00f3wny motyw zdj\u0119cia i\/lub nagrania ( bez zbli\u017ce\u0144 na twarz tj. w ten spos\u00f3b, aby pokaza\u0107 fakt odbycia aktywno\u015bci, a nie wizerunek poszczeg\u00f3lnych os\u00f3b w niej uczestnicz\u0105cych); osoby powszechnie znanej w zwi\u0105zku z pe\u0142nieniem funkcji publicznych, w celach informacyjnych i promocyjnych (art. 81 ust. 2 pkt 2 ustawy<br \/>\nz dnia 4.02.1994 r. o prawie autorskim i prawach pokrewnych);<\/li>\n<li>prawnie uzasadniony interes realizowany przez administratora lub przez stron\u0119 trzeci\u0105 w celu informowania Ci\u0119 w szczeg\u00f3lno\u015bci: o wydarzeniach wa\u017cnych w \u017cyciu uczelni i sojuszu Transform4Europe, w tym spo\u0142ecznych, kulturalnych, popularnonaukowych,<br \/>\no prowadzonych kursach i szkoleniach-niezawieraj\u0105cych tre\u015bci handlowych (niemaj\u0105cych na celu wywo\u0142anie efektu handlowego); o wydarzeniach istotnych<br \/>\nw \u017cyciu partnerskich uczelni, w tym o uroczysto\u015bciach akademickich.<\/li>\n<\/ol>\n<p><em>Podanie danych osobowych jest dobrowolne, lecz konieczne do wzi\u0119cia udzia\u0142u w\u00a0projekcie. W \u00a0przypadku niepodania danych nie b\u0119dzie mo\u017cliwe zrealizowanie ww. celu.<\/em><\/p>\n<\/div>\r\n                    <\/div>\r\n                <\/div>[\/vc_column][\/vc_row][vc_row el_class=&#8221;container&#8221;][vc_column][vc_separator color=&#8221;custom&#8221; accent_color=&#8221;#71af3a&#8221;][\/vc_column][\/vc_row][vc_row el_class=&#8221;container&#8221;][vc_column]\r\n                <div class=\"text-modules\">\r\n                    <div class=\"container\">\r\n                        \r\n                        <div class=\"text-modules__content\"><\/p>\n<p style=\"line-height: 0.9; color: #000000; font-family: 'PT Sans Narrow'; font-size: 1.8em;\"><strong>4. Okres przechowywania danych osobowych<\/strong><\/p>\n<p>\n<\/div>\r\n                    <\/div>\r\n                <\/div>[\/vc_column][\/vc_row][vc_row el_class=&#8221;container&#8221;][vc_column width=&#8221;1\/4&#8243;][\/vc_column][vc_column width=&#8221;3\/4&#8243;]\r\n                <div class=\"text-modules\">\r\n                    <div class=\"container\">\r\n                        \r\n                        <div class=\"text-modules__content\"><p>B\u0119dziemy przechowywa\u0107 Twoje dane osobowe przez okres niezb\u0119dny dla potrzeb udzia\u0142u oraz realizacji dzia\u0142a\u0144 w poszczeg\u00f3lnych formach aktywno\u015bci w ramach projektu oraz dla cel\u00f3w archiwalnych.<\/p>\n<p>Dane osobowe kandydat\u00f3w niezakwalifikowanych do danej formy aktywno\u015bci w ramach projektu Transform4Europe b\u0119d\u0105 przechowywane przez okres 12 miesi\u0119cy od dnia zako\u0144czenia zg\u0142osze\u0144. Po tym czasie dane zostan\u0105 usuni\u0119te.<\/p>\n<p>W przypadku, gdy podstaw\u0119 prawn\u0105 przetwarzania Twoich danych osobowych stanowi wyra\u017cona zgoda nie d\u0142u\u017cej ni\u017c do czasu cofni\u0119cia zgody na jej przetwarzanie lub po realizacji celu, dla kt\u00f3rego dane zosta\u0142y zebrane.<\/p>\n<\/div>\r\n                    <\/div>\r\n                <\/div>[\/vc_column][\/vc_row][vc_row el_class=&#8221;container&#8221;][vc_column][vc_separator color=&#8221;custom&#8221; accent_color=&#8221;#71af3a&#8221;][\/vc_column][\/vc_row][vc_row el_class=&#8221;container&#8221;][vc_column]\r\n                <div class=\"text-modules\">\r\n                    <div class=\"container\">\r\n                        \r\n                        <div class=\"text-modules__content\"><\/p>\n<p style=\"line-height: 0.9; color: #000000; font-family: 'PT Sans Narrow'; font-size: 1.8em;\"><strong>5. Odbiorcy danych<\/strong><\/p>\n<p>\n<\/div>\r\n                    <\/div>\r\n                <\/div>[\/vc_column][\/vc_row][vc_row el_class=&#8221;container&#8221;][vc_column width=&#8221;1\/4&#8243;][\/vc_column][vc_column width=&#8221;3\/4&#8243;]\r\n                <div class=\"text-modules\">\r\n                    <div class=\"container\">\r\n                        \r\n                        <div class=\"text-modules__content\"><p>Maj\u0105c na wzgl\u0119dzie, \u017ce projekt Transform4Europe jest realizowany wraz z innymi europejskimi szko\u0142ami wy\u017cszymi w ramach sojuszu, Twoje dane osobowe mog\u0105 zosta\u0107 przekazane do partner\u00f3w sojuszu, w zale\u017cno\u015bci jak\u0105 form\u0119 uczestnictwa wybierzesz.<\/p>\n<p>Wykaz uczelni wy\u017cszych uczestnicz\u0105cych w projekcie Transform4Europe znajduje si\u0119 na stronie Uniwersytetu \u015al\u0105skiego w Katowicach pod linkiem <a href=\"http:\/\/www.us.edu.pl\/t4e\">us.edu.pl\/t4e<\/a>.<\/p>\n<p>Zdj\u0119cia oraz materia\u0142y audiowizualne, w tym filmy stworzone w ramach projektu Transform4Europe z Twoim udzia\u0142em b\u0119dziemy przekazywa\u0107 liderowi projektu oraz partnerom projektu, w celach informacyjnych i promocyjnych.<\/p>\n<p>Ponadto, Twoje dane osobowe mo\u017cemy przekazywa\u0107 podmiotom lub organom publicznym, kt\u00f3re uprawnione s\u0105 do ich otrzymania na podstawie przepis\u00f3w prawa.<\/p>\n<\/div>\r\n                    <\/div>\r\n                <\/div>[\/vc_column][\/vc_row][vc_row el_class=&#8221;container&#8221;][vc_column][vc_separator color=&#8221;custom&#8221; accent_color=&#8221;#71af3a&#8221;][\/vc_column][\/vc_row][vc_row el_class=&#8221;container&#8221;][vc_column]\r\n                <div class=\"text-modules\">\r\n                    <div class=\"container\">\r\n                        \r\n                        <div class=\"text-modules__content\"><\/p>\n<p style=\"line-height: 0.9; color: #000000; font-family: 'PT Sans Narrow'; font-size: 1.8em;\"><strong>6. Przys\u0142uguj\u0105ce Ci prawa zwi\u0105zane z przetwarzaniem danych osobowych<\/strong><\/p>\n<p>\n<\/div>\r\n                    <\/div>\r\n                <\/div>[\/vc_column][\/vc_row][vc_row el_class=&#8221;container&#8221;][vc_column width=&#8221;1\/4&#8243;][\/vc_column][vc_column width=&#8221;3\/4&#8243;]\r\n                <div class=\"text-modules\">\r\n                    <div class=\"container\">\r\n                        \r\n                        <div class=\"text-modules__content\"><p>1) prawo wycofania zgody na przetwarzanie danych, w dowolnym momencie, kt\u00f3re nie ma wp\u0142ywu na zgodno\u015b\u0107 z prawem przetwarzania, kt\u00f3rego dokonano na podstawie Twojej zgody przed jej wycofaniem. Zgod\u0119 mo\u017cesz wycofa\u0107 poprzez wys\u0142anie o\u015bwiadczenia o wycofaniu zgody na adres e-mailowy: <a href=\"mailto:transform4europe@us.edu.pl\"><strong>transform4europe@us.edu.pl<\/strong><\/a><strong>.<\/strong><\/p>\n<p>2) prawo dost\u0119pu do Twoich danych osobowych;<\/p>\n<p>3) prawo do sprostowania Twoich danych osobowych, kt\u00f3re s\u0105 nieprawid\u0142owe oraz uzupe\u0142nienia niekompletnych danych osobowych;<\/p>\n<p>4) prawo do usuni\u0119cia Twoich danych osobowych, w szczeg\u00f3lno\u015bci w przypadku cofni\u0119cia zgody na przetwarzanie, gdy nie ma innej podstawy prawnej przetwarzania;<\/p>\n<p>5) prawo \u017c\u0105dania ograniczenia przetwarzania Twoich danych osobowych;<\/p>\n<p>6) prawo wniesienia sprzeciwu<span style=\"text-decoration: line-through;\">;<\/span><\/p>\n<p>7) prawo do wniesienia skargi do organu nadzorczego \u2013 Prezesa Urz\u0119du Ochrony Danych Osobowych, gdy uznasz, \u017ce przetwarzanie Twoich danych osobowych narusza przepisy o ochronie danych osobowych.<\/p>\n<\/div>\r\n                    <\/div>\r\n                <\/div>[\/vc_column][\/vc_row][vc_row el_class=&#8221;container&#8221;][vc_column][vc_separator color=&#8221;custom&#8221; accent_color=&#8221;#71af3a&#8221;][\/vc_column][\/vc_row][vc_row el_class=&#8221;container&#8221;][vc_column width=&#8221;1\/4&#8243;][\/vc_column][vc_column width=&#8221;3\/4&#8243;]\r\n                <div class=\"text-modules\">\r\n                    <div class=\"container\">\r\n                        \r\n                        <div class=\"text-modules__content\"><p>Do pobrania: <a href=\"https:\/\/us.edu.pl\/t4e\/wp-content\/uploads\/sites\/59\/pliki\/Klauzula-Informacyjna-RODO-dla-uczestnikow-form-aktywnosci-w-ramach-projektu-Transform4Europe.pdf\" class=\"mtli_attachment mtli_pdf\" data-mtli=\"mtli_filesize210,63kB\" class=\"mtli_attachment mtli_pdf\" data-mtli=\"mtli_filesize210,63kB\">Klauzula informacyjna RODO<\/a><\/p>\n<style type=\"text\/css\">a[data-mtli~=\"mtli_filesize210,63kB\"]:after {content:\" (210,63 kB)\"}<\/style><\/div>\r\n                    <\/div>\r\n                <\/div>[\/vc_column][\/vc_row]<\/p>\n<style type=\"text\/css\">a[data-mtli~=\"mtli_filesize210,63kB\"]:after {content:\" (210,63 kB)\"}a[data-mtli~=\"mtli_filesize184,67kB\"]:after {content:\" (184,67 kB)\"}<\/style>","protected":false},"excerpt":{"rendered":"<p>[vc_row css=&#8221;.vc_custom_1725625342611{margin-bottom: 0px !important;border-bottom-width: 0px !important;padding-bottom: 0px !important;}&#8221; el_class=&#8221;container&#8221;][vc_column width=&#8221;1\/4&#8243; css=&#8221;.vc_custom_1628676746787{margin-bottom: 0px !important;border-bottom-width: 0px !important;padding-bottom: 0px !important;}&#8221;][\/vc_column][vc_column width=&#8221;3\/4&#8243; css=&#8221;.vc_custom_1628749912462{margin-right: 5px !important;padding-left: 10px !important;}&#8221;][vc_empty_space height=&#8221;16px&#8221;][vc_row_inner][vc_column_inner width=&#8221;2\/3&#8243;][vc_empty_space height=&#8221;1px&#8221; css=&#8221;.vc_custom_1628690988868{background-color: #71af3a !important;}&#8221;][\/vc_column_inner][vc_column_inner width=&#8221;1\/3&#8243;][\/vc_column_inner][\/vc_row_inner][\/vc_column][\/vc_row][vc_row el_class=&#8221;container&#8221;][vc_column][vc_empty_space height=&#8221;48px&#8221;][\/vc_column][\/vc_row][vc_row el_class=&#8221;container&#8221;][vc_column width=&#8221;1\/4&#8243;][\/vc_column][vc_column width=&#8221;3\/4&#8243;][\/vc_column][\/vc_row][vc_row el_class=&#8221;container&#8221;][vc_column][vc_separator color=&#8221;custom&#8221; accent_color=&#8221;#71af3a&#8221;][\/vc_column][\/vc_row][vc_row el_class=&#8221;container&#8221;][vc_column][\/vc_column][\/vc_row][vc_row el_class=&#8221;container&#8221;][vc_column width=&#8221;1\/4&#8243;][\/vc_column][vc_column width=&#8221;3\/4&#8243;][\/vc_column][\/vc_row][vc_row el_class=&#8221;container&#8221;][vc_column][vc_separator color=&#8221;custom&#8221; accent_color=&#8221;#71af3a&#8221;][\/vc_column][\/vc_row][vc_row el_class=&#8221;container&#8221;][vc_column][\/vc_column][\/vc_row][vc_row el_class=&#8221;container&#8221;][vc_column width=&#8221;1\/4&#8243;][\/vc_column][vc_column width=&#8221;3\/4&#8243;][\/vc_column][\/vc_row][vc_row el_class=&#8221;container&#8221;][vc_column][vc_separator color=&#8221;custom&#8221; accent_color=&#8221;#71af3a&#8221;][\/vc_column][\/vc_row][vc_row el_class=&#8221;container&#8221;][vc_column][\/vc_column][\/vc_row][vc_row el_class=&#8221;container&#8221;][vc_column width=&#8221;1\/4&#8243;][\/vc_column][vc_column [&#8230;]<\/p>\n<p><a class=\"btn btn-secondary understrap-read-more-link\" href=\"https:\/\/us.edu.pl\/t4e\/klauzula-informacyjna-rodo\/\">Read More&#8230;<\/a><\/p>\n","protected":false},"author":139,"featured_media":0,"parent":0,"menu_order":0,"comment_status":"closed","ping_status":"closed","template":"","meta":{"_expiration-date-status":"","_expiration-date":0,"_expiration-date-type":"","_expiration-date-categories":[],"_expiration-date-options":[]},"acf":[],"_links":{"self":[{"href":"https:\/\/us.edu.pl\/t4e\/wp-json\/wp\/v2\/pages\/1297"}],"collection":[{"href":"https:\/\/us.edu.pl\/t4e\/wp-json\/wp\/v2\/pages"}],"about":[{"href":"https:\/\/us.edu.pl\/t4e\/wp-json\/wp\/v2\/types\/page"}],"author":[{"embeddable":true,"href":"https:\/\/us.edu.pl\/t4e\/wp-json\/wp\/v2\/users\/139"}],"replies":[{"embeddable":true,"href":"https:\/\/us.edu.pl\/t4e\/wp-json\/wp\/v2\/comments?post=1297"}],"version-history":[{"count":7,"href":"https:\/\/us.edu.pl\/t4e\/wp-json\/wp\/v2\/pages\/1297\/revisions"}],"predecessor-version":[{"id":3163,"href":"https:\/\/us.edu.pl\/t4e\/wp-json\/wp\/v2\/pages\/1297\/revisions\/3163"}],"wp:attachment":[{"href":"https:\/\/us.edu.pl\/t4e\/wp-json\/wp\/v2\/media?parent=1297"}],"curies":[{"name":"wp","href":"https:\/\/api.w.org\/{rel}","templated":true}]}}