{"id":1483,"date":"2022-03-17T15:59:04","date_gmt":"2022-03-17T14:59:04","guid":{"rendered":"https:\/\/us.edu.pl\/t4e\/?page_id=1483"},"modified":"2022-03-23T12:28:30","modified_gmt":"2022-03-23T11:28:30","slug":"program-doktorancki","status":"publish","type":"page","link":"https:\/\/us.edu.pl\/t4e\/transform4europe-week\/program-doktorancki\/","title":{"rendered":"Program doktorancki"},"content":{"rendered":"<p>[vc_row css=&#8221;.vc_custom_1637860856141{margin-top: 0px !important;margin-bottom: 0px !important;border-top-width: 0px !important;border-bottom-width: 0px !important;padding-top: 0px !important;padding-bottom: 0px !important;}&#8221; el_class=&#8221;container&#8221;][vc_column width=&#8221;1\/4&#8243; css=&#8221;.vc_custom_1628676746787{margin-bottom: 0px !important;border-bottom-width: 0px !important;padding-bottom: 0px !important;}&#8221;]\r\n                <div class=\"text-modules\">\r\n                    <div class=\"container\">\r\n                        \r\n                        <div class=\"text-modules__content\"><\/p>\n<p style=\"line-height: 1.2; color: #000000; font-family: 'PT Sans'; text-align: center;\"><a class=\"duzy-link\" href=\"http:\/\/www.transform4europe.eu\"><img class=\"alignnone wp-image-976 size-large\" src=\"https:\/\/us.edu.pl\/t4e\/wp-content\/uploads\/sites\/59\/grafiki\/logo\/Transform4Europe_CVI-3-1024x274.png\" alt=\"Logo\" width=\"100%\" height=\"auto\" srcset=\"https:\/\/us.edu.pl\/t4e\/wp-content\/uploads\/sites\/59\/grafiki\/logo\/Transform4Europe_CVI-3-1024x274.png 1024w, https:\/\/us.edu.pl\/t4e\/wp-content\/uploads\/sites\/59\/grafiki\/logo\/Transform4Europe_CVI-3-800x214.png 800w, https:\/\/us.edu.pl\/t4e\/wp-content\/uploads\/sites\/59\/grafiki\/logo\/Transform4Europe_CVI-3-768x206.png 768w, https:\/\/us.edu.pl\/t4e\/wp-content\/uploads\/sites\/59\/grafiki\/logo\/Transform4Europe_CVI-3-575x154.png 575w\" sizes=\"(max-width: 1024px) 100vw, 1024px\" \/><\/a><\/p>\n<p>\n<\/div>\r\n                    <\/div>\r\n                <\/div>[\/vc_column][vc_column width=&#8221;3\/4&#8243; css=&#8221;.vc_custom_1628749912462{margin-right: 5px !important;padding-left: 10px !important;}&#8221;][\/vc_column][\/vc_row][vc_row css=&#8221;.vc_custom_1637859060946{margin-top: 0px !important;margin-bottom: 0px !important;border-top-width: 0px !important;border-bottom-width: 0px !important;padding-top: 0px !important;padding-bottom: 0px !important;}&#8221;][vc_column width=&#8221;1\/4&#8243; css=&#8221;.vc_custom_1628676746787{margin-bottom: 0px !important;border-bottom-width: 0px !important;padding-bottom: 0px !important;}&#8221;][\/vc_column][vc_column width=&#8221;3\/4&#8243; css=&#8221;.vc_custom_1628749912462{margin-right: 5px !important;padding-left: 10px !important;}&#8221;]\r\n                <div class=\"text-modules\">\r\n                    <div class=\"container\">\r\n                        \r\n                        <div class=\"text-modules__content\"><\/p>\n<p style=\"line-height: 0.9; color: #000000; font-family: 'PT Sans Narrow'; font-size: 2.5em;\"><strong>PROGRAM DLA DOKTORANT\u00d3W<\/strong><\/p>\n<p style=\"line-height: 1.2; color: #000000; font-family: 'PT Sans';\"><strong>TRANSFORM4EUROPE WEEK &#8211; UNIWERSYTET \u015aL\u0104SKI W KATOWICACH<\/strong><\/p>\n<p style=\"line-height: 0.9; color: #000000; font-family: 'PT Sans Narrow';\"><strong>9\u201313 MAJA 2022 | POLSKA<\/strong><\/p>\n<p>\n<\/div>\r\n                    <\/div>\r\n                <\/div>[vc_empty_space height=&#8221;16px&#8221;][vc_row_inner][vc_column_inner][\/vc_column_inner][\/vc_row_inner][vc_row_inner][vc_column_inner width=&#8221;2\/3&#8243;][vc_empty_space height=&#8221;1px&#8221; css=&#8221;.vc_custom_1628690988868{background-color: #71af3a !important;}&#8221;][\/vc_column_inner][vc_column_inner width=&#8221;1\/3&#8243;][\/vc_column_inner][\/vc_row_inner][\/vc_column][\/vc_row][vc_row el_class=&#8221;container&#8221;][vc_column][vc_empty_space height=&#8221;48px&#8221;]\r\n                <div class=\"text-modules\">\r\n                    <div class=\"container\">\r\n                        \r\n                        <div class=\"text-modules__content\"><\/p>\n<p style=\"line-height: 0.9; color: #000000; font-family: 'PT Sans Narrow'; font-size: 1.8em;\"><strong>KONCEPCJA<\/strong><\/p>\n<p>\n<\/div>\r\n                    <\/div>\r\n                <\/div>[\/vc_column][\/vc_row][vc_row el_class=&#8221;container&#8221;][vc_column width=&#8221;1\/4&#8243;][\/vc_column][vc_column width=&#8221;3\/4&#8243;]\r\n                <div class=\"text-modules\">\r\n                    <div class=\"container\">\r\n                        \r\n                        <div class=\"text-modules__content\"><p>Funkcjonowanie doktoranta jest zawsze zawieszone gdzie\u015b pomi\u0119dzy rol\u0105 badacza i zadaniami studenta. Bierzemy pod uwag\u0119 to &#8222;pomi\u0119dzy&#8221; i proponujemy doktorantom uczestnictwo w aktywno\u015bciach programu dla badaczy, a r\u00f3wnocze\u015bnie przygotowujemy dla nich warsztaty, dzi\u0119ki kt\u00f3rym b\u0119d\u0105 mogli rozwin\u0105\u0107 si\u0119 w zakresie, kt\u00f3ry ich interesuje.<\/p>\n<p>Zapraszamy do zapoznania si\u0119 z ofert\u0105 warsztat\u00f3w, opisan\u0105 poni\u017cej. Ka\u017cdy doktorant mo\u017ce wybra\u0107 jeden z tych warsztat\u00f3w. B\u0119dzie to jej lub jego g\u0142\u00f3wna aktywno\u015b\u0107 w czasie ca\u0142ego wydarzenia, trwaj\u0105ca trzy lub cztery dni.<\/p>\n<\/div>\r\n                    <\/div>\r\n                <\/div>[\/vc_column][\/vc_row][vc_row el_class=&#8221;container&#8221;][vc_column]\r\n                <div class=\"text-modules\">\r\n                    <div class=\"container\">\r\n                        \r\n                        <div class=\"text-modules__content\"><\/p>\n<p style=\"line-height: 0.9; color: #000000; font-family: 'PT Sans Narrow'; font-size: 1.8em;\"><strong>WARSZTATY BADAWCZE DLA DOKTORANT\u00d3W<\/strong><\/p>\n<p>\n<\/div>\r\n                    <\/div>\r\n                <\/div>[\/vc_column][\/vc_row][vc_row el_class=&#8221;container&#8221;][vc_column][vc_separator color=&#8221;custom&#8221; accent_color=&#8221;#71af3a&#8221;][\/vc_column][\/vc_row][vc_row][vc_column width=&#8221;1\/4&#8243;][\/vc_column][vc_column width=&#8221;3\/4&#8243;]\r\n                <div class=\"text-modules\">\r\n                    <div class=\"container\">\r\n                        \r\n                        <div class=\"text-modules__content\"><p>Oferta opisana jest w j\u0119zyku angielskim.<\/p>\n<\/div>\r\n                    <\/div>\r\n                <\/div>[vc_tta_accordion style=&#8221;flat&#8221; shape=&#8221;square&#8221; color=&#8221;black&#8221; spacing=&#8221;5&#8243; c_icon=&#8221;triangle&#8221; active_section=&#8221;0&#8243; no_fill=&#8221;true&#8221; collapsible_all=&#8221;true&#8221;][vc_tta_section title=&#8221;Robot cultures&#8221; tab_id=&#8221;robot_cultures1eca1-f807&#8243;]\r\n                <div class=\"text-modules\">\r\n                    <div class=\"container\">\r\n                        \r\n                        <div class=\"text-modules__content\"><p>The proposed workshop is dedicated to the idea of \u201crobot cultures\u201d to foster a comprehensive approach at the crossroads of cultural studies and robotics aimed at examining cultural problems in robot design that come from the misunderstanding of differences between human and machine intelligences. It breaks down into 4 thematic blocks ROBOT IMAGERY, ROBOT SUBJECTIVITY, ROBOT GENDER, ROBOT COMMUNITIES to speak of the \u201crobotic condition\u201d and its meaning vis a vis the anthropocentric vision of intelligent machines.<\/p>\n<p>Disciplines: digital humanities, cultural studies, sociology, history of technology, cognitive studies, psychology, engineering<\/p>\n<p>More: <a href=\"https:\/\/us.edu.pl\/t4e\/wp-content\/uploads\/sites\/59\/Nieprzypisane\/Robot-cultures.pdf\" class=\"mtli_attachment mtli_pdf\" data-mtli=\"mtli_filesize61,37kB\" class=\"mtli_attachment mtli_pdf\" data-mtli=\"mtli_filesize61,37kB\">Robot cultures<\/a><\/p>\n<style type=\"text\/css\">a[data-mtli~=\"mtli_filesize61,37kB\"]:after {content:\" (61,37 kB)\"}<\/style><\/div>\r\n                    <\/div>\r\n                <\/div>[\/vc_tta_section][vc_tta_section title=&#8221;Open programs for protection of authentication information and data encryption&#8221; tab_id=&#8221;Legal_tech1eca1-f807&#8243;]\r\n                <div class=\"text-modules\">\r\n                    <div class=\"container\">\r\n                        \r\n                        <div class=\"text-modules__content\"><p>The workshop shows why authentication information is important, where we go wrong in handling it, and how to protect it. In addition, the role of cryptography in the whole issue and the principle to generally encrypt all data is discussed.<\/p>\n<p>Disciplines: Non-technical working with information (law, journalism, political science, administration, medicine, etc.)<\/p>\n<p>More: <a href=\"https:\/\/us.edu.pl\/t4e\/wp-content\/uploads\/sites\/59\/Nieprzypisane\/Legal-tech.pdf\" class=\"mtli_attachment mtli_pdf\" data-mtli=\"mtli_filesize57,71kB\" class=\"mtli_attachment mtli_pdf\" data-mtli=\"mtli_filesize57,71kB\">Legal tech<\/a><\/p>\n<style type=\"text\/css\">a[data-mtli~=\"mtli_filesize57,71kB\"]:after {content:\" (57,71 kB)\"}<\/style><\/div>\r\n                    <\/div>\r\n                <\/div>[\/vc_tta_section][vc_tta_section title=&#8221;Just transition research workshop&#8221; tab_id=&#8221;just_transition1eca1-f807&#8243;]\r\n                <div class=\"text-modules\">\r\n                    <div class=\"container\">\r\n                        \r\n                        <div class=\"text-modules__content\"><p>The aim of theworkshop is to provide participants with basic knowledge about just transition on the basis of research problem matrix on just transition that incudes actors and energy justice dimensions. Students will be accustomated with application of the matrix element i.e. labour-market case study. During workshop the study visit in urban areas touched by unjust transition, as well as revitalized areas will be organizied. The result of the workshop is the research project prepared by participants and devoted to the just transition problems. The project should consist of research problem, research questions, and research tool reffering to the matrix. The effect of the workshop would be research project ready to apply within frontline communities.<\/p>\n<p>Disciplines: PhD students in social sciences (sociology, political science, social work, economy etc.)<\/p>\n<p>More: <a href=\"https:\/\/us.edu.pl\/t4e\/wp-content\/uploads\/sites\/59\/Nieprzypisane\/Just-transition.pdf\" class=\"mtli_attachment mtli_pdf\" data-mtli=\"mtli_filesize60,00kB\" class=\"mtli_attachment mtli_pdf\" data-mtli=\"mtli_filesize60,00kB\">Just transition<\/a><\/p>\n<style type=\"text\/css\">a[data-mtli~=\"mtli_filesize60,00kB\"]:after {content:\" (60,00 kB)\"}<\/style><\/div>\r\n                    <\/div>\r\n                <\/div>[\/vc_tta_section][vc_tta_section title=&#8221;Adaptation processes in Novel ecosystems during the Anthropocene epoch &#8211; field laboratory workshops&#8221; tab_id=&#8221;adaptation_processes1eca1-f807&#8243;]\r\n                <div class=\"text-modules\">\r\n                    <div class=\"container\">\r\n                        \r\n                        <div class=\"text-modules__content\"><p>The main aim of the module is to familiarize students with the necessity of an interdisciplinary approach to the research on ecosystem processes that are continuously observed on the sites transformed by the human post-industrial objects in the urban-industry areas in the Upper Silesia region. Students will have the opportunity to work on the environmental problem identification project preparation conduct the research material collection in the field and laboratory work. They will also learn to identify the impact of human activity on habitat conditions factors influencing biodiversity and the functioning of ecosystems and, consequently, ecosystem services provision.<\/p>\n<p>Disciplines: Biology, environmental sciences; biotechnology<\/p>\n<p>More: <a href=\"https:\/\/us.edu.pl\/t4e\/wp-content\/uploads\/sites\/59\/Nieprzypisane\/Adaptation-processes.pdf\" class=\"mtli_attachment mtli_pdf\" data-mtli=\"mtli_filesize64,63kB\" class=\"mtli_attachment mtli_pdf\" data-mtli=\"mtli_filesize64,63kB\">Adaptation processes<\/a><\/p>\n<style type=\"text\/css\">a[data-mtli~=\"mtli_filesize64,63kB\"]:after {content:\" (64,63 kB)\"}<\/style><\/div>\r\n                    <\/div>\r\n                <\/div>[\/vc_tta_section][vc_tta_section title=&#8221;Phenotyping of plant growth and form&#8221; tab_id=&#8221;plant_phenotyping1eca1-f807&#8243;]\r\n                <div class=\"text-modules\">\r\n                    <div class=\"container\">\r\n                        \r\n                        <div class=\"text-modules__content\"><p>Students will quantify growth and geometry of plant organs, using in vivo imaging methods (laser confocal microscopy and replica based in vivo SEM) and dedicated software (MorphoGraphX, Matlab scripts); the measurement results will be used to simulate growth with Growth Tensor methods; in parallel, mechanical properties of plant organs will be investigated using tensometer and DIC system.<\/p>\n<p>Disciplines: students interested in plant biology, in particular plant development, interactions with the environment.<\/p>\n<p>More: <a href=\"https:\/\/us.edu.pl\/t4e\/wp-content\/uploads\/sites\/59\/Nieprzypisane\/Plant-phenotyping.pdf\" class=\"mtli_attachment mtli_pdf\" data-mtli=\"mtli_filesize57,26kB\" class=\"mtli_attachment mtli_pdf\" data-mtli=\"mtli_filesize57,26kB\">Plant phenotyping<\/a><\/p>\n<style type=\"text\/css\">a[data-mtli~=\"mtli_filesize57,26kB\"]:after {content:\" (57,26 kB)\"}<\/style><\/div>\r\n                    <\/div>\r\n                <\/div>[\/vc_tta_section][vc_tta_section title=&#8221;Detection of land degradation caused by historical Zn-Pb mining using geophysical methods&#8221; tab_id=&#8221;land_degeneration1eca1-f807&#8243;]\r\n                <div class=\"text-modules\">\r\n                    <div class=\"container\">\r\n                        \r\n                        <div class=\"text-modules__content\"><p>In the proposed workshop students will have the opportunity to get knowledge about the largest and most significant historic underground lead-silver-zinc mine in Poland. The workshop also will present the impact of mining on the environment (wash dump, post-mining meadows &#8211; post-mining forms, drainage shafts, exploration shafts, tunnels) and the effects of the carried out reclamation. As part of the planned classes, the GPR method will be presented and used to locate old mining shafts and to identify shallow geological structures.<\/p>\n<p>Disciplines: environmental science, environmental engineering, environmental management, ecology, environmental chemistry, geochemistry, geophysics, geology, biology.<\/p>\n<p>More: <a href=\"https:\/\/us.edu.pl\/t4e\/wp-content\/uploads\/sites\/59\/Nieprzypisane\/Land-degeneration.pdf\" class=\"mtli_attachment mtli_pdf\" data-mtli=\"mtli_filesize64,78kB\" class=\"mtli_attachment mtli_pdf\" data-mtli=\"mtli_filesize64,78kB\">Land degeneration<\/a><\/p>\n<style type=\"text\/css\">a[data-mtli~=\"mtli_filesize64,78kB\"]:after {content:\" (64,78 kB)\"}<\/style><\/div>\r\n                    <\/div>\r\n                <\/div>[\/vc_tta_section][\/vc_tta_accordion][\/vc_column][\/vc_row][vc_row el_class=&#8221;container&#8221;][vc_column][vc_separator color=&#8221;custom&#8221; accent_color=&#8221;#71af3a&#8221;][\/vc_column][\/vc_row][vc_row el_class=&#8221;container&#8221;][vc_column]\r\n                <div class=\"text-modules\">\r\n                    <div class=\"container\">\r\n                        \r\n                        <div class=\"text-modules__content\"><\/p>\n<p style=\"line-height: 0.9; color: #000000; font-family: 'PT Sans Narrow'; font-size: 1.8em;\"><strong>KONTAKT<\/strong><\/p>\n<p>\n<\/div>\r\n                    <\/div>\r\n                <\/div>[\/vc_column][\/vc_row][vc_row el_class=&#8221;container&#8221;][vc_column width=&#8221;1\/4&#8243;][\/vc_column][vc_column width=&#8221;3\/4&#8243;]\r\n                <div class=\"text-modules\">\r\n                    <div class=\"container\">\r\n                        \r\n                        <div class=\"text-modules__content\"><p><a href=\"mailto:transform4europe@us.edu.pl\">transform4europe@us.edu.pl<\/a><\/p>\n<p><a href=\"mailto:szkola.doktorska@us.edu.pl\">szkola.doktorska@us.edu.pl<\/a><\/p>\n<\/div>\r\n                    <\/div>\r\n                <\/div>[\/vc_column][\/vc_row][vc_row][vc_column][\/vc_column][\/vc_row]<\/p>\n<style type=\"text\/css\">a[data-mtli~=\"mtli_filesize61,37kB\"]:after {content:\" (61,37 kB)\"}a[data-mtli~=\"mtli_filesize57,71kB\"]:after {content:\" (57,71 kB)\"}a[data-mtli~=\"mtli_filesize60,00kB\"]:after {content:\" (60,00 kB)\"}a[data-mtli~=\"mtli_filesize64,63kB\"]:after {content:\" (64,63 kB)\"}a[data-mtli~=\"mtli_filesize57,26kB\"]:after {content:\" (57,26 kB)\"}a[data-mtli~=\"mtli_filesize64,78kB\"]:after {content:\" (64,78 kB)\"}<\/style>","protected":false},"excerpt":{"rendered":"<p>[vc_row css=&#8221;.vc_custom_1637860856141{margin-top: 0px !important;margin-bottom: 0px !important;border-top-width: 0px !important;border-bottom-width: 0px !important;padding-top: 0px !important;padding-bottom: 0px !important;}&#8221; el_class=&#8221;container&#8221;][vc_column width=&#8221;1\/4&#8243; css=&#8221;.vc_custom_1628676746787{margin-bottom: 0px !important;border-bottom-width: 0px !important;padding-bottom: 0px !important;}&#8221;][\/vc_column][vc_column width=&#8221;3\/4&#8243; css=&#8221;.vc_custom_1628749912462{margin-right: 5px !important;padding-left: 10px !important;}&#8221;][\/vc_column][\/vc_row][vc_row css=&#8221;.vc_custom_1637859060946{margin-top: 0px !important;margin-bottom: 0px !important;border-top-width: 0px !important;border-bottom-width: 0px !important;padding-top: 0px !important;padding-bottom: 0px !important;}&#8221;][vc_column width=&#8221;1\/4&#8243; css=&#8221;.vc_custom_1628676746787{margin-bottom: 0px !important;border-bottom-width: 0px !important;padding-bottom: 0px !important;}&#8221;][\/vc_column][vc_column width=&#8221;3\/4&#8243; css=&#8221;.vc_custom_1628749912462{margin-right: 5px !important;padding-left: 10px [&#8230;]<\/p>\n<p><a class=\"btn btn-secondary understrap-read-more-link\" href=\"https:\/\/us.edu.pl\/t4e\/transform4europe-week\/program-doktorancki\/\">Read More&#8230;<\/a><\/p>\n","protected":false},"author":139,"featured_media":0,"parent":785,"menu_order":0,"comment_status":"closed","ping_status":"closed","template":"","meta":{"_expiration-date-status":"saved","_expiration-date":0,"_expiration-date-type":"","_expiration-date-categories":[],"_expiration-date-options":[]},"acf":[],"_links":{"self":[{"href":"https:\/\/us.edu.pl\/t4e\/wp-json\/wp\/v2\/pages\/1483"}],"collection":[{"href":"https:\/\/us.edu.pl\/t4e\/wp-json\/wp\/v2\/pages"}],"about":[{"href":"https:\/\/us.edu.pl\/t4e\/wp-json\/wp\/v2\/types\/page"}],"author":[{"embeddable":true,"href":"https:\/\/us.edu.pl\/t4e\/wp-json\/wp\/v2\/users\/139"}],"replies":[{"embeddable":true,"href":"https:\/\/us.edu.pl\/t4e\/wp-json\/wp\/v2\/comments?post=1483"}],"version-history":[{"count":10,"href":"https:\/\/us.edu.pl\/t4e\/wp-json\/wp\/v2\/pages\/1483\/revisions"}],"predecessor-version":[{"id":1520,"href":"https:\/\/us.edu.pl\/t4e\/wp-json\/wp\/v2\/pages\/1483\/revisions\/1520"}],"up":[{"embeddable":true,"href":"https:\/\/us.edu.pl\/t4e\/wp-json\/wp\/v2\/pages\/785"}],"wp:attachment":[{"href":"https:\/\/us.edu.pl\/t4e\/wp-json\/wp\/v2\/media?parent=1483"}],"curies":[{"name":"wp","href":"https:\/\/api.w.org\/{rel}","templated":true}]}}