{"id":149,"date":"2021-01-20T17:09:31","date_gmt":"2021-01-20T16:09:31","guid":{"rendered":"https:\/\/us.edu.pl\/t4e\/?page_id=149"},"modified":"2024-03-22T14:08:41","modified_gmt":"2024-03-22T13:08:41","slug":"uniwersytety-europejskie","status":"publish","type":"page","link":"https:\/\/us.edu.pl\/t4e\/uniwersytety-europejskie\/","title":{"rendered":"Uniwersytety europejskie"},"content":{"rendered":"<p>[vc_row][vc_column][vc_column_text][\/vc_column_text][\/vc_column][\/vc_row][vc_row el_class=&#8221;container&#8221;][vc_column]\r\n                <div class=\"text-modules\">\r\n                    <div class=\"container\">\r\n                        <h3 class=\"page-title text__title\">Uniwersytety europejskie<\/h3>\r\n                        <div class=\"text-modules__content\"><\/div>\r\n                    <\/div>\r\n                <\/div>[\/vc_column][\/vc_row][vc_row el_class=&#8221;container&#8221;][vc_column width=&#8221;2\/3&#8243;]\r\n                <div class=\"text-modules\">\r\n                    <div class=\"container\">\r\n                        \r\n                        <div class=\"text-modules__content\"><\/p>\n<h3 style=\"font-family: PT Sans Narrow; color: #002e5a;\"><strong>Idea<\/strong><\/h3>\n<p>Prezydent Francji Emmanuel Macron we wrze\u015bniu 2017 roku wyg\u0142osi\u0142 na Uniwersytecie Sorbony przem\u00f3wienie, w kt\u00f3rym pad\u0142y znamienne s\u0142owa: \u201eUwa\u017cam, \u017ce powinni\u015bmy stworzy\u0107 Europejskie Uniwersytety \u2013 sie\u0107 uczelni w ca\u0142ej Europie z kierunkami studi\u00f3w, w ramach kt\u00f3rych wszyscy studenci b\u0119d\u0105 studiowa\u0107 za granic\u0105 i uczestniczy\u0107 w zaj\u0119ciach w co najmniej dw\u00f3ch j\u0119zykach.\u00a0 Europejskie Uniwersytety b\u0119d\u0105 r\u00f3wnie\u017c motorami innowacji i d\u0105\u017cenia do doskona\u0142o\u015bci w szkolnictwie.\u00a0 Powinni\u015bmy postawi\u0107 sobie cel stworzenia co najmniej 20 takich uczelni do 2024 roku.\u00a0 Musimy jednak rozpocz\u0105\u0107 tworzenie pierwszych Europejskich Uniwersytet\u00f3w ju\u017c w przysz\u0142ym roku akademickim, z prawdziwymi europejskimi semestrami nauki i prawdziwymi europejskimi dyplomami\u201d.<\/p>\n<p>Zgodnie z t\u0105 ide\u0105 do 2024 roku mia\u0142o powsta\u0107 co najmniej 20 sojuszy, kt\u00f3re ka\u017cdorazowo tworzy\u0142oby kilka instytucji szkolnictwa wy\u017cszego, po\u0142\u0105czonych \u017cyw\u0105, trwa\u0142\u0105 wi\u0119zi\u0105, skoncentrowanych na realizacji wsp\u00f3lnie wybranego celu.<\/p>\n<p>Nie trzeba by\u0142o d\u0142ugo czeka\u0107 na reakcj\u0119 europejskiego szkolnictwa wy\u017cszego. Rozpocz\u0119\u0142y si\u0119 bowiem intensywne prace nad wprowadzeniem idei w \u017cycie, w tym przygotowania do og\u0142oszenia pierwszego konkursu Komisji Europejskiej pn. \u201eEuropean Universities\u201d. Uczelnie chc\u0105ce nawi\u0105za\u0107 wsp\u00f3\u0142prac\u0119, wykorzystywa\u0142y przede wszystkim swoje wieloletnie do\u015bwiadczenia zwi\u0105zane z realizacj\u0105 program\u00f3w o zasi\u0119gu europejskim. Idea spotka\u0142a si\u0119 z du\u017cym zainteresowaniem, ju\u017c pod koniec 2020 roku powsta\u0142o 41 takich sojuszy.<\/p>\n<p>Pos\u0142uchaj <a href=\"https:\/\/www.elysee.fr\/emmanuel-macron\/2017\/09\/26\/president-macron-gives-speech-on-new-initiative-for-europe.en\">wyst\u0105pienia Emmanuela Macrona<\/a> na Uniwersytecie Sorbony (materia\u0142 w j\u0119zyku francuskim).<\/p>\n<p>Przeczytaj artyku\u0142 prof. Tomasz Szapiro pt. <a href=\"https:\/\/prenumeruj.forumakademickie.pl\/fa\/2018\/07-08\/uniwersytety-europejskie\/\">\u201eUniwersytety europejskie. Geneza koncepcji i status quo\u201d<\/a> opublikowanego na \u0142amach \u201eForum Akademickiego\u201d w 2018 roku.<\/p>\n<\/div>\r\n                    <\/div>\r\n                <\/div>[vc_empty_space][vc_row_inner][vc_column_inner width=&#8221;1\/12&#8243;][\/vc_column_inner][vc_column_inner width=&#8221;3\/12&#8243;][\/vc_column_inner][vc_column_inner width=&#8221;7\/12&#8243;][\/vc_column_inner][vc_column_inner width=&#8221;1\/12&#8243;][\/vc_column_inner][\/vc_row_inner][vc_empty_space][\/vc_column][vc_column width=&#8221;1\/3&#8243;][vc_empty_space][vc_empty_space height=&#8221;2px&#8221; css=&#8221;.vc_custom_1617101422017{background-color: #6fab2b !important;}&#8221;]\r\n                <div class=\"text-modules\">\r\n                    <div class=\"container\">\r\n                        \r\n                        <div class=\"text-modules__content\"><\/p>\n<p style=\"text-align: center;\"><strong><span style=\"color: #002e5a;\">#odkryj<\/span><span style=\"color: #6fab2b;\">T<span style=\"color: #002e5a;\">ransform<\/span>4E<span style=\"color: #002e5a;\">urope<\/span><\/span><\/strong><\/p>\n<p style=\"font-family: PT Sans Narrow;\">Uniwersytet \u015al\u0105ski w Katowicach wraz z dziesi\u0119cioma zagranicznymi szko\u0142ami wy\u017cszymi tworzy uniwersytet europejski w ramach sojuszu Transform4Europe. Co wyr\u00f3\u017cnia nasze konsorcjum na tle innych? Na pewno idea, wsp\u00f3lny cel, wyzwania, a tak\u017ce has\u0142o Transform4Europe, z kt\u00f3rym zapewne zd\u0105\u017cyli\u015bmy si\u0119 ju\u017c oswoi\u0107.<\/p>\n<p>\n<\/div>\r\n                    <\/div>\r\n                <\/div>\r\n                <div class=\"text-modules\">\r\n                    <div class=\"container\">\r\n                        \r\n                        <div class=\"text-modules__content\"><\/p>\n<p style=\"text-align: center; color: #002e5a; font-family: PT Sans Narrow;\"><strong>MISJA<\/strong><\/p>\n<p style=\"text-align: center;\">kszta\u0142cenie wysoko wykwalifikowanych europejskich przedsi\u0119biorc\u00f3w wiedzy<\/p>\n<p>\n<\/div>\r\n                    <\/div>\r\n                <\/div>[\/vc_column][\/vc_row][vc_row][vc_column width=&#8221;1\/4&#8243;][\/vc_column][vc_column width=&#8221;1\/4&#8243;]\r\n                <div class=\"text-modules\">\r\n                    <div class=\"container\">\r\n                        \r\n                        <div class=\"text-modules__content\"><\/p>\n<h3 style=\"font-family: PT Sans Narrow; color: #002e5a;\"><strong>Konkurs |<br \/>\n\u201eEuropean Universities\u201d<\/strong><\/h3>\n<p>&nbsp;<\/p>\n<p style=\"text-align: center;\"><img class=\"aligncenter wp-image-132195 size-medium\" src=\"https:\/\/us.edu.pl\/wp-content\/uploads\/image\/t4e\/flag_yellow_low-600x401.jpg\" alt=\"Flaga Unii Europejskiej\" width=\"60%\" height=\"auto\" \/><\/p>\n<p>\n<\/div>\r\n                    <\/div>\r\n                <\/div>[\/vc_column][vc_column width=&#8221;1\/4&#8243;]\r\n                <div class=\"text-modules\">\r\n                    <div class=\"container\">\r\n                        \r\n                        <div class=\"text-modules__content\"><p>Konkurs pn. \u201eEuropean Universities\u201d zosta\u0142 zorganizowany przez Komisj\u0119 Europejsk\u0105, aby wzmacnia\u0107 wymian\u0119 akademick\u0105, nowoczesne kszta\u0142cenie i potencja\u0142 badawczy, a przez to mi\u0119dzynarodow\u0105 konkurencyjno\u015b\u0107 europejskich szk\u00f3\u0142 wy\u017cszych. Inicjatywa finansowana z programu Erasmus+ ma wspiera\u0107 sojusze zawarte mi\u0119dzy instytucjami szkolnictwa wy\u017cszego z co najmniej trzech kraj\u00f3w cz\u0142onkowskich Unii Europejskiej lub innych kraj\u00f3w programu. Warto doda\u0107, \u017ce ka\u017cda sie\u0107 mog\u0142a otrzyma\u0107 trzyletni grant w wysoko\u015bci maksymalnie 5 milion\u00f3w euro.<\/p>\n<p>Dotychczas w wyniku dw\u00f3ch edycji konkursu wy\u0142onionych zosta\u0142o 41 uniwersytet\u00f3w europejskich. W presti\u017cowym gronie konsorcj\u00f3w znalaz\u0142o si\u0119 11 polskich uczelni: Uniwersytet \u015al\u0105ski w Katowicach, Uniwersytet Jagiello\u0144ski, Uniwersytet Warszawski, Uniwersytet im. Adama Mickiewicza w Poznaniu, Uniwersytet Gda\u0144ski, Uniwersytet Opolski, Uniwersytet Miko\u0142aja Kopernika w Toruniu, Politechnika Pozna\u0144ska, Politechnika Warszawska, Akademia G\u00f3rniczo-Hutnicza im. S. Staszica w Krakowie oraz Politechnika \u015al\u0105ska. Uniwersytet \u015al\u0105ski w Katowicach, b\u0119d\u0105c cz\u0119\u015bci\u0105 ponadnarodowego sojuszu Transform4Europe, do\u0142\u0105czy\u0142 do grupy beneficjent\u00f3w konkursu <a href=\"https:\/\/us.edu.pl\/uniwersytet-slaski-w-gronie-laureatow-konkursu-uniwersytetow-europejskich\/\">w lipcu 2020 roku<\/a>.<\/p>\n<p>Dowiedz si\u0119 wi\u0119cej na temat konkursu <a href=\"https:\/\/ec.europa.eu\/programmes\/erasmus-plus\/programme-guide\/part-b\/three-key-actions\/key-action-2\/european-universities_pl\">Komisji Europejskiej.<\/a><\/p>\n<\/div>\r\n                    <\/div>\r\n                <\/div>[\/vc_column][vc_column width=&#8221;1\/4&#8243;][\/vc_column][\/vc_row][vc_row][vc_column]\r\n                <div class=\"text-modules\">\r\n                    <div class=\"container\">\r\n                        \r\n                        <div class=\"text-modules__content\"><\/p>\n<h3 style=\"font-family: PT Sans Narrow; color: #002e5a;\"><strong>Cele i zadania uniwersytet\u00f3w europejskich<\/strong><\/h3>\n<p>Uniwersytety europejskie maj\u0105 promowa\u0107 przede wszystkim wsp\u00f3lne europejskie warto\u015bci oraz wzmacnia\u0107 europejsk\u0105 to\u017csamo\u015b\u0107, a tak\u017ce d\u0105\u017cy\u0107 do wzmacniania atrakcyjno\u015bci i mi\u0119dzynarodowej konkurencyjno\u015bci europejskich instytucji szkolnictwa wy\u017cszego.<\/p>\n<p>Zgodnie z ide\u0105 konkursu droga do tych cel\u00f3w wiedzie przede wszystkim poprzez intensywn\u0105, \u017cyw\u0105 wsp\u00f3\u0142prac\u0119 pomi\u0119dzy partnerami utworzonych sojuszy na wszystkich poziomach funkcjonowania uczelni. Razem powinni zadba\u0107 o wysok\u0105 jako\u015b\u0107 kszta\u0142cenia i prowadzonych bada\u0144 naukowych oraz intensyfikowanie wsp\u00f3\u0142pracy z otoczeniem spo\u0142eczno-gospodarczym. Wsp\u00f3lne programy i plany nauczania opiera\u0107 si\u0119 b\u0119d\u0105 na zwi\u0119kszonej mobilno\u015bci pracownik\u00f3w, student\u00f3w i doktorant\u00f3w. Kluczowe znaczenie b\u0119dzie mie\u0107 tak\u017ce zdobywanie nowych i umacnianie posiadanych kompetencji, a tak\u017ce kszta\u0142towanie postaw obywatelskich w\u015br\u00f3d cz\u0142onk\u00f3w wsp\u00f3lnot akademickich.<\/p>\n<p>Koncepcja zak\u0142ada utworzenie wsp\u00f3lnego europejskiego \u201ekampusu\u201d szkolnictwa wy\u017cszego, w kt\u00f3rym studenci, doktoranci oraz pracownicy uczelni b\u0119d\u0105 mogli mi\u0119dzy innymi studiowa\u0107, prowadzi\u0107 badania i szkoli\u0107 si\u0119 w instytucjach partnerskich. To tak\u017ce opracowanie nowych, elastycznych i interdyscyplinarnych program\u00f3w nauczania realizowanych na studiach licencjackich, magisterskich i doktoranckich, jak r\u00f3wnie\u017c stworzenie innowacyjnych metod nauczania. Studenci i doktoranci b\u0119d\u0105 odzwierciedla\u0107 r\u00f3\u017cnorodno\u015b\u0107 populacji w sensie spo\u0142ecznym, kulturowym czy ekonomicznym. Ponadto uniwersytety europejskie umo\u017cliwi\u0105 tworzenie zespo\u0142\u00f3w, w sk\u0142ad kt\u00f3rych b\u0119d\u0105 wchodzi\u0107 zar\u00f3wno studenci, nauczyciele akademiccy, jak i przedstawiciele otoczenia spo\u0142eczno-gospodarczego.<\/p>\n<p>Do takiej sieci nale\u017cy w\u0142a\u015bnie konsorcjum Transform4Europe, kt\u00f3rego cz\u0142onkiem jest Uniwersytet \u015al\u0105ski w Katowicach.<\/p>\n<\/div>\r\n                    <\/div>\r\n                <\/div>[\/vc_column][\/vc_row][vc_row][vc_column][vc_column_text][\/vc_column_text][\/vc_column][\/vc_row]<\/p>","protected":false},"excerpt":{"rendered":"<p>[vc_row][vc_column][vc_column_text][\/vc_column_text][\/vc_column][\/vc_row][vc_row el_class=&#8221;container&#8221;][vc_column][\/vc_column][\/vc_row][vc_row el_class=&#8221;container&#8221;][vc_column width=&#8221;2\/3&#8243;][vc_empty_space][vc_row_inner][vc_column_inner width=&#8221;1\/12&#8243;][\/vc_column_inner][vc_column_inner width=&#8221;3\/12&#8243;][\/vc_column_inner][vc_column_inner width=&#8221;7\/12&#8243;][\/vc_column_inner][vc_column_inner width=&#8221;1\/12&#8243;][\/vc_column_inner][\/vc_row_inner][vc_empty_space][\/vc_column][vc_column width=&#8221;1\/3&#8243;][vc_empty_space][vc_empty_space height=&#8221;2px&#8221; css=&#8221;.vc_custom_1617101422017{background-color: #6fab2b !important;}&#8221;][\/vc_column][\/vc_row][vc_row][vc_column width=&#8221;1\/4&#8243;][\/vc_column][vc_column width=&#8221;1\/4&#8243;][\/vc_column][vc_column width=&#8221;1\/4&#8243;][\/vc_column][vc_column width=&#8221;1\/4&#8243;][\/vc_column][\/vc_row][vc_row][vc_column][\/vc_column][\/vc_row][vc_row][vc_column][vc_column_text][\/vc_column_text][\/vc_column][\/vc_row] [&#8230;]<\/p>\n<p><a class=\"btn btn-secondary understrap-read-more-link\" href=\"https:\/\/us.edu.pl\/t4e\/uniwersytety-europejskie\/\">Read More&#8230;<\/a><\/p>\n","protected":false},"author":139,"featured_media":0,"parent":0,"menu_order":0,"comment_status":"closed","ping_status":"closed","template":"","meta":{"_expiration-date-status":"saved","_expiration-date":0,"_expiration-date-type":"","_expiration-date-categories":[],"_expiration-date-options":[]},"acf":[],"_links":{"self":[{"href":"https:\/\/us.edu.pl\/t4e\/wp-json\/wp\/v2\/pages\/149"}],"collection":[{"href":"https:\/\/us.edu.pl\/t4e\/wp-json\/wp\/v2\/pages"}],"about":[{"href":"https:\/\/us.edu.pl\/t4e\/wp-json\/wp\/v2\/types\/page"}],"author":[{"embeddable":true,"href":"https:\/\/us.edu.pl\/t4e\/wp-json\/wp\/v2\/users\/139"}],"replies":[{"embeddable":true,"href":"https:\/\/us.edu.pl\/t4e\/wp-json\/wp\/v2\/comments?post=149"}],"version-history":[{"count":10,"href":"https:\/\/us.edu.pl\/t4e\/wp-json\/wp\/v2\/pages\/149\/revisions"}],"predecessor-version":[{"id":2742,"href":"https:\/\/us.edu.pl\/t4e\/wp-json\/wp\/v2\/pages\/149\/revisions\/2742"}],"wp:attachment":[{"href":"https:\/\/us.edu.pl\/t4e\/wp-json\/wp\/v2\/media?parent=149"}],"curies":[{"name":"wp","href":"https:\/\/api.w.org\/{rel}","templated":true}]}}