{"id":5613,"date":"2025-08-04T09:50:01","date_gmt":"2025-08-04T07:50:01","guid":{"rendered":"https:\/\/us.edu.pl\/t4e\/?page_id=5613"},"modified":"2026-02-18T11:57:51","modified_gmt":"2026-02-18T10:57:51","slug":"t4eu-zainspiruj-sie","status":"publish","type":"page","link":"https:\/\/us.edu.pl\/t4e\/t4eu-zainspiruj-sie\/","title":{"rendered":"T4EU zainspiruj si\u0119!"},"content":{"rendered":"<p>[vc_row el_class=&#8221;container&#8221;][vc_column][vc_empty_space][vc_raw_html]JTNDaDIlMjBjbGFzcyUzRCUyMnBhZ2UtdGl0bGUlMjIlM0VUNEVVJTIwemFpbnNwaXJ1aiUyMHNpJUM0JTk5JTIxJTNDJTJGaDIlM0U=[\/vc_raw_html][vc_empty_space height=&#8221;10px&#8221;][\/vc_column][\/vc_row][vc_row el_class=&#8221;container&#8221;][vc_column width=&#8221;2\/3&#8243;]\r\n                <div class=\"text-modules\">\r\n                    <div class=\"container\">\r\n                        \r\n                        <div class=\"text-modules__content\"><\/p>\n<p data-start=\"129\" data-end=\"816\">Zainspiruj si\u0119 do\u015bwiadczeniami student\u00f3w, doktorant\u00f3w i pracownik\u00f3w uczelni uczestnicz\u0105cych w inicjatywach Transform4Europe \u2013 poznaj ich historie z wyjazd\u00f3w, bada\u0144 i wsp\u00f3\u0142pracy mi\u0119dzynarodowej.<\/p>\n<p data-start=\"129\" data-end=\"816\">W ramach sojuszu Transform4Europe europejskie uniwersytety \u0142\u0105cz\u0105 si\u0142y, by wsp\u00f3lnie kszta\u0142towa\u0107 przysz\u0142o\u015b\u0107 edukacji, nauki i mobilno\u015bci akademickiej. Dzi\u0119ki temu powstaj\u0105 nowe mo\u017cliwo\u015bci rozwoju dla os\u00f3b na r\u00f3\u017cnych etapach kariery \u2013 od student\u00f3w po do\u015bwiadczonych naukowc\u00f3w. Na tej stronie publikujemy osobiste relacje uczestnik\u00f3w: opowie\u015bci o wyzwaniach i sukcesach, inspiruj\u0105cych spotkaniach, projektach badawczych i \u017cyciu codziennym na uczelniach partnerskich w r\u00f3\u017cnych krajach Europy.<\/p>\n<p data-start=\"818\" data-end=\"1135\">Materia\u0142y wideo, artyku\u0142y i wywiady pokazuj\u0105, jak udzia\u0142 w programach Transform4Europe wp\u0142ywa na rozw\u00f3j zawodowy, naukowy i osobisty. Ich bohaterowie dziel\u0105 si\u0119 praktycznymi wskaz\u00f3wkami, przemy\u015bleniami oraz refleksjami na temat tego, co daje im wsp\u00f3\u0142praca mi\u0119dzynarodowa i jak zmienia ich spos\u00f3b my\u015blenia o \u015bwiecie.<\/p>\n<p data-start=\"1137\" data-end=\"1264\">Poznaj historie z pierwszej r\u0119ki \u2013 by\u0107 mo\u017ce w\u0142a\u015bnie one zainspiruj\u0105 Ci\u0119 do podj\u0119cia w\u0142asnej przygody w ramach Transform4Europe.<\/p>\n<p>\n<\/div>\r\n                    <\/div>\r\n                <\/div>[\/vc_column][vc_column width=&#8221;1\/3&#8243; css=&#8221;.vc_custom_1755593736525{background-color: #fbfaf8 !important;}&#8221;][vc_empty_space height=&#8221;20px&#8221;]\r\n                <div class=\"text-modules\">\r\n                    <div class=\"container\">\r\n                        \r\n                        <div class=\"text-modules__content\"><p><span style=\"font-size: 10pt;\"><img class=\"alignnone wp-image-976\" src=\"https:\/\/us.edu.pl\/t4e\/wp-content\/uploads\/sites\/59\/grafiki\/logo\/Transform4Europe_CVI-3-800x214.png\" alt=\"logo Transform4Europe\" width=\"300\" height=\"80\" srcset=\"https:\/\/us.edu.pl\/t4e\/wp-content\/uploads\/sites\/59\/grafiki\/logo\/Transform4Europe_CVI-3-800x214.png 800w, https:\/\/us.edu.pl\/t4e\/wp-content\/uploads\/sites\/59\/grafiki\/logo\/Transform4Europe_CVI-3-768x206.png 768w, https:\/\/us.edu.pl\/t4e\/wp-content\/uploads\/sites\/59\/grafiki\/logo\/Transform4Europe_CVI-3-1024x274.png 1024w, https:\/\/us.edu.pl\/t4e\/wp-content\/uploads\/sites\/59\/grafiki\/logo\/Transform4Europe_CVI-3-575x154.png 575w\" sizes=\"(max-width: 300px) 100vw, 300px\" \/><\/span><\/p>\n<\/div>\r\n                    <\/div>\r\n                <\/div>\r\n                <div class=\"text-modules\">\r\n                    <div class=\"container\">\r\n                        \r\n                        <div class=\"text-modules__content\"><p><img class=\"alignnone size-medium wp-image-3759\" src=\"https:\/\/us.edu.pl\/t4e\/wp-content\/uploads\/sites\/59\/fotografie\/T4EU-Events-in-Katowice-and-Cieszyn-2024\/fot.-Przemyslaw-Kowal-43-1-800x533.jpg\" alt=\"na zdj\u0119ciu u\u015bmiechni\u0119ci stuednci pozuj\u0105 do zdj\u0119cia w tle flaga t4eu\" width=\"100%\" height=\"auto\" srcset=\"https:\/\/us.edu.pl\/t4e\/wp-content\/uploads\/sites\/59\/fotografie\/T4EU-Events-in-Katowice-and-Cieszyn-2024\/fot.-Przemyslaw-Kowal-43-1-800x533.jpg 800w, https:\/\/us.edu.pl\/t4e\/wp-content\/uploads\/sites\/59\/fotografie\/T4EU-Events-in-Katowice-and-Cieszyn-2024\/fot.-Przemyslaw-Kowal-43-1-1024x683.jpg 1024w, https:\/\/us.edu.pl\/t4e\/wp-content\/uploads\/sites\/59\/fotografie\/T4EU-Events-in-Katowice-and-Cieszyn-2024\/fot.-Przemyslaw-Kowal-43-1-768x512.jpg 768w, https:\/\/us.edu.pl\/t4e\/wp-content\/uploads\/sites\/59\/fotografie\/T4EU-Events-in-Katowice-and-Cieszyn-2024\/fot.-Przemyslaw-Kowal-43-1-575x383.jpg 575w, https:\/\/us.edu.pl\/t4e\/wp-content\/uploads\/sites\/59\/fotografie\/T4EU-Events-in-Katowice-and-Cieszyn-2024\/fot.-Przemyslaw-Kowal-43-1.jpg 1200w\" sizes=\"(max-width: 800px) 100vw, 800px\" \/><\/p>\n<p><span style=\"font-size: 10pt;\">T4EU Week w Katowicach | fot. Przemys\u0142aw Kowal<\/span><\/p>\n<\/div>\r\n                    <\/div>\r\n                <\/div>[\/vc_column][\/vc_row][vc_row][vc_column]<div class=\"container\"><div class=\"separator\" style=\"background-color: #EBEBEB\"><\/div><\/div>\r\n                <div class=\"text-modules\">\r\n                    <div class=\"container\">\r\n                        \r\n                        <div class=\"text-modules__content\"><\/p>\n<h3><strong>Poznaj student\u00f3w, doktorant\u00f3w i pracownik\u00f3w T4EU<\/strong><\/h3>\n<p>\n<\/div>\r\n                    <\/div>\r\n                <\/div>[\/vc_column][\/vc_row][vc_row content_placement=&#8221;bottom&#8221; el_class=&#8221;container&#8221;][vc_column width=&#8221;1\/4&#8243; el_class=&#8221;shadow margines&#8221;][vc_column_text css=&#8221;.vc_custom_1754294629851{margin-top: 0px !important;margin-right: 0px !important;margin-bottom: 0px !important;margin-left: 0px !important;border-top-width: 0px !important;border-right-width: 0px !important;border-bottom-width: 0px !important;border-left-width: 0px !important;padding-top: 0px !important;padding-right: 0px !important;padding-bottom: 0px !important;padding-left: 0px !important;}&#8221;]<img class=\"alignnone size-medium wp-image-5625\" src=\"https:\/\/us.edu.pl\/t4e\/wp-content\/uploads\/sites\/59\/fotografie\/Dr-Agnieszka-Babczynska-prof.-US-pod-ogrodem-botanicznym-Uniwersytetu-Witolda-Wielkiego-w-Kownie-fot.-archiwum-prywatne-800x800.jpg\" alt=\"Dr hab. Agnieszka Babczy\u0144ska, prof. U\u015a, przed ogrodem botanicznym Uniwersytetu Witolda Wielkiego w Kownie\" width=\"100%\" height=\"auto\" srcset=\"https:\/\/us.edu.pl\/t4e\/wp-content\/uploads\/sites\/59\/fotografie\/Dr-Agnieszka-Babczynska-prof.-US-pod-ogrodem-botanicznym-Uniwersytetu-Witolda-Wielkiego-w-Kownie-fot.-archiwum-prywatne.jpg 800w, https:\/\/us.edu.pl\/t4e\/wp-content\/uploads\/sites\/59\/fotografie\/Dr-Agnieszka-Babczynska-prof.-US-pod-ogrodem-botanicznym-Uniwersytetu-Witolda-Wielkiego-w-Kownie-fot.-archiwum-prywatne-150x150.jpg 150w, https:\/\/us.edu.pl\/t4e\/wp-content\/uploads\/sites\/59\/fotografie\/Dr-Agnieszka-Babczynska-prof.-US-pod-ogrodem-botanicznym-Uniwersytetu-Witolda-Wielkiego-w-Kownie-fot.-archiwum-prywatne-768x768.jpg 768w, https:\/\/us.edu.pl\/t4e\/wp-content\/uploads\/sites\/59\/fotografie\/Dr-Agnieszka-Babczynska-prof.-US-pod-ogrodem-botanicznym-Uniwersytetu-Witolda-Wielkiego-w-Kownie-fot.-archiwum-prywatne-575x575.jpg 575w\" sizes=\"(max-width: 800px) 100vw, 800px\" \/>[\/vc_column_text][vc_column_text css=&#8221;.vc_custom_1758704980770{margin-top: 0px !important;margin-right: 0px !important;margin-bottom: 0px !important;margin-left: 0px !important;border-top-width: 0px !important;border-right-width: 0px !important;border-bottom-width: 0px !important;border-left-width: 0px !important;padding-top: 15px !important;padding-right: 15px !important;padding-bottom: 10px !important;padding-left: 15px !important;}&#8221;]<a class=\"duzy-link\" href=\"https:\/\/us.edu.pl\/t4e\/t4eu-daje-wiele-mozliwosci\/\"><small><span style=\"letter-spacing: 0.6mm; color: #333333; font-size: 130%; font-family: PT Sans Narrow;\"><strong>dr hab. AGNIESZKA BABCZY\u0143SKA, prof. U\u015a<\/strong><\/span><\/small><\/a><\/p>\n<p><span style=\"font-family: PT Sans Narrow; color: #011535;\">Wydzia\u0142 Nauk Przyrodniczych U\u015a<\/span>[\/vc_column_text][\/vc_column][vc_column width=&#8221;1\/4&#8243; el_class=&#8221;shadow margines&#8221;][vc_column_text css=&#8221;.vc_custom_1758704534600{margin-top: 0px !important;margin-right: 0px !important;margin-bottom: 0px !important;margin-left: 0px !important;border-top-width: 0px !important;border-right-width: 0px !important;border-bottom-width: 0px !important;border-left-width: 0px !important;padding-top: 0px !important;padding-right: 0px !important;padding-bottom: 0px !important;padding-left: 0px !important;}&#8221;]<img class=\"alignnone size-medium wp-image-5721\" src=\"https:\/\/us.edu.pl\/t4e\/wp-content\/uploads\/sites\/59\/fotografie\/Tomasz-Grzaslewicz-800x800.jpg\" alt=\"Tomasz Grz\u0105\u015blewicz\" width=\"100%\" height=\"auto\" srcset=\"https:\/\/us.edu.pl\/t4e\/wp-content\/uploads\/sites\/59\/fotografie\/Tomasz-Grzaslewicz.jpg 800w, https:\/\/us.edu.pl\/t4e\/wp-content\/uploads\/sites\/59\/fotografie\/Tomasz-Grzaslewicz-150x150.jpg 150w, https:\/\/us.edu.pl\/t4e\/wp-content\/uploads\/sites\/59\/fotografie\/Tomasz-Grzaslewicz-768x768.jpg 768w, https:\/\/us.edu.pl\/t4e\/wp-content\/uploads\/sites\/59\/fotografie\/Tomasz-Grzaslewicz-575x575.jpg 575w\" sizes=\"(max-width: 800px) 100vw, 800px\" \/>[\/vc_column_text][vc_column_text css=&#8221;.vc_custom_1758704986841{margin-top: 0px !important;margin-right: 0px !important;margin-bottom: 0px !important;margin-left: 0px !important;border-top-width: 0px !important;border-right-width: 0px !important;border-bottom-width: 0px !important;border-left-width: 0px !important;padding-top: 15px !important;padding-right: 15px !important;padding-bottom: 10px !important;padding-left: 15px !important;}&#8221;]<a class=\"duzy-link\" href=\"https:\/\/us.edu.pl\/t4e\/wspomnienia-z-t4eu-common-european-heritage-week-w-triescie\/\"><small><span style=\"letter-spacing: 0.6mm; color: #333333; font-size: 130%; font-family: PT Sans Narrow;\"><strong>TOMASZ GRZ\u0104\u015aLEWICZ<\/strong><\/span><\/small><\/a><\/p>\n<p><span style=\"font-family: PT Sans Narrow; color: #011535;\">Szko\u0142a Doktorska U\u015a<\/span>[\/vc_column_text][\/vc_column][vc_column width=&#8221;1\/4&#8243; el_class=&#8221;shadow margines&#8221;][vc_column_text css=&#8221;.vc_custom_1771412133317{margin-top: 0px !important;margin-right: 0px !important;margin-bottom: 0px !important;margin-left: 0px !important;border-top-width: 0px !important;border-right-width: 0px !important;border-bottom-width: 0px !important;border-left-width: 0px !important;padding-top: 0px !important;padding-right: 0px !important;padding-bottom: 0px !important;padding-left: 0px !important;}&#8221;]<img class=\"alignnone size-medium wp-image-5868\" src=\"https:\/\/us.edu.pl\/t4e\/wp-content\/uploads\/sites\/59\/fotografie\/Anna-Olender-Staskiewicz-800x800.jpg\" alt=\"Anna Olender-Sta\u015bkiewicz\" width=\"100%\" height=\"auto\" srcset=\"https:\/\/us.edu.pl\/t4e\/wp-content\/uploads\/sites\/59\/fotografie\/Anna-Olender-Staskiewicz-800x800.jpg 800w, https:\/\/us.edu.pl\/t4e\/wp-content\/uploads\/sites\/59\/fotografie\/Anna-Olender-Staskiewicz-150x150.jpg 150w, https:\/\/us.edu.pl\/t4e\/wp-content\/uploads\/sites\/59\/fotografie\/Anna-Olender-Staskiewicz-768x768.jpg 768w, https:\/\/us.edu.pl\/t4e\/wp-content\/uploads\/sites\/59\/fotografie\/Anna-Olender-Staskiewicz-575x575.jpg 575w, https:\/\/us.edu.pl\/t4e\/wp-content\/uploads\/sites\/59\/fotografie\/Anna-Olender-Staskiewicz.jpg 900w\" sizes=\"(max-width: 800px) 100vw, 800px\" \/>[\/vc_column_text][vc_column_text css=&#8221;.vc_custom_1771412047229{margin-top: 0px !important;margin-right: 0px !important;margin-bottom: 0px !important;margin-left: 0px !important;border-top-width: 0px !important;border-right-width: 0px !important;border-bottom-width: 0px !important;border-left-width: 0px !important;padding-top: 15px !important;padding-right: 15px !important;padding-bottom: 10px !important;padding-left: 15px !important;}&#8221;]<a class=\"duzy-link\" href=\"https:\/\/us.edu.pl\/t4e\/wspomnienia-z-pobytu-w-triescie-w-ramach-t4eu-anna-olender-staskiewicz\/\"><small><span style=\"letter-spacing: 0.6mm; color: #333333; font-size: 130%; font-family: PT Sans Narrow;\"><strong>ANNA OLENDER-STA\u015aKIEWICZ<\/strong><\/span><\/small><\/a><\/p>\n<p><span style=\"font-family: PT Sans Narrow; color: #011535;\">Biuro Transform4Europe U\u015a<\/span>[\/vc_column_text][\/vc_column][vc_column width=&#8221;1\/4&#8243;][\/vc_column][\/vc_row][vc_row][vc_column][vc_empty_space][\/vc_column][\/vc_row]<\/p>","protected":false},"excerpt":{"rendered":"<p>[vc_row el_class=&#8221;container&#8221;][vc_column][vc_empty_space][vc_raw_html]JTNDaDIlMjBjbGFzcyUzRCUyMnBhZ2UtdGl0bGUlMjIlM0VUNEVVJTIwemFpbnNwaXJ1aiUyMHNpJUM0JTk5JTIxJTNDJTJGaDIlM0U=[\/vc_raw_html][vc_empty_space height=&#8221;10px&#8221;][\/vc_column][\/vc_row][vc_row el_class=&#8221;container&#8221;][vc_column width=&#8221;2\/3&#8243;][\/vc_column][vc_column width=&#8221;1\/3&#8243; css=&#8221;.vc_custom_1755593736525{background-color: #fbfaf8 !important;}&#8221;][vc_empty_space height=&#8221;20px&#8221;][\/vc_column][\/vc_row][vc_row][vc_column][\/vc_column][\/vc_row][vc_row content_placement=&#8221;bottom&#8221; el_class=&#8221;container&#8221;][vc_column width=&#8221;1\/4&#8243; el_class=&#8221;shadow margines&#8221;][vc_column_text css=&#8221;.vc_custom_1754294629851{margin-top: 0px !important;margin-right: 0px !important;margin-bottom: 0px !important;margin-left: 0px !important;border-top-width: 0px !important;border-right-width: 0px !important;border-bottom-width: 0px !important;border-left-width: 0px !important;padding-top: 0px !important;padding-right: 0px !important;padding-bottom: 0px !important;padding-left: 0px !important;}&#8221;][\/vc_column_text][vc_column_text css=&#8221;.vc_custom_1758704980770{margin-top: 0px !important;margin-right: 0px !important;margin-bottom: 0px !important;margin-left: 0px !important;border-top-width: 0px !important;border-right-width: 0px !important;border-bottom-width: 0px !important;border-left-width: [&#8230;]<\/p>\n<p><a class=\"btn btn-secondary understrap-read-more-link\" href=\"https:\/\/us.edu.pl\/t4e\/t4eu-zainspiruj-sie\/\">Read More&#8230;<\/a><\/p>\n","protected":false},"author":33,"featured_media":0,"parent":0,"menu_order":0,"comment_status":"closed","ping_status":"closed","template":"","meta":{"_expiration-date-status":"","_expiration-date":0,"_expiration-date-type":"","_expiration-date-categories":[],"_expiration-date-options":[]},"acf":[],"_links":{"self":[{"href":"https:\/\/us.edu.pl\/t4e\/wp-json\/wp\/v2\/pages\/5613"}],"collection":[{"href":"https:\/\/us.edu.pl\/t4e\/wp-json\/wp\/v2\/pages"}],"about":[{"href":"https:\/\/us.edu.pl\/t4e\/wp-json\/wp\/v2\/types\/page"}],"author":[{"embeddable":true,"href":"https:\/\/us.edu.pl\/t4e\/wp-json\/wp\/v2\/users\/33"}],"replies":[{"embeddable":true,"href":"https:\/\/us.edu.pl\/t4e\/wp-json\/wp\/v2\/comments?post=5613"}],"version-history":[{"count":10,"href":"https:\/\/us.edu.pl\/t4e\/wp-json\/wp\/v2\/pages\/5613\/revisions"}],"predecessor-version":[{"id":6037,"href":"https:\/\/us.edu.pl\/t4e\/wp-json\/wp\/v2\/pages\/5613\/revisions\/6037"}],"wp:attachment":[{"href":"https:\/\/us.edu.pl\/t4e\/wp-json\/wp\/v2\/media?parent=5613"}],"curies":[{"name":"wp","href":"https:\/\/api.w.org\/{rel}","templated":true}]}}