{"id":574,"date":"2021-07-09T12:45:56","date_gmt":"2021-07-09T10:45:56","guid":{"rendered":"https:\/\/us.edu.pl\/t4e\/?page_id=574"},"modified":"2021-07-22T14:10:21","modified_gmt":"2021-07-22T12:10:21","slug":"letnia-akademia-animacji","status":"publish","type":"page","link":"https:\/\/us.edu.pl\/t4e\/letnia-akademia-animacji\/","title":{"rendered":"Letnia Akademia Animacji"},"content":{"rendered":"<p>[vc_row][vc_column width=&#8221;1\/12&#8243;][\/vc_column][vc_column width=&#8221;11\/12&#8243;]\r\n                <div class=\"text-modules\">\r\n                    <div class=\"container\">\r\n                        <h3 class=\"page-title text__title\">Letnia Akademia Animacji<\/h3>\r\n                        <div class=\"text-modules__content\"><p><span style=\"color: #110535; font-family: PT Sans Narrow; font-size: 120%;\">dla student\u00f3w i doktorant\u00f3w uczelni sojuszu Transform4Europe<\/span><br \/>\n<span style=\"color: #110535; font-family: PT Sans Narrow;\">Organizator: Esto\u0144ska Akademia Sztuk Pi\u0119knych w Tallinie<\/span><\/p>\n<\/div>\r\n                    <\/div>\r\n                <\/div>[\/vc_column][\/vc_row][vc_row el_class=&#8221;container&#8221;][vc_column width=&#8221;1\/2&#8243;]\r\n                <div class=\"text-modules\">\r\n                    <div class=\"container\">\r\n                        \r\n                        <div class=\"text-modules__content\"><p><img class=\"alignnone size-medium wp-image-566\" src=\"https:\/\/us.edu.pl\/t4e\/wp-content\/uploads\/sites\/59\/grafiki\/30df179c-53d9-f45c-102b-912b6278696e.gif\" alt=\"animowany napis: text animation course\" width=\"100%\" height=\"auto\" \/><\/p>\n<\/div>\r\n                    <\/div>\r\n                <\/div>[vc_column_text]<span style=\"color: #333333; font-family: PT Sans Narrow; font-size: 120%;\">Dowiedz si\u0119 wi\u0119cej<\/span>[\/vc_column_text][vc_column_text el_class=&#8221;shadow&#8221;]<a class=\"duzy-link\" href=\"https:\/\/summerschool.transform4europe.artun.ee\/\"><img class=\"alignnone size-medium wp-image-793\" src=\"https:\/\/us.edu.pl\/t4e\/wp-content\/uploads\/sites\/59\/grafiki\/button-eka-800x338.png\" alt=\"Napis: Animation Online Course by EKA Summer Academy\" width=\"100%\" height=\"auto\" srcset=\"https:\/\/us.edu.pl\/t4e\/wp-content\/uploads\/sites\/59\/grafiki\/button-eka-800x338.png 800w, https:\/\/us.edu.pl\/t4e\/wp-content\/uploads\/sites\/59\/grafiki\/button-eka-768x324.png 768w, https:\/\/us.edu.pl\/t4e\/wp-content\/uploads\/sites\/59\/grafiki\/button-eka-575x243.png 575w, https:\/\/us.edu.pl\/t4e\/wp-content\/uploads\/sites\/59\/grafiki\/button-eka.png 900w\" sizes=\"(max-width: 800px) 100vw, 800px\" \/><\/a>[\/vc_column_text][\/vc_column][vc_column width=&#8221;1\/2&#8243; css=&#8221;.vc_custom_1625832099783{border-left-width: 2px !important;border-left-color: #71af3a !important;border-left-style: solid !important;}&#8221;]\r\n                <div class=\"text-modules\">\r\n                    <div class=\"container\">\r\n                        \r\n                        <div class=\"text-modules__content\"><\/p>\n<h3>Do\u0142\u0105cz do nas!<\/h3>\n<p>Dowiedz si\u0119, jak prezentowa\u0107 swoje pomys\u0142y dzi\u0119ki sile animacji! Zapisz si\u0119 na pi\u0119ciodniowy bezp\u0142atny kurs online organizowany przez Esto\u0144sk\u0105 Akademi\u0119 Sztuk Pi\u0119knych w ramach EKA Summer Academy. W trakcie warsztat\u00f3w poznasz oprogramowanie Blender i przyczynisz si\u0119 do wprowadzenia pozytywnych zmian w szkolnictwie wy\u017cszym.<\/p>\n<p>Uczestnikami kursu mog\u0105 by\u0107 studenci oraz doktoranci siedmiu uczelni sojuszu Transform4Europe. Do tego grona nale\u017c\u0105:<\/p>\n<ul>\n<li>Uniwersytet Kraju Saary,<\/li>\n<li>Uniwersytet w Alicante,<\/li>\n<li>Esto\u0144ska Akademia Sztuk Pi\u0119knych,<\/li>\n<li>Uniwersytet \u015al\u0105ski w Katowicach,<\/li>\n<li>Uniwersytet Sofijski im. \u015bw. Klemensa z Ochrydy,<\/li>\n<li>Uniwersytet w Trie\u015bcie,<\/li>\n<li>Uniwersytet Witolda Wielkiego.<\/li>\n<\/ul>\n<p>Letni kurs animacji trwa od 11 do 17 sierpnia 2021 roku.<\/p>\n<p>Termin nadsy\u0142ania zg\u0142osze\u0144 up\u0142ywa 1 sierpnia 2021 roku.<\/p>\n<\/div>\r\n                    <\/div>\r\n                <\/div>[\/vc_column][\/vc_row][vc_row el_class=&#8221;container&#8221;][vc_column width=&#8221;1\/12&#8243;][\/vc_column][vc_column width=&#8221;10\/12&#8243;][vc_empty_space height=&#8221;15px&#8221;]\r\n                <div class=\"text-modules\">\r\n                    <div class=\"container\">\r\n                        \r\n                        <div class=\"text-modules__content\"><p><img class=\"alignnone size-medium wp-image-545\" src=\"https:\/\/us.edu.pl\/t4e\/wp-content\/uploads\/sites\/59\/grafiki\/autor-Hleb-Kuftseryn-800x451.png\" alt=\"Narysowany cz\u0142owiek stoi na przystanku autobusowym.\" width=\"100%\" height=\"auto\" srcset=\"https:\/\/us.edu.pl\/t4e\/wp-content\/uploads\/sites\/59\/grafiki\/autor-Hleb-Kuftseryn.png 800w, https:\/\/us.edu.pl\/t4e\/wp-content\/uploads\/sites\/59\/grafiki\/autor-Hleb-Kuftseryn-768x433.png 768w, https:\/\/us.edu.pl\/t4e\/wp-content\/uploads\/sites\/59\/grafiki\/autor-Hleb-Kuftseryn-575x324.png 575w\" sizes=\"(max-width: 800px) 100vw, 800px\" \/><\/p>\n<p><span style=\"font-size: 10pt;\">Autor: Hleb Kuftseryn<\/span><\/p>\n<\/div>\r\n                    <\/div>\r\n                <\/div>\r\n                <div class=\"text-modules\">\r\n                    <div class=\"container\">\r\n                        \r\n                        <div class=\"text-modules__content\"><\/p>\n<h3>O kursie<\/h3>\n<p>Kurs jest przeznaczony dla os\u00f3b, kt\u00f3re chc\u0105 podnie\u015b\u0107 swoje umiej\u0119tno\u015bci w zakresie opowiadania historii i prezentowania jej z u\u017cyciem animacji. Podczas pi\u0119ciodniowego mi\u0119dzynarodowego kursu uczestnicy z siedmiu uczelni zdob\u0119d\u0105 podstawow\u0105 wiedz\u0119 na temat animacji 3D.<\/p>\n<p>Kursanci dowiedz\u0105 si\u0119, jak korzysta\u0107 z najwa\u017cniejszych narz\u0119dzi do wprawiania w ruch obiekt\u00f3w 3D. Zalet\u0105 kursu s\u0105 \u0107wiczenia praktyczne z tworzenia animacji oraz nauka technik projektowania wyr\u00f3\u017cniaj\u0105cych si\u0119 prezentacji z animowanymi tekstami. Ponadto do\u015bwiadczeni instruktorzy poka\u017c\u0105, jak korzysta\u0107 z kluczowych funkcji programu oraz w jaki spos\u00f3b dzia\u0142a fizyka cia\u0142 sztywnych.<\/p>\n<p>W jaki spos\u00f3b dba\u0107 o presti\u017c \u015brodowiska szkolnictwa wy\u017cszego, co nale\u017cy zmieni\u0107 \u2013 reprezentanci ka\u017cdej uczelni stworz\u0105 i przedstawi\u0105 swoj\u0105 wizj\u0119 uniwersyteckiego kampusu przysz\u0142o\u015bci za pomoc\u0105 animowanego projektu wideo. Filmy powstan\u0105 przy wsparciu dw\u00f3ch instruktor\u00f3w.<\/p>\n<\/div>\r\n                    <\/div>\r\n                <\/div>\r\n                <div class=\"text-modules\">\r\n                    <div class=\"container\">\r\n                        \r\n                        <div class=\"text-modules__content\"><p><img class=\"alignnone size-medium wp-image-546\" src=\"https:\/\/us.edu.pl\/t4e\/wp-content\/uploads\/sites\/59\/fotografie\/program-Blender-800x408.png\" alt=\"Fragment szkolenia w Blenderze\" width=\"100%\" height=\"auto\" srcset=\"https:\/\/us.edu.pl\/t4e\/wp-content\/uploads\/sites\/59\/fotografie\/program-Blender-800x408.png 800w, https:\/\/us.edu.pl\/t4e\/wp-content\/uploads\/sites\/59\/fotografie\/program-Blender-768x392.png 768w, https:\/\/us.edu.pl\/t4e\/wp-content\/uploads\/sites\/59\/fotografie\/program-Blender-575x293.png 575w, https:\/\/us.edu.pl\/t4e\/wp-content\/uploads\/sites\/59\/fotografie\/program-Blender.png 900w\" sizes=\"(max-width: 800px) 100vw, 800px\" \/><\/p>\n<\/div>\r\n                    <\/div>\r\n                <\/div>\r\n                <div class=\"text-modules\">\r\n                    <div class=\"container\">\r\n                        \r\n                        <div class=\"text-modules__content\"><\/p>\n<h3>Dzi\u0119ki uczestnictwu w kursie:<\/h3>\n<ul>\n<li>poznasz zasady opowiadania historii (storytellingu) oraz r\u00f3\u017cne techniki narracyjne,<\/li>\n<li>odkryjesz strategie tworzenia atrakcyjnej prezentacji wizualnej,<\/li>\n<li>dowiesz si\u0119, jak tworzy\u0107 animowane teksty 3D w Blenderze,<\/li>\n<li>poznasz podstawy oprogramowania Blender do modelowania i renderowania obraz\u00f3w,<\/li>\n<li>wzmocnisz refleksyjne i krytyczne my\u015blenie o szkolnictwie wy\u017cszym.<\/li>\n<\/ul>\n<p>\n<\/div>\r\n                    <\/div>\r\n                <\/div>\r\n                <div class=\"text-modules\">\r\n                    <div class=\"container\">\r\n                        \r\n                        <div class=\"text-modules__content\"><\/p>\n<h3>Instruktorzy<\/h3>\n<p>Kurs jest organizowany przez Esto\u0144sk\u0105 Akademi\u0119 Sztuk Pi\u0119knych w Tallinie.<\/p>\n<p>Warsztaty przygotowane przez EKA Summer Academy wraz z Katedr\u0105 Animacji (Department of Animation) to doskona\u0142a okazja do zdobycia podstawowych umiej\u0119tno\u015bci w zakresie animacji. Jest to pierwszy projekt w ramach sojuszu Transform4Europe, kt\u00f3ry bezpo\u015brednio anga\u017cuje student\u00f3w.<\/p>\n<\/div>\r\n                    <\/div>\r\n                <\/div>[vc_row_inner][vc_column_inner width=&#8221;1\/2&#8243;]\r\n                <div class=\"text-modules\">\r\n                    <div class=\"container\">\r\n                        \r\n                        <div class=\"text-modules__content\"><p><img class=\"alignnone size-full wp-image-548\" src=\"https:\/\/us.edu.pl\/t4e\/wp-content\/uploads\/sites\/59\/fotografie\/hleb-kuftseryn.png\" alt=\"Hleb Kuftseryn\" width=\"100%\" height=\"auto\" srcset=\"https:\/\/us.edu.pl\/t4e\/wp-content\/uploads\/sites\/59\/fotografie\/hleb-kuftseryn.png 276w, https:\/\/us.edu.pl\/t4e\/wp-content\/uploads\/sites\/59\/fotografie\/hleb-kuftseryn-150x150.png 150w\" sizes=\"(max-width: 276px) 100vw, 276px\" \/><\/p>\n<\/div>\r\n                    <\/div>\r\n                <\/div>[\/vc_column_inner][vc_column_inner width=&#8221;1\/2&#8243;]\r\n                <div class=\"text-modules\">\r\n                    <div class=\"container\">\r\n                        \r\n                        <div class=\"text-modules__content\"><\/p>\n<h4>Hleb Kuftseryn<\/h4>\n<p>jest animatorem i projektantem ruchu pracuj\u0105cym w sferze animacji komercyjnej i niekomercyjnej. Bra\u0142 udzia\u0142 w projektach realizowanych dla bia\u0142oruskich, litewskich i rosyjskich studi\u00f3w animatorskich na festiwalach, pracowa\u0142 tak\u017ce przy \u00a0tworzeniu kresk\u00f3wek dla dzieci. Zajmuje si\u0119 tak\u017ce animacj\u0105 komercyjn\u0105 jako freelancer oraz we wsp\u00f3\u0142pracy ze studiami.<\/p>\n<\/div>\r\n                    <\/div>\r\n                <\/div>[\/vc_column_inner][\/vc_row_inner][vc_row_inner][vc_column_inner width=&#8221;1\/2&#8243;]\r\n                <div class=\"text-modules\">\r\n                    <div class=\"container\">\r\n                        \r\n                        <div class=\"text-modules__content\"><p><img class=\"alignnone size-medium wp-image-551\" src=\"https:\/\/us.edu.pl\/t4e\/wp-content\/uploads\/sites\/59\/fotografie\/elise-eimre-800x800.jpg\" alt=\"Elise Eimre\" width=\"100%\" height=\"auto\" srcset=\"https:\/\/us.edu.pl\/t4e\/wp-content\/uploads\/sites\/59\/fotografie\/elise-eimre-800x800.jpg 800w, https:\/\/us.edu.pl\/t4e\/wp-content\/uploads\/sites\/59\/fotografie\/elise-eimre-150x150.jpg 150w, https:\/\/us.edu.pl\/t4e\/wp-content\/uploads\/sites\/59\/fotografie\/elise-eimre-768x768.jpg 768w, https:\/\/us.edu.pl\/t4e\/wp-content\/uploads\/sites\/59\/fotografie\/elise-eimre-1024x1024.jpg 1024w, https:\/\/us.edu.pl\/t4e\/wp-content\/uploads\/sites\/59\/fotografie\/elise-eimre-575x575.jpg 575w, https:\/\/us.edu.pl\/t4e\/wp-content\/uploads\/sites\/59\/fotografie\/elise-eimre.jpg 1390w\" sizes=\"(max-width: 800px) 100vw, 800px\" \/><\/p>\n<\/div>\r\n                    <\/div>\r\n                <\/div>[\/vc_column_inner][vc_column_inner width=&#8221;1\/2&#8243;]\r\n                <div class=\"text-modules\">\r\n                    <div class=\"container\">\r\n                        \r\n                        <div class=\"text-modules__content\"><\/p>\n<h4>Elise Eimre<\/h4>\n<p>jest doktorantk\u0105 w Esto\u0144skiej Akademii Sztuk Pi\u0119knych. Jej zainteresowania badawcze skupiaj\u0105 si\u0119 na studiach wizualnych (<em>visual studies<\/em>) w zakresie sztuki filmowej. Pracowa\u0142a jako scenografka i re\u017cyserka przy licznych projektach filmowych, w tym przy tworzeniu scenografii w salach koncertowych. Elise jest jedn\u0105 z programistek Black Nights Film Festival oraz menad\u017cerk\u0105 projektu Black Room.<\/p>\n<\/div>\r\n                    <\/div>\r\n                <\/div>[\/vc_column_inner][\/vc_row_inner][\/vc_column][vc_column width=&#8221;1\/12&#8243;][\/vc_column][\/vc_row][vc_row][vc_column width=&#8221;1\/6&#8243;][\/vc_column][vc_column width=&#8221;2\/3&#8243;]\r\n                <div class=\"text-modules\">\r\n                    <div class=\"container\">\r\n                        \r\n                        <div class=\"text-modules__content\"><\/p>\n<h3>Harmonogram<\/h3>\n<p>\n<\/div>\r\n                    <\/div>\r\n                <\/div>\r\n                <div class=\"text-modules\">\r\n                    <div class=\"container\">\r\n                        \r\n                        <div class=\"text-modules__content\"><\/p>\n<table style=\"height: 162px; width: 97.1477%; border-collapse: collapse;\">\n<tbody>\n<tr style=\"height: 18px;\">\n<th style=\"width: 45%; height: 48px; background-color: #71af3a; text-align: center;\">1. dzie\u0144<br \/>\n11 sierpnia<\/th>\n<td style=\"width: 10%; height: 48px;\"><\/td>\n<th style=\"width: 50%; height: 48px; background-color: #71af3a; text-align: center;\">2. dzie\u0144<br \/>\n12 sierpnia<\/th>\n<\/tr>\n<tr style=\"height: 114px;\">\n<td style=\"width: 45%; height: 114px; vertical-align: middle;\">11.00\u201313.30 CET \u2013 <em>St<\/em><em>orytelling<\/em>, czyli sztuka opowiadania<\/p>\n<p>14.00\u201316.00 CET \u2013\u00a0Wprowadzenie do Blendera<\/td>\n<td style=\"width: 10%; height: 114px;\"><\/td>\n<td style=\"width: 50%; height: 114px; vertical-align: middle;\">11.00\u201313.30 CET \u2013 Animacja w Blenderze<\/p>\n<p>14.00\u201316.00 CET \u2013 Animacja w Blenderze<\/td>\n<\/tr>\n<\/tbody>\n<\/table>\n<p>\n<\/div>\r\n                    <\/div>\r\n                <\/div>\r\n                <div class=\"text-modules\">\r\n                    <div class=\"container\">\r\n                        \r\n                        <div class=\"text-modules__content\"><\/p>\n<table style=\"height: 162px; width: 97.1477%; border-collapse: collapse;\">\n<tbody>\n<tr style=\"height: 18px;\">\n<th style=\"width: 45%; height: 48px; background-color: #71af3a; text-align: center;\">3. dzie\u0144<br \/>\n13 sierpnia<\/th>\n<td style=\"width: 10%; height: 48px;\"><\/td>\n<th style=\"width: 50%; height: 48px; background-color: #71af3a; text-align: center;\">Weekend (przerwa)<\/th>\n<\/tr>\n<tr style=\"height: 114px;\">\n<td style=\"width: 45%; height: 114px; vertical-align: middle;\">10.00\u201313.30 CET \u2013 Panel dyskusyjny<\/p>\n<p>14.00\u201317.00 CET \u2013 Projekt grupowy w Blenderze<\/td>\n<td style=\"width: 10%; height: 114px;\"><\/td>\n<td style=\"width: 50%; height: 114px; vertical-align: middle;\"><\/td>\n<\/tr>\n<\/tbody>\n<\/table>\n<p>\n<\/div>\r\n                    <\/div>\r\n                <\/div>\r\n                <div class=\"text-modules\">\r\n                    <div class=\"container\">\r\n                        \r\n                        <div class=\"text-modules__content\"><\/p>\n<table style=\"height: 162px; width: 97.1477%; border-collapse: collapse;\">\n<tbody>\n<tr style=\"height: 18px;\">\n<th style=\"width: 45%; height: 48px; background-color: #71af3a; text-align: center;\">4. dzie\u0144<br \/>\n16 sierpnia<\/th>\n<td style=\"width: 10%; height: 48px;\"><\/td>\n<th style=\"width: 50%; height: 48px; background-color: #71af3a; text-align: center;\">5. dzie\u0144<br \/>\n17 sierpnia<\/th>\n<\/tr>\n<tr style=\"height: 114px;\">\n<td style=\"width: 45%; height: 114px; vertical-align: middle;\">10.00\u201313.30 CET \u2013 Projekt grupowy w Blenderze<\/p>\n<p>14.00\u201317.00 CET \u2013 Projekt grupowy w Blenderze<\/td>\n<td style=\"width: 10%; height: 114px;\"><\/td>\n<td style=\"width: 50%; height: 114px; vertical-align: middle;\">11.00\u201313.00 CET \u2013 Finalizacja projektu grupowego<\/p>\n<p>14.00\u201316.00 CET \u2013 Pokaz film\u00f3w i dyskusja<\/td>\n<\/tr>\n<\/tbody>\n<\/table>\n<p>\n<\/div>\r\n                    <\/div>\r\n                <\/div>[\/vc_column][vc_column width=&#8221;1\/6&#8243;][\/vc_column][\/vc_row][vc_row][vc_column width=&#8221;1\/6&#8243;][\/vc_column][vc_column width=&#8221;2\/3&#8243;]\r\n                <div class=\"text-modules\">\r\n                    <div class=\"container\">\r\n                        \r\n                        <div class=\"text-modules__content\"><\/p>\n<h3>Klauzula informacyjna<\/h3>\n<ul>\n<li>Kurs odb\u0119dzie si\u0119 online w j\u0119zyku angielskim za po\u015brednictwem platformy Zoom.<\/li>\n<li>Udzia\u0142 jest bezp\u0142atny i wymaga rejestracji do 1 sierpnia.<\/li>\n<li>Uczestnik powinien dysponowa\u0107 komputerem z kamer\u0105.<\/li>\n<li>Instruktorzy wybior\u0105 21 student\u00f3w spo\u015br\u00f3d wszystkich os\u00f3b, kt\u00f3re wyra\u017c\u0105 ch\u0119\u0107 uczestnictwa w warsztatach. Wyb\u00f3r zostanie dokonany w oparciu o list motywacyjny.<\/li>\n<li>Transform4Europe zyskuje wszelkie prawa do film\u00f3w zrealizowanych w ramach kursu.<\/li>\n<li>Po wzi\u0119ciu udzia\u0142u we wszystkich zaj\u0119ciach oraz uko\u0144czeniu kursu studenci otrzymaj\u0105 certyfikat Transform4Europe, dyplom oraz 1 punkt ECTS.<\/li>\n<\/ul>\n<p>\n<\/div>\r\n                    <\/div>\r\n                <\/div>[vc_btn title=&#8221;ZAREJESTRUJ SI\u0118&#8221; style=&#8221;flat&#8221; shape=&#8221;square&#8221; color=&#8221;blue&#8221; size=&#8221;lg&#8221; align=&#8221;center&#8221; css_animation=&#8221;none&#8221; link=&#8221;url:https%3A%2F%2Fforms.office.com%2Fpages%2Fresponsepage.aspx%3Fid%3DbISeJtSi0Um-kYOp6zRik4AQdVcBfQdJmsWZ3SGFV_hUMExQUE9aTkJGUjI4RDY1TTg3VFJKVTBRTyQlQCN0PWcu||target:%20_blank|&#8221;][\/vc_column][vc_column width=&#8221;1\/6&#8243;][\/vc_column][\/vc_row]<\/p>","protected":false},"excerpt":{"rendered":"<p>[vc_row][vc_column width=&#8221;1\/12&#8243;][\/vc_column][vc_column width=&#8221;11\/12&#8243;][\/vc_column][\/vc_row][vc_row el_class=&#8221;container&#8221;][vc_column width=&#8221;1\/2&#8243;][vc_column_text]Dowiedz si\u0119 wi\u0119cej[\/vc_column_text][vc_column_text el_class=&#8221;shadow&#8221;][\/vc_column_text][\/vc_column][vc_column width=&#8221;1\/2&#8243; css=&#8221;.vc_custom_1625832099783{border-left-width: 2px !important;border-left-color: #71af3a !important;border-left-style: solid !important;}&#8221;][\/vc_column][\/vc_row][vc_row el_class=&#8221;container&#8221;][vc_column width=&#8221;1\/12&#8243;][\/vc_column][vc_column width=&#8221;10\/12&#8243;][vc_empty_space height=&#8221;15px&#8221;][vc_row_inner][vc_column_inner width=&#8221;1\/2&#8243;][\/vc_column_inner][vc_column_inner width=&#8221;1\/2&#8243;][\/vc_column_inner][\/vc_row_inner][vc_row_inner][vc_column_inner width=&#8221;1\/2&#8243;][\/vc_column_inner][vc_column_inner width=&#8221;1\/2&#8243;][\/vc_column_inner][\/vc_row_inner][\/vc_column][vc_column width=&#8221;1\/12&#8243;][\/vc_column][\/vc_row][vc_row][vc_column width=&#8221;1\/6&#8243;][\/vc_column][vc_column width=&#8221;2\/3&#8243;][\/vc_column][vc_column width=&#8221;1\/6&#8243;][\/vc_column][\/vc_row][vc_row][vc_column width=&#8221;1\/6&#8243;][\/vc_column][vc_column width=&#8221;2\/3&#8243;][vc_btn title=&#8221;ZAREJESTRUJ SI\u0118&#8221; style=&#8221;flat&#8221; shape=&#8221;square&#8221; color=&#8221;blue&#8221; size=&#8221;lg&#8221; align=&#8221;center&#8221; css_animation=&#8221;none&#8221; link=&#8221;url:https%3A%2F%2Fforms.office.com%2Fpages%2Fresponsepage.aspx%3Fid%3DbISeJtSi0Um-kYOp6zRik4AQdVcBfQdJmsWZ3SGFV_hUMExQUE9aTkJGUjI4RDY1TTg3VFJKVTBRTyQlQCN0PWcu||target:%20_blank|&#8221;][\/vc_column][vc_column width=&#8221;1\/6&#8243;][\/vc_column][\/vc_row] [&#8230;]<\/p>\n<p><a class=\"btn btn-secondary understrap-read-more-link\" href=\"https:\/\/us.edu.pl\/t4e\/letnia-akademia-animacji\/\">Read More&#8230;<\/a><\/p>\n","protected":false},"author":139,"featured_media":584,"parent":0,"menu_order":0,"comment_status":"closed","ping_status":"closed","template":"","meta":{"_expiration-date-status":"saved","_expiration-date":0,"_expiration-date-type":"","_expiration-date-categories":[],"_expiration-date-options":[]},"acf":[],"_links":{"self":[{"href":"https:\/\/us.edu.pl\/t4e\/wp-json\/wp\/v2\/pages\/574"}],"collection":[{"href":"https:\/\/us.edu.pl\/t4e\/wp-json\/wp\/v2\/pages"}],"about":[{"href":"https:\/\/us.edu.pl\/t4e\/wp-json\/wp\/v2\/types\/page"}],"author":[{"embeddable":true,"href":"https:\/\/us.edu.pl\/t4e\/wp-json\/wp\/v2\/users\/139"}],"replies":[{"embeddable":true,"href":"https:\/\/us.edu.pl\/t4e\/wp-json\/wp\/v2\/comments?post=574"}],"version-history":[{"count":20,"href":"https:\/\/us.edu.pl\/t4e\/wp-json\/wp\/v2\/pages\/574\/revisions"}],"predecessor-version":[{"id":802,"href":"https:\/\/us.edu.pl\/t4e\/wp-json\/wp\/v2\/pages\/574\/revisions\/802"}],"wp:featuredmedia":[{"embeddable":true,"href":"https:\/\/us.edu.pl\/t4e\/wp-json\/wp\/v2\/media\/584"}],"wp:attachment":[{"href":"https:\/\/us.edu.pl\/t4e\/wp-json\/wp\/v2\/media?parent=574"}],"curies":[{"name":"wp","href":"https:\/\/api.w.org\/{rel}","templated":true}]}}