{"id":90,"date":"2021-01-19T14:28:27","date_gmt":"2021-01-19T13:28:27","guid":{"rendered":"https:\/\/us.edu.pl\/t4e\/?page_id=90"},"modified":"2022-03-25T09:33:04","modified_gmt":"2022-03-25T08:33:04","slug":"cele","status":"publish","type":"page","link":"https:\/\/us.edu.pl\/t4e\/cele\/","title":{"rendered":"cele"},"content":{"rendered":"<p>[vc_row el_class=&#8221;container&#8221;][vc_column]\r\n                <div class=\"text-modules\">\r\n                    <div class=\"container\">\r\n                        <h3 class=\"page-title text__title\">Transform4Europe | cele<\/h3>\r\n                        <div class=\"text-modules__content\"><\/div>\r\n                    <\/div>\r\n                <\/div>[\/vc_column][\/vc_row][vc_row el_class=&#8221;container&#8221;][vc_column width=&#8221;1\/4&#8243;][vc_empty_space]\r\n                <div class='sidebar_moduls sidebar_links color-white' style='background-color: #002E5A'>\r\n                    <h3>Planowane rezultaty<\/h3>\r\n                    <ul class='angle-list'>\r\n                    <li><a href=\"#t4e_edukacja\">edukacja <\/a><\/li><li><a href=\"#t4e_mobilnosc\">mobilno\u015b\u0107 i wymiana akademicka<\/a><\/li><li><a href=\"#t4e_regiony\">wsp\u00f3\u0142praca z regionami<\/a><\/li>\r\n                <\/ul>\r\n            <\/div>[\/vc_column][vc_column width=&#8221;3\/4&#8243;]\r\n                <div class=\"text-modules\">\r\n                    <div class=\"container\">\r\n                        \r\n                        <div class=\"text-modules__content\"><p>Otwarte laboratoria, interdyscyplinarne, mi\u0119dzynarodowe kierunki studi\u00f3w, rozw\u00f3j edukacji opartej na wyzwaniach czy wyjazdy i spotkania pracownik\u00f3w, student\u00f3w oraz doktorant\u00f3w \u2013 to zaledwie kilka mo\u017cliwo\u015bci, jakie otwiera przed nasz\u0105 wsp\u00f3lnot\u0105 akademick\u0105 sojusz z sze\u015bcioma innymi uczelniami w ramach projektu \u201eTransform4Europe \u2013 T4E: The European University for Knowledge Entrepreneurs\u201d.<\/p>\n<p>Razem z nimi tworzymy uniwersytet europejski, kt\u00f3ry b\u0119dzie kszta\u0142ci\u0107 <strong>przedsi\u0119biorc\u00f3w wiedzy<\/strong> \u2013 ludzi posiadaj\u0105cych eksperck\u0105 wiedz\u0119 i maj\u0105cych znacz\u0105cy, rzeczywisty wp\u0142yw na kszta\u0142towanie przysz\u0142o\u015bci regionu, kraju i Europy. B\u0119dziemy pracowa\u0107 nad projektowaniem wsp\u00f3lnych, mi\u0119dzynarodowych kierunk\u00f3w studi\u00f3w opartych na innowacyjnym kszta\u0142ceniu. Planujemy razem prowadzi\u0107 interdyscyplinarne badania naukowe oraz zintensyfikowa\u0107 wymian\u0119 akademick\u0105. Zbudujemy wieloj\u0119zyczny kampus. Wzmocnimy wsp\u00f3\u0142prac\u0119 z regionem opart\u0105 na wdra\u017caniu wypracowanych w sojuszu rozwi\u0105za\u0144.<\/p>\n<p>Aby osi\u0105gn\u0105\u0107 ten cel, w ci\u0105gu kilku najbli\u017cszych lat b\u0119dziemy wsp\u00f3lnie projektowa\u0107 wiele inicjatyw pilota\u017cowych. Poni\u017cej prezentujemy najwa\u017cniejsze propozycje w obszarach edukacji, mobilno\u015bci i wymiany akademickiej oraz wsp\u00f3\u0142pracy z regionem, kt\u00f3re razem chcemy zrealizowa\u0107 do 2023 roku.<\/p>\n<\/div>\r\n                    <\/div>\r\n                <\/div>[\/vc_column][\/vc_row][vc_row][vc_column][vc_text_separator title=&#8221;2020 | Transform4Europe | 2023&#8243; el_class=&#8221;text-modules__content&#8221;]\r\n                <div class=\"text-modules\">\r\n                    <div class=\"container\">\r\n                        \r\n                        <div class=\"text-modules__content\"><\/p>\n<h3 style=\"text-align: center;\"><a id=\"t4e_edukacja\"><\/a>EDUKACJA<\/h3>\n<p>\n<\/div>\r\n                    <\/div>\r\n                <\/div>[\/vc_column][\/vc_row][vc_row equal_height=&#8221;yes&#8221; content_placement=&#8221;top&#8221; el_class=&#8221;container&#8221;][vc_column el_class=&#8221;container&#8221; css=&#8221;.vc_custom_1611120386453{background-color: #f2f2f2 !important;}&#8221;][vc_row_inner el_class=&#8221;container&#8221; css=&#8221;.vc_custom_1611120238983{background-color: #f2f2f2 !important;}&#8221;][vc_column_inner]\r\n                <div class=\"text-modules\">\r\n                    <div class=\"container\">\r\n                        \r\n                        <div class=\"text-modules__content\"><\/p>\n<p class=\"tile_info__title\" style=\"text-align: center;\"><span style=\"font-size: 120%; font-family: PT Sans Narrow;\"><strong>WSP\u00d3LNE EUROPEJSKIE PROGRAMY NAUCZANIA<\/strong><\/span><\/p>\n<p>\n<\/div>\r\n                    <\/div>\r\n                <\/div>\r\n                <div class=\"text-modules\">\r\n                    <div class=\"container\">\r\n                        \r\n                        <div class=\"text-modules__content\"><p>Naszym celem jest zaprojektowanie kszta\u0142cenia opartego na wyzwaniach. Interesuj\u0105 nas realne problemy, kt\u00f3rym chcemy stawi\u0107 czo\u0142a, bazuj\u0105c na wynikach najnowszych bada\u0144 naukowych, wiedzy eksperckiej i praktyce, a tak\u017ce do\u015bwiadczeniu i wsp\u00f3\u0142pracy z otoczeniem spo\u0142eczno-gospodarczym oraz regionem. Wsp\u00f3lnie opracujemy innowacyjne rozwi\u0105zania dla wszystkich trzech poziom\u00f3w studi\u00f3w oraz kszta\u0142cenia ustawicznego.<\/p>\n<\/div>\r\n                    <\/div>\r\n                <\/div>[\/vc_column_inner][\/vc_row_inner][vc_row_inner el_class=&#8221;container&#8221;][vc_column_inner width=&#8221;1\/2&#8243; css=&#8221;.vc_custom_1611120127192{background-color: #f2f2f2 !important;}&#8221;]\r\n                <div class=\"text-modules\">\r\n                    <div class=\"container\">\r\n                        \r\n                        <div class=\"text-modules__content\"><p><strong>Najwa\u017cniejsze obszary tematyczne, kt\u00f3re b\u0119d\u0105 wyznacza\u0142y kierunek edukacji spod znaku Transform4Europe, to:<\/strong><\/p>\n<ul>\n<li>cyfrowa transformacja oraz inteligentne regiony,<\/li>\n<li>zmiany \u015brodowiska oraz zwi\u0105zana z nimi spo\u0142eczna odpowiedzialno\u015b\u0107,<\/li>\n<li>przemiany spo\u0142eczne oraz budowanie wsp\u00f3lnoty.<\/li>\n<\/ul>\n<p>\n<\/div>\r\n                    <\/div>\r\n                <\/div>[\/vc_column_inner][vc_column_inner width=&#8221;1\/2&#8243; css=&#8221;.vc_custom_1611120209197{background-color: #f2f2f2 !important;}&#8221;]\r\n                <div class=\"text-modules\">\r\n                    <div class=\"container\">\r\n                        \r\n                        <div class=\"text-modules__content\"><p><strong>Transform4Europe w\u0142\u0105cza si\u0119 r\u00f3wnie\u017c w tworzenie europejskiego obszaru edukacji. B\u0119dziemy:<\/strong><\/p>\n<ul>\n<li>rozwija\u0107 kluczowe kompetencje w procesie uczenia si\u0119 przez ca\u0142e \u017cycie,<\/li>\n<li>uczy\u0107, jak odnale\u017a\u0107 si\u0119 w cyfrowym, wieloj\u0119zycznym i wielokulturowym \u015bwiecie,<\/li>\n<li>wzmacnia\u0107 wsp\u00f3lne europejskie warto\u015bci oraz edukacj\u0119, kt\u00f3ra nikogo nie wyklucza.<\/li>\n<\/ul>\n<p>\n<\/div>\r\n                    <\/div>\r\n                <\/div>[\/vc_column_inner][\/vc_row_inner][\/vc_column][\/vc_row][vc_row gap=&#8221;5&#8243; equal_height=&#8221;yes&#8221; el_class=&#8221;container&#8221;][vc_column width=&#8221;1\/4&#8243; css=&#8221;.vc_custom_1599473358282{background-color: #f2f2f2 !important;}&#8221; el_class=&#8221;class=&#8222;tile_info__title&#8222;&#8221;]\r\n                <div class=\"text-modules\">\r\n                    <div class=\"container\">\r\n                        \r\n                        <div class=\"text-modules__content\"><\/p>\n<p class=\"tile_info__title\"><span style=\"font-size: 120%; font-family: PT Sans Narrow;\"><strong>INNOWACYJNE \u015aRODOWISKO NAUCZANIA I UCZENIA SI\u0118 <\/strong><\/span><\/p>\n<p>Naszej kadrze dydaktycznej zaproponujemy Transform4Europe Teaching Academy. Zastanowimy si\u0119 razem, jak zadba\u0107 o wysok\u0105 jako\u015b\u0107 kszta\u0142cenia oraz innowacyjne standardy nauczania. Zaproponujemy specjalistyczne szkolenia, utworzymy tak\u017ce wsp\u00f3ln\u0105 przestrze\u0144 do nauki w trybie online.<\/p>\n<\/div>\r\n                    <\/div>\r\n                <\/div>[\/vc_column][vc_column width=&#8221;2\/4&#8243; css=&#8221;.vc_custom_1599473280398{background-color: #f2f2f2 !important;}&#8221;]\r\n                <div class=\"text-modules\">\r\n                    <div class=\"container\">\r\n                        \r\n                        <div class=\"text-modules__content\"><\/p>\n<p class=\"tile_info__title\"><span style=\"font-size: 120%; font-family: PT Sans Narrow;\"><strong>WSP\u00d3LNA STRATEGIA J\u0118ZYKOWA <\/strong><\/span><\/p>\n<p>Europa to przede wszystkim cenna wieloj\u0119zyczno\u015b\u0107. Chocia\u017c podstaw\u0105 naszej komunikacji, przynajmniej na pocz\u0105tku, b\u0119dzie j\u0119zyk angielski, chcieliby\u015bmy zaprosi\u0107 naszych student\u00f3w, doktorant\u00f3w i pracownik\u00f3w do poznawania tak\u017ce innych europejskich j\u0119zyk\u00f3w.<\/p>\n<p>Planujemy rozbudowa\u0107 ofert\u0119 j\u0119zykow\u0105 wszystkich program\u00f3w studi\u00f3w. B\u0119dziemy zach\u0119ca\u0107 do uczenia si\u0119 j\u0119zyk\u00f3w partner\u00f3w sojuszu: niemieckiego, hiszpa\u0144skiego, w\u0142oskiego, esto\u0144skiego, litewskiego i bu\u0142garskiego, a naszych partner\u00f3w spr\u00f3bujemy oczywi\u015bcie przekona\u0107 do nauki polszczyzny.<\/p>\n<\/div>\r\n                    <\/div>\r\n                <\/div>[\/vc_column][vc_column width=&#8221;1\/4&#8243; el_class=&#8221;#f2f2f2&#8243; css=&#8221;.vc_custom_1599473659058{background-color: #f2f2f2 !important;}&#8221;]\r\n                <div class=\"text-modules\">\r\n                    <div class=\"container\">\r\n                        \r\n                        <div class=\"text-modules__content\"><\/p>\n<p class=\"tile_info__title\"><span style=\"font-size: 120%; font-family: PT Sans Narrow;\"><strong>UZNAWALNO\u015a\u0106 DYPLOM\u00d3W, KURS\u00d3W I MODU\u0141\u00d3W<\/strong><\/span><\/p>\n<p>Chcieliby\u015bmy, aby w przysz\u0142o\u015bci wszystkie uczelnie partnerskie automatycznie uznawa\u0142y dyplomy oraz kursy i modu\u0142y zwi\u0105zane z realizacj\u0105 poszczeg\u00f3lnych program\u00f3w studi\u00f3w. Takie porozumienie z pewno\u015bci\u0105 u\u0142atwi mobilno\u015b\u0107 i wymian\u0119 akademick\u0105.<\/p>\n<\/div>\r\n                    <\/div>\r\n                <\/div>[\/vc_column][\/vc_row][vc_row el_class=&#8221;container&#8221;][vc_column][vc_empty_space]\r\n                <div class=\"text-modules\">\r\n                    <div class=\"container\">\r\n                        \r\n                        <div class=\"text-modules__content\"><\/p>\n<h3 style=\"text-align: center;\"><a id=\"t4e_mobilnosc\"><\/a>MOBILNO\u015a\u0106 I WYMIANA AKADEMICKA<\/h3>\n<p>\n<\/div>\r\n                    <\/div>\r\n                <\/div>[\/vc_column][\/vc_row][vc_row equal_height=&#8221;yes&#8221; content_placement=&#8221;top&#8221; el_class=&#8221;container&#8221;][vc_column el_class=&#8221;container&#8221; css=&#8221;.vc_custom_1611120386453{background-color: #f2f2f2 !important;}&#8221;][vc_row_inner el_class=&#8221;container&#8221; css=&#8221;.vc_custom_1611120238983{background-color: #f2f2f2 !important;}&#8221;][vc_column_inner]\r\n                <div class=\"text-modules\">\r\n                    <div class=\"container\">\r\n                        \r\n                        <div class=\"text-modules__content\"><\/p>\n<p class=\"tile_info__title\" style=\"text-align: center;\"><span style=\"font-size: 120%; font-family: PT Sans Narrow;\"><strong>strategia Mobility4all<\/strong><\/span><\/p>\n<p style=\"text-align: center;\">inicjatywy<\/p>\n<p>\n<\/div>\r\n                    <\/div>\r\n                <\/div>[\/vc_column_inner][\/vc_row_inner][vc_row_inner el_class=&#8221;container&#8221;][vc_column_inner width=&#8221;1\/4&#8243; css=&#8221;.vc_custom_1611120127192{background-color: #f2f2f2 !important;}&#8221;]\r\n                <div class=\"text-modules\">\r\n                    <div class=\"container\">\r\n                        \r\n                        <div class=\"text-modules__content\"><p><strong>Transform4Europe Week<\/strong><\/p>\n<p>Jeden tydzie\u0144 \u2013 czy tyle wystarczy, aby si\u0119 lepiej pozna\u0107? Sprawdzimy to! Przez kilka dni w roku, podczas Transform4Europe Week, zamiast zaj\u0119\u0107 i wyk\u0142ad\u00f3w odbywa\u0107 si\u0119 b\u0119d\u0105 spotkania, rozmowy, warsztaty, pokazy i wiele innych wydarze\u0144, aby\u015bmy mogli dowiedzie\u0107 si\u0119 o sobie wi\u0119cej \u2013 wirtualnie i bezpo\u015brednio.<\/p>\n<\/div>\r\n                    <\/div>\r\n                <\/div>[\/vc_column_inner][vc_column_inner width=&#8221;1\/4&#8243; css=&#8221;.vc_custom_1611120209197{background-color: #f2f2f2 !important;}&#8221;]\r\n                <div class=\"text-modules\">\r\n                    <div class=\"container\">\r\n                        \r\n                        <div class=\"text-modules__content\"><p><strong>Transform4Europe Mobile Entrepreneurs <\/strong><\/p>\n<p>Sta\u017c w Tallinie? A mo\u017ce praktyki w Trie\u015bcie\u2026<br \/>\nChcemy stworzy\u0107 specjaln\u0105 baz\u0119 danych dla student\u00f3w wszystkich uczelni sojuszu, aby mogli odby\u0107 sta\u017c lub praktyki w jednym z siedmiu europejskich kraj\u00f3w. Bez skomplikowanych procedur. Po prostu.<\/p>\n<\/div>\r\n                    <\/div>\r\n                <\/div>[\/vc_column_inner][vc_column_inner width=&#8221;1\/4&#8243; css=&#8221;.vc_custom_1611120219909{background-color: #f2f2f2 !important;}&#8221;]\r\n                <div class=\"text-modules\">\r\n                    <div class=\"container\">\r\n                        \r\n                        <div class=\"text-modules__content\"><p><strong>Transform4Europe Chair Exchange<\/strong><\/p>\n<p>M\u00f3j ulubiony profesor mo\u017ce by\u0107 twoim ulubionym profesorem. Wystarczy, \u017ce wyk\u0142adowcy b\u0119d\u0105 chcieli zamieni\u0107 si\u0119 miejscami na pewien czas, by poprowadzi\u0107 zaj\u0119cia w innej cz\u0119\u015bci Europy. My zajmiemy si\u0119 reszt\u0105.<\/p>\n<\/div>\r\n                    <\/div>\r\n                <\/div>[\/vc_column_inner][vc_column_inner width=&#8221;1\/4&#8243; css=&#8221;.vc_custom_1611120230655{background-color: #f2f2f2 !important;}&#8221;]\r\n                <div class=\"text-modules\">\r\n                    <div class=\"container\">\r\n                        \r\n                        <div class=\"text-modules__content\"><p><strong>Transform4Europe Professional Development Programme<\/strong><\/p>\n<p>Nasza kadra wsparcia administracyjnego jest na wag\u0119 z\u0142ota. W ka\u017cdym uniwersytecie wypracowane s\u0105 dobre praktyki w zakresie budowania relacji w zespo\u0142ach, efektywnej komunikacji czy m\u0105drego zarz\u0105dzania. B\u0119dziemy si\u0119 spotyka\u0107 i podzielimy si\u0119 wiedz\u0105 dzi\u0119ki modu\u0142om rozwijania kompetencji zawodowych. <\/p>\n<\/div>\r\n                    <\/div>\r\n                <\/div>[\/vc_column_inner][\/vc_row_inner][\/vc_column][\/vc_row][vc_row gap=&#8221;5&#8243; equal_height=&#8221;yes&#8221; el_class=&#8221;container&#8221;][vc_column width=&#8221;1\/4&#8243; css=&#8221;.vc_custom_1599473358282{background-color: #f2f2f2 !important;}&#8221; el_class=&#8221;class=&#8222;tile_info__title&#8222;&#8221;]\r\n                <div class=\"text-modules\">\r\n                    <div class=\"container\">\r\n                        \r\n                        <div class=\"text-modules__content\"><\/p>\n<p class=\"tile_info__title\"><span style=\"font-size: 120%; font-family: PT Sans Narrow;\"><strong>WSP\u00d3LNE WIRTUALNE BIURO MOBILNO\u015aCI<\/strong><\/span><\/p>\n<p>Pr\u00f3bujemy zrozumie\u0107, dlaczego wci\u0105\u017c tak niewielu student\u00f3w, doktorant\u00f3w i pracownik\u00f3w naszych uczelni korzysta z program\u00f3w wymiany akademickiej. Cz\u0119\u015b\u0107 z nich boi si\u0119 zbyt skomplikowanych procedur i biurokracji. Powo\u0142amy wsp\u00f3lne wirtualne biuro mobilno\u015bci, kt\u00f3re prze\u015ble dokumenty, podpowie, pomo\u017ce\u2026<\/p>\n<\/div>\r\n                    <\/div>\r\n                <\/div>[\/vc_column][vc_column width=&#8221;1\/4&#8243; css=&#8221;.vc_custom_1599473280398{background-color: #f2f2f2 !important;}&#8221;]\r\n                <div class=\"text-modules\">\r\n                    <div class=\"container\">\r\n                        \r\n                        <div class=\"text-modules__content\"><\/p>\n<p class=\"tile_info__title\"><span style=\"font-size: 120%; font-family: PT Sans Narrow;\"><strong>KARTA STUDENTA TRANSFORM4EUROPE oraz <\/strong><\/span><span style=\"font-size: 120%; font-family: PT Sans Narrow;\"><strong>KARTA PRACOWNIKA TRANSFORM4EUROPE<\/strong><\/span><\/p>\n<p>Jeden dokument \u2013 otwarte biblioteki, laboratoria, zaj\u0119cia. To w\u0142a\u015bnie dzi\u0119ki niemu b\u0119dziemy mogli swobodnie przemieszcza\u0107 si\u0119 mi\u0119dzy obiektami wszystkich siedmiu uniwersytet\u00f3w i zyskamy dost\u0119p do wielu us\u0142ug oferowanych przez uczelnie partnerskie.<\/p>\n<\/div>\r\n                    <\/div>\r\n                <\/div>[\/vc_column][vc_column width=&#8221;1\/4&#8243; el_class=&#8221;#f2f2f2&#8243; css=&#8221;.vc_custom_1599473659058{background-color: #f2f2f2 !important;}&#8221;]\r\n                <div class=\"text-modules\">\r\n                    <div class=\"container\">\r\n                        \r\n                        <div class=\"text-modules__content\"><\/p>\n<p class=\"tile_info__title\"><span style=\"font-size: 120%; font-family: PT Sans Narrow;\"><strong>PROGRAM STUDENCI AMBASADORZY TRANSFORM4EUROPE<\/strong><\/span><\/p>\n<p>Jak poznawa\u0107 uczelni\u0119, miasto czy region, to tylko z miejscowymi \u2013 to najlepsi przewodnicy. Nasi Studenci Ambasadorzy Transform4Europe nie pozwol\u0105 si\u0119 zgubi\u0107 swoim kole\u017cankom i kolegom z zagranicy. Poka\u017c\u0105 nie tylko sw\u00f3j uniwersytet, lecz r\u00f3wnie\u017c pomog\u0105 za\u0142atwi\u0107 formalno\u015bci i zabior\u0105 ich na niejedn\u0105 wycieczk\u0119 po mie\u015bcie.<\/p>\n<\/div>\r\n                    <\/div>\r\n                <\/div>[\/vc_column][vc_column width=&#8221;1\/4&#8243; el_class=&#8221;#f2f2f2&#8243; css=&#8221;.vc_custom_1599473894778{background-color: #f2f2f2 !important;}&#8221;]\r\n                <div class=\"text-modules\">\r\n                    <div class=\"container\">\r\n                        \r\n                        <div class=\"text-modules__content\"><\/p>\n<p class=\"tile_info__title\"><span style=\"font-size: 120%; font-family: PT Sans Narrow;\"><strong>ACCOMMODATION APP<\/strong><\/span><\/p>\n<p>Stworzymy specjaln\u0105 aplikacj\u0119 mobiln\u0105, dzi\u0119ki kt\u00f3rej bez problemu b\u0119dzie mo\u017cna znale\u017a\u0107 zakwaterowanie i zarezerwowa\u0107 miejsce w kampusie ka\u017cdej partnerskiej uczelni Transform4Europe \u2013 po to, aby podr\u00f3\u017cowanie sta\u0142o si\u0119 jeszcze \u0142atwiejsze.<\/p>\n<\/div>\r\n                    <\/div>\r\n                <\/div>[\/vc_column][\/vc_row][vc_row][vc_column][vc_empty_space]\r\n                <div class=\"text-modules\">\r\n                    <div class=\"container\">\r\n                        \r\n                        <div class=\"text-modules__content\"><\/p>\n<h3 style=\"text-align: center;\"><a id=\"t4e_regiony\"><\/a>WSP\u00d3\u0141PRACA Z REGIONAMI<\/h3>\n<p>\n<\/div>\r\n                    <\/div>\r\n                <\/div>[\/vc_column][\/vc_row][vc_row gap=&#8221;5&#8243; equal_height=&#8221;yes&#8221; content_placement=&#8221;top&#8221; el_class=&#8221;container&#8221;][vc_column width=&#8221;1\/2&#8243; css=&#8221;.vc_custom_1599473358282{background-color: #f2f2f2 !important;}&#8221; el_class=&#8221;class=&#8222;tile_info__title&#8222;&#8221;]\r\n                <div class=\"text-modules\">\r\n                    <div class=\"container\">\r\n                        \r\n                        <div class=\"text-modules__content\"><\/p>\n<p class=\"tile_info__title\"><span style=\"font-size: 120%; font-family: PT Sans Narrow;\"><strong>STRATEGIA INTELIGENTNEJ TRANSFORMACJI <\/strong><\/span><\/p>\n<p>Ka\u017cda z uczelni sojuszu Transform4Europe ma siln\u0105 pozycj\u0119 w regionie. My chcemy t\u0119 relacj\u0119 jeszcze bardziej ugruntowa\u0107. B\u0119dziemy wsp\u00f3lnie d\u0105\u017cy\u0107 do tego, aby wzmocni\u0107: rol\u0119 uczelni w rozwoju region\u00f3w oraz wp\u0142yw region\u00f3w na rozw\u00f3j uczelni. W tym celu utworzymy mi\u0119dzyregionalne sieci wsp\u00f3\u0142pracy, kt\u00f3re stan\u0105 si\u0119 si\u0142\u0105 nap\u0119dow\u0105 transformacji naszego otoczenia.<br \/>\nOpracujemy r\u00f3wnie\u017c dobre praktyki w zakresie strategicznej wsp\u00f3\u0142pracy pomi\u0119dzy konsorcjum a wszystkimi regionami, z kt\u00f3rymi zwi\u0105zane s\u0105 nasze uczelnie.<\/p>\n<\/div>\r\n                    <\/div>\r\n                <\/div>[\/vc_column][vc_column width=&#8221;1\/2&#8243; css=&#8221;.vc_custom_1599473280398{background-color: #f2f2f2 !important;}&#8221;]\r\n                <div class=\"text-modules\">\r\n                    <div class=\"container\">\r\n                        \r\n                        <div class=\"text-modules__content\"><\/p>\n<p class=\"tile_info__title\"><span style=\"font-size: 120%; font-family: PT Sans Narrow;\"><strong>WYMIANA WIEDZY I DO\u015aWIADCZE\u0143 <\/strong><\/span><\/p>\n<p>Wierzymy, \u017ce kluczem do rozwi\u0105zania wielu problem\u00f3w i wyzwa\u0144 jest rozmowa. Chcemy stworzy\u0107 warunki do dialogu pomi\u0119dzy studentami, doktorantami, naukowcami, dydaktykami, pracownikami wsparcia administracyjnego oraz regionalnymi interesariuszami ze wszystkich kraj\u00f3w sojuszu Transform4Europe. B\u0119dziemy organizowa\u0107 go\u015bcinne wyk\u0142ady i r\u00f3\u017cne inicjatywy promuj\u0105ce innowacyjn\u0105 przedsi\u0119biorczo\u015b\u0107 opart\u0105 na wiedzy oraz zaanga\u017cowanie spo\u0142eczne.<\/p>\n<\/div>\r\n                    <\/div>\r\n                <\/div>[\/vc_column][\/vc_row]<\/p>","protected":false},"excerpt":{"rendered":"<p>[vc_row el_class=&#8221;container&#8221;][vc_column][\/vc_column][\/vc_row][vc_row el_class=&#8221;container&#8221;][vc_column width=&#8221;1\/4&#8243;][vc_empty_space][\/vc_column][vc_column width=&#8221;3\/4&#8243;][\/vc_column][\/vc_row][vc_row][vc_column][vc_text_separator title=&#8221;2020 | Transform4Europe | 2023&#8243; el_class=&#8221;text-modules__content&#8221;][\/vc_column][\/vc_row][vc_row equal_height=&#8221;yes&#8221; content_placement=&#8221;top&#8221; el_class=&#8221;container&#8221;][vc_column el_class=&#8221;container&#8221; css=&#8221;.vc_custom_1611120386453{background-color: #f2f2f2 !important;}&#8221;][vc_row_inner el_class=&#8221;container&#8221; css=&#8221;.vc_custom_1611120238983{background-color: #f2f2f2 !important;}&#8221;][vc_column_inner][\/vc_column_inner][\/vc_row_inner][vc_row_inner el_class=&#8221;container&#8221;][vc_column_inner width=&#8221;1\/2&#8243; css=&#8221;.vc_custom_1611120127192{background-color: #f2f2f2 !important;}&#8221;][\/vc_column_inner][vc_column_inner width=&#8221;1\/2&#8243; css=&#8221;.vc_custom_1611120209197{background-color: #f2f2f2 !important;}&#8221;][\/vc_column_inner][\/vc_row_inner][\/vc_column][\/vc_row][vc_row gap=&#8221;5&#8243; equal_height=&#8221;yes&#8221; el_class=&#8221;container&#8221;][vc_column width=&#8221;1\/4&#8243; css=&#8221;.vc_custom_1599473358282{background-color: #f2f2f2 !important;}&#8221; el_class=&#8221;class=&#8222;tile_info__title&#8222;&#8221;][\/vc_column][vc_column width=&#8221;2\/4&#8243; css=&#8221;.vc_custom_1599473280398{background-color: #f2f2f2 !important;}&#8221;][\/vc_column][vc_column width=&#8221;1\/4&#8243; el_class=&#8221;#f2f2f2&#8243; css=&#8221;.vc_custom_1599473659058{background-color: #f2f2f2 !important;}&#8221;][\/vc_column][\/vc_row][vc_row el_class=&#8221;container&#8221;][vc_column][vc_empty_space][\/vc_column][\/vc_row][vc_row equal_height=&#8221;yes&#8221; content_placement=&#8221;top&#8221; el_class=&#8221;container&#8221;][vc_column el_class=&#8221;container&#8221; css=&#8221;.vc_custom_1611120386453{background-color: #f2f2f2 [&#8230;]<\/p>\n<p><a class=\"btn btn-secondary understrap-read-more-link\" href=\"https:\/\/us.edu.pl\/t4e\/cele\/\">Read More&#8230;<\/a><\/p>\n","protected":false},"author":26,"featured_media":0,"parent":0,"menu_order":0,"comment_status":"closed","ping_status":"closed","template":"","meta":{"_expiration-date-status":"saved","_expiration-date":0,"_expiration-date-type":"","_expiration-date-categories":[],"_expiration-date-options":[]},"acf":[],"_links":{"self":[{"href":"https:\/\/us.edu.pl\/t4e\/wp-json\/wp\/v2\/pages\/90"}],"collection":[{"href":"https:\/\/us.edu.pl\/t4e\/wp-json\/wp\/v2\/pages"}],"about":[{"href":"https:\/\/us.edu.pl\/t4e\/wp-json\/wp\/v2\/types\/page"}],"author":[{"embeddable":true,"href":"https:\/\/us.edu.pl\/t4e\/wp-json\/wp\/v2\/users\/26"}],"replies":[{"embeddable":true,"href":"https:\/\/us.edu.pl\/t4e\/wp-json\/wp\/v2\/comments?post=90"}],"version-history":[{"count":11,"href":"https:\/\/us.edu.pl\/t4e\/wp-json\/wp\/v2\/pages\/90\/revisions"}],"predecessor-version":[{"id":1525,"href":"https:\/\/us.edu.pl\/t4e\/wp-json\/wp\/v2\/pages\/90\/revisions\/1525"}],"wp:attachment":[{"href":"https:\/\/us.edu.pl\/t4e\/wp-json\/wp\/v2\/media?parent=90"}],"curies":[{"name":"wp","href":"https:\/\/api.w.org\/{rel}","templated":true}]}}