{"id":346,"date":"2024-08-21T13:00:10","date_gmt":"2024-08-21T11:00:10","guid":{"rendered":"https:\/\/us.edu.pl\/wydawnictwo\/?page_id=346"},"modified":"2024-12-17T09:08:34","modified_gmt":"2024-12-17T08:08:34","slug":"o-wydawnictwie","status":"publish","type":"page","link":"https:\/\/us.edu.pl\/wydawnictwo\/o-wydawnictwie\/","title":{"rendered":"o wydawnictwie"},"content":{"rendered":"<p>[vc_row][vc_column]\r\n                <div class=\"tiles-section\" style=\"background: \">\r\n                    <div class=\"container\">\r\n                        <h3 class=\"page-title\"><\/h3>\r\n                        <div class=\"tiles tiles-3\">\r\n                            <a href=\"https:\/\/monograph.us.edu.pl\" class=\"tile tile_ justify-content-center\" style=\"background-color: #002E5A; font-weight: bold; color: #ffffff;  \">\r\n                                \r\n                                   \r\n                               \r\n                                <div class=\"tile__name\">MONOGRAFIE<br>PORTAL OMP<\/div>\r\n                            <\/a>\r\n                            <a href=\"https:\/\/tantis.pl\/wus\" class=\"tile tile_ justify-content-center\" style=\"background-color: #002E5A; font-weight: bold; color: #ffffff;  \">\r\n                                \r\n                                   \r\n                               \r\n                                <div class=\"tile__name\">KUP KSI\u0104\u017bK\u0118<br>KSI\u0118GARNIA<\/div>\r\n                            <\/a>\r\n                            <a href=\"https:\/\/journals.us.edu.pl\" class=\"tile tile_ justify-content-center\" style=\"background-color: #002E5A; font-weight: bold; color: #ffffff;  \">\r\n                                \r\n                                   \r\n                               \r\n                                <div class=\"tile__name\">CZASOPISMA<br>PORTAL OJS<\/div>\r\n                            <\/a><\/div>\r\n                    <\/div>\r\n                <\/div>[\/vc_column][\/vc_row][vc_row][vc_column][vc_empty_space el_id=&#8221;empty space&#8221;][\/vc_column][\/vc_row]<\/p>","protected":false},"excerpt":{"rendered":"<p>[vc_row][vc_column][\/vc_column][\/vc_row][vc_row][vc_column][vc_empty_space el_id=&#8221;empty space&#8221;][\/vc_column][\/vc_row] [&#8230;]<\/p>\n<p><a class=\"btn btn-secondary understrap-read-more-link\" href=\"https:\/\/us.edu.pl\/wydawnictwo\/o-wydawnictwie\/\">Read More&#8230;<\/a><\/p>\n","protected":false},"author":4999,"featured_media":148,"parent":0,"menu_order":7,"comment_status":"closed","ping_status":"closed","template":"page-templates\/page-with-sidebar-and-bookmarks.php","meta":{"_expiration-date-status":"","_expiration-date":0,"_expiration-date-type":"","_expiration-date-categories":[],"_expiration-date-options":[]},"acf":[],"_links":{"self":[{"href":"https:\/\/us.edu.pl\/wydawnictwo\/wp-json\/wp\/v2\/pages\/346"}],"collection":[{"href":"https:\/\/us.edu.pl\/wydawnictwo\/wp-json\/wp\/v2\/pages"}],"about":[{"href":"https:\/\/us.edu.pl\/wydawnictwo\/wp-json\/wp\/v2\/types\/page"}],"author":[{"embeddable":true,"href":"https:\/\/us.edu.pl\/wydawnictwo\/wp-json\/wp\/v2\/users\/4999"}],"replies":[{"embeddable":true,"href":"https:\/\/us.edu.pl\/wydawnictwo\/wp-json\/wp\/v2\/comments?post=346"}],"version-history":[{"count":5,"href":"https:\/\/us.edu.pl\/wydawnictwo\/wp-json\/wp\/v2\/pages\/346\/revisions"}],"predecessor-version":[{"id":1892,"href":"https:\/\/us.edu.pl\/wydawnictwo\/wp-json\/wp\/v2\/pages\/346\/revisions\/1892"}],"wp:featuredmedia":[{"embeddable":true,"href":"https:\/\/us.edu.pl\/wydawnictwo\/wp-json\/wp\/v2\/media\/148"}],"wp:attachment":[{"href":"https:\/\/us.edu.pl\/wydawnictwo\/wp-json\/wp\/v2\/media?parent=346"}],"curies":[{"name":"wp","href":"https:\/\/api.w.org\/{rel}","templated":true}]}}