{"id":385,"date":"2024-08-28T12:18:28","date_gmt":"2024-08-28T10:18:28","guid":{"rendered":"https:\/\/us.edu.pl\/wydawnictwo\/?page_id=385"},"modified":"2025-11-25T08:19:20","modified_gmt":"2025-11-25T07:19:20","slug":"jak-wydac-monografie-2","status":"publish","type":"page","link":"https:\/\/us.edu.pl\/wydawnictwo\/autor\/jak-wydac-monografie-2\/","title":{"rendered":"jak wyda\u0107 monografi\u0119 w Wydawnictwie Uniwersytetu \u015al\u0105skiego"},"content":{"rendered":"<p>[vc_row][vc_column]\r\n                <div class=\"text-modules\">\r\n                    <div class=\"container\">\r\n                        <h3 class=\"page-title text__title\">Wydanie monografii w Wydawnictwie Uniwersytetu \u015al\u0105skiego<\/h3>\r\n                        <div class=\"text-modules__content\"><p>Je\u017celi s\u0105 Pa\u0144stwo zainteresowani publikacj\u0105 monografii w\u00a0<u>Wydawnictwie Uniwersytetu \u015al\u0105skiego<\/u>, to:<\/p>\n<p>&nbsp;<\/p>\n<ol>\n<li>W przypadku, kiedy prace nad tekstem monografii nie zosta\u0142y jeszcze uko\u0144czone, prosimy o wype\u0142nienie i odes\u0142anie\u00a0<strong><em>formularza propozycji wydawniczej<\/em><\/strong>\u00a0na wskazany adres imienny redaktora inicjuj\u0105cego (<a href=\"mailto:pawel.radek@us.edu.pl\">pawel.radek@us.edu.pl<\/a>, <a href=\"mailto:przemyslaw.pieniazek@us.edu.pl\">przemyslaw.pieniazek@us.edu.pl<\/a>).<\/li>\n<li>Po jej pozytywnym zaopiniowaniu przez Dyrekcj\u0119 WU\u015a, Kolegium Wydawnicze oraz dyrekcj\u0119 danego Instytutu prosimy o przes\u0142anie tekstu uko\u0144czonej monografii w wersji wordowskiej oraz odzwierciedlaj\u0105cy j\u0105 plik PDF.<\/li>\n<li>Je\u015bli w trakcie prac nad monografi\u0105 wprowadzone zostan\u0105 merytoryczne zmiany i\/lub znacz\u0105co zmieni si\u0119 deklarowana obj\u0119to\u015b\u0107 tekstu, to konieczne b\u0119dzie zaktualizowanie tre\u015bci formularza propozycji wydawniczej.<\/li>\n<li>Plik z monografi\u0105 zawieraj\u0105cy <u>stron\u0119 tytu\u0142ow\u0105, spis tre\u015bci, bibliografi\u0119 i ,,\u015blepy\u201d indeks osobowy<\/u> oraz <strong><em>Wniosek o skierowanie monografii do recenzji<\/em><\/strong> prosimy przes\u0142a\u0107 na adres redaktora inicjuj\u0105cego, kt\u00f3ry nawi\u0105\u017ce z Pa\u0144stwem kontakt po zaopiniowaniu propozycji wydawniczej.<\/li>\n<li>Kolejnym etapem b\u0119dzie skierowanie Pa\u0144stwa monografii do recenzji wydawniczych.<\/li>\n<li>Po zako\u0144czeniu procesu recenzyjnego\u00a0otrzymaj\u0105 Pa\u0144stwo recenzje wydawnicze z pro\u015bb\u0105 o uwzgl\u0119dnienie w monografii uwag i sugestii recenzent\u00f3w.<\/li>\n<li>Monografi\u0119 przygotowan\u0105 zgodnie z edytorskimi zaleceniami wskazanymi w instrukcji wydawniczej uprzejmie prosimy o przes\u0142anie w wersji elektronicznej (wersja wordowska w trybie \u015bledzenia zmian, wersja wordowska z zaakceptowanymi zmianami oraz wersja PDF) na adres redaktora inicjuj\u0105cego prowadz\u0105cego dan\u0105 monografi\u0119.<\/li>\n<li>Obok przygotowanej monografii uprzejmie prosimy o dostarczenie dokument\u00f3w niezb\u0119dnych do rozpocz\u0119cia dalszego procesu wydawniczego (<strong>wniosku o skierowanie do wydania<\/strong>, <strong>ankiety dla propozycji wydawniczej<\/strong> oraz <strong>o\u015bwiadczenia autorskiego<\/strong>) wraz z rozbudowanym streszczeniem w j\u0119zyku polskim (obj\u0119to\u015b\u0107 od 5 do 8 tysi\u0119cy znak\u00f3w ze spacjami).<\/li>\n<\/ol>\n<p>&nbsp;<\/p>\n<hr \/>\n<p>Ponadto prosimy si\u0119 zapozna\u0107 z:<\/p>\n<p>&#8211;\u00a0<strong>Instrukcj\u0105 wydawnicz\u0105 Wydawnictwa Uniwersytetu \u015al\u0105skiego<\/strong><\/p>\n<p>&#8211;\u00a0<strong>Zasadami recenzowania monografii w Wydawnictwie Uniwersytetu \u015al\u0105skiego<\/strong><\/p>\n<\/div>\r\n                    <\/div>\r\n                <\/div>[\/vc_column][\/vc_row]<\/p>","protected":false},"excerpt":{"rendered":"<p>[vc_row][vc_column][\/vc_column][\/vc_row] [&#8230;]<\/p>\n<p><a class=\"btn btn-secondary understrap-read-more-link\" href=\"https:\/\/us.edu.pl\/wydawnictwo\/autor\/jak-wydac-monografie-2\/\">Read More&#8230;<\/a><\/p>\n","protected":false},"author":4999,"featured_media":0,"parent":108,"menu_order":2,"comment_status":"closed","ping_status":"closed","template":"page-templates\/page-with-sidebar-and-bookmarks.php","meta":{"_expiration-date-status":"","_expiration-date":0,"_expiration-date-type":"","_expiration-date-categories":[],"_expiration-date-options":[]},"acf":[],"_links":{"self":[{"href":"https:\/\/us.edu.pl\/wydawnictwo\/wp-json\/wp\/v2\/pages\/385"}],"collection":[{"href":"https:\/\/us.edu.pl\/wydawnictwo\/wp-json\/wp\/v2\/pages"}],"about":[{"href":"https:\/\/us.edu.pl\/wydawnictwo\/wp-json\/wp\/v2\/types\/page"}],"author":[{"embeddable":true,"href":"https:\/\/us.edu.pl\/wydawnictwo\/wp-json\/wp\/v2\/users\/4999"}],"replies":[{"embeddable":true,"href":"https:\/\/us.edu.pl\/wydawnictwo\/wp-json\/wp\/v2\/comments?post=385"}],"version-history":[{"count":9,"href":"https:\/\/us.edu.pl\/wydawnictwo\/wp-json\/wp\/v2\/pages\/385\/revisions"}],"predecessor-version":[{"id":3089,"href":"https:\/\/us.edu.pl\/wydawnictwo\/wp-json\/wp\/v2\/pages\/385\/revisions\/3089"}],"up":[{"embeddable":true,"href":"https:\/\/us.edu.pl\/wydawnictwo\/wp-json\/wp\/v2\/pages\/108"}],"wp:attachment":[{"href":"https:\/\/us.edu.pl\/wydawnictwo\/wp-json\/wp\/v2\/media?parent=385"}],"curies":[{"name":"wp","href":"https:\/\/api.w.org\/{rel}","templated":true}]}}