{"id":4,"date":"2022-02-01T13:55:04","date_gmt":"2022-02-01T12:55:04","guid":{"rendered":"https:\/\/us.edu.pl\/wydawnictwo\/?page_id=4"},"modified":"2025-06-10T10:44:23","modified_gmt":"2025-06-10T08:44:23","slug":"strona-glowna","status":"publish","type":"page","link":"https:\/\/us.edu.pl\/wydawnictwo\/","title":{"rendered":"strona g\u0142\u00f3wna"},"content":{"rendered":"<p>[vc_row][vc_column]\r\n                <div class=\"tiles-section\" style=\"background: \">\r\n                    <div class=\"container\">\r\n                        <h3 class=\"page-title\"><\/h3>\r\n                        <div class=\"tiles tiles-3\">\r\n                            <a href=\"https:\/\/monograph.us.edu.pl\" class=\"tile tile_ justify-content-center\" style=\"background-color: #002E5A; font-weight: bold; color: #ffffff;  \">\r\n                                \r\n                                   \r\n                               \r\n                                <div class=\"tile__name\">MONOGRAFIE<br>Open Monograph Press<\/div>\r\n                            <\/a>\r\n                            <a href=\"https:\/\/tantis.pl\/wus\" class=\"tile tile_ justify-content-center\" style=\"background-color: #002E5A; font-weight: bold; color: #ffffff;  \">\r\n                                \r\n                                   \r\n                               \r\n                                <div class=\"tile__name\">KSI\u0118GARNIA<\/div>\r\n                            <\/a>\r\n                            <a href=\"https:\/\/journals.us.edu.pl\" class=\"tile tile_ justify-content-center\" style=\"background-color: #002E5A; font-weight: bold; color: #ffffff;  \">\r\n                                \r\n                                   \r\n                               \r\n                                <div class=\"tile__name\">CZASOPISMA<br>Open Journal Systems<\/div>\r\n                            <\/a><\/div>\r\n                    <\/div>\r\n                <\/div>[\/vc_column][\/vc_row][vc_row][vc_column]\n\t\t\t\t<input type=\"hidden\" name=\"promoted_only\" value=\"\">\n\t\t\t\t<input type=\"hidden\" name=\"order\" value=\"DESC\">\n\t\t\t\t<input type=\"hidden\" name=\"order_by\" value=\"post_date\">\n\n\t\t\t\t<div class=\"article-loop loop-section article-loop_tall color-blue\" style=\"background: \">\n\t\t\t\t\t <div class=\"container \">\n\t\t\t\t\t \t<div class=\"col-12 article-loop-gutter-left\">\n\t\t\t\t\t\t  <div class=\"article-loop-top loop-section-top\">\n\t\t\t\t\t\t\t\t<h2 class=\"section-title\">Aktualno\u015bci<\/h2><div class=\"article-loop-top_right loop-section-top__right\" >\n\t\t\t\t\t\t\t\t\t <select name=\"sort\" title = \"filter by category\"\n\t\t\t\t\t\t\t\t\t\t  class=\"article-loop-sort\" >\n\t\t\t\t\t\t\t\t\t\t  <option value = \"\" selected disabled > filtrowanie wed\u0142ug kategorii<\/option>\n\t\t\t\t\t\t\t\t\t\t  <option value = \"70-48\" > Wszystko<\/option> <option data-link='https:\/\/us.edu.pl\/wydawnictwo\/category\/aktualnosci\/' value='70-48'>aktualno\u015bci<\/option><\/select>    <a href = \"https:\/\/us.edu.pl\/wydawnictwo\/wszystko?title=Aktualno%C5%9Bci&order=DESC&order_by=post_date&categories%5B0%5D=70-48\" class=\"link-button \" > Wszystko<\/a><\/div>  \n\t\t\t\t\t\t  <\/div>\n\t\t\t\t\t\t  <div class=\"article-loop-main carousel\" data-home-url=\"https:\/\/us.edu.pl\/wydawnictwo\" >\n\t\t\t\t\t\t\t\t<a href = \"#\" data-slide = \"prev\" title=\"przesu\u0144 pasek Aktualno\u015bciw lewo\" class=\"arrow\" >\n\t\t\t\t\t\t\t\t\t <em class=\"ci ci-arrow-left\" ><\/em >\n\t\t\t\t\t\t\t\t\t <span class=\"d-none\" > arrow<\/span >\n\t\t\t\t\t\t\t\t<\/a>\n\t \n\t\t\t\t\t\t\t\t<a href = \"#\" data-slide = \"next\" title=\"przesu\u0144 pasek Aktualno\u015bci w prawo\" class=\"arrow\" >\n\t\t\t\t\t\t\t\t\t <em class=\"ci ci-arrow-right\" ><\/em >\n\t\t\t\t\t\t\t\t\t <span class=\"d-none\" > arrow<\/span >\n\t\t\t\t\t\t\t\t<\/a>\n\t\t\t\t\t\t\t\t<div class=\"row items\" >\n\t\t\t\t\t\t\t\t\t \r\n            <article class=\"article-loop-post carousel-slide\">\r\n                <a href=\"https:\/\/us.edu.pl\/wydawnictwo\/historie-zapisane-pod-jednym-dachem-spotkanie-autorskie-o-goscinnosci-w-kryzysie\/\" class=\"article-loop-post__thumbnail thumbnail\"\r\n                    style=\"background-image: url(https:\/\/us.edu.pl\/wydawnictwo\/wp-content\/uploads\/sites\/70\/2026\/02\/Dach1-300x225.png)\">\r\n                    <span>wi\u0119cej<\/span>\r\n                <\/a>\r\n\r\n                <div class=\"article-loop-post__content\">\r\n                    <h3 class=\"article-loop-post__title\">\r\n                        <a href=\"https:\/\/us.edu.pl\/wydawnictwo\/historie-zapisane-pod-jednym-dachem-spotkanie-autorskie-o-goscinnosci-w-kryzysie\/\">Historie zapisane &#8222;pod jednym dachem&#8221;. Spotkanie autorskie o go\u015bcinno\u015bci w kryzysie<\/a>\r\n                    <\/h3>\r\n            \r\n                    <div class=\"article-loop-post__categories\">\r\n                        <a href=\"https:\/\/us.edu.pl\/wydawnictwo\/category\/aktualnosci\/\">aktualno\u015bci<\/a>\r\n                    <\/div>    \r\n                <\/div>\r\n            <\/article>\r\n        \r\n            <article class=\"article-loop-post carousel-slide\">\r\n                <a href=\"https:\/\/us.edu.pl\/dobra-mowa-pozostaje-w-pamieci-badania-ks-prof-dr-hab-leszka-szewczyka\/\" class=\"article-loop-post__thumbnail thumbnail\"\r\n                    style=\"background-image: url(https:\/\/us.edu.pl\/wydawnictwo\/wp-content\/uploads\/sites\/70\/Bez-kategorii\/LeszekSzewczyk-e1772091569550-300x297.jpeg)\">\r\n                    <span>wi\u0119cej<\/span>\r\n                <\/a>\r\n\r\n                <div class=\"article-loop-post__content\">\r\n                    <h3 class=\"article-loop-post__title\">\r\n                        <a href=\"https:\/\/us.edu.pl\/dobra-mowa-pozostaje-w-pamieci-badania-ks-prof-dr-hab-leszka-szewczyka\/\">Dobra mowa pozostaje w pami\u0119ci | Badania ks. prof. dr. hab. Leszka Szewczyka<\/a>\r\n                    <\/h3>\r\n            \r\n                    <div class=\"article-loop-post__categories\">\r\n                        <a href=\"https:\/\/us.edu.pl\/wydawnictwo\/category\/aktualnosci\/\">aktualno\u015bci<\/a>\r\n                    <\/div>    \r\n                <\/div>\r\n            <\/article>\r\n        \r\n            <article class=\"article-loop-post carousel-slide\">\r\n                <a href=\"https:\/\/us.edu.pl\/wydzial\/wns\/2026\/01\/19\/metropolia-gzm-strategiczne-opowiadanie-swiatu-ze-to-dobre-miejsce-do-zycia-rozmowa-z-dr-zuzanna-neuve-eglise\/\" class=\"article-loop-post__thumbnail thumbnail\"\r\n                    style=\"background-image: url(https:\/\/us.edu.pl\/wydawnictwo\/wp-content\/uploads\/sites\/70\/Bez-kategorii\/Zdjecie-US_Zuzanna-Neuve-Eglise-1024x1536-1-e1768894063161.jpg)\">\r\n                    <span>wi\u0119cej<\/span>\r\n                <\/a>\r\n\r\n                <div class=\"article-loop-post__content\">\r\n                    <h3 class=\"article-loop-post__title\">\r\n                        <a href=\"https:\/\/us.edu.pl\/wydzial\/wns\/2026\/01\/19\/metropolia-gzm-strategiczne-opowiadanie-swiatu-ze-to-dobre-miejsce-do-zycia-rozmowa-z-dr-zuzanna-neuve-eglise\/\">Metropolia GZM \u2013 strategiczne opowiadanie \u015bwiatu, \u017ce to dobre miejsce do \u017cycia! \u2013 rozmowa z dr Zuzann\u0105 Neuve-\u00c9glise<\/a>\r\n                    <\/h3>\r\n            \r\n                    <div class=\"article-loop-post__categories\">\r\n                        <a href=\"https:\/\/us.edu.pl\/wydawnictwo\/category\/aktualnosci\/\">aktualno\u015bci<\/a>\r\n                    <\/div>    \r\n                <\/div>\r\n            <\/article>\r\n        \r\n            <article class=\"article-loop-post carousel-slide\">\r\n                <a href=\"https:\/\/us.edu.pl\/porzadkowac-i-upiekszac-historia-projektowania-graficznego-w-europie-badania-prof-a-gieldon-paszek\/\" class=\"article-loop-post__thumbnail thumbnail\"\r\n                    style=\"background-image: url(https:\/\/us.edu.pl\/wydawnictwo\/wp-content\/uploads\/sites\/70\/2026\/01\/Strona-zabytku-fryzynskiego-zapisana-minuskula-karolinska-fot.-Marjan-Smerke-domena-publiczna-Wikipedia-e1768892675402-300x253.jpg)\">\r\n                    <span>wi\u0119cej<\/span>\r\n                <\/a>\r\n\r\n                <div class=\"article-loop-post__content\">\r\n                    <h3 class=\"article-loop-post__title\">\r\n                        <a href=\"https:\/\/us.edu.pl\/porzadkowac-i-upiekszac-historia-projektowania-graficznego-w-europie-badania-prof-a-gieldon-paszek\/\">Porz\u0105dkowa\u0107 i upi\u0119ksza\u0107 \u2013 historia projektowania graficznego w Europie | Badania prof. A. Gie\u0142do\u0144-Paszek<\/a>\r\n                    <\/h3>\r\n            \r\n                    <div class=\"article-loop-post__categories\">\r\n                        <a href=\"https:\/\/us.edu.pl\/wydawnictwo\/category\/aktualnosci\/\">aktualno\u015bci<\/a>\r\n                    <\/div>    \r\n                <\/div>\r\n            <\/article>\r\n        \n\t\t\t\t\t\t\t\t<\/div>\n\t\t\t\t\t\t  <\/div>\n\t\t\t\t\t <\/div>\n\t\t\t\t\t <\/div>\n\t\t\t\t<\/div>[\/vc_column][\/vc_row][vc_row][vc_column]\n\t\t\t\t<input type=\"hidden\" name=\"promoted_only\" value=\"\">\n\t\t\t\t<input type=\"hidden\" name=\"order\" value=\"DESC\">\n\t\t\t\t<input type=\"hidden\" name=\"order_by\" value=\"post_modified\">\n\n\t\t\t\t<div class=\"article-loop loop-section article-loop_tall color-blue\" style=\"background: \">\n\t\t\t\t\t <div class=\"container \">\n\t\t\t\t\t \t<div class=\"col-12 article-loop-gutter-left\">\n\t\t\t\t\t\t  <div class=\"article-loop-top loop-section-top\">\n\t\t\t\t\t\t\t\t<h2 class=\"section-title\">Nowo\u015bci monograficzne<\/h2><div class=\"article-loop-top_right loop-section-top__right\" >\n\t\t\t\t\t\t\t\t\t <select name=\"sort\" title = \"filter by category\"\n\t\t\t\t\t\t\t\t\t\t  class=\"article-loop-sort\" >\n\t\t\t\t\t\t\t\t\t\t  <option value = \"\" selected disabled > filtrowanie wed\u0142ug kategorii<\/option>\n\t\t\t\t\t\t\t\t\t\t  <option value = \"70-11\" > Wszystko<\/option> <option data-link='https:\/\/us.edu.pl\/wydawnictwo\/category\/nowosci\/' value='70-11'>Nowo\u015bci<\/option><\/select>    <a href = \"https:\/\/us.edu.pl\/wydawnictwo\/category\/nowosci\/\" class=\"link-button \" > Wszystko<\/a><\/div>  \n\t\t\t\t\t\t  <\/div>\n\t\t\t\t\t\t  <div class=\"article-loop-main carousel\" data-home-url=\"https:\/\/us.edu.pl\/wydawnictwo\" >\n\t\t\t\t\t\t\t\t<a href = \"#\" data-slide = \"prev\" title=\"przesu\u0144 pasek Nowo\u015bci monograficznew lewo\" class=\"arrow\" >\n\t\t\t\t\t\t\t\t\t <em class=\"ci ci-arrow-left\" ><\/em >\n\t\t\t\t\t\t\t\t\t <span class=\"d-none\" > arrow<\/span >\n\t\t\t\t\t\t\t\t<\/a>\n\t \n\t\t\t\t\t\t\t\t<a href = \"#\" data-slide = \"next\" title=\"przesu\u0144 pasek Nowo\u015bci monograficzne w prawo\" class=\"arrow\" >\n\t\t\t\t\t\t\t\t\t <em class=\"ci ci-arrow-right\" ><\/em >\n\t\t\t\t\t\t\t\t\t <span class=\"d-none\" > arrow<\/span >\n\t\t\t\t\t\t\t\t<\/a>\n\t\t\t\t\t\t\t\t<div class=\"row items\" >\n\t\t\t\t\t\t\t\t\t \r\n            <article class=\"article-loop-post carousel-slide\">\r\n                <a href=\"https:\/\/us.edu.pl\/wydawnictwo\/lucyna-sadzikowska-red-andrzej-kowalczyk-red-rawa-rzeka-ktora-laczy\/\" class=\"article-loop-post__thumbnail thumbnail\"\r\n                    style=\"background-image: url(https:\/\/us.edu.pl\/wydawnictwo\/wp-content\/uploads\/sites\/70\/okladki-nowosci\/Rawa_okl_800x600-300x225.jpg)\">\r\n                    <span>wi\u0119cej<\/span>\r\n                <\/a>\r\n\r\n                <div class=\"article-loop-post__content\">\r\n                    <h3 class=\"article-loop-post__title\">\r\n                        <a href=\"https:\/\/us.edu.pl\/wydawnictwo\/lucyna-sadzikowska-red-andrzej-kowalczyk-red-rawa-rzeka-ktora-laczy\/\">Lucyna Sadzikowska (red.), Andrzej Kowalczyk (red.): Rawa \u2013 rzeka, kt\u00f3ra \u0142\u0105czy<\/a>\r\n                    <\/h3>\r\n            \r\n                    <div class=\"article-loop-post__categories\">\r\n                        <a href=\"https:\/\/us.edu.pl\/wydawnictwo\/category\/nowosci\/\">Nowo\u015bci<\/a>\r\n                    <\/div>    \r\n                <\/div>\r\n            <\/article>\r\n        \r\n            <article class=\"article-loop-post carousel-slide\">\r\n                <a href=\"https:\/\/us.edu.pl\/wydawnictwo\/monika-janiszek-sukcesja-funkcji-na-terenach-pogorniczych-w-wojewodztwie-slaskim\/\" class=\"article-loop-post__thumbnail thumbnail\"\r\n                    style=\"background-image: url(https:\/\/us.edu.pl\/wydawnictwo\/wp-content\/uploads\/sites\/70\/okladki-nowosci\/sukcesja_okl_800x600-300x225.jpg)\">\r\n                    <span>wi\u0119cej<\/span>\r\n                <\/a>\r\n\r\n                <div class=\"article-loop-post__content\">\r\n                    <h3 class=\"article-loop-post__title\">\r\n                        <a href=\"https:\/\/us.edu.pl\/wydawnictwo\/monika-janiszek-sukcesja-funkcji-na-terenach-pogorniczych-w-wojewodztwie-slaskim\/\">Monika Janiszek: Sukcesja funkcji na terenach pog\u00f3rniczych w wojew\u00f3dztwie \u015bl\u0105skim<\/a>\r\n                    <\/h3>\r\n            \r\n                    <div class=\"article-loop-post__categories\">\r\n                        <a href=\"https:\/\/us.edu.pl\/wydawnictwo\/category\/nowosci\/\">Nowo\u015bci<\/a>\r\n                    <\/div>    \r\n                <\/div>\r\n            <\/article>\r\n        \r\n            <article class=\"article-loop-post carousel-slide\">\r\n                <a href=\"https:\/\/us.edu.pl\/wydawnictwo\/illia-klinytskyi-prawa-jezykowe-beneficjentow-ochrony-miedzynarodowej-w-multicentrycznym-systemie-zrodel-prawa-rzeczypospolitej-polskiej\/\" class=\"article-loop-post__thumbnail thumbnail\"\r\n                    style=\"background-image: url(https:\/\/us.edu.pl\/wydawnictwo\/wp-content\/uploads\/sites\/70\/okladki-nowosci\/Prawa-jezykowe-bene_okl_800x600-300x225.jpg)\">\r\n                    <span>wi\u0119cej<\/span>\r\n                <\/a>\r\n\r\n                <div class=\"article-loop-post__content\">\r\n                    <h3 class=\"article-loop-post__title\">\r\n                        <a href=\"https:\/\/us.edu.pl\/wydawnictwo\/illia-klinytskyi-prawa-jezykowe-beneficjentow-ochrony-miedzynarodowej-w-multicentrycznym-systemie-zrodel-prawa-rzeczypospolitej-polskiej\/\">Illia Klinytskyi: Prawa j\u0119zykowe beneficjent\u00f3w ochrony mi\u0119dzynarodowej w multicentrycznym systemie \u017ar\u00f3de\u0142 prawa Rzeczypospolitej Polskiej<\/a>\r\n                    <\/h3>\r\n            \r\n                    <div class=\"article-loop-post__categories\">\r\n                        <a href=\"https:\/\/us.edu.pl\/wydawnictwo\/category\/nowosci\/\">Nowo\u015bci<\/a>\r\n                    <\/div>    \r\n                <\/div>\r\n            <\/article>\r\n        \r\n            <article class=\"article-loop-post carousel-slide\">\r\n                <a href=\"https:\/\/us.edu.pl\/wydawnictwo\/monika-zasowska-evaluation-in-academic-discourse-academic-book-reviews-in-linguistics-and-psychology\/\" class=\"article-loop-post__thumbnail thumbnail\"\r\n                    style=\"background-image: url(https:\/\/us.edu.pl\/wydawnictwo\/wp-content\/uploads\/sites\/70\/okladki-nowosci\/Evaluation_800x600-300x225.jpg)\">\r\n                    <span>wi\u0119cej<\/span>\r\n                <\/a>\r\n\r\n                <div class=\"article-loop-post__content\">\r\n                    <h3 class=\"article-loop-post__title\">\r\n                        <a href=\"https:\/\/us.edu.pl\/wydawnictwo\/monika-zasowska-evaluation-in-academic-discourse-academic-book-reviews-in-linguistics-and-psychology\/\">Monika Zasowska: Evaluation in Academic Discourse: Academic Book Reviews in Linguistics and Psychology<\/a>\r\n                    <\/h3>\r\n            \r\n                    <div class=\"article-loop-post__categories\">\r\n                        <a href=\"https:\/\/us.edu.pl\/wydawnictwo\/category\/nowosci\/\">Nowo\u015bci<\/a>\r\n                    <\/div>    \r\n                <\/div>\r\n            <\/article>\r\n        \n\t\t\t\t\t\t\t\t<\/div>\n\t\t\t\t\t\t  <\/div>\n\t\t\t\t\t <\/div>\n\t\t\t\t\t <\/div>\n\t\t\t\t<\/div>[\/vc_column][\/vc_row]<\/p>","protected":false},"excerpt":{"rendered":"<p>[vc_row][vc_column][\/vc_column][\/vc_row][vc_row][vc_column][\/vc_column][\/vc_row][vc_row][vc_column][\/vc_column][\/vc_row] [&#8230;]<\/p>\n<p><a class=\"btn btn-secondary understrap-read-more-link\" href=\"https:\/\/us.edu.pl\/wydawnictwo\/monika-zasowska-evaluation-in-academic-discourse-academic-book-reviews-in-linguistics-and-psychology\/\">Read More&#8230;<\/a><\/p>\n","protected":false},"author":25,"featured_media":148,"parent":0,"menu_order":0,"comment_status":"closed","ping_status":"closed","template":"page-templates\/index-template.php","meta":{"_expiration-date-status":"","_expiration-date":0,"_expiration-date-type":"","_expiration-date-categories":[],"_expiration-date-options":[]},"acf":[],"_links":{"self":[{"href":"https:\/\/us.edu.pl\/wydawnictwo\/wp-json\/wp\/v2\/pages\/4"}],"collection":[{"href":"https:\/\/us.edu.pl\/wydawnictwo\/wp-json\/wp\/v2\/pages"}],"about":[{"href":"https:\/\/us.edu.pl\/wydawnictwo\/wp-json\/wp\/v2\/types\/page"}],"author":[{"embeddable":true,"href":"https:\/\/us.edu.pl\/wydawnictwo\/wp-json\/wp\/v2\/users\/25"}],"replies":[{"embeddable":true,"href":"https:\/\/us.edu.pl\/wydawnictwo\/wp-json\/wp\/v2\/comments?post=4"}],"version-history":[{"count":11,"href":"https:\/\/us.edu.pl\/wydawnictwo\/wp-json\/wp\/v2\/pages\/4\/revisions"}],"predecessor-version":[{"id":2877,"href":"https:\/\/us.edu.pl\/wydawnictwo\/wp-json\/wp\/v2\/pages\/4\/revisions\/2877"}],"wp:featuredmedia":[{"embeddable":true,"href":"https:\/\/us.edu.pl\/wydawnictwo\/wp-json\/wp\/v2\/media\/148"}],"wp:attachment":[{"href":"https:\/\/us.edu.pl\/wydawnictwo\/wp-json\/wp\/v2\/media?parent=4"}],"curies":[{"name":"wp","href":"https:\/\/api.w.org\/{rel}","templated":true}]}}