{"id":410,"date":"2024-08-28T11:55:32","date_gmt":"2024-08-28T09:55:32","guid":{"rendered":"https:\/\/us.edu.pl\/wydawnictwo\/?page_id=410"},"modified":"2024-10-08T10:57:34","modified_gmt":"2024-10-08T08:57:34","slug":"czasopisma","status":"publish","type":"page","link":"https:\/\/us.edu.pl\/wydawnictwo\/czasopisma\/","title":{"rendered":"czasopisma"},"content":{"rendered":"<p>[vc_row][vc_column]\r\n                <div class=\"text-modules\">\r\n                    <div class=\"container\">\r\n                        <h3 class=\"page-title text__title\">Czasopisma<\/h3>\r\n                        <div class=\"text-modules__content\"><p>Wydawnictwo Uniwersytetu \u015al\u0105skiego opiekuje si\u0119 37 tytu\u0142ami czasopism, w kt\u00f3rych publikowane s\u0105 artyku\u0142y z r\u00f3\u017cnych dyscyplin naukowych.<\/p>\n<p>Artyku\u0142y wraz z abstraktami s\u0105 udost\u0119pniane na uniwersyteckiej platformie <a href=\"https:\/\/journals.us.edu.pl\">Open Journal System<\/a>. Ka\u017cde czasopismo ma swoj\u0105 indywidualn\u0105 podstron\u0119 na OJS, a wszystkim artyku\u0142om automatycznie przypisywane s\u0105 numery DOI.<\/p>\n<p>Autorami artyku\u0142\u00f3w s\u0105 badacze i specjali\u015bci z polskich i zagranicznych o\u015brodk\u00f3w naukowych. Wykwalifikowany i do\u015bwiadczony zesp\u00f3\u0142 redaktor\u00f3w, korektor\u00f3w i specjalist\u00f3w DTP opracowuje teksty, pozostaj\u0105c w sta\u0142ym kontakcie z ich autorami. Dzi\u0119ki naszej dba\u0142o\u015bci o wysoki poziom merytoryczny czasopism, przestrzeganiu zasad etyki wydawniczej oraz trosce o transparentno\u015b\u0107 procesu publikowania wiele tytu\u0142\u00f3w jest dost\u0119pnych w bazach takich jak Scopus, DOAJ, CEEOL, ERIHPlus czy EBSCO.<\/p>\n<p>Wszystkie publikowane materia\u0142y s\u0105 udost\u0119pniane czytelnikom nieodp\u0142atnie i bez konieczno\u015bci logowania si\u0119 (<em>open access<\/em>), co pomaga zwi\u0119kszy\u0107 dost\u0119pno\u015b\u0107 tych tre\u015bci w Internecie.<\/p>\n<p>Naukowc\u00f3w zainteresowanych publikowaniem artyku\u0142\u00f3w w czasopismach wydawanych przez WU\u015a zapraszamy do zapoznania si\u0119 z <a href=\"https:\/\/journals.us.edu.pl\/index.php\/index\/for_the_authors\">Przewodnikiem dla Autora<\/a>, w kt\u00f3rym opisano procesy rejestracji u\u017cytkownika na platformie OJS i zg\u0142aszania tekst\u00f3w.<\/p>\n<\/div>\r\n                    <\/div>\r\n                <\/div>[\/vc_column][\/vc_row][vc_row][vc_column]<div class=\"container\"><div class=\"separator\" style=\"background-color: #ebebeb\"><\/div><\/div>[\/vc_column][\/vc_row][vc_row][vc_column]\r\n                <div class=\"text-modules\">\r\n                    <div class=\"container\">\r\n                        <h3 class=\"page-title text__title\">Platforma czasopism WU\u015a - spis tytu\u0142\u00f3w<\/h3>\r\n                        <div class=\"text-modules__content\"><\/div>\r\n                    <\/div>\r\n                <\/div>[\/vc_column][\/vc_row][vc_row][vc_column]<div class=\"AZ\"><div class=\"container\"> <div class=\"AZ__letters\"><a href=\"#AZ-A\"> A <\/a><a href=\"#AZ-C\"> C <\/a><a href=\"#AZ-E\"> E <\/a><a href=\"#AZ-F\"> F <\/a><a href=\"#AZ-G\"> G <\/a><a href=\"#AZ-I\"> I <\/a><a href=\"#AZ-L\"> L <\/a><a href=\"#AZ-N\"> N <\/a><a href=\"#AZ-P\"> P <\/a><a href=\"#AZ-R\"> R <\/a><a href=\"#AZ-S\"> S <\/a><a href=\"#AZ-\u015a\"> \u015a <\/a><a href=\"#AZ-T\"> T <\/a><a href=\"#AZ-W\"> W <\/a><a href=\"#AZ-Z\"> Z <\/a><\/div><div class=\"AZ-content\"><div class=\"AZ__section\" data-section=\"#AZ-A\"><a href=\"#\" class=\"AZ__section-name\">A<\/a><a href=\"https:\/\/journals.us.edu.pl\/index.php\/AMSIL\" target=\"_blank\"> Annales Mathematicae Silesianae <\/a><\/div><div class=\"AZ__section\" data-section=\"#AZ-C\"><a href=\"#\" class=\"AZ__section-name\">C<\/a><a href=\"https:\/\/journals.us.edu.pl\/index.php\/CHOWANNA\" target=\"_blank\"> Chowanna <\/a><\/div><div class=\"AZ__section\" data-section=\"#AZ-E\"><a href=\"#\" class=\"AZ__section-name\">E<\/a><a href=\"https:\/\/journals.us.edu.pl\/index.php\/EL\" target=\"_blank\"> Ecumeny and Law <\/a><a href=\"https:\/\/journals.us.edu.pl\/index.php\/ERRGO\" target=\"_blank\"> Er(r)go. Teoria - Literatura - Kultura <\/a><\/div><div class=\"AZ__section\" data-section=\"#AZ-F\"><a href=\"#\" class=\"AZ__section-name\">F<\/a><a href=\"https:\/\/journals.us.edu.pl\/index.php\/flit\" target=\"_blank\"> Fabrica Litterarum Polono-Italica <\/a><a href=\"https:\/\/journals.us.edu.pl\/index.php\/FPK\" target=\"_blank\"> Forum Polityki Kryminalnej <\/a><a href=\"https:\/\/journals.us.edu.pl\/index.php\/FL\" target=\"_blank\"> Forum Lingwistyczne <\/a><a href=\"https:\/\/journals.us.edu.pl\/index.php\/FOLIA\" target=\"_blank\"> Folia Philosophica <\/a><\/div><div class=\"AZ__section\" data-section=\"#AZ-G\"><a href=\"#\" class=\"AZ__section-name\">G<\/a><a href=\"https:\/\/journals.us.edu.pl\/index.php\/GSS_SN\" target=\"_blank\"> G\u00f3rno\u015bl\u0105skie Studia Socjologiczne. Seria Nowa <\/a><\/div><div class=\"AZ__section\" data-section=\"#AZ-I\"><a href=\"#\" class=\"AZ__section-name\">I<\/a><a href=\"https:\/\/journals.us.edu.pl\/index.php\/IudaicaRussica\" target=\"_blank\"> Iudaica Russica <\/a><a href=\"https:\/\/journals.us.edu.pl\/index.php\/IJREL\" target=\"_blank\"> International Journal of Research in E-learning <\/a><\/div><div class=\"AZ__section\" data-section=\"#AZ-L\"><a href=\"#\" class=\"AZ__section-name\">L<\/a><a href=\"https:\/\/journals.us.edu.pl\/index.php\/LOGOPEDIASILESIANA\" target=\"_blank\"> Logopedia Silesiana <\/a><a href=\"https:\/\/journals.us.edu.pl\/index.php\/loci\" target=\"_blank\"> Loci Communes <\/a><\/div><div class=\"AZ__section\" data-section=\"#AZ-N\"><a href=\"#\" class=\"AZ__section-name\">N<\/a><a href=\"https:\/\/journals.us.edu.pl\/index.php\/NoZ\" target=\"_blank\"> Narracje o Zag\u0142adzie <\/a><a href=\"https:\/\/journals.us.edu.pl\/index.php\/NB\" target=\"_blank\"> Nowa Biblioteka. Us\u0142ugi, Technologie Informacyjne i Media <\/a><a href=\"https:\/\/journals.us.edu.pl\/index.php\/no_limits\" target=\"_blank\"> No Limits <\/a><a href=\"https:\/\/journals.us.edu.pl\/index.php\/NEO\" target=\"_blank\"> Neophilologica <\/a><\/div><div class=\"AZ__section\" data-section=\"#AZ-P\"><a href=\"#\" class=\"AZ__section-name\">P<\/a><a href=\"https:\/\/journals.us.edu.pl\/index.php\/PLS\" target=\"_blank\"> Przek\u0142ady Literatur S\u0142owia\u0144skich <\/a><a href=\"https:\/\/journals.us.edu.pl\/index.php\/PR\" target=\"_blank\"> Przegl\u0105d Rusycystyczny <\/a><a href=\"https:\/\/journals.us.edu.pl\/index.php\/PPWI\" target=\"_blank\"> Przegl\u0105d Prawa W\u0142asno\u015bci Intelektualnej <\/a><a href=\"https:\/\/journals.us.edu.pl\/index.php\/PPPM\" target=\"_blank\"> Problemy Prawa Prywatnego Mi\u0119dzynarodowego <\/a><a href=\"https:\/\/journals.us.edu.pl\/index.php\/ppk\" target=\"_blank\"> Problemy Prawa Karnego <\/a><a href=\"https:\/\/journals.us.edu.pl\/index.php\/ppgos\" target=\"_blank\"> Prawne Problemy G\u00f3rnictwa i Ochrony \u015arodowiska <\/a><a href=\"https:\/\/journals.us.edu.pl\/index.php\/PPol\" target=\"_blank\"> Postscriptum Polonistyczne <\/a><a href=\"https:\/\/journals.us.edu.pl\/index.php\/PP\" target=\"_blank\"> Political Preferences <\/a><a href=\"https:\/\/journals.us.edu.pl\/index.php\/pcl\" target=\"_blank\"> Philosophy and Canon Law <\/a><a href=\"https:\/\/journals.us.edu.pl\/index.php\/pl\" target=\"_blank\"> Paidia i Literatura <\/a><\/div><div class=\"AZ__section\" data-section=\"#AZ-R\"><a href=\"#\" class=\"AZ__section-name\">R<\/a><a href=\"https:\/\/journals.us.edu.pl\/index.php\/RSL\" target=\"_blank\"> Rusycystyczne Studia Literaturoznawcze <\/a><a href=\"https:\/\/journals.us.edu.pl\/index.php\/RS\" target=\"_blank\"> Romanica Silesiana <\/a><a href=\"https:\/\/journals.us.edu.pl\/index.php\/RIAS\" target=\"_blank\"> Review of International American Studies <\/a><a href=\"https:\/\/journals.us.edu.pl\/index.php\/rana\" target=\"_blank\"> Rana. Literatura - Do\u015bwiadczenie - To\u017csamo\u015b\u0107 <\/a><\/div><div class=\"AZ__section\" data-section=\"#AZ-S\"><a href=\"#\" class=\"AZ__section-name\">S<\/a><a href=\"https:\/\/journals.us.edu.pl\/index.php\/SPUS\" target=\"_blank\"> Studia Politicae Universitatis Silesiensis <\/a><a href=\"https:\/\/journals.us.edu.pl\/index.php\/sp\" target=\"_blank\"> Studia Pastoralne <\/a><a href=\"https:\/\/journals.us.edu.pl\/index.php\/SEIA\" target=\"_blank\"> Studia Etnologiczne i Antropologiczne <\/a><\/div><div class=\"AZ__section\" data-section=\"#AZ-\u015a\"><a href=\"#\" class=\"AZ__section-name\">\u015a<\/a><a href=\"https:\/\/journals.us.edu.pl\/index.php\/SPP\" target=\"_blank\"> \u015aredniowiecze Polskie i Powszechne <\/a><a href=\"https:\/\/journals.us.edu.pl\/index.php\/SSP\" target=\"_blank\"> \u015al\u0105skie Studia Polonistyczne <\/a><a href=\"https:\/\/journals.us.edu.pl\/index.php\/ssht\" target=\"_blank\"> \u015al\u0105skie Studia Historyczno-Teologiczne <\/a><\/div><div class=\"AZ__section\" data-section=\"#AZ-T\"><a href=\"#\" class=\"AZ__section-name\">T<\/a><a href=\"https:\/\/journals.us.edu.pl\/index.php\/TAPSLA\" target=\"_blank\"> Theory and Practice of Second Language Acquisition <\/a><\/div><div class=\"AZ__section\" data-section=\"#AZ-W\"><a href=\"#\" class=\"AZ__section-name\">W<\/a><a href=\"https:\/\/journals.us.edu.pl\/index.php\/wss\" target=\"_blank\"> Wortfolge. Szyk S\u0142\u00f3w <\/a><a href=\"https:\/\/journals.us.edu.pl\/index.php\/WSN\" target=\"_blank\"> Wieki Stare i Nowe <\/a><\/div><div class=\"AZ__section\" data-section=\"#AZ-Z\"><a href=\"#\" class=\"AZ__section-name\">Z<\/a><a href=\"https:\/\/journals.us.edu.pl\/index.php\/TPDJP\" target=\"_blank\"> Z Teorii i Praktyki Dydaktycznej J\u0119zyka Polskiego <\/a><a href=\"https:\/\/journals.us.edu.pl\/index.php\/ZPPPIPS\" target=\"_blank\"> Z Problematyki Prawa Pracy i Polityki Socjalnej <\/a><a href=\"https:\/\/journals.us.edu.pl\/index.php\/zdp\" target=\"_blank\"> Z Dziej\u00f3w Prawa <\/a><a href=\"https:\/\/journals.us.edu.pl\/index.php\/ZOOPHILOLOGICA\" target=\"_blank\"> Zoophilologica. Polish Journal of Animal Studies <\/a><\/div><\/div> <\/div><\/div>[\/vc_column][\/vc_row]<\/p>","protected":false},"excerpt":{"rendered":"<p>[vc_row][vc_column][\/vc_column][\/vc_row][vc_row][vc_column][\/vc_column][\/vc_row][vc_row][vc_column][\/vc_column][\/vc_row][vc_row][vc_column][\/vc_column][\/vc_row] [&#8230;]<\/p>\n<p><a class=\"btn btn-secondary understrap-read-more-link\" href=\"https:\/\/us.edu.pl\/wydawnictwo\/czasopisma\/\">Read More&#8230;<\/a><\/p>\n","protected":false},"author":4999,"featured_media":0,"parent":0,"menu_order":5,"comment_status":"closed","ping_status":"closed","template":"","meta":{"_expiration-date-status":"","_expiration-date":0,"_expiration-date-type":"","_expiration-date-categories":[],"_expiration-date-options":[]},"acf":[],"_links":{"self":[{"href":"https:\/\/us.edu.pl\/wydawnictwo\/wp-json\/wp\/v2\/pages\/410"}],"collection":[{"href":"https:\/\/us.edu.pl\/wydawnictwo\/wp-json\/wp\/v2\/pages"}],"about":[{"href":"https:\/\/us.edu.pl\/wydawnictwo\/wp-json\/wp\/v2\/types\/page"}],"author":[{"embeddable":true,"href":"https:\/\/us.edu.pl\/wydawnictwo\/wp-json\/wp\/v2\/users\/4999"}],"replies":[{"embeddable":true,"href":"https:\/\/us.edu.pl\/wydawnictwo\/wp-json\/wp\/v2\/comments?post=410"}],"version-history":[{"count":10,"href":"https:\/\/us.edu.pl\/wydawnictwo\/wp-json\/wp\/v2\/pages\/410\/revisions"}],"predecessor-version":[{"id":769,"href":"https:\/\/us.edu.pl\/wydawnictwo\/wp-json\/wp\/v2\/pages\/410\/revisions\/769"}],"wp:attachment":[{"href":"https:\/\/us.edu.pl\/wydawnictwo\/wp-json\/wp\/v2\/media?parent=410"}],"curies":[{"name":"wp","href":"https:\/\/api.w.org\/{rel}","templated":true}]}}