{"id":432,"date":"2024-08-28T12:11:31","date_gmt":"2024-08-28T10:11:31","guid":{"rendered":"https:\/\/us.edu.pl\/wydawnictwo\/?page_id=432"},"modified":"2024-10-08T12:03:20","modified_gmt":"2024-10-08T10:03:20","slug":"dystrybucja","status":"publish","type":"page","link":"https:\/\/us.edu.pl\/wydawnictwo\/dystrybucja\/","title":{"rendered":"dystrybucja"},"content":{"rendered":"<p>[vc_row][vc_column]\r\n                <div class=\"text-modules\">\r\n                    <div class=\"container\">\r\n                        <h3 class=\"page-title text__title\">Kup ksi\u0105\u017ck\u0119 - nasza dystrybucja<\/h3>\r\n                        <div class=\"text-modules__content\"><\/p>\n<h2>Nasze pozycje s\u0105 w szerokiej dystrybucji<\/h2>\n<p>Warto pyta\u0107 o nasze pozycje w lokalnej ksi\u0119garni, szczeg\u00f3lnie akademickiej, ale nie tylko.<\/p>\n<h2>Ksi\u0105\u017cki papierowe:<\/h2>\n<ul>\n<li><strong>G\u0142\u00f3wny dystrybutor<\/strong><\/li>\n<\/ul>\n<p style=\"padding-left: 40px;\"><strong>Ateneum &#8211; og\u00f3lnopolski dystrybutor ksi\u0105\u017cek<\/strong><\/p>\n<p style=\"padding-left: 40px;\"><a href=\"https:\/\/www.ateneum.net.pl\/list.php?search=Wydawnictwo+Uniwersytetu+%A6l%B1skiego&amp;sph_match=all\">ttps:\/\/www.ateneum.net.pl<\/a><br \/>\nul. P\u00f3\u0142\u0142anki 12C<br \/>\n30-740 Krak\u00f3w<\/p>\n<ul>\n<li><strong>Ksi\u0119garnia internetowa<\/strong><\/li>\n<\/ul>\n<p style=\"padding-left: 40px;\"><strong>tantis.pl<\/strong><\/p>\n<p style=\"padding-left: 40px;\"><a href=\"https:\/\/tantis.pl\/wus\">https:\/\/tantis.pl\/wus<\/a><\/p>\n<ul>\n<li><strong>Ksi\u0119garnia patronacka<\/strong><\/li>\n<\/ul>\n<p style=\"padding-left: 40px;\"><strong>Ksi\u0119garnia LIBER<\/strong><\/p>\n<p style=\"padding-left: 40px;\">(budynek WNS, naprzeciw Rektoratu U\u015a)<br \/>\nul. Bankowa 11<br \/>\n40-007 Katowice<br \/>\n<a href=\"mailto:liberksiegarnia@interia.pl\">liberksiegarnia@interia.pl<\/a><br \/>\n<a href=\"https:\/\/www.ksiegarnialiber.eu\">https:\/\/www.ksiegarnialiber.eu<\/a><\/p>\n<h2>Ksi\u0105\u017cki elektroniczne:<\/h2>\n<ul>\n<li><strong>KSI\u0118GARNIA IBUK.pl<\/strong><\/li>\n<\/ul>\n<p style=\"padding-left: 40px;\">prowadzona przez ePWN sp. z o.o.<br \/>\n<a href=\"https:\/\/www.ibuk.pl\/wydawca\/1692\/uniwersytet-slaski.html\">https:\/\/www.ibuk.pl<\/a><\/p>\n<ul>\n<li><strong>ebook<\/strong>point.pl<\/li>\n<\/ul>\n<p style=\"padding-left: 40px;\"><a href=\"https:\/\/ebookpoint.pl\/wydawca\/wydawnictwo-uniwersytetu-slaskiego\">https:\/\/ebookpoint.pl<\/a><\/p>\n<ul>\n<li><strong>Central and Eastern European Online Library GmbH<br \/>\n<\/strong><\/li>\n<\/ul>\n<p style=\"padding-left: 40px;\"><a href=\"https:\/\/www.ceeol.com\/search\/publisher-detail?id=187\">https:\/\/www.ceeol.com\/<\/a><\/p>\n<h2>Znajdziesz nas tak\u017ce mi\u0119dzy innymi:<\/h2>\n<p>Allegro: <a href=\"https:\/\/allegro.pl\/listing?string=Wydawnictwo%20Uniwersytetu%20%C5%9Al%C4%85skiego\">https:\/\/allegro.pl<\/a><\/p>\n<p>Bonito.pl: <a href=\"https:\/\/bonito.pl\/wydawnictwo\/Uniwersytet+%C5%9Al%C4%85ski\/\">https:\/\/bonito.pl<\/a><\/p>\n<p>Booktime.pl: <a href=\"https:\/\/booktime.pl\/wydawnictwo,3367,uniwersytet-slaski.html\">https:\/\/booktime.pl<\/a><\/p>\n<p>Dadada.pl: <a href=\"https:\/\/dadada.pl\/uniwersytet-slaski,f194098\">https:\/\/dadada.pl<\/a><\/p>\n<p>Gandalf.com.pl: <a href=\"https:\/\/www.gandalf.com.pl\/ebooks\/w\/uniwersytet-slaski\/\">https:\/\/www.gandalf.com.pl<\/a><\/p>\n<p>Multiszop.pl: <a href=\"https:\/\/multiszop.pl\/uniwersytet-slaski,f194098\">https:\/\/multiszop.pl<\/a><\/p>\n<p>TaniaKsiazka.pl: <a href=\"https:\/\/www.taniaksiazka.pl\/wydawnictwo\/uniwersytet-slaski\">https:\/\/www.taniaksiazka.pl\/<\/a><\/p>\n<\/div>\r\n                    <\/div>\r\n                <\/div>[\/vc_column][\/vc_row]<\/p>","protected":false},"excerpt":{"rendered":"<p>[vc_row][vc_column][\/vc_column][\/vc_row] [&#8230;]<\/p>\n<p><a class=\"btn btn-secondary understrap-read-more-link\" href=\"https:\/\/us.edu.pl\/wydawnictwo\/dystrybucja\/\">Read More&#8230;<\/a><\/p>\n","protected":false},"author":4999,"featured_media":0,"parent":0,"menu_order":4,"comment_status":"closed","ping_status":"closed","template":"","meta":{"_expiration-date-status":"","_expiration-date":0,"_expiration-date-type":"","_expiration-date-categories":[],"_expiration-date-options":[]},"acf":[],"_links":{"self":[{"href":"https:\/\/us.edu.pl\/wydawnictwo\/wp-json\/wp\/v2\/pages\/432"}],"collection":[{"href":"https:\/\/us.edu.pl\/wydawnictwo\/wp-json\/wp\/v2\/pages"}],"about":[{"href":"https:\/\/us.edu.pl\/wydawnictwo\/wp-json\/wp\/v2\/types\/page"}],"author":[{"embeddable":true,"href":"https:\/\/us.edu.pl\/wydawnictwo\/wp-json\/wp\/v2\/users\/4999"}],"replies":[{"embeddable":true,"href":"https:\/\/us.edu.pl\/wydawnictwo\/wp-json\/wp\/v2\/comments?post=432"}],"version-history":[{"count":9,"href":"https:\/\/us.edu.pl\/wydawnictwo\/wp-json\/wp\/v2\/pages\/432\/revisions"}],"predecessor-version":[{"id":790,"href":"https:\/\/us.edu.pl\/wydawnictwo\/wp-json\/wp\/v2\/pages\/432\/revisions\/790"}],"wp:attachment":[{"href":"https:\/\/us.edu.pl\/wydawnictwo\/wp-json\/wp\/v2\/media?parent=432"}],"curies":[{"name":"wp","href":"https:\/\/api.w.org\/{rel}","templated":true}]}}