{"id":72,"date":"2022-02-03T15:05:34","date_gmt":"2022-02-03T14:05:34","guid":{"rendered":"https:\/\/us.edu.pl\/wydawnictwo\/?page_id=72"},"modified":"2025-03-10T15:06:48","modified_gmt":"2025-03-10T14:06:48","slug":"kontakt","status":"publish","type":"page","link":"https:\/\/us.edu.pl\/wydawnictwo\/kontakt\/","title":{"rendered":"kontakt"},"content":{"rendered":"<p>[vc_row][vc_column width=&#8221;1\/4&#8243;]\r\n                <div class=\"text-modules\">\r\n                    <div class=\"container\">\r\n                        \r\n                        <div class=\"text-modules__content\"><\/p>\n<div>\n<h5>Sekretariat WU\u015a<\/h5>\n<\/div>\n<div>\n<div>ul. Jordana 18<\/div>\n<div>\n<div class=\"sidebar__textarea\">\n<div>40-043 Katowice<\/div>\n<div><\/div>\n<div>budynek Wydzia\u0142u Teologicznego U\u015a<\/div>\n<div>II pi\u0119tro, pok. 203\/1<\/div>\n<div><\/div>\n<div>+48 32 359 21 77<\/div>\n<div><a href=\"mailto:wydawnictwo@us.edu.pl\">wydawnictwo@us.edu.pl<\/a><\/div>\n<\/div>\n<\/div>\n<\/div>\n<p>\n<\/div>\r\n                    <\/div>\r\n                <\/div>[\/vc_column][vc_column width=&#8221;3\/4&#8243;][vc_gmaps link=&#8221;#E-8_JTNDaWZyYW1lJTIwc3JjJTNEJTIyaHR0cHMlM0ElMkYlMkZ3d3cuZ29vZ2xlLmNvbSUyRm1hcHMlMkZlbWJlZCUzRnBiJTNEJTIxMW0xOCUyMTFtMTIlMjExbTMlMjExZDI1NTEuMTY4MjY3OTY5NTM3NyUyMTJkMTkuMDE0NzM2NDc3MTQwMjE4JTIxM2Q1MC4yNTE0NDE1MDE2NzIwNzYlMjEybTMlMjExZjAlMjEyZjAlMjEzZjAlMjEzbTIlMjExaTEwMjQlMjEyaTc2OCUyMTRmMTMuMSUyMTNtMyUyMTFtMiUyMTFzMHg0NzE2Y2ZiMmQ5YTQ4MDgzJTI1M0EweDU3ZTUwYWI2OTQ5MDY4N2YlMjEyc0pvcmRhbmElMjUyMDE4JTI1MkMlMjUyMDQwLTA0MyUyNTIwS2F0b3dpY2UlMjE1ZTAlMjEzbTIlMjExc3BsJTIxMnNwbCUyMTR2MTc0MTYxNDYxNDc2MyUyMTVtMiUyMTFzcGwlMjEyc3BsJTIyJTIwd2lkdGglM0QlMjI2MDAlMjIlMjBoZWlnaHQlM0QlMjI0NTAlMjIlMjBzdHlsZSUzRCUyMmJvcmRlciUzQTAlM0IlMjIlMjBhbGxvd2Z1bGxzY3JlZW4lM0QlMjIlMjIlMjBsb2FkaW5nJTNEJTIybGF6eSUyMiUyMHJlZmVycmVycG9saWN5JTNEJTIybm8tcmVmZXJyZXItd2hlbi1kb3duZ3JhZGUlMjIlM0UlM0MlMkZpZnJhbWUlM0U=&#8221; size=&#8221;large&#8221; css_animation=&#8221;slideInDown&#8221; el_id=&#8221;Wydawnictwo Uniwersytetu \u015al\u0105skiego mapa dojazdu&#8221; title=&#8221;Jak dojecha\u0107&#8221;][\/vc_column][\/vc_row]<\/p>","protected":false},"excerpt":{"rendered":"<p>[vc_row][vc_column width=&#8221;1\/4&#8243;][\/vc_column][vc_column width=&#8221;3\/4&#8243;][vc_gmaps link=&#8221;#E-8_JTNDaWZyYW1lJTIwc3JjJTNEJTIyaHR0cHMlM0ElMkYlMkZ3d3cuZ29vZ2xlLmNvbSUyRm1hcHMlMkZlbWJlZCUzRnBiJTNEJTIxMW0xOCUyMTFtMTIlMjExbTMlMjExZDI1NTEuMTY4MjY3OTY5NTM3NyUyMTJkMTkuMDE0NzM2NDc3MTQwMjE4JTIxM2Q1MC4yNTE0NDE1MDE2NzIwNzYlMjEybTMlMjExZjAlMjEyZjAlMjEzZjAlMjEzbTIlMjExaTEwMjQlMjEyaTc2OCUyMTRmMTMuMSUyMTNtMyUyMTFtMiUyMTFzMHg0NzE2Y2ZiMmQ5YTQ4MDgzJTI1M0EweDU3ZTUwYWI2OTQ5MDY4N2YlMjEyc0pvcmRhbmElMjUyMDE4JTI1MkMlMjUyMDQwLTA0MyUyNTIwS2F0b3dpY2UlMjE1ZTAlMjEzbTIlMjExc3BsJTIxMnNwbCUyMTR2MTc0MTYxNDYxNDc2MyUyMTVtMiUyMTFzcGwlMjEyc3BsJTIyJTIwd2lkdGglM0QlMjI2MDAlMjIlMjBoZWlnaHQlM0QlMjI0NTAlMjIlMjBzdHlsZSUzRCUyMmJvcmRlciUzQTAlM0IlMjIlMjBhbGxvd2Z1bGxzY3JlZW4lM0QlMjIlMjIlMjBsb2FkaW5nJTNEJTIybGF6eSUyMiUyMHJlZmVycmVycG9saWN5JTNEJTIybm8tcmVmZXJyZXItd2hlbi1kb3duZ3JhZGUlMjIlM0UlM0MlMkZpZnJhbWUlM0U=&#8221; size=&#8221;large&#8221; css_animation=&#8221;slideInDown&#8221; el_id=&#8221;Wydawnictwo Uniwersytetu \u015al\u0105skiego mapa dojazdu&#8221; title=&#8221;Jak dojecha\u0107&#8221;][\/vc_column][\/vc_row] [&#8230;]<\/p>\n<p><a class=\"btn btn-secondary understrap-read-more-link\" href=\"https:\/\/us.edu.pl\/wydawnictwo\/kontakt\/\">Read More&#8230;<\/a><\/p>\n","protected":false},"author":25,"featured_media":0,"parent":0,"menu_order":9,"comment_status":"closed","ping_status":"closed","template":"page-templates\/page-with-bookmarks.php","meta":{"_expiration-date-status":"","_expiration-date":0,"_expiration-date-type":"","_expiration-date-categories":[],"_expiration-date-options":[]},"acf":[],"_links":{"self":[{"href":"https:\/\/us.edu.pl\/wydawnictwo\/wp-json\/wp\/v2\/pages\/72"}],"collection":[{"href":"https:\/\/us.edu.pl\/wydawnictwo\/wp-json\/wp\/v2\/pages"}],"about":[{"href":"https:\/\/us.edu.pl\/wydawnictwo\/wp-json\/wp\/v2\/types\/page"}],"author":[{"embeddable":true,"href":"https:\/\/us.edu.pl\/wydawnictwo\/wp-json\/wp\/v2\/users\/25"}],"replies":[{"embeddable":true,"href":"https:\/\/us.edu.pl\/wydawnictwo\/wp-json\/wp\/v2\/comments?post=72"}],"version-history":[{"count":10,"href":"https:\/\/us.edu.pl\/wydawnictwo\/wp-json\/wp\/v2\/pages\/72\/revisions"}],"predecessor-version":[{"id":2390,"href":"https:\/\/us.edu.pl\/wydawnictwo\/wp-json\/wp\/v2\/pages\/72\/revisions\/2390"}],"wp:attachment":[{"href":"https:\/\/us.edu.pl\/wydawnictwo\/wp-json\/wp\/v2\/media?parent=72"}],"curies":[{"name":"wp","href":"https:\/\/api.w.org\/{rel}","templated":true}]}}