{"id":11,"date":"2021-02-18T11:26:04","date_gmt":"2021-02-18T10:26:04","guid":{"rendered":"https:\/\/us.edu.pl\/wydzial\/sf\/?page_id=11"},"modified":"2021-02-18T11:26:04","modified_gmt":"2021-02-18T10:26:04","slug":"mapa-strony","status":"publish","type":"page","link":"https:\/\/us.edu.pl\/wydzial\/sf\/mapa-strony\/","title":{"rendered":"Mapa strony"},"content":{"rendered":"<p>[vc_row][vc_column]\r\n                <div class=\"text-modules\">\r\n                    <div class=\"container\">\r\n                        \r\n                        <div class=\"text-modules__content\"><div class=\"wsp-container\"><h2 class=\"wsp-pages-title\">Pages<\/h2>\n<ul class=\"wsp-pages-list\">\n<li class=\"page_item page-item-156110\"><a href=\"https:\/\/us.edu.pl\/wydzial\/sf\/kierunki\/\">Kierunki<\/a><\/li>\n<li class=\"page_item page-item-156054\"><a href=\"https:\/\/us.edu.pl\/wydzial\/sf\/organizacja-produkcji-filmowej-i-telewizyjnej\/\">Organizacja produkcji filmowej i telewizyjnej<\/a><\/li>\n<li class=\"page_item page-item-156037\"><a href=\"https:\/\/us.edu.pl\/wydzial\/sf\/realizacja-obrazu\/\">Realizacja obrazu filmowego, telewizyjnego i fotografia &#8211; studia stacjonarne, jednolite magisterskie<\/a><\/li>\n<li class=\"page_item page-item-156026\"><a href=\"https:\/\/us.edu.pl\/wydzial\/sf\/rezyseria\/\">Re\u017cyseria<\/a><\/li>\n<li class=\"page_item page-item-156004\"><a href=\"https:\/\/us.edu.pl\/wydzial\/sf\/creative-management\/\">Creative management in new media<\/a><\/li>\n<li class=\"page_item page-item-156003\"><a href=\"https:\/\/us.edu.pl\/wydzial\/sf\/rezyseria-2\/\">Re\u017cyseria<\/a><\/li>\n<li class=\"page_item page-item-256\"><a href=\"https:\/\/us.edu.pl\/wydzial\/sf\/dziekanat\/\">Dziekanat<\/a><\/li>\n<li class=\"page_item page-item-244\"><a href=\"https:\/\/us.edu.pl\/wydzial\/sf\/dzialalnosc-dydaktyczna\/\">Dzia\u0142alno\u015b\u0107 dydaktyczna<\/a><\/li>\n<li class=\"page_item page-item-239\"><a href=\"https:\/\/us.edu.pl\/wydzial\/sf\/activity\/\">Dzia\u0142alno\u015b\u0107<\/a><\/li>\n<li class=\"page_item page-item-197\"><a href=\"https:\/\/us.edu.pl\/wydzial\/sf\/dzialalnosc-naukowa\/\">Dzia\u0142alno\u015b\u0107 naukowa<\/a><\/li>\n<li class=\"page_item page-item-189\"><a href=\"https:\/\/us.edu.pl\/wydzial\/sf\/dzialalnosc-artystyczna\/\">Dzia\u0142alno\u015b\u0107 artystyczna<\/a><\/li>\n<li class=\"page_item page-item-141\"><a href=\"https:\/\/us.edu.pl\/wydzial\/sf\/o-szkole\/\">O Szkole<\/a><\/li>\n<li class=\"page_item page-item-15\"><a href=\"https:\/\/us.edu.pl\/wydzial\/sf\/kontakt\/\">Kontakt<\/a><\/li>\n<li class=\"page_item page-item-11\"><a href=\"https:\/\/us.edu.pl\/wydzial\/sf\/mapa-strony\/\">Mapa strony<\/a><\/li>\n<li class=\"page_item page-item-7\"><a href=\"https:\/\/us.edu.pl\/wydzial\/sf\/\">Strona g\u0142\u00f3wna<\/a><\/li>\n<\/ul>\n<\/div>\n<\/div>\r\n                    <\/div>\r\n                <\/div>[\/vc_column][\/vc_row]<\/p>","protected":false},"excerpt":{"rendered":"<p>[vc_row][vc_column][\/vc_column][\/vc_row] [&#8230;]<\/p>\n<p><a class=\"btn btn-secondary understrap-read-more-link\" href=\"https:\/\/us.edu.pl\/wydzial\/sf\/mapa-strony\/\">Read More&#8230;<\/a><\/p>\n","protected":false},"author":29,"featured_media":0,"parent":0,"menu_order":14,"comment_status":"closed","ping_status":"closed","template":"","meta":{"_expiration-date-status":"saved","_expiration-date":0,"_expiration-date-type":"","_expiration-date-categories":[],"_expiration-date-options":[]},"acf":[],"_links":{"self":[{"href":"https:\/\/us.edu.pl\/wydzial\/sf\/wp-json\/wp\/v2\/pages\/11"}],"collection":[{"href":"https:\/\/us.edu.pl\/wydzial\/sf\/wp-json\/wp\/v2\/pages"}],"about":[{"href":"https:\/\/us.edu.pl\/wydzial\/sf\/wp-json\/wp\/v2\/types\/page"}],"author":[{"embeddable":true,"href":"https:\/\/us.edu.pl\/wydzial\/sf\/wp-json\/wp\/v2\/users\/29"}],"replies":[{"embeddable":true,"href":"https:\/\/us.edu.pl\/wydzial\/sf\/wp-json\/wp\/v2\/comments?post=11"}],"version-history":[{"count":1,"href":"https:\/\/us.edu.pl\/wydzial\/sf\/wp-json\/wp\/v2\/pages\/11\/revisions"}],"predecessor-version":[{"id":12,"href":"https:\/\/us.edu.pl\/wydzial\/sf\/wp-json\/wp\/v2\/pages\/11\/revisions\/12"}],"wp:attachment":[{"href":"https:\/\/us.edu.pl\/wydzial\/sf\/wp-json\/wp\/v2\/media?parent=11"}],"curies":[{"name":"wp","href":"https:\/\/api.w.org\/{rel}","templated":true}]}}