{"id":141,"date":"2021-04-21T13:49:42","date_gmt":"2021-04-21T11:49:42","guid":{"rendered":"https:\/\/us.edu.pl\/wydzial\/sf\/?page_id=141"},"modified":"2023-07-13T09:05:42","modified_gmt":"2023-07-13T07:05:42","slug":"o-szkole","status":"publish","type":"page","link":"https:\/\/us.edu.pl\/wydzial\/sf\/o-szkole\/","title":{"rendered":"O Szkole"},"content":{"rendered":"<p><\/p>\n<p>[vc_row el_class=&#8221;container&#8221;][vc_column]\r\n                <div class=\"text-modules\">\r\n                    <div class=\"container\">\r\n                        \r\n                        <div class=\"text-modules__content\"><\/p>\n<p>Szko\u0142a jest jednostk\u0105 organizacyjn\u0105 Uniwersytetu \u015al\u0105skiego prowadz\u0105c\u0105 kszta\u0142cenie w szczeg\u00f3lno\u015bci w zakresie sztuki i dyscyplin artystycznych.<\/p>\n<p><strong>Szko\u0142a Filmowa im. Krzysztofa Kie\u015blowskiego<\/strong>\u00a0zatrudnia kadr\u0119 o najwy\u017cszym dorobku artystycznym i naukowym.<\/p>\n<p>W Szkole prowadzona jest dzia\u0142alno\u015b\u0107 dydaktyczna zwi\u0105zana z prowadzonymi kierunkami oraz dzia\u0142alno\u015b\u0107 artystyczna i naukowa.<\/p>\n<p>Kierunki studi\u00f3w to:<\/p>\n<ul>\n<li style=\"text-align: left;\"><a href=\"http:\/\/www.writv.us.edu.pl\/pl\/kandydat\/rezyseria\" target=\"_blank\" rel=\"noopener noreferrer\">Re\u017cyseria<\/a><\/li>\n<li style=\"text-align: left;\"><a href=\"http:\/\/www.writv.us.edu.pl\/pl\/kandydat\/realizacja-obrazu-filmowego-telewizyjnego-i-fotografia\" target=\"_blank\" rel=\"noopener noreferrer\">Realizacja obrazu filmowego, telewizyjnej i fotografia<\/a><\/li>\n<li style=\"text-align: left;\"><a href=\"http:\/\/www.writv.us.edu.pl\/pl\/kandydat\/organizacja-produkcji-filmowej-i-telewizyjnej\" target=\"_blank\" rel=\"noopener noreferrer\">Organizacja produkcji filmowej i telewizyjnej<\/a><\/li>\n<li class=\"active\"><a href=\"http:\/\/www.writv.us.edu.pl\/pl\/kandydat\/creative-management-in-new-media\" target=\"_blank\" rel=\"noopener noreferrer\">Creative management in new media<\/a><\/li>\n<\/ul>\n<p>W Szkole znajduj\u0105 si\u0119: atelier, specjalistyczne pracownie: fotografii wielkoformatowej, monta\u017cu, technik multimedialnych, fotografii, komputerowa oraz biblioteka, archiwum.<\/p>\n<p>Ponadto, w Szkole funkcjonuje <strong><a href=\"http:\/\/www.writv.us.edu.pl\/pl\/instytut\" target=\"_blank\" rel=\"noopener noreferrer\">Instytut Sztuk Filmowych i Teatralnych<\/a><\/strong>, w kt\u00f3rym prowadzona jest aktywna dzia\u0142alno\u015b\u0107 tw\u00f3rcza w zakresie sztuk filmowych, fotografii oraz sztuk teatralnych.<\/p>\n<\/div>\r\n                    <\/div>\r\n                <\/div>[\/vc_column][\/vc_row][vc_row][vc_column][vc_single_image image=&#8221;276&#8243; img_size=&#8221;full&#8221;][\/vc_column][\/vc_row][vc_row][vc_column]\r\n                <div class='sidebar_moduls sidebar_one_header' style='color:#002E5A;background-color: #FFFFFF'>\r\n                    <a href='http:\/\/www.writv.us.edu.pl\/pl\/' class='link'>Oficjalna strona Szko\u0142y Filmowej im. K. Kie\u015blowskiego<\/a>\r\n                <\/div>[\/vc_column][\/vc_row]<\/p>\n<p><\/p>","protected":false},"excerpt":{"rendered":"<p>[vc_row el_class=&#8221;container&#8221;][vc_column][\/vc_column][\/vc_row][vc_row][vc_column][vc_single_image image=&#8221;276&#8243; img_size=&#8221;full&#8221;][\/vc_column][\/vc_row][vc_row][vc_column][\/vc_column][\/vc_row] [&#8230;]<\/p>\n<p><a class=\"btn btn-secondary understrap-read-more-link\" href=\"https:\/\/us.edu.pl\/wydzial\/sf\/o-szkole\/\">Read More&#8230;<\/a><\/p>\n","protected":false},"author":2787,"featured_media":0,"parent":0,"menu_order":12,"comment_status":"closed","ping_status":"closed","template":"","meta":{"_expiration-date-status":"","_expiration-date":0,"_expiration-date-type":"","_expiration-date-categories":[],"_expiration-date-options":[]},"acf":[],"_links":{"self":[{"href":"https:\/\/us.edu.pl\/wydzial\/sf\/wp-json\/wp\/v2\/pages\/141"}],"collection":[{"href":"https:\/\/us.edu.pl\/wydzial\/sf\/wp-json\/wp\/v2\/pages"}],"about":[{"href":"https:\/\/us.edu.pl\/wydzial\/sf\/wp-json\/wp\/v2\/types\/page"}],"author":[{"embeddable":true,"href":"https:\/\/us.edu.pl\/wydzial\/sf\/wp-json\/wp\/v2\/users\/2787"}],"replies":[{"embeddable":true,"href":"https:\/\/us.edu.pl\/wydzial\/sf\/wp-json\/wp\/v2\/comments?post=141"}],"version-history":[{"count":10,"href":"https:\/\/us.edu.pl\/wydzial\/sf\/wp-json\/wp\/v2\/pages\/141\/revisions"}],"predecessor-version":[{"id":157096,"href":"https:\/\/us.edu.pl\/wydzial\/sf\/wp-json\/wp\/v2\/pages\/141\/revisions\/157096"}],"wp:attachment":[{"href":"https:\/\/us.edu.pl\/wydzial\/sf\/wp-json\/wp\/v2\/media?parent=141"}],"curies":[{"name":"wp","href":"https:\/\/api.w.org\/{rel}","templated":true}]}}