{"id":15,"date":"2021-02-18T11:28:59","date_gmt":"2021-02-18T10:28:59","guid":{"rendered":"https:\/\/us.edu.pl\/wydzial\/sf\/?page_id=15"},"modified":"2026-03-12T12:31:41","modified_gmt":"2026-03-12T11:31:41","slug":"kontakt","status":"publish","type":"page","link":"https:\/\/us.edu.pl\/wydzial\/sf\/kontakt\/","title":{"rendered":"Kontakt"},"content":{"rendered":"<p>[vc_row][vc_column]\r\n                <div class=\"text-modules\">\r\n                    <div class=\"container\">\r\n                        \r\n                        <div class=\"text-modules__content\"><\/p>\n<h4><strong>Szko\u0142a Filmowa im. Krzysztofa Kie\u015blowskiego Uniwersytetu \u015al\u0105skiego<\/strong><\/h4>\n<p>ul. \u015bw. Paw\u0142a 3, 40-008 Katowice, Polska<br \/>\ntel. +48 32 359 24 01<\/p>\n<p><span id=\"cloak0286011f425355bc98e6de705ce5001b\">e-mail: sf@us.edu.pl<\/span><\/p>\n<\/div>\r\n                    <\/div>\r\n                <\/div>[\/vc_column][\/vc_row][vc_row][vc_column]\r\n\t\t\t\t\t<div class='container'>\r\n\t\t\t\t\t\t<div class='sidebar_moduls sidebar_dropdown zakladki' style='background-color: #FFFFFF'>\r\n\t\t\t\t\t\t\t<h3 class='page-title'><\/h3>\r\n\t\t\t\t\t\t\t<p class='zakladki__desc'><\/p>\r\n\r\n\t\t\t\t\t\t\t<div class='bookmarks'>\r\n\t\t\t\t\t<div class=\"bookmark\">\r\n\t\t\t\t\t\t<div class=\"bookmark__title\">\r\n                            <h4>\r\n                                <span class=\"short\">Dziekanat<\/span>\r\n                                <span class=\"long\">Dziekanat<\/span>\r\n                            <\/h4>\r\n\t\t\t\t\t\t<\/div>\r\n\t\t\t\t\t\t\r\n\t\t\t\t\t\t<div class=\"bookmark__content-wrap\">\r\n\t\t\t\t\t\t\t<div class=\"bookmark__content\">\r\n\r\n\t\t\t\t\t\t\t\t\r\n\r\n\t\t\t\t\t\t\t\t<div class=\"bookmark_text\" style=\"font-size:15px;\">\r\n\t\t\t\t\t\t\t\ttel. +48 32 359 24 08 | +48 32 359 24 09 | +48 32 359 24 27 | e-mail: dziekanat.sf@us.edu.pl\r\n\t\t\t\t\t\t\t\t<br>\r\n\t\t\t\t\t\t\t\t\r\n\t\t\t\t\t\t\t\t<\/div>\r\n\t\t\t\t\t\t\t<\/div>\r\n\t\t\t\t\t\t<\/div>\r\n\t\t\t\t\t<\/div>\r\n\t\t\t\t\t<div class=\"bookmark\">\r\n\t\t\t\t\t\t<div class=\"bookmark__title\">\r\n                            <h4>\r\n                                <span class=\"short\">Kierownik organizacyjny<\/span>\r\n                                <span class=\"long\">Kierownik organizacyjny<\/span>\r\n                            <\/h4>\r\n\t\t\t\t\t\t<\/div>\r\n\t\t\t\t\t\t\r\n\t\t\t\t\t\t<div class=\"bookmark__content-wrap\">\r\n\t\t\t\t\t\t\t<div class=\"bookmark__content\">\r\n\r\n\t\t\t\t\t\t\t\t\r\n\r\n\t\t\t\t\t\t\t\t<div class=\"bookmark_text\" style=\"font-size:15px;\">\r\n\t\t\t\t\t\t\t\tAGNIESZKA KLI\u015a   |  e-mail: agnieszka.w.klis@us.edu.pl  | tel. +48 32 359 24 11\n\r\n\t\t\t\t\t\t\t\t<br>\r\n\t\t\t\t\t\t\t\t\r\n\t\t\t\t\t\t\t\t<\/div>\r\n\t\t\t\t\t\t\t<\/div>\r\n\t\t\t\t\t\t<\/div>\r\n\t\t\t\t\t<\/div>\r\n\t\t\t\t\t<div class=\"bookmark\">\r\n\t\t\t\t\t\t<div class=\"bookmark__title\">\r\n                            <h4>\r\n                                <span class=\"short\">Biuro Organizacyjne - Sekretariat Dziekana i Prodziekan\u00f3w<\/span>\r\n                                <span class=\"long\">Biuro Organizacyjne - Sekretariat Dziekana i Prodziekan\u00f3w<\/span>\r\n                            <\/h4>\r\n\t\t\t\t\t\t<\/div>\r\n\t\t\t\t\t\t\r\n\t\t\t\t\t\t<div class=\"bookmark__content-wrap\">\r\n\t\t\t\t\t\t\t<div class=\"bookmark__content\">\r\n\r\n\t\t\t\t\t\t\t\t\r\n\r\n\t\t\t\t\t\t\t\t<div class=\"bookmark_text\" style=\"font-size:15px;\">\r\n\t\t\t\t\t\t\t\te-mail: sf@us.edu.pl  |  tel. +48 32 359 24 11  |  +48 32 359 24 07\n\r\n\t\t\t\t\t\t\t\t<br>\r\n\t\t\t\t\t\t\t\t\r\n\t\t\t\t\t\t\t\t<\/div>\r\n\t\t\t\t\t\t\t<\/div>\r\n\t\t\t\t\t\t<\/div>\r\n\t\t\t\t\t<\/div>\r\n\t\t\t\t\t<div class=\"bookmark\">\r\n\t\t\t\t\t\t<div class=\"bookmark__title\">\r\n                            <h4>\r\n                                <span class=\"short\">Biuro Organizacyjne - Obs\u0142uga Dydaktyczna<\/span>\r\n                                <span class=\"long\">Biuro Organizacyjne - Obs\u0142uga Dydaktyczna<\/span>\r\n                            <\/h4>\r\n\t\t\t\t\t\t<\/div>\r\n\t\t\t\t\t\t\r\n\t\t\t\t\t\t<div class=\"bookmark__content-wrap\">\r\n\t\t\t\t\t\t\t<div class=\"bookmark__content\">\r\n\r\n\t\t\t\t\t\t\t\t\r\n\r\n\t\t\t\t\t\t\t\t<div class=\"bookmark_text\" style=\"font-size:15px;\">\r\n\t\t\t\t\t\t\t\tIZABELA RUDZIK  | e-mail: izabela.rudzik@us.edu.pl  |  JOANNA PA\u0141KA  | e-mail: joanna.palka@us.edu.pl | tel. +48 32 359 24 04\n\r\n\t\t\t\t\t\t\t\t<br>\r\n\t\t\t\t\t\t\t\t\r\n\t\t\t\t\t\t\t\t<\/div>\r\n\t\t\t\t\t\t\t<\/div>\r\n\t\t\t\t\t\t<\/div>\r\n\t\t\t\t\t<\/div>\r\n\t\t\t\t\t<div class=\"bookmark\">\r\n\t\t\t\t\t\t<div class=\"bookmark__title\">\r\n                            <h4>\r\n                                <span class=\"short\">Biuro Organizacyjne - Finanse<\/span>\r\n                                <span class=\"long\">Biuro Organizacyjne - Finanse<\/span>\r\n                            <\/h4>\r\n\t\t\t\t\t\t<\/div>\r\n\t\t\t\t\t\t\r\n\t\t\t\t\t\t<div class=\"bookmark__content-wrap\">\r\n\t\t\t\t\t\t\t<div class=\"bookmark__content\">\r\n\r\n\t\t\t\t\t\t\t\t\r\n\r\n\t\t\t\t\t\t\t\t<div class=\"bookmark_text\" style=\"font-size:15px;\">\r\n\t\t\t\t\t\t\t\tHANNA BOBER  |  e-mail: \nhanna.bober@us.edu.pl  | tel. +48 32 359 24 05\n\r\n\t\t\t\t\t\t\t\t<br>\r\n\t\t\t\t\t\t\t\t\r\n\t\t\t\t\t\t\t\t<\/div>\r\n\t\t\t\t\t\t\t<\/div>\r\n\t\t\t\t\t\t<\/div>\r\n\t\t\t\t\t<\/div>\r\n\t\t\t\t\t<div class=\"bookmark\">\r\n\t\t\t\t\t\t<div class=\"bookmark__title\">\r\n                            <h4>\r\n                                <span class=\"short\">Biuro Organizacyjne - Promocja i Projekty<\/span>\r\n                                <span class=\"long\">Biuro Organizacyjne - Promocja i Projekty<\/span>\r\n                            <\/h4>\r\n\t\t\t\t\t\t<\/div>\r\n\t\t\t\t\t\t\r\n\t\t\t\t\t\t<div class=\"bookmark__content-wrap\">\r\n\t\t\t\t\t\t\t<div class=\"bookmark__content\">\r\n\r\n\t\t\t\t\t\t\t\t\r\n\r\n\t\t\t\t\t\t\t\t<div class=\"bookmark_text\" style=\"font-size:15px;\">\r\n\t\t\t\t\t\t\t\tFILIP JELENIEWICZ  |  e-mail: filip.jeleniewicz@us.edu.pl  | WERONIKA DACHWITZ | e-mail: weronika.dachwitz@us.edu.pl | e-mail: promotion.sf@us.edu.pl | tel. +48 32 359 24 26\n\n\r\n\t\t\t\t\t\t\t\t<br>\r\n\t\t\t\t\t\t\t\t\r\n\t\t\t\t\t\t\t\t<\/div>\r\n\t\t\t\t\t\t\t<\/div>\r\n\t\t\t\t\t\t<\/div>\r\n\t\t\t\t\t<\/div>\r\n\t\t\t\t\t<div class=\"bookmark\">\r\n\t\t\t\t\t\t<div class=\"bookmark__title\">\r\n                            <h4>\r\n                                <span class=\"short\">Biuro Produkcji Etiud Filmowych i Techniki<\/span>\r\n                                <span class=\"long\">Biuro Produkcji Etiud Filmowych i Techniki<\/span>\r\n                            <\/h4>\r\n\t\t\t\t\t\t<\/div>\r\n\t\t\t\t\t\t\r\n\t\t\t\t\t\t<div class=\"bookmark__content-wrap\">\r\n\t\t\t\t\t\t\t<div class=\"bookmark__content\">\r\n\r\n\t\t\t\t\t\t\t\t\r\n\r\n\t\t\t\t\t\t\t\t<div class=\"bookmark_text\" style=\"font-size:15px;\">\r\n\t\t\t\t\t\t\t\tEWA KRZEMI\u0143SKA  |  e-mail: ewa.krzeminska@us.edu.pl  |  SAMANTA STOCHLA  |  e-mail: samanta.stochla@us.edu.pl  | NORBERT RUDZIK  | e- mail: norbert.rudzik@us.edu.pl  |  TOMASZ MARCZEWSKI  |  e-mail: tomasz.marczewski@us.edu.pl  | KRZYSZTOF SZLAPA  |  e-mail: krzysztof.szlapa@us.edu.pl  | WOJCIECH SANKIEWICZ  | e-mail: wojciech.sankiewicz@us.edu.pl | tel. +48 32 359 24 03  | +48 32 359 24 13 | +48 32 359 24 17\n\r\n\t\t\t\t\t\t\t\t<br>\r\n\t\t\t\t\t\t\t\t\r\n\t\t\t\t\t\t\t\t<\/div>\r\n\t\t\t\t\t\t\t<\/div>\r\n\t\t\t\t\t\t<\/div>\r\n\t\t\t\t\t<\/div>\r\n\t\t\t\t\t<div class=\"bookmark\">\r\n\t\t\t\t\t\t<div class=\"bookmark__title\">\r\n                            <h4>\r\n                                <span class=\"short\">Instytut Sztuk Filmowych i Teatralnych<\/span>\r\n                                <span class=\"long\">Instytut Sztuk Filmowych i Teatralnych<\/span>\r\n                            <\/h4>\r\n\t\t\t\t\t\t<\/div>\r\n\t\t\t\t\t\t\r\n\t\t\t\t\t\t<div class=\"bookmark__content-wrap\">\r\n\t\t\t\t\t\t\t<div class=\"bookmark__content\">\r\n\r\n\t\t\t\t\t\t\t\t\r\n\r\n\t\t\t\t\t\t\t\t<div class=\"bookmark_text\" style=\"font-size:15px;\">\r\n\t\t\t\t\t\t\t\tDyrektor Instytutu Sztuk Filmowych i Teatralnych PROF. DR HAB. JANUSZ MUSIA\u0141  | e-mail: janusz.musial@us.edu.pl  | tel. 32 359 24 24\r\n\t\t\t\t\t\t\t\t<br>\r\n\t\t\t\t\t\t\t\t\r\n\t\t\t\t\t\t\t\t<\/div>\r\n\t\t\t\t\t\t\t<\/div>\r\n\t\t\t\t\t\t<\/div>\r\n\t\t\t\t\t<\/div>\r\n\t\t\t\t\t<div class=\"bookmark\">\r\n\t\t\t\t\t\t<div class=\"bookmark__title\">\r\n                            <h4>\r\n                                <span class=\"short\">Biuro Ewaluacji i Obs\u0142ugi Instytutu<\/span>\r\n                                <span class=\"long\">Biuro Ewaluacji i Obs\u0142ugi Instytutu<\/span>\r\n                            <\/h4>\r\n\t\t\t\t\t\t<\/div>\r\n\t\t\t\t\t\t\r\n\t\t\t\t\t\t<div class=\"bookmark__content-wrap\">\r\n\t\t\t\t\t\t\t<div class=\"bookmark__content\">\r\n\r\n\t\t\t\t\t\t\t\t\r\n\r\n\t\t\t\t\t\t\t\t<div class=\"bookmark_text\" style=\"font-size:15px;\">\r\n\t\t\t\t\t\t\t\tMARIUSZ KOWOLL  |  e-mail: isft.sf@us.edu.pl  |  \nmariusz.kowoll@us.edu.pl  |  tel.  +48 32 359 24 20\r\n\t\t\t\t\t\t\t\t<br>\r\n\t\t\t\t\t\t\t\t\r\n\t\t\t\t\t\t\t\t<\/div>\r\n\t\t\t\t\t\t\t<\/div>\r\n\t\t\t\t\t\t<\/div>\r\n\t\t\t\t\t<\/div>\r\n\t\t\t\t\t<div class=\"bookmark\">\r\n\t\t\t\t\t\t<div class=\"bookmark__title\">\r\n                            <h4>\r\n                                <span class=\"short\">Administrator obiektu<\/span>\r\n                                <span class=\"long\">Administrator obiektu<\/span>\r\n                            <\/h4>\r\n\t\t\t\t\t\t<\/div>\r\n\t\t\t\t\t\t\r\n\t\t\t\t\t\t<div class=\"bookmark__content-wrap\">\r\n\t\t\t\t\t\t\t<div class=\"bookmark__content\">\r\n\r\n\t\t\t\t\t\t\t\t\r\n\r\n\t\t\t\t\t\t\t\t<div class=\"bookmark_text\" style=\"font-size:15px;\">\r\n\t\t\t\t\t\t\t\tJACEK JANECZEK  |  e-mail:  jacek.janeczek@us.edu.pl  |  tel. +48 32 359 24 25\n\n\r\n\t\t\t\t\t\t\t\t<br>\r\n\t\t\t\t\t\t\t\t\r\n\t\t\t\t\t\t\t\t<\/div>\r\n\t\t\t\t\t\t\t<\/div>\r\n\t\t\t\t\t\t<\/div>\r\n\t\t\t\t\t<\/div><\/div>\r\n\t\t\t\t\t\t<\/div>\r\n\t\t\t\t\t <\/div>[\/vc_column][\/vc_row][vc_row][vc_column][vc_single_image image=&#8221;275&#8243; img_size=&#8221;full&#8221;][\/vc_column][\/vc_row]<\/p>","protected":false},"excerpt":{"rendered":"<p>[vc_row][vc_column][\/vc_column][\/vc_row][vc_row][vc_column][\/vc_column][\/vc_row][vc_row][vc_column][vc_single_image image=&#8221;275&#8243; img_size=&#8221;full&#8221;][\/vc_column][\/vc_row] [&#8230;]<\/p>\n<p><a class=\"btn btn-secondary understrap-read-more-link\" href=\"https:\/\/us.edu.pl\/wydzial\/sf\/kontakt\/\">Read More&#8230;<\/a><\/p>\n","protected":false},"author":29,"featured_media":0,"parent":0,"menu_order":13,"comment_status":"closed","ping_status":"closed","template":"","meta":{"_expiration-date-status":"","_expiration-date":0,"_expiration-date-type":"","_expiration-date-categories":[],"_expiration-date-options":[]},"acf":[],"_links":{"self":[{"href":"https:\/\/us.edu.pl\/wydzial\/sf\/wp-json\/wp\/v2\/pages\/15"}],"collection":[{"href":"https:\/\/us.edu.pl\/wydzial\/sf\/wp-json\/wp\/v2\/pages"}],"about":[{"href":"https:\/\/us.edu.pl\/wydzial\/sf\/wp-json\/wp\/v2\/types\/page"}],"author":[{"embeddable":true,"href":"https:\/\/us.edu.pl\/wydzial\/sf\/wp-json\/wp\/v2\/users\/29"}],"replies":[{"embeddable":true,"href":"https:\/\/us.edu.pl\/wydzial\/sf\/wp-json\/wp\/v2\/comments?post=15"}],"version-history":[{"count":11,"href":"https:\/\/us.edu.pl\/wydzial\/sf\/wp-json\/wp\/v2\/pages\/15\/revisions"}],"predecessor-version":[{"id":158041,"href":"https:\/\/us.edu.pl\/wydzial\/sf\/wp-json\/wp\/v2\/pages\/15\/revisions\/158041"}],"wp:attachment":[{"href":"https:\/\/us.edu.pl\/wydzial\/sf\/wp-json\/wp\/v2\/media?parent=15"}],"curies":[{"name":"wp","href":"https:\/\/api.w.org\/{rel}","templated":true}]}}