{"id":156026,"date":"2022-06-03T11:15:19","date_gmt":"2022-06-03T09:15:19","guid":{"rendered":"https:\/\/us.edu.pl\/wydzial\/sf\/?page_id=156026"},"modified":"2025-06-17T14:25:14","modified_gmt":"2025-06-17T12:25:14","slug":"rezyseria","status":"publish","type":"page","link":"https:\/\/us.edu.pl\/wydzial\/sf\/rezyseria\/","title":{"rendered":"Re\u017cyseria"},"content":{"rendered":"<p>[vc_row][vc_column][vc_empty_space]\r\n                <div class=\"text-modules\">\r\n                    <div class=\"container\">\r\n                        \r\n                        <div class=\"text-modules__content\"><p><span style=\"font-size: 36pt; color: #003366;\"><strong>Re\u017cyseria &#8211; stacjonarne I i II stopnia<\/strong><\/span><\/p>\n<p><span style=\"color: #003366; font-size: 14pt;\">J\u0119zyk wyk\u0142adowy: polski<\/span><\/p>\n<\/div>\r\n                    <\/div>\r\n                <\/div>\r\n                <div class=\"text-modules\">\r\n                    <div class=\"container\">\r\n                        \r\n                        <div class=\"text-modules__content\"><p><span style=\"font-size: 12pt;\">Studia na kierunku re\u017cyseria maj\u0105 na celu przygotowanie absolwent\u00f3w do wykonywania zawodu re\u017cysera film\u00f3w fabularnych i dokumentalnych, widowisk i spektakli telewizyjnych, a tak\u017ce kr\u00f3tkich form telewizyjno-filmowych, w tym film\u00f3w reklamowych.<\/span><\/p>\n<p><span style=\"font-size: 12pt;\">Program trzyletnich studi\u00f3w obejmuje przedmioty podstawowe z zakresu wiedzy o kulturze, filozofii, socjologii oraz historii i teorii r\u00f3\u017cnych dziedzin tw\u00f3rczo\u015bci artystycznej (film, teatr, muzyka, literatura, sztuki plastyczne) a tak\u017ce przedmioty kierunkowe maj\u0105ce na celu wyposa\u017cenie student\u00f3w w umiej\u0119tno\u015bci zawodowe (w tym dotycz\u0105ce re\u017cyserii fabularnej, dokumentalnej, form telewizyjnych, monta\u017cu, pracy z aktorem, techniki filmowo-telewizyjnej, reklamy, realizacji d\u017awi\u0119ku, ekonomiki produkcji filmowej i telewizyjnej). W trakcie studi\u00f3w studenci uczestnicz\u0105 w praktycznych \u0107wiczeniach warsztatowych prowadz\u0105cych ostatecznie do wykonywania samodzielnych etiud telewizyjnych i filmowych. Studia ko\u0144cz\u0105 si\u0119 przygotowaniem i obron\u0105 pracy licencjackiej, na kt\u00f3r\u0105 sk\u0142adaj\u0105 si\u0119 praca teoretyczna (pisemna) i praca praktyczna (re\u017cyserska).<\/span><\/p>\n<p><span style=\"font-size: 12pt;\">Na program studi\u00f3w stacjonarnych drugiego stopnia sk\u0142adaj\u0105 si\u0119 zaj\u0119cia teoretyczne i warsztatowe pog\u0142\u0119biaj\u0105ce oraz doskonal\u0105ce zdobyte wcze\u015bniej umiej\u0119tno\u015bci w zakresie re\u017cyserii filmowej, dramaturgii, scenografii, scenariopisarstwa, pracy z aktorem, monta\u017cu w filmie i telewizji, realizacji d\u017awi\u0119ku, animacji komputerowej, a tak\u017ce przedmioty humanistyczne obejmuj\u0105ce m. innymi: zagadnienia historii literatury, dramatu i teatru. Zasadniczym celem studi\u00f3w drugiego stopnia jest przygotowanie do realizacji filmu dyplomowego oraz napisania teoretycznej pracy magisterskiej. W ramach przygotowania absolwent\u00f3w studi\u00f3w drugiego stopnia Szko\u0142a Filmowa im. K. Kie\u015blowskiego zapewnia kontakt merytoryczny i programowy z instytucjami i organizacjami realizuj\u0105cymi profesjonalne debiuty filmowe kr\u00f3tko, \u015brednio i pe\u0142nometra\u017cowe. Absolwent studi\u00f3w stacjonarnych drugiego stopnia otrzymuje pog\u0142\u0119bion\u0105 wiedz\u0119 humanistyczn\u0105 oraz umiej\u0119tno\u015bci zawodowe w dziedzinie re\u017cyserii i scenariopisarstwa. Posiada do\u015bwiadczenie niezb\u0119dne do pracy z aktorem i statystami. Dysponuje znajomo\u015bci\u0105 technicznych i technologicznych aspekt\u00f3w tw\u00f3rczo\u015bci filmowej i tv ze szczeg\u00f3lnym uwzgl\u0119dnieniem wiedzy o sztuce operatorskiej, monta\u017cu, muzyce filmowej, d\u017awi\u0119ku i scenografii filmowej. Zdobyta na studiach wiedza, umiej\u0119tno\u015bci i kompetencje spo\u0142eczne sprawiaj\u0105, \u017ce mo\u017ce po uko\u0144czeniu studi\u00f3w podj\u0105\u0107 samodzieln\u0105 prac\u0119 re\u017cysera w teatrze, filmie, telewizji, przemy\u015ble rozrywkowym oraz jako adaptator i scenarzysta. Mo\u017ce tak\u017ce pe\u0142ni\u0107 obowi\u0105zki producenta film\u00f3w i widowisk artystycznych oraz funkcje kierownicze w jednostkach kinematografii i telewizji.<\/span><\/p>\n<\/div>\r\n                    <\/div>\r\n                <\/div>[\/vc_column][\/vc_row][vc_row css=&#8221;.vc_custom_1652684520526{padding-right: 20px !important;padding-left: 20px !important;background-color: #f2f2f2 !important;}&#8221;][vc_column css=&#8221;.vc_custom_1652684540318{padding-right: 0px !important;padding-left: 0px !important;}&#8221;]\r\n                <div class=\"text-modules\">\r\n                    <div class=\"container\">\r\n                        \r\n                        <div class=\"text-modules__content\"><\/p>\n<h3><span style=\"color: #003366; font-size: 24pt;\"><strong>Sign up for studies<\/strong><\/span><\/h3>\n<p><span style=\"color: #99cc00; font-size: 18pt;\"><em><strong>(recruitment starts on June 2)<\/strong><\/em><\/span><\/p>\n<\/div>\r\n                    <\/div>\r\n                <\/div>[vc_btn title=&#8221;full-time, 1st cycle studies&#8221; style=&#8221;outline-custom&#8221; outline_custom_color=&#8221;#00036d&#8221; outline_custom_hover_background=&#8221;#00036d&#8221; outline_custom_hover_text=&#8221;#ffffff&#8221; shape=&#8221;square&#8221; size=&#8221;lg&#8221; el_class=&#8221;link&#8221; link=&#8221;url:https%3A%2F%2Firk.us.edu.pl%2Fen-gb%2Foffer%2FSW-2025-Z%2Fprogramme%2FW8-S1RE19%2F%3Ffrom%3Dfield%3ARE&#8221;][vc_btn title=&#8221;full time, 2nd cycle studies&#8221; style=&#8221;outline-custom&#8221; outline_custom_color=&#8221;#002e5a&#8221; outline_custom_hover_background=&#8221;#002e5a&#8221; outline_custom_hover_text=&#8221;#ffffff&#8221; shape=&#8221;square&#8221; size=&#8221;lg&#8221; el_class=&#8221;link&#8221; link=&#8221;url:https%3A%2F%2Firk.us.edu.pl%2Fen-gb%2Foffer%2FSW-2025-Z%2Fprogramme%2FW8-S2RE19%2F%3Ffrom%3Dfield%3ARE&#8221;][\/vc_column][\/vc_row][vc_row disable_element=&#8221;yes&#8221; css=&#8221;.vc_custom_1652684454894{background-color: #f2f2f2 !important;}&#8221;][vc_column]\r\n                <div class='sidebar_moduls sidebar_one_header' style='color:#002E5A;background-color: #EBEBEB'>\r\n                    <a href='https:\/\/us.edu.pl' class='link'>przejdE: do internetowej rejestracji dla kandydatC3w<\/a>\r\n                <\/div>\r\n                <div class='sidebar_moduls sidebar_button' style=\"background-color: #EBEBEB; color: #002E5A\">\r\n                    <h3>Zapisz siD na studia<\/h3>\r\n                    <div class='link-button-wrap'><a style=\"background-color: #002E5A!important; color: #FFFFFF!important\" href='https:\/\/irk.us.edu.pl' class='link-button'>przejdE: do internetowej rejestracji dla kandydatC3w<\/a><\/div>\r\n                <\/div>[\/vc_column][\/vc_row][vc_row][vc_column][\/vc_column][\/vc_row]<\/p>\n","protected":false},"excerpt":{"rendered":"<p>[vc_row][vc_column][vc_empty_space][\/vc_column][\/vc_row][vc_row css=&#8221;.vc_custom_1652684520526{padding-right: 20px !important;padding-left: 20px !important;background-color: #f2f2f2 !important;}&#8221;][vc_column css=&#8221;.vc_custom_1652684540318{padding-right: 0px !important;padding-left: 0px !important;}&#8221;][vc_btn title=&#8221;full-time, 1st cycle studies&#8221; style=&#8221;outline-custom&#8221; outline_custom_color=&#8221;#00036d&#8221; outline_custom_hover_background=&#8221;#00036d&#8221; outline_custom_hover_text=&#8221;#ffffff&#8221; shape=&#8221;square&#8221; size=&#8221;lg&#8221; el_class=&#8221;link&#8221; link=&#8221;url:https%3A%2F%2Firk.us.edu.pl%2Fen-gb%2Foffer%2FSW-2025-Z%2Fprogramme%2FW8-S1RE19%2F%3Ffrom%3Dfield%3ARE&#8221;][vc_btn title=&#8221;full time, 2nd cycle studies&#8221; style=&#8221;outline-custom&#8221; outline_custom_color=&#8221;#002e5a&#8221; outline_custom_hover_background=&#8221;#002e5a&#8221; outline_custom_hover_text=&#8221;#ffffff&#8221; shape=&#8221;square&#8221; size=&#8221;lg&#8221; el_class=&#8221;link&#8221; link=&#8221;url:https%3A%2F%2Firk.us.edu.pl%2Fen-gb%2Foffer%2FSW-2025-Z%2Fprogramme%2FW8-S2RE19%2F%3Ffrom%3Dfield%3ARE&#8221;][\/vc_column][\/vc_row][vc_row disable_element=&#8221;yes&#8221; css=&#8221;.vc_custom_1652684454894{background-color: #f2f2f2 !important;}&#8221;][vc_column][\/vc_column][\/vc_row][vc_row][vc_column][\/vc_column][\/vc_row] [&#8230;]<\/p>\n<p><a class=\"btn btn-secondary understrap-read-more-link\" href=\"https:\/\/us.edu.pl\/wydzial\/sf\/rezyseria\/\">Read More&#8230;<\/a><\/p>\n","protected":false},"author":2979,"featured_media":0,"parent":0,"menu_order":3,"comment_status":"closed","ping_status":"closed","template":"page-templates\/page-with-sidebar-and-bookmarks.php","meta":{"_expiration-date-status":"","_expiration-date":0,"_expiration-date-type":"","_expiration-date-categories":[],"_expiration-date-options":[]},"acf":[],"_links":{"self":[{"href":"https:\/\/us.edu.pl\/wydzial\/sf\/wp-json\/wp\/v2\/pages\/156026"}],"collection":[{"href":"https:\/\/us.edu.pl\/wydzial\/sf\/wp-json\/wp\/v2\/pages"}],"about":[{"href":"https:\/\/us.edu.pl\/wydzial\/sf\/wp-json\/wp\/v2\/types\/page"}],"author":[{"embeddable":true,"href":"https:\/\/us.edu.pl\/wydzial\/sf\/wp-json\/wp\/v2\/users\/2979"}],"replies":[{"embeddable":true,"href":"https:\/\/us.edu.pl\/wydzial\/sf\/wp-json\/wp\/v2\/comments?post=156026"}],"version-history":[{"count":11,"href":"https:\/\/us.edu.pl\/wydzial\/sf\/wp-json\/wp\/v2\/pages\/156026\/revisions"}],"predecessor-version":[{"id":158000,"href":"https:\/\/us.edu.pl\/wydzial\/sf\/wp-json\/wp\/v2\/pages\/156026\/revisions\/158000"}],"wp:attachment":[{"href":"https:\/\/us.edu.pl\/wydzial\/sf\/wp-json\/wp\/v2\/media?parent=156026"}],"curies":[{"name":"wp","href":"https:\/\/api.w.org\/{rel}","templated":true}]}}