{"id":156037,"date":"2022-06-03T11:35:01","date_gmt":"2022-06-03T09:35:01","guid":{"rendered":"https:\/\/us.edu.pl\/wydzial\/sf\/?page_id=156037"},"modified":"2025-06-17T14:21:51","modified_gmt":"2025-06-17T12:21:51","slug":"realizacja-obrazu","status":"publish","type":"page","link":"https:\/\/us.edu.pl\/wydzial\/sf\/realizacja-obrazu\/","title":{"rendered":"Realizacja obrazu filmowego, telewizyjnego i fotografia &#8211; studia stacjonarne, jednolite magisterskie"},"content":{"rendered":"<p>[vc_row][vc_column][vc_empty_space]\r\n                <div class=\"text-modules\">\r\n                    <div class=\"container\">\r\n                        \r\n                        <div class=\"text-modules__content\"><p><span style=\"font-size: 24pt; color: #003366;\"><b><i>Realizacja obrazu filmowego, telewizyjnego i fotografia<\/i><\/b><\/span><\/p>\n<p>&nbsp;<\/p>\n<p><span style=\"color: #003366;\"><strong><span style=\"font-size: 12pt;\">J\u0119zyk wyk\u0142adowy: polski<\/span><\/strong><\/span><\/p>\n<\/div>\r\n                    <\/div>\r\n                <\/div>\r\n                <div class=\"text-modules\">\r\n                    <div class=\"container\">\r\n                        \r\n                        <div class=\"text-modules__content\"><p>Studia na kierunku Realizacja obrazu filmowego, telewizyjnego i fotografia maj\u0105 na celu przygotowanie student\u00f3w do pracy w charakterze operatora obrazu filmowego i operatora kamery, fotografa i operatora zdj\u0119\u0107.<br \/>\nCelem kszta\u0142cenia jest przygotowanie student\u00f3w do pracy w charakterze re\u017cysera zdj\u0119\u0107, producenta program\u00f3w telewizyjnych, operatora zdj\u0119\u0107, fotografa i operatora zdj\u0119\u0107. Pi\u0119cioletni program studi\u00f3w obejmuje przedmioty humanistyczne, takie jak: wst\u0119p do kulturoznawstwa, filozofia, historia i teoria filmu, historia sztuki, literatury i dramatu, a tak\u017ce przedmioty programowe maj\u0105ce na celu przygotowanie studenta do realizacji film\u00f3w operatorskich, program\u00f3w telewizyjnych, fotografii analogowej i cyfrowej oraz innych produkcji audiowizualnych opartych na najnowszych technologiach zapisu i odtwarzania obrazu (np. komputerowe efekty specjalne, przestrze\u0144 wirtualna itp.). W trakcie studi\u00f3w student ma kontakt zar\u00f3wno z teoretykami danych dziedzin, jak i praktykami zatrudnionymi w jednostkach kinematografii i telewizji. W trakcie studi\u00f3w studenci uczestnicz\u0105 w warsztatach praktycznych, kt\u00f3rych corocznym efektem ko\u0144cowym s\u0105 indywidualne etiudy telewizyjne i filmowe. Studia ko\u0144cz\u0105 si\u0119 przygotowaniem i dyskusj\u0105 nad magistersk\u0105 prac\u0105 dyplomow\u0105 sk\u0142adaj\u0105c\u0105 si\u0119 z cz\u0119\u015bci praktycznej (realizacyjnej) i teoretycznej (pisemnej).<br \/>\nAbsolwent wyposa\u017cony jest w wiedz\u0119 z zakresu nauk humanistycznych, \u015bwiadomo\u015b\u0107 estetyczn\u0105 oraz kompetencje spo\u0142eczne istotne dla dzia\u0142alno\u015bci operacyjnej i fotograficznej. Posiadaj\u0105 wiedz\u0119 z zakresu technicznych i technologicznych aspekt\u00f3w produkcji filmowej i telewizyjnej oraz fotografii. Po uko\u0144czeniu studi\u00f3w s\u0105 przygotowani do realizacji film\u00f3w fabularnych i dokumentalnych w systemach \u015bwiat\u0142oczu\u0142ych i elektronicznych; przygotowania o\u015bwietlenia i wizji w programach i widowiskach telewizyjnych z wykorzystaniem profesjonalnych system\u00f3w filmowych. Posiadaj\u0105 wiedz\u0119 i umiej\u0119tno\u015bci niezb\u0119dne do realizacji innych form, takich jak: filmy animowane i edukacyjne, reklamy, teledyski oraz fotografia i formy multimedialne. Dlatego mog\u0105 pracowa\u0107 w przemy\u015ble filmowym i telewizyjnym oraz w innych instytucjach, w kt\u00f3rych film, fotografia, emisja telewizyjna s\u0105 stosowane lub wykorzystywane w ich dzia\u0142alno\u015bci (galerie sztuki, muzea, agencje reklamowe, domy produkcyjne itp.)<\/p>\n<\/div>\r\n                    <\/div>\r\n                <\/div>[\/vc_column][\/vc_row][vc_row css=&#8221;.vc_custom_1652684520526{padding-right: 20px !important;padding-left: 20px !important;background-color: #f2f2f2 !important;}&#8221;][vc_column css=&#8221;.vc_custom_1652684540318{padding-right: 0px !important;padding-left: 0px !important;}&#8221;]\r\n                <div class=\"text-modules\">\r\n                    <div class=\"container\">\r\n                        \r\n                        <div class=\"text-modules__content\"><\/p>\n<h3><span style=\"font-size: 18pt; color: #003366;\"><strong>Zapisz si\u0119 na studia<\/strong><\/span><\/h3>\n<p><span style=\"color: #99cc00;\"><em><strong>(Rekrutacja rozpoczyna si\u0119 2 czerwca)<\/strong><\/em><\/span><\/p>\n<\/div>\r\n                    <\/div>\r\n                <\/div>[vc_btn title=&#8221;studia jednolite, magisterskie&#8221; style=&#8221;outline-custom&#8221; outline_custom_color=&#8221;#002e5a&#8221; outline_custom_hover_background=&#8221;#002e5a&#8221; outline_custom_hover_text=&#8221;#ffffff&#8221; shape=&#8221;square&#8221; size=&#8221;lg&#8221; el_class=&#8221;link&#8221; link=&#8221;url:https%3A%2F%2Firk.us.edu.pl%2Fpl%2Foffer%2FSW-2025-Z%2Fprogramme%2FW8-SMRF19%2F%3Ffrom%3Dfield%3ARF&#8221;][\/vc_column][\/vc_row][vc_row disable_element=&#8221;yes&#8221; css=&#8221;.vc_custom_1652684454894{background-color: #f2f2f2 !important;}&#8221;][vc_column]\r\n                <div class='sidebar_moduls sidebar_one_header' style='color:#002E5A;background-color: #EBEBEB'>\r\n                    <a href='https:\/\/us.edu.pl' class='link'>przejdE: do internetowej rejestracji dla kandydatC3w<\/a>\r\n                <\/div>\r\n                <div class='sidebar_moduls sidebar_button' style=\"background-color: #EBEBEB; color: #002E5A\">\r\n                    <h3>Zapisz siD na studia<\/h3>\r\n                    <div class='link-button-wrap'><a style=\"background-color: #002E5A!important; color: #FFFFFF!important\" href='https:\/\/irk.us.edu.pl' class='link-button'>przejdE: do internetowej rejestracji dla kandydatC3w<\/a><\/div>\r\n                <\/div>[\/vc_column][\/vc_row][vc_row][vc_column][\/vc_column][\/vc_row]<\/p>","protected":false},"excerpt":{"rendered":"<p>[vc_row][vc_column][vc_empty_space][\/vc_column][\/vc_row][vc_row css=&#8221;.vc_custom_1652684520526{padding-right: 20px !important;padding-left: 20px !important;background-color: #f2f2f2 !important;}&#8221;][vc_column css=&#8221;.vc_custom_1652684540318{padding-right: 0px !important;padding-left: 0px !important;}&#8221;][vc_btn title=&#8221;studia jednolite, magisterskie&#8221; style=&#8221;outline-custom&#8221; outline_custom_color=&#8221;#002e5a&#8221; outline_custom_hover_background=&#8221;#002e5a&#8221; outline_custom_hover_text=&#8221;#ffffff&#8221; shape=&#8221;square&#8221; size=&#8221;lg&#8221; el_class=&#8221;link&#8221; link=&#8221;url:https%3A%2F%2Firk.us.edu.pl%2Fpl%2Foffer%2FSW-2025-Z%2Fprogramme%2FW8-SMRF19%2F%3Ffrom%3Dfield%3ARF&#8221;][\/vc_column][\/vc_row][vc_row disable_element=&#8221;yes&#8221; css=&#8221;.vc_custom_1652684454894{background-color: #f2f2f2 !important;}&#8221;][vc_column][\/vc_column][\/vc_row][vc_row][vc_column][\/vc_column][\/vc_row] [&#8230;]<\/p>\n<p><a class=\"btn btn-secondary understrap-read-more-link\" href=\"https:\/\/us.edu.pl\/wydzial\/sf\/realizacja-obrazu\/\">Read More&#8230;<\/a><\/p>\n","protected":false},"author":2979,"featured_media":0,"parent":0,"menu_order":2,"comment_status":"closed","ping_status":"closed","template":"page-templates\/page-with-sidebar-and-bookmarks.php","meta":{"_expiration-date-status":"","_expiration-date":0,"_expiration-date-type":"","_expiration-date-categories":[],"_expiration-date-options":[]},"acf":[],"_links":{"self":[{"href":"https:\/\/us.edu.pl\/wydzial\/sf\/wp-json\/wp\/v2\/pages\/156037"}],"collection":[{"href":"https:\/\/us.edu.pl\/wydzial\/sf\/wp-json\/wp\/v2\/pages"}],"about":[{"href":"https:\/\/us.edu.pl\/wydzial\/sf\/wp-json\/wp\/v2\/types\/page"}],"author":[{"embeddable":true,"href":"https:\/\/us.edu.pl\/wydzial\/sf\/wp-json\/wp\/v2\/users\/2979"}],"replies":[{"embeddable":true,"href":"https:\/\/us.edu.pl\/wydzial\/sf\/wp-json\/wp\/v2\/comments?post=156037"}],"version-history":[{"count":11,"href":"https:\/\/us.edu.pl\/wydzial\/sf\/wp-json\/wp\/v2\/pages\/156037\/revisions"}],"predecessor-version":[{"id":157974,"href":"https:\/\/us.edu.pl\/wydzial\/sf\/wp-json\/wp\/v2\/pages\/156037\/revisions\/157974"}],"wp:attachment":[{"href":"https:\/\/us.edu.pl\/wydzial\/sf\/wp-json\/wp\/v2\/media?parent=156037"}],"curies":[{"name":"wp","href":"https:\/\/api.w.org\/{rel}","templated":true}]}}