{"id":156054,"date":"2022-06-03T13:01:56","date_gmt":"2022-06-03T11:01:56","guid":{"rendered":"https:\/\/us.edu.pl\/wydzial\/sf\/?page_id=156054"},"modified":"2025-06-17T14:17:05","modified_gmt":"2025-06-17T12:17:05","slug":"organizacja-produkcji-filmowej-i-telewizyjnej","status":"publish","type":"page","link":"https:\/\/us.edu.pl\/wydzial\/sf\/organizacja-produkcji-filmowej-i-telewizyjnej\/","title":{"rendered":"Organizacja produkcji filmowej i telewizyjnej"},"content":{"rendered":"<p>[vc_row][vc_column][vc_empty_space]\r\n                <div class=\"text-modules\">\r\n                    <div class=\"container\">\r\n                        \r\n                        <div class=\"text-modules__content\"><p><span style=\"font-size: 24pt; color: #003366;\"><strong>Organizacja produkcji filmowej i telewizyjnej<\/strong><\/span><\/p>\n<h3 class=\"subtitle text-modules__subtitle\"><span style=\"color: #003366; font-size: 12pt;\">J\u0119zyk wyk\u0142adowy: polski<\/span><\/h3>\n<p>\n<\/div>\r\n                    <\/div>\r\n                <\/div>\r\n                <div class=\"text-modules\">\r\n                    <div class=\"container\">\r\n                        \r\n                        <div class=\"text-modules__content\"><p><span style=\"font-size: 12pt;\">Studia na kierunku Organizacja produkcji filmowej i telewizyjnej maj\u0105 na celu przygotowanie absolwent\u00f3w do wykonywania zawodu kierownika produkcji, producenta czy producenta kreatywnego film\u00f3w fabularnych i dokumentalnych, widowisk i spektakli telewizyjnych, a tak\u017ce kr\u00f3tkich form telewizyjno-filmowych, w tym film\u00f3w reklamowych oraz festiwali i wydarze\u0144 artystycznych.<\/span><\/p>\n<\/div>\r\n                    <\/div>\r\n                <\/div>[\/vc_column][\/vc_row][vc_row css=&#8221;.vc_custom_1652684520526{padding-right: 20px !important;padding-left: 20px !important;background-color: #f2f2f2 !important;}&#8221;][vc_column css=&#8221;.vc_custom_1652684540318{padding-right: 0px !important;padding-left: 0px !important;}&#8221;]\r\n                <div class=\"text-modules\">\r\n                    <div class=\"container\">\r\n                        \r\n                        <div class=\"text-modules__content\"><\/p>\n<h3><span style=\"font-size: 24pt; color: #003366;\"><strong>Zapisz si\u0119 na studia<\/strong><\/span><\/h3>\n<p><span style=\"color: #99cc00; font-size: 14pt;\"><em><strong>(rekrutacja rozpoczyna si\u0119 2 czerwca)<\/strong><\/em><\/span><\/p>\n<\/div>\r\n                    <\/div>\r\n                <\/div>[vc_btn title=&#8221;studia I stopnia (stacjonarne)&#8221; style=&#8221;outline-custom&#8221; outline_custom_color=&#8221;#00036d&#8221; outline_custom_hover_background=&#8221;#00036d&#8221; outline_custom_hover_text=&#8221;#ffffff&#8221; shape=&#8221;square&#8221; size=&#8221;lg&#8221; el_class=&#8221;link&#8221; link=&#8221;url:https%3A%2F%2Firk.us.edu.pl%2Fpl%2Foffer%2FSW-2025-Z%2Fprogramme%2FW8-S1OF19%2F%3Ffrom%3Dfield%3AOF&#8221;][vc_btn title=&#8221;studia II stopnia (stacjonarne)&#8221; style=&#8221;outline-custom&#8221; outline_custom_color=&#8221;#00036d&#8221; outline_custom_hover_background=&#8221;#00036d&#8221; outline_custom_hover_text=&#8221;#ffffff&#8221; shape=&#8221;square&#8221; size=&#8221;lg&#8221; el_class=&#8221;link&#8221; link=&#8221;url:https%3A%2F%2Firk.us.edu.pl%2Fpl%2Foffer%2FSW-2025-Z%2Fprogramme%2FW8-S2OF19%2F%3Ffrom%3Dfield%3AOF&#8221;][vc_btn title=&#8221;studia I stopnia (niestacjonarne)&#8221; style=&#8221;outline-custom&#8221; outline_custom_color=&#8221;#00036d&#8221; outline_custom_hover_background=&#8221;#00036d&#8221; outline_custom_hover_text=&#8221;#ffffff&#8221; shape=&#8221;square&#8221; size=&#8221;lg&#8221; el_class=&#8221;link&#8221; link=&#8221;url:https%3A%2F%2Firk.us.edu.pl%2Fpl%2Foffer%2FSW-2025-Z%2Fprogramme%2FW8-N1OF19%2F%3Ffrom%3Dfield%3AOF&#8221;][vc_btn title=&#8221;studia II stopnia (niestacjonarne)&#8221; style=&#8221;outline-custom&#8221; outline_custom_color=&#8221;#00036d&#8221; outline_custom_hover_background=&#8221;#00036d&#8221; outline_custom_hover_text=&#8221;#ffffff&#8221; shape=&#8221;square&#8221; size=&#8221;lg&#8221; el_class=&#8221;link&#8221; link=&#8221;url:https%3A%2F%2Firk.us.edu.pl%2Fpl%2Foffer%2FSW-2025-Z%2Fprogramme%2FW8-N2OF19%2F%3Ffrom%3Dfield%3AOF&#8221;][\/vc_column][\/vc_row][vc_row disable_element=&#8221;yes&#8221; css=&#8221;.vc_custom_1652684454894{background-color: #f2f2f2 !important;}&#8221;][vc_column]\r\n                <div class='sidebar_moduls sidebar_one_header' style='color:#002E5A;background-color: #EBEBEB'>\r\n                    <a href='https:\/\/us.edu.pl' class='link'>przejdE: do internetowej rejestracji dla kandydatC3w<\/a>\r\n                <\/div>\r\n                <div class='sidebar_moduls sidebar_button' style=\"background-color: #EBEBEB; color: #002E5A\">\r\n                    <h3>Zapisz siD na studia<\/h3>\r\n                    <div class='link-button-wrap'><a style=\"background-color: #002E5A!important; color: #FFFFFF!important\" href='https:\/\/irk.us.edu.pl' class='link-button'>przejdE: do internetowej rejestracji dla kandydatC3w<\/a><\/div>\r\n                <\/div>[\/vc_column][\/vc_row][vc_row][vc_column][\/vc_column][\/vc_row]<\/p>","protected":false},"excerpt":{"rendered":"<p>[vc_row][vc_column][vc_empty_space][\/vc_column][\/vc_row][vc_row css=&#8221;.vc_custom_1652684520526{padding-right: 20px !important;padding-left: 20px !important;background-color: #f2f2f2 !important;}&#8221;][vc_column css=&#8221;.vc_custom_1652684540318{padding-right: 0px !important;padding-left: 0px !important;}&#8221;][vc_btn title=&#8221;studia I stopnia (stacjonarne)&#8221; style=&#8221;outline-custom&#8221; outline_custom_color=&#8221;#00036d&#8221; outline_custom_hover_background=&#8221;#00036d&#8221; outline_custom_hover_text=&#8221;#ffffff&#8221; shape=&#8221;square&#8221; size=&#8221;lg&#8221; el_class=&#8221;link&#8221; link=&#8221;url:https%3A%2F%2Firk.us.edu.pl%2Fpl%2Foffer%2FSW-2025-Z%2Fprogramme%2FW8-S1OF19%2F%3Ffrom%3Dfield%3AOF&#8221;][vc_btn title=&#8221;studia II stopnia (stacjonarne)&#8221; style=&#8221;outline-custom&#8221; outline_custom_color=&#8221;#00036d&#8221; outline_custom_hover_background=&#8221;#00036d&#8221; outline_custom_hover_text=&#8221;#ffffff&#8221; shape=&#8221;square&#8221; size=&#8221;lg&#8221; el_class=&#8221;link&#8221; link=&#8221;url:https%3A%2F%2Firk.us.edu.pl%2Fpl%2Foffer%2FSW-2025-Z%2Fprogramme%2FW8-S2OF19%2F%3Ffrom%3Dfield%3AOF&#8221;][vc_btn title=&#8221;studia I stopnia (niestacjonarne)&#8221; style=&#8221;outline-custom&#8221; outline_custom_color=&#8221;#00036d&#8221; outline_custom_hover_background=&#8221;#00036d&#8221; outline_custom_hover_text=&#8221;#ffffff&#8221; shape=&#8221;square&#8221; size=&#8221;lg&#8221; el_class=&#8221;link&#8221; link=&#8221;url:https%3A%2F%2Firk.us.edu.pl%2Fpl%2Foffer%2FSW-2025-Z%2Fprogramme%2FW8-N1OF19%2F%3Ffrom%3Dfield%3AOF&#8221;][vc_btn title=&#8221;studia II stopnia (niestacjonarne)&#8221; style=&#8221;outline-custom&#8221; outline_custom_color=&#8221;#00036d&#8221; [&#8230;]<\/p>\n<p><a class=\"btn btn-secondary understrap-read-more-link\" href=\"https:\/\/us.edu.pl\/wydzial\/sf\/organizacja-produkcji-filmowej-i-telewizyjnej\/\">Read More&#8230;<\/a><\/p>\n","protected":false},"author":2979,"featured_media":0,"parent":0,"menu_order":1,"comment_status":"closed","ping_status":"closed","template":"page-templates\/page-with-sidebar-and-bookmarks.php","meta":{"_expiration-date-status":"","_expiration-date":0,"_expiration-date-type":"","_expiration-date-categories":[],"_expiration-date-options":[]},"acf":[],"_links":{"self":[{"href":"https:\/\/us.edu.pl\/wydzial\/sf\/wp-json\/wp\/v2\/pages\/156054"}],"collection":[{"href":"https:\/\/us.edu.pl\/wydzial\/sf\/wp-json\/wp\/v2\/pages"}],"about":[{"href":"https:\/\/us.edu.pl\/wydzial\/sf\/wp-json\/wp\/v2\/types\/page"}],"author":[{"embeddable":true,"href":"https:\/\/us.edu.pl\/wydzial\/sf\/wp-json\/wp\/v2\/users\/2979"}],"replies":[{"embeddable":true,"href":"https:\/\/us.edu.pl\/wydzial\/sf\/wp-json\/wp\/v2\/comments?post=156054"}],"version-history":[{"count":12,"href":"https:\/\/us.edu.pl\/wydzial\/sf\/wp-json\/wp\/v2\/pages\/156054\/revisions"}],"predecessor-version":[{"id":157950,"href":"https:\/\/us.edu.pl\/wydzial\/sf\/wp-json\/wp\/v2\/pages\/156054\/revisions\/157950"}],"wp:attachment":[{"href":"https:\/\/us.edu.pl\/wydzial\/sf\/wp-json\/wp\/v2\/media?parent=156054"}],"curies":[{"name":"wp","href":"https:\/\/api.w.org\/{rel}","templated":true}]}}