{"id":244,"date":"2021-04-27T13:15:42","date_gmt":"2021-04-27T11:15:42","guid":{"rendered":"https:\/\/us.edu.pl\/wydzial\/sf\/?page_id=244"},"modified":"2023-07-12T14:15:34","modified_gmt":"2023-07-12T12:15:34","slug":"dzialalnosc-dydaktyczna","status":"publish","type":"page","link":"https:\/\/us.edu.pl\/wydzial\/sf\/dzialalnosc-dydaktyczna\/","title":{"rendered":"Dzia\u0142alno\u015b\u0107 dydaktyczna"},"content":{"rendered":"<p>[vc_row full_width=&#8221;stretch_row_content_no_spaces&#8221; gap=&#8221;5&#8243; content_placement=&#8221;middle&#8221;][vc_column]\r\n                <div class=\"text-modules\">\r\n                    <div class=\"container\">\r\n                        \r\n                        <div class=\"text-modules__content\"><\/p>\n<h2 class=\"page-title\">Dzia\u0142alno\u015b\u0107 dydaktyczna<\/h2>\n<p>\n<\/div>\r\n                    <\/div>\r\n                <\/div>\r\n                <div class=\"text-modules\">\r\n                    <div class=\"container\">\r\n                        \r\n                        <div class=\"text-modules__content\"><p>Szko\u0142a jest jednostk\u0105 organizacyjn\u0105 Uniwersytetu \u015al\u0105skiego prowadz\u0105c\u0105 kszta\u0142cenie w szczeg\u00f3lno\u015bci w zakresie sztuki i dyscyplin artystycznych.<\/p>\n<p>Dzia\u0142alno\u015b\u0107 akademicka\u00a0<strong>Szko\u0142y Filmowej im. Krzysztofa Kie\u015blowskiego<\/strong>\u00a0koncentruje si\u0119 na kilku obszarach. Nale\u017c\u0105 do nich: kszta\u0142cenie w dziedzinie sztuki filmowej i telewizyjnej oraz w zakresie zawod\u00f3w medialnych w szeroko poj\u0119tym sektorze audiowizualnym, badania naukowe w zakresie wiedzy o mediach oraz tw\u00f3rczo\u015b\u0107 filmowa, telewizyjna i teatralna<\/p>\n<p>W Szkole znajduj\u0105 si\u0119: atelier, specjalistyczne pracownie: fotografii wielkoformatowej, monta\u017cu, technik multimedialnych, fotografii, komputerowa oraz biblioteka, archiwum.<\/p>\n<\/div>\r\n                    <\/div>\r\n                <\/div>[\/vc_column][\/vc_row][vc_row][vc_column]\r\n                <div class=\"tiles-section\" style=\"background: \">\r\n                    <div class=\"container\">\r\n                        <h3 class=\"page-title\"><\/h3>\r\n                        <div class=\"tiles tiles-4\">\r\n                            <a href=\"http:\/\/www.writv.us.edu.pl\/pl\/kandydat\/rezyseria\" class=\"tile tile_ \" style=\"background-color: #ffffff; font-weight: bold; color: #002E5A;  \">\r\n                                \r\n                                   <div class=\"tile__img\"><img src=\"https:\/\/us.edu.pl\/wydzial\/sf\/wp-content\/uploads\/sites\/48\/Nieprzypisane\/sf72-575x575.png\" alt=\"Re\u017cyseria\"> <\/div>\r\n                               \r\n                                <div class=\"tile__name\">Re\u017cyseria<\/div>\r\n                            <\/a>\r\n                            <a href=\"http:\/\/www.writv.us.edu.pl\/pl\/kandydat\/realizacja-obrazu-filmowego-telewizyjnego-i-fotografia\" class=\"tile tile_ \" style=\"background-color: #ffffff; font-weight: bold; color: #002E5A;  \">\r\n                                \r\n                                   <div class=\"tile__img\"><img src=\"https:\/\/us.edu.pl\/wydzial\/sf\/wp-content\/uploads\/sites\/48\/Nieprzypisane\/sf7-575x575.png\" alt=\"Realizacja obrazu filmowego, telewizyjnego i fotografia\"> <\/div>\r\n                               \r\n                                <div class=\"tile__name\">Realizacja obrazu filmowego, telewizyjnego i fotografia<\/div>\r\n                            <\/a>\r\n                            <a href=\"http:\/\/www.writv.us.edu.pl\/pl\/kandydat\/organizacja-produkcji-filmowej-i-telewizyjnej\" class=\"tile tile_ \" style=\"background-color: #ffffff; font-weight: bold; color: #002E5A;  \">\r\n                                \r\n                                   <div class=\"tile__img\"><img src=\"https:\/\/us.edu.pl\/wydzial\/sf\/wp-content\/uploads\/sites\/48\/Nieprzypisane\/sf6-1-575x575.png\" alt=\"Organizacja produkcji filmowej i telewizyjne\"> <\/div>\r\n                               \r\n                                <div class=\"tile__name\">Organizacja produkcji filmowej i telewizyjne<\/div>\r\n                            <\/a>\r\n                            <a href=\"http:\/\/www.writv.us.edu.pl\/pl\/kandydat\/creative-management-in-new-media\" class=\"tile tile_ \" style=\"background-color: #ffffff; font-weight: bold; color: #002E5A;  \">\r\n                                \r\n                                   <div class=\"tile__img\"><img src=\"https:\/\/us.edu.pl\/wydzial\/sf\/wp-content\/uploads\/sites\/48\/Nieprzypisane\/sf8-575x575.png\" alt=\"Creative management in new media\"> <\/div>\r\n                               \r\n                                <div class=\"tile__name\">Creative management in new media<\/div>\r\n                            <\/a><\/div>\r\n                    <\/div>\r\n                <\/div>[\/vc_column][\/vc_row][vc_row][vc_column][vc_single_image image=&#8221;272&#8243; img_size=&#8221;full&#8221;][\/vc_column][\/vc_row]<\/p>","protected":false},"excerpt":{"rendered":"<p>[vc_row full_width=&#8221;stretch_row_content_no_spaces&#8221; gap=&#8221;5&#8243; content_placement=&#8221;middle&#8221;][vc_column][\/vc_column][\/vc_row][vc_row][vc_column][\/vc_column][\/vc_row][vc_row][vc_column][vc_single_image image=&#8221;272&#8243; img_size=&#8221;full&#8221;][\/vc_column][\/vc_row] [&#8230;]<\/p>\n<p><a class=\"btn btn-secondary understrap-read-more-link\" href=\"https:\/\/us.edu.pl\/wydzial\/sf\/dzialalnosc-dydaktyczna\/\">Read More&#8230;<\/a><\/p>\n","protected":false},"author":2787,"featured_media":0,"parent":0,"menu_order":8,"comment_status":"closed","ping_status":"closed","template":"","meta":{"_expiration-date-status":"","_expiration-date":0,"_expiration-date-type":"","_expiration-date-categories":[],"_expiration-date-options":[]},"acf":[],"_links":{"self":[{"href":"https:\/\/us.edu.pl\/wydzial\/sf\/wp-json\/wp\/v2\/pages\/244"}],"collection":[{"href":"https:\/\/us.edu.pl\/wydzial\/sf\/wp-json\/wp\/v2\/pages"}],"about":[{"href":"https:\/\/us.edu.pl\/wydzial\/sf\/wp-json\/wp\/v2\/types\/page"}],"author":[{"embeddable":true,"href":"https:\/\/us.edu.pl\/wydzial\/sf\/wp-json\/wp\/v2\/users\/2787"}],"replies":[{"embeddable":true,"href":"https:\/\/us.edu.pl\/wydzial\/sf\/wp-json\/wp\/v2\/comments?post=244"}],"version-history":[{"count":10,"href":"https:\/\/us.edu.pl\/wydzial\/sf\/wp-json\/wp\/v2\/pages\/244\/revisions"}],"predecessor-version":[{"id":157086,"href":"https:\/\/us.edu.pl\/wydzial\/sf\/wp-json\/wp\/v2\/pages\/244\/revisions\/157086"}],"wp:attachment":[{"href":"https:\/\/us.edu.pl\/wydzial\/sf\/wp-json\/wp\/v2\/media?parent=244"}],"curies":[{"name":"wp","href":"https:\/\/api.w.org\/{rel}","templated":true}]}}