{"id":256,"date":"2022-02-10T10:57:13","date_gmt":"2022-02-10T09:57:13","guid":{"rendered":"https:\/\/us.edu.pl\/wydzial\/sf\/?page_id=256"},"modified":"2022-02-10T10:57:13","modified_gmt":"2022-02-10T09:57:13","slug":"dziekanat","status":"publish","type":"page","link":"https:\/\/us.edu.pl\/wydzial\/sf\/dziekanat\/","title":{"rendered":"Dziekanat"},"content":{"rendered":"<p>[vc_row][vc_column]\r\n                <div class=\"text-modules\">\r\n                    <div class=\"container\">\r\n                        \r\n                        <div class=\"text-modules__content\"><\/p>\n<h4><strong>Dziekanat Szko\u0142y Filmowa im. Krzysztofa Kie\u015blowskiego Uniwersytetu \u015al\u0105skiego<\/strong><\/h4>\n<p>&nbsp;<\/p>\n<p>tel.\u00a0+48 32 359 24 08<\/p>\n<p>+48 32 359 24 09<\/p>\n<p>+48 32 359 24 27<\/p>\n<p><span id=\"cloak0286011f425355bc98e6de705ce5001b\">e-mail: dziekanat.sf@us.edu.pl<\/span><\/p>\n<\/div>\r\n                    <\/div>\r\n                <\/div>[\/vc_column][\/vc_row][vc_row][vc_column]\r\n\t\t\t\t\t<div class='container'>\r\n\t\t\t\t\t\t<div class='sidebar_moduls sidebar_dropdown zakladki' style='background-color: #FFFFFF'>\r\n\t\t\t\t\t\t\t<h3 class='page-title'><\/h3>\r\n\t\t\t\t\t\t\t<p class='zakladki__desc'><\/p>\r\n\r\n\t\t\t\t\t\t\t<div class='bookmarks'>\r\n\t\t\t\t\t<div class=\"bookmark\">\r\n\t\t\t\t\t\t<div class=\"bookmark__title\">\r\n                            <h4>\r\n                                <span class=\"short\">Dziekanat<\/span>\r\n                                <span class=\"long\">Dziekanat<\/span>\r\n                            <\/h4>\r\n\t\t\t\t\t\t<\/div>\r\n\t\t\t\t\t\t\r\n\t\t\t\t\t\t<div class=\"bookmark__content-wrap\">\r\n\t\t\t\t\t\t\t<div class=\"bookmark__content\">\r\n\r\n\t\t\t\t\t\t\t\t\r\n\r\n\t\t\t\t\t\t\t\t<div class=\"bookmark_text\" style=\"font-size:15px;\">\r\n\t\t\t\t\t\t\t\ttel. +48 32 359 24 07 \/ +48 32 359 24 08 \/ +48 32 359 24 09 \/\/ e-mail: dziekanat.sf@us.edu.pl\r\n\t\t\t\t\t\t\t\t<br>\r\n\t\t\t\t\t\t\t\t\r\n\t\t\t\t\t\t\t\t<\/div>\r\n\t\t\t\t\t\t\t<\/div>\r\n\t\t\t\t\t\t<\/div>\r\n\t\t\t\t\t<\/div>\r\n\t\t\t\t\t<div class=\"bookmark\">\r\n\t\t\t\t\t\t<div class=\"bookmark__title\">\r\n                            <h4>\r\n                                <span class=\"short\">Kierownik organizacyjny<\/span>\r\n                                <span class=\"long\">Kierownik organizacyjny<\/span>\r\n                            <\/h4>\r\n\t\t\t\t\t\t<\/div>\r\n\t\t\t\t\t\t\r\n\t\t\t\t\t\t<div class=\"bookmark__content-wrap\">\r\n\t\t\t\t\t\t\t<div class=\"bookmark__content\">\r\n\r\n\t\t\t\t\t\t\t\t\r\n\r\n\t\t\t\t\t\t\t\t<div class=\"bookmark_text\" style=\"font-size:15px;\">\r\n\t\t\t\t\t\t\t\ttel. +48 32 359 24 11\n\ne-mail: agnieszka.w.klis@us.edu.pl\r\n\t\t\t\t\t\t\t\t<br>\r\n\t\t\t\t\t\t\t\t\r\n\t\t\t\t\t\t\t\t<\/div>\r\n\t\t\t\t\t\t\t<\/div>\r\n\t\t\t\t\t\t<\/div>\r\n\t\t\t\t\t<\/div>\r\n\t\t\t\t\t<div class=\"bookmark\">\r\n\t\t\t\t\t\t<div class=\"bookmark__title\">\r\n                            <h4>\r\n                                <span class=\"short\">Biuro Organizacyjne - Sekretariat Dziekana i Prodziekan\u00f3w<\/span>\r\n                                <span class=\"long\">Biuro Organizacyjne - Sekretariat Dziekana i Prodziekan\u00f3w<\/span>\r\n                            <\/h4>\r\n\t\t\t\t\t\t<\/div>\r\n\t\t\t\t\t\t\r\n\t\t\t\t\t\t<div class=\"bookmark__content-wrap\">\r\n\t\t\t\t\t\t\t<div class=\"bookmark__content\">\r\n\r\n\t\t\t\t\t\t\t\t\r\n\r\n\t\t\t\t\t\t\t\t<div class=\"bookmark_text\" style=\"font-size:15px;\">\r\n\t\t\t\t\t\t\t\ttel. +48 32 359 24 11, +48 32 359 24 07\n\ne-mail: sf@us.edu.pl\r\n\t\t\t\t\t\t\t\t<br>\r\n\t\t\t\t\t\t\t\t\r\n\t\t\t\t\t\t\t\t<\/div>\r\n\t\t\t\t\t\t\t<\/div>\r\n\t\t\t\t\t\t<\/div>\r\n\t\t\t\t\t<\/div>\r\n\t\t\t\t\t<div class=\"bookmark\">\r\n\t\t\t\t\t\t<div class=\"bookmark__title\">\r\n                            <h4>\r\n                                <span class=\"short\">Biuro Organizacyjne - Obs\u0142uga Dydaktyczna<\/span>\r\n                                <span class=\"long\">Biuro Organizacyjne - Obs\u0142uga Dydaktyczna<\/span>\r\n                            <\/h4>\r\n\t\t\t\t\t\t<\/div>\r\n\t\t\t\t\t\t\r\n\t\t\t\t\t\t<div class=\"bookmark__content-wrap\">\r\n\t\t\t\t\t\t\t<div class=\"bookmark__content\">\r\n\r\n\t\t\t\t\t\t\t\t\r\n\r\n\t\t\t\t\t\t\t\t<div class=\"bookmark_text\" style=\"font-size:15px;\">\r\n\t\t\t\t\t\t\t\ttel. +48 32 359 24 04\n\ne-mail: izabela.rudzik@us.edu.pl\nelizaveta.dedal@us.edu.pl\r\n\t\t\t\t\t\t\t\t<br>\r\n\t\t\t\t\t\t\t\t\r\n\t\t\t\t\t\t\t\t<\/div>\r\n\t\t\t\t\t\t\t<\/div>\r\n\t\t\t\t\t\t<\/div>\r\n\t\t\t\t\t<\/div>\r\n\t\t\t\t\t<div class=\"bookmark\">\r\n\t\t\t\t\t\t<div class=\"bookmark__title\">\r\n                            <h4>\r\n                                <span class=\"short\">Biuro Organizacyjne - Finanse<\/span>\r\n                                <span class=\"long\">Biuro Organizacyjne - Finanse<\/span>\r\n                            <\/h4>\r\n\t\t\t\t\t\t<\/div>\r\n\t\t\t\t\t\t\r\n\t\t\t\t\t\t<div class=\"bookmark__content-wrap\">\r\n\t\t\t\t\t\t\t<div class=\"bookmark__content\">\r\n\r\n\t\t\t\t\t\t\t\t\r\n\r\n\t\t\t\t\t\t\t\t<div class=\"bookmark_text\" style=\"font-size:15px;\">\r\n\t\t\t\t\t\t\t\ttel. +48 32 359 24 05\n\nhanna.bober@us.edu.pl\r\n\t\t\t\t\t\t\t\t<br>\r\n\t\t\t\t\t\t\t\t\r\n\t\t\t\t\t\t\t\t<\/div>\r\n\t\t\t\t\t\t\t<\/div>\r\n\t\t\t\t\t\t<\/div>\r\n\t\t\t\t\t<\/div>\r\n\t\t\t\t\t<div class=\"bookmark\">\r\n\t\t\t\t\t\t<div class=\"bookmark__title\">\r\n                            <h4>\r\n                                <span class=\"short\">Biuro Organizacyjne - Promocja i Projekty<\/span>\r\n                                <span class=\"long\">Biuro Organizacyjne - Promocja i Projekty<\/span>\r\n                            <\/h4>\r\n\t\t\t\t\t\t<\/div>\r\n\t\t\t\t\t\t\r\n\t\t\t\t\t\t<div class=\"bookmark__content-wrap\">\r\n\t\t\t\t\t\t\t<div class=\"bookmark__content\">\r\n\r\n\t\t\t\t\t\t\t\t\r\n\r\n\t\t\t\t\t\t\t\t<div class=\"bookmark_text\" style=\"font-size:15px;\">\r\n\t\t\t\t\t\t\t\ttel. +48 32 359 24 04\n\nslawomir.kruk@us.edu.pl\r\n\t\t\t\t\t\t\t\t<br>\r\n\t\t\t\t\t\t\t\t\r\n\t\t\t\t\t\t\t\t<\/div>\r\n\t\t\t\t\t\t\t<\/div>\r\n\t\t\t\t\t\t<\/div>\r\n\t\t\t\t\t<\/div>\r\n\t\t\t\t\t<div class=\"bookmark\">\r\n\t\t\t\t\t\t<div class=\"bookmark__title\">\r\n                            <h4>\r\n                                <span class=\"short\">Biuro Produkcji Etiud Filmowych i Techniki<\/span>\r\n                                <span class=\"long\">Biuro Produkcji Etiud Filmowych i Techniki<\/span>\r\n                            <\/h4>\r\n\t\t\t\t\t\t<\/div>\r\n\t\t\t\t\t\t\r\n\t\t\t\t\t\t<div class=\"bookmark__content-wrap\">\r\n\t\t\t\t\t\t\t<div class=\"bookmark__content\">\r\n\r\n\t\t\t\t\t\t\t\t\r\n\r\n\t\t\t\t\t\t\t\t<div class=\"bookmark_text\" style=\"font-size:15px;\">\r\n\t\t\t\t\t\t\t\ttel. +48 32 359 24 03, +48 32 359 24 13, +48 32 359 24 17\n\newa.krzeminska@us.edu.pl\nmarta.byrska@us.edu.pl\nnorbert.rudzik@us.edu.pl\ntomasz.marczewski@us.edu.pl\nkrzysztof.szlapa@us.edu.pl\nwojciech.sankiewicz@us.edu.pl\r\n\t\t\t\t\t\t\t\t<br>\r\n\t\t\t\t\t\t\t\t\r\n\t\t\t\t\t\t\t\t<\/div>\r\n\t\t\t\t\t\t\t<\/div>\r\n\t\t\t\t\t\t<\/div>\r\n\t\t\t\t\t<\/div>\r\n\t\t\t\t\t<div class=\"bookmark\">\r\n\t\t\t\t\t\t<div class=\"bookmark__title\">\r\n                            <h4>\r\n                                <span class=\"short\">Biuro Produkcji Etiud Filmowych i Techniki<\/span>\r\n                                <span class=\"long\">Biuro Produkcji Etiud Filmowych i Techniki<\/span>\r\n                            <\/h4>\r\n\t\t\t\t\t\t<\/div>\r\n\t\t\t\t\t\t\r\n\t\t\t\t\t\t<div class=\"bookmark__content-wrap\">\r\n\t\t\t\t\t\t\t<div class=\"bookmark__content\">\r\n\r\n\t\t\t\t\t\t\t\t\r\n\r\n\t\t\t\t\t\t\t\t<div class=\"bookmark_text\" style=\"font-size:15px;\">\r\n\t\t\t\t\t\t\t\ttel. +48 32 359 24 03, +48 32 359 24 13, +48 32 359 24 17\n\newa.krzeminska@us.edu.pl\nmarta.byrska@us.edu.pl\nnorbert.rudzik@us.edu.pl\ntomasz.marczewski@us.edu.pl\nkrzysztof.szlapa@us.edu.pl\nwojciech.sankiewicz@us.edu.pl\r\n\t\t\t\t\t\t\t\t<br>\r\n\t\t\t\t\t\t\t\t\r\n\t\t\t\t\t\t\t\t<\/div>\r\n\t\t\t\t\t\t\t<\/div>\r\n\t\t\t\t\t\t<\/div>\r\n\t\t\t\t\t<\/div>\r\n\t\t\t\t\t<div class=\"bookmark\">\r\n\t\t\t\t\t\t<div class=\"bookmark__title\">\r\n                            <h4>\r\n                                <span class=\"short\">Biuro Ewaluacji i Obs\u0142ugi Instytutu<\/span>\r\n                                <span class=\"long\">Biuro Ewaluacji i Obs\u0142ugi Instytutu<\/span>\r\n                            <\/h4>\r\n\t\t\t\t\t\t<\/div>\r\n\t\t\t\t\t\t\r\n\t\t\t\t\t\t<div class=\"bookmark__content-wrap\">\r\n\t\t\t\t\t\t\t<div class=\"bookmark__content\">\r\n\r\n\t\t\t\t\t\t\t\t\r\n\r\n\t\t\t\t\t\t\t\t<div class=\"bookmark_text\" style=\"font-size:15px;\">\r\n\t\t\t\t\t\t\t\ttel. +48 32 359 24 19, +48 32 359 24 20\n\nisft.sf@us.edu.pl\nkarolina.horyn@us.edu.pl\r\n\t\t\t\t\t\t\t\t<br>\r\n\t\t\t\t\t\t\t\t\r\n\t\t\t\t\t\t\t\t<\/div>\r\n\t\t\t\t\t\t\t<\/div>\r\n\t\t\t\t\t\t<\/div>\r\n\t\t\t\t\t<\/div>\r\n\t\t\t\t\t<div class=\"bookmark\">\r\n\t\t\t\t\t\t<div class=\"bookmark__title\">\r\n                            <h4>\r\n                                <span class=\"short\">Administrator obiektu<\/span>\r\n                                <span class=\"long\">Administrator obiektu<\/span>\r\n                            <\/h4>\r\n\t\t\t\t\t\t<\/div>\r\n\t\t\t\t\t\t\r\n\t\t\t\t\t\t<div class=\"bookmark__content-wrap\">\r\n\t\t\t\t\t\t\t<div class=\"bookmark__content\">\r\n\r\n\t\t\t\t\t\t\t\t\r\n\r\n\t\t\t\t\t\t\t\t<div class=\"bookmark_text\" style=\"font-size:15px;\">\r\n\t\t\t\t\t\t\t\ttel. +48 32 359 24 25\n\nizabela.sacher@us.edu.pl\n\r\n\t\t\t\t\t\t\t\t<br>\r\n\t\t\t\t\t\t\t\t\r\n\t\t\t\t\t\t\t\t<\/div>\r\n\t\t\t\t\t\t\t<\/div>\r\n\t\t\t\t\t\t<\/div>\r\n\t\t\t\t\t<\/div><\/div>\r\n\t\t\t\t\t\t<\/div>\r\n\t\t\t\t\t <\/div>[\/vc_column][\/vc_row]<\/p>","protected":false},"excerpt":{"rendered":"<p>[vc_row][vc_column][\/vc_column][\/vc_row][vc_row][vc_column][\/vc_column][\/vc_row] [&#8230;]<\/p>\n<p><a class=\"btn btn-secondary understrap-read-more-link\" href=\"https:\/\/us.edu.pl\/wydzial\/sf\/dziekanat\/\">Read More&#8230;<\/a><\/p>\n","protected":false},"author":2787,"featured_media":0,"parent":0,"menu_order":7,"comment_status":"closed","ping_status":"closed","template":"","meta":{"_expiration-date-status":"saved","_expiration-date":0,"_expiration-date-type":"","_expiration-date-categories":[],"_expiration-date-options":[]},"acf":[],"_links":{"self":[{"href":"https:\/\/us.edu.pl\/wydzial\/sf\/wp-json\/wp\/v2\/pages\/256"}],"collection":[{"href":"https:\/\/us.edu.pl\/wydzial\/sf\/wp-json\/wp\/v2\/pages"}],"about":[{"href":"https:\/\/us.edu.pl\/wydzial\/sf\/wp-json\/wp\/v2\/types\/page"}],"author":[{"embeddable":true,"href":"https:\/\/us.edu.pl\/wydzial\/sf\/wp-json\/wp\/v2\/users\/2787"}],"replies":[{"embeddable":true,"href":"https:\/\/us.edu.pl\/wydzial\/sf\/wp-json\/wp\/v2\/comments?post=256"}],"version-history":[{"count":4,"href":"https:\/\/us.edu.pl\/wydzial\/sf\/wp-json\/wp\/v2\/pages\/256\/revisions"}],"predecessor-version":[{"id":335,"href":"https:\/\/us.edu.pl\/wydzial\/sf\/wp-json\/wp\/v2\/pages\/256\/revisions\/335"}],"wp:attachment":[{"href":"https:\/\/us.edu.pl\/wydzial\/sf\/wp-json\/wp\/v2\/media?parent=256"}],"curies":[{"name":"wp","href":"https:\/\/api.w.org\/{rel}","templated":true}]}}