{"id":118,"date":"2019-10-02T13:30:49","date_gmt":"2019-10-02T11:30:49","guid":{"rendered":"https:\/\/us.edu.pl\/wydzial\/wh\/?page_id=118"},"modified":"2026-04-08T14:12:39","modified_gmt":"2026-04-08T12:12:39","slug":"dziekan-i-prodziekani","status":"publish","type":"page","link":"https:\/\/us.edu.pl\/wydzial\/wh\/en\/strona-glowna\/dziekan-i-prodziekani\/","title":{"rendered":"authorities"},"content":{"rendered":"<p>[vc_row el_class=&#8221;container&#8221;][vc_column]\r\n                <div class=\"text-modules\">\r\n                    <div class=\"container\">\r\n                        \r\n                        <div class=\"text-modules__content\"><\/p>\n<h2><strong><span style=\"color: #003366;\">Dean<\/span><\/strong><\/h2>\n<p>\n<\/div>\r\n                    <\/div>\r\n                <\/div>[\/vc_column][\/vc_row][vc_row content_placement=&#8221;middle&#8221; el_class=&#8221;container&#8221;][vc_column width=&#8221;1\/4&#8243; el_class=&#8221;foto&#8221;]\r\n                <div class=\"text-modules\">\r\n                    <div class=\"container\">\r\n                        \r\n                        <div class=\"text-modules__content\"><p><img class=\"alignnone wp-image-20986 size-full\" src=\"https:\/\/us.edu.pl\/wydzial\/wh\/wp-content\/uploads\/sites\/15\/Dziekanie\/prof.-dr-hab.-Adam-Dziadek-1-scaled-e1653660162901.jpg\" alt=\"prof. dr hab. Adam Dziadek\" width=\"100%\" height=\"auto\" \/><\/p>\n<\/div>\r\n                    <\/div>\r\n                <\/div>[\/vc_column][vc_column width=&#8221;1\/4&#8243;]\r\n                <div class=\"text-modules\">\r\n                    <div class=\"container\">\r\n                        \r\n                        <div class=\"text-modules__content\"><p><span style=\"font-size: 90%;\">Prof. <\/span><span style=\"font-size: 130%;\">ADAM DZIADEK<\/span><\/p>\n<p><small><span style=\"letter-spacing: 0.8mm; color: #333333; font-size: 100%;\">DEAN OF THE FACULTY OF HUMANITIES<\/span><\/small><\/p>\n<hr \/>\n<p><a href=\"https:\/\/ab.us.edu.pl\/emp\/5052?lang=en\"><span style=\"font-size: 90%; color: #011535;\">contact<\/span><\/a><\/p>\n<\/div>\r\n                    <\/div>\r\n                <\/div>[\/vc_column][vc_column width=&#8221;1\/4&#8243;][\/vc_column][vc_column width=&#8221;1\/4&#8243;][\/vc_column][\/vc_row][vc_row el_class=&#8221;container&#8221;][vc_column]<div class=\"container\"><div class=\"separator\" style=\"background-color: #EBEBEB\"><\/div><\/div>\r\n                <div class=\"text-modules\">\r\n                    <div class=\"container\">\r\n                        \r\n                        <div class=\"text-modules__content\"><\/p>\n<h2><strong><span style=\"color: #003366;\">Deputy Deans<\/span><\/strong><\/h2>\n<p>\n<\/div>\r\n                    <\/div>\r\n                <\/div>[\/vc_column][\/vc_row][vc_row content_placement=&#8221;bottom&#8221; css=&#8221;.vc_custom_1621590311328{margin-top: 2px !important;border-top-width: 2px !important;padding-top: 2px !important;border-top-color: #000000 !important;}&#8221; el_class=&#8221;container linki&#8221;][vc_column width=&#8221;1\/4&#8243; el_class=&#8221;foto&#8221;]\r\n                <div class=\"text-modules\">\r\n                    <div class=\"container\">\r\n                        \r\n                        <div class=\"text-modules__content\"><p><img class=\"alignnone wp-image-20982 size-full\" src=\"https:\/\/us.edu.pl\/wydzial\/wh\/wp-content\/uploads\/sites\/15\/Dziekanie\/1prof-Leszek-Drong-600x600-1.jpg\" alt=\"dr hab. Leszek Drong, prof. U\u015a\" width=\"100%\" height=\"auto\" srcset=\"https:\/\/us.edu.pl\/wydzial\/wh\/wp-content\/uploads\/sites\/15\/Dziekanie\/1prof-Leszek-Drong-600x600-1.jpg 600w, https:\/\/us.edu.pl\/wydzial\/wh\/wp-content\/uploads\/sites\/15\/Dziekanie\/1prof-Leszek-Drong-600x600-1-300x300.jpg 300w, https:\/\/us.edu.pl\/wydzial\/wh\/wp-content\/uploads\/sites\/15\/Dziekanie\/1prof-Leszek-Drong-600x600-1-150x150.jpg 150w, https:\/\/us.edu.pl\/wydzial\/wh\/wp-content\/uploads\/sites\/15\/Dziekanie\/1prof-Leszek-Drong-600x600-1-575x575.jpg 575w\" sizes=\"(max-width: 600px) 100vw, 600px\" \/><\/p>\n<\/div>\r\n                    <\/div>\r\n                <\/div>[\/vc_column][vc_column width=&#8221;1\/4&#8243;]\r\n                <div class=\"text-modules\">\r\n                    <div class=\"container\">\r\n                        \r\n                        <div class=\"text-modules__content\"><p>Prof. <span style=\"font-size: 130%;\">LESZEK DRONG<\/span><\/p>\n<p><small><span style=\"letter-spacing: 0.7mm; color: #333333; font-size: 100%;\">DEPUTY DEAN FOR RESEARCH<\/span><\/small><\/p>\n<hr \/>\n<p><a href=\"https:\/\/ab.us.edu.pl\/emp\/4682?lang=en\"><span style=\"font-size: 90%;\">contact<\/span><\/a><\/p>\n<\/div>\r\n                    <\/div>\r\n                <\/div>[\/vc_column][vc_column width=&#8221;1\/4&#8243; el_class=&#8221;foto&#8221;]\r\n                <div class=\"text-modules\">\r\n                    <div class=\"container\">\r\n                        \r\n                        <div class=\"text-modules__content\"><p><img class=\"alignnone size-medium wp-image-20983\" src=\"https:\/\/us.edu.pl\/wydzial\/wh\/wp-content\/uploads\/sites\/15\/Dziekanie\/dr-hab.-Anna-Kaluza-prof.-US.jpg\" alt=\"dr hab. Anna Ka\u0142u\u017ca, prof. U\u015a\" width=\"100%\" height=\"auto\" \/><\/p>\n<\/div>\r\n                    <\/div>\r\n                <\/div>[\/vc_column][vc_column width=&#8221;1\/4&#8243;]\r\n                <div class=\"text-modules\">\r\n                    <div class=\"container\">\r\n                        \r\n                        <div class=\"text-modules__content\"><p><span style=\"font-size: 130%;\">ANNA KA\u0141U\u017bA,<\/span><br \/>\n<span style=\"font-size: 90%;\">PhD, DSc, Associate Professor<\/span><\/p>\n<p><small><span style=\"letter-spacing: 0.8mm; color: #333333; font-size: 100%;\">DEPUTY DEAN FOR EDUCATION AND STUDENT AFFAIRS \u2013 KATOWICE<\/span><\/small><\/p>\n<hr \/>\n<p><a href=\"https:\/\/ab.us.edu.pl\/emp\/11042?lang=en\"><span style=\"font-size: 90%;\">contact<\/span><\/a><\/p>\n<\/div>\r\n                    <\/div>\r\n                <\/div>[\/vc_column][\/vc_row][vc_row content_placement=&#8221;bottom&#8221; css=&#8221;.vc_custom_1621588280627{margin-top: 2px !important;border-top-width: 2px !important;padding-top: 2px !important;border-top-color: #000000 !important;}&#8221; el_class=&#8221;container linki&#8221;][vc_column el_class=&#8221;foto&#8221;][vc_empty_space height=&#8221;16px&#8221;][\/vc_column][\/vc_row][vc_row content_placement=&#8221;bottom&#8221; css=&#8221;.vc_custom_1621588280627{margin-top: 2px !important;border-top-width: 2px !important;padding-top: 2px !important;border-top-color: #000000 !important;}&#8221; el_class=&#8221;container linki&#8221;][vc_column width=&#8221;1\/4&#8243; el_class=&#8221;foto&#8221;]\r\n                <div class=\"text-modules\">\r\n                    <div class=\"container\">\r\n                        \r\n                        <div class=\"text-modules__content\"><p><img class=\"alignnone size-medium wp-image-20985\" src=\"https:\/\/us.edu.pl\/wydzial\/wh\/wp-content\/uploads\/sites\/15\/Dziekanie\/dr-hab.-Renata-Dampc-Jarosz-prof.-US.jpg\" alt=\"dr hab. Renata Dampc-Jarosz, prof. U\u015a\" width=\"100%\" height=\"auto\" srcset=\"https:\/\/us.edu.pl\/wydzial\/wh\/wp-content\/uploads\/sites\/15\/Dziekanie\/dr-hab.-Renata-Dampc-Jarosz-prof.-US.jpg 689w, https:\/\/us.edu.pl\/wydzial\/wh\/wp-content\/uploads\/sites\/15\/Dziekanie\/dr-hab.-Renata-Dampc-Jarosz-prof.-US-300x300.jpg 300w, https:\/\/us.edu.pl\/wydzial\/wh\/wp-content\/uploads\/sites\/15\/Dziekanie\/dr-hab.-Renata-Dampc-Jarosz-prof.-US-150x150.jpg 150w, https:\/\/us.edu.pl\/wydzial\/wh\/wp-content\/uploads\/sites\/15\/Dziekanie\/dr-hab.-Renata-Dampc-Jarosz-prof.-US-575x575.jpg 575w\" sizes=\"(max-width: 689px) 100vw, 689px\" \/><\/p>\n<\/div>\r\n                    <\/div>\r\n                <\/div>[\/vc_column][vc_column width=&#8221;1\/4&#8243;]\r\n                <div class=\"text-modules\">\r\n                    <div class=\"container\">\r\n                        \r\n                        <div class=\"text-modules__content\"><p><span style=\"font-size: 130%;\">RENATA DAMPC-JAROSZ,<\/span><br \/>\n<span style=\"font-size: 90%;\">PhD, DSc, Associate Professor<\/span><\/p>\n<p><small><span style=\"letter-spacing: 0.8mm; color: #333333; font-size: 100%;\">DEPUTY DEAN FOR EDUCATION AND STUDENT AFFAIRS \u2013 SOSNOWIEC<\/span><\/small><\/p>\n<hr \/>\n<p><a href=\"https:\/\/ab.us.edu.pl\/emp\/4112?lang=en\"><span style=\"font-size: 90%;\">contact<\/span><\/a><\/p>\n<\/div>\r\n                    <\/div>\r\n                <\/div>[\/vc_column][vc_column width=&#8221;1\/4&#8243; el_class=&#8221;foto&#8221;]\r\n                <div class=\"text-modules\">\r\n                    <div class=\"container\">\r\n                        \r\n                        <div class=\"text-modules__content\"><p><img class=\"alignnone wp-image-20984 size-full\" src=\"https:\/\/us.edu.pl\/wydzial\/wh\/wp-content\/uploads\/sites\/15\/Dziekanie\/dr-hab.-Lucyna-Sadzikowska-prof.-US-e1653660183568.jpg\" alt=\"dr hab. Lucyna Sadzikowska, prof. U\u015a\" width=\"100%\" height=\"auto\" \/><\/p>\n<\/div>\r\n                    <\/div>\r\n                <\/div>[\/vc_column][vc_column width=&#8221;1\/4&#8243;]\r\n                <div class=\"text-modules\">\r\n                    <div class=\"container\">\r\n                        \r\n                        <div class=\"text-modules__content\"><p><span style=\"font-size: 130%;\">LUCYNA SADZIKOWSKA,<\/span><br \/>\n<span style=\"font-size: 90%;\">PhD, DSc, Associate Professor<\/span><\/p>\n<p><small><span style=\"letter-spacing: 0.8mm; color: #333333; font-size: 100%;\">DEPUTY DEAN FOR DEVELOPMENT<\/span><\/small><\/p>\n<hr \/>\n<p><a href=\"https:\/\/ab.us.edu.pl\/emp\/56063?lang=en\"><span style=\"font-size: 90%;\">contact<\/span><\/a><\/p>\n<\/div>\r\n                    <\/div>\r\n                <\/div>[\/vc_column][\/vc_row][vc_row][vc_column][vc_empty_space][\/vc_column][\/vc_row][vc_row][vc_column][vc_column_text]<\/p>\n<p>[\/vc_column_text][\/vc_column][\/vc_row]<\/p>","protected":false},"excerpt":{"rendered":"<p>[vc_row el_class=&#8221;container&#8221;][vc_column][\/vc_column][\/vc_row][vc_row content_placement=&#8221;middle&#8221; el_class=&#8221;container&#8221;][vc_column width=&#8221;1\/4&#8243; el_class=&#8221;foto&#8221;][\/vc_column][vc_column width=&#8221;1\/4&#8243;][\/vc_column][vc_column width=&#8221;1\/4&#8243;][\/vc_column][vc_column width=&#8221;1\/4&#8243;][\/vc_column][\/vc_row][vc_row el_class=&#8221;container&#8221;][vc_column][\/vc_column][\/vc_row][vc_row content_placement=&#8221;bottom&#8221; css=&#8221;.vc_custom_1621590311328{margin-top: 2px !important;border-top-width: 2px !important;padding-top: 2px !important;border-top-color: #000000 !important;}&#8221; el_class=&#8221;container linki&#8221;][vc_column width=&#8221;1\/4&#8243; el_class=&#8221;foto&#8221;][\/vc_column][vc_column width=&#8221;1\/4&#8243;][\/vc_column][vc_column width=&#8221;1\/4&#8243; el_class=&#8221;foto&#8221;][\/vc_column][vc_column width=&#8221;1\/4&#8243;][\/vc_column][\/vc_row][vc_row content_placement=&#8221;bottom&#8221; css=&#8221;.vc_custom_1621588280627{margin-top: 2px !important;border-top-width: 2px !important;padding-top: 2px !important;border-top-color: #000000 !important;}&#8221; el_class=&#8221;container linki&#8221;][vc_column el_class=&#8221;foto&#8221;][vc_empty_space height=&#8221;16px&#8221;][\/vc_column][\/vc_row][vc_row content_placement=&#8221;bottom&#8221; css=&#8221;.vc_custom_1621588280627{margin-top: 2px !important;border-top-width: 2px !important;padding-top: 2px !important;border-top-color: #000000 !important;}&#8221; el_class=&#8221;container linki&#8221;][vc_column width=&#8221;1\/4&#8243; [&#8230;]<\/p>\n<p><a class=\"btn btn-secondary understrap-read-more-link\" href=\"https:\/\/us.edu.pl\/wydzial\/wh\/en\/strona-glowna\/dziekan-i-prodziekani\/\">Read More&#8230;<\/a><\/p>\n","protected":false},"author":1,"featured_media":0,"parent":106,"menu_order":0,"comment_status":"closed","ping_status":"closed","template":"","meta":{"_expiration-date-status":"","_expiration-date":0,"_expiration-date-type":"","_expiration-date-categories":[],"_expiration-date-options":[]},"acf":[],"_links":{"self":[{"href":"https:\/\/us.edu.pl\/wydzial\/wh\/en\/wp-json\/wp\/v2\/pages\/118"}],"collection":[{"href":"https:\/\/us.edu.pl\/wydzial\/wh\/en\/wp-json\/wp\/v2\/pages"}],"about":[{"href":"https:\/\/us.edu.pl\/wydzial\/wh\/en\/wp-json\/wp\/v2\/types\/page"}],"author":[{"embeddable":true,"href":"https:\/\/us.edu.pl\/wydzial\/wh\/en\/wp-json\/wp\/v2\/users\/1"}],"replies":[{"embeddable":true,"href":"https:\/\/us.edu.pl\/wydzial\/wh\/en\/wp-json\/wp\/v2\/comments?post=118"}],"version-history":[{"count":15,"href":"https:\/\/us.edu.pl\/wydzial\/wh\/en\/wp-json\/wp\/v2\/pages\/118\/revisions"}],"predecessor-version":[{"id":196772,"href":"https:\/\/us.edu.pl\/wydzial\/wh\/en\/wp-json\/wp\/v2\/pages\/118\/revisions\/196772"}],"up":[{"embeddable":true,"href":"https:\/\/us.edu.pl\/wydzial\/wh\/en\/wp-json\/wp\/v2\/pages\/106"}],"wp:attachment":[{"href":"https:\/\/us.edu.pl\/wydzial\/wh\/en\/wp-json\/wp\/v2\/media?parent=118"}],"curies":[{"name":"wp","href":"https:\/\/api.w.org\/{rel}","templated":true}]}}